{"id":4461,"date":"2024-06-07T02:55:42","date_gmt":"2024-06-07T02:55:42","guid":{"rendered":"https:\/\/www.hyflexpack.com\/?post_type=product&#038;p=4461"},"modified":"2024-11-10T17:05:05","modified_gmt":"2024-11-10T17:05:05","slug":"custom-cold-seal-film-aluminum-foil","status":"publish","type":"product","link":"https:\/\/www.hyflexpack.com\/pt\/product\/custom-cold-seal-film-aluminum-foil\/","title":{"rendered":"Pel\u00edcula de veda\u00e7\u00e3o a frio personalizada Embalagem de porca de folha de alum\u00ednio Pel\u00edcula de rolo de veda\u00e7\u00e3o a frio metalizada"},"content":{"rendered":"<div class=\"wp-block-columns is-layout-flex wp-container-core-columns-is-layout-9d6595d7 wp-block-columns-is-layout-flex\">\n<div class=\"wp-block-column is-layout-flow wp-block-column-is-layout-flow\">\n<h3 class=\"wp-block-heading\">Carater\u00edsticas da Folha de alum\u00ednio de pel\u00edcula de selagem a frio de alta qualidade<\/h3>\n\n\n\n<ul class=\"wp-block-list\">\n<li><strong>Excelente desempenho de veda\u00e7\u00e3o a frio<\/strong>: A selagem a frio refere-se ao facto de as pel\u00edculas para selagem n\u00e3o necessitarem de calor, mas apenas de press\u00e3o para selar eficazmente v\u00e1rias aplica\u00e7\u00f5es em embalagens.<\/li>\n<\/ul>\n\n\n\n<p><\/p>\n\n\n\n<ul class=\"wp-block-list\">\n<li><strong>Camada de folha de alum\u00ednio de qualidade superior<\/strong>: A camada de folha de alum\u00ednio proporciona uma excelente barreira contra o oxig\u00e9nio, a humidade e a luz, mantendo a frescura e o sabor dos frutos secos.<\/li>\n<\/ul>\n\n\n\n<p><\/p>\n\n\n\n<ul class=\"wp-block-list\">\n<li>O revestimento met\u00e1lico aumenta a resist\u00eancia e a rigidez da embalagem. Isto melhora a sua apar\u00eancia, tornando-a mais atractiva e dando-lhe um toque premium.<\/li>\n<\/ul>\n\n\n\n<p><\/p>\n\n\n\n<ul class=\"wp-block-list\">\n<li><strong>Desempenho de alta barreira<\/strong>: Gra\u00e7as a um design de material composto de v\u00e1rias camadas, o excelente desempenho de barreira protege o produto contra factores externos, prolongando assim o prazo de validade do produto.<\/li>\n<\/ul>\n\n\n\n<p><\/p>\n\n\n\n<ul class=\"wp-block-list\">\n<li><strong>Material de constru\u00e7\u00e3o ecol\u00f3gico<\/strong>: Utilizar material ecol\u00f3gico reconhecido internacionalmente, n\u00e3o venenoso e inofensivo, para atingir o objetivo de desenvolvimento sustent\u00e1vel.<\/li>\n<\/ul>\n<\/div>\n\n\n\n<div class=\"wp-block-column is-layout-flow wp-block-column-is-layout-flow\">\n<figure class=\"wp-block-image size-full\"><img fetchpriority=\"high\" decoding=\"async\" width=\"750\" height=\"750\" src=\"https:\/\/www.hyflexpack.com\/wp-content\/uploads\/2024\/06\/Custom-Cold-Seal-Film-4.webp\" alt=\"Pel\u00edcula de selagem a frio personalizada\" class=\"wp-image-4465\" srcset=\"https:\/\/www.hyflexpack.com\/wp-content\/uploads\/2024\/06\/Custom-Cold-Seal-Film-4.webp 750w, https:\/\/www.hyflexpack.com\/wp-content\/uploads\/2024\/06\/Custom-Cold-Seal-Film-4-300x300.webp 300w, https:\/\/www.hyflexpack.com\/wp-content\/uploads\/2024\/06\/Custom-Cold-Seal-Film-4-150x150.webp 150w, https:\/\/www.hyflexpack.com\/wp-content\/uploads\/2024\/06\/Custom-Cold-Seal-Film-4-12x12.webp 12w, https:\/\/www.hyflexpack.com\/wp-content\/uploads\/2024\/06\/Custom-Cold-Seal-Film-4-285x285.webp 285w, https:\/\/www.hyflexpack.com\/wp-content\/uploads\/2024\/06\/Custom-Cold-Seal-Film-4-270x270.webp 270w, https:\/\/www.hyflexpack.com\/wp-content\/uploads\/2024\/06\/Custom-Cold-Seal-Film-4-540x540.webp 540w, https:\/\/www.hyflexpack.com\/wp-content\/uploads\/2024\/06\/Custom-Cold-Seal-Film-4-660x660.webp 660w\" sizes=\"(max-width: 750px) 100vw, 750px\" \/><\/figure>\n<\/div>\n<\/div>","protected":false},"excerpt":{"rendered":"<p>Explore as nossas embalagens de pel\u00edcula de selagem a frio personalizadas com desempenho superior de selagem a frio e camada de folha de alum\u00ednio de qualidade superior, proporcionando excelentes propriedades de barreira para garantir a frescura e o sabor dos frutos secos. Suporta materiais amigos do ambiente e servi\u00e7os de personaliza\u00e7\u00e3o OEM\/ODM, que s\u00e3o ideais para embalagens de alta qualidade. Bem-vindo a perguntar a qualquer altura!<\/p>\n<h3>Vantagens de<span style=\"color: #00ccff;\"><a href=\"https:\/\/www.hyflexpack.com\/pt\/cold-seal-film-the-silent-guardian-of-the-packaging-world\/\"> Pel\u00edcula de selagem a frio<\/a> <\/span>Fornecedor<\/h3>\n<ul>\n<li><strong>Design personalizado<\/strong>: Fornecemos um servi\u00e7o de embalagem de caf\u00e9 de design personalizado, incluindo material, tamanho e personaliza\u00e7\u00e3o do padr\u00e3o de impress\u00e3o para satisfazer as necessidades dos clientes, e apoiamos OEM e ODM.<\/li>\n<li><strong>Fabrico<\/strong>: Com equipamento e tecnologia avan\u00e7ados, somos capazes de produzir encomendas com elevada efici\u00eancia e qualidade e entregar a tempo.<\/li>\n<li><strong>Inspe\u00e7\u00e3o da qualidade<\/strong>: Cumprimos rigorosamente as normas de qualidade e os requisitos de seguran\u00e7a alimentar para garantir que os nossos produtos cumprem as normas.<\/li>\n<li><strong>Equipa de apoio t\u00e9cnico<\/strong>: A nossa equipa tem uma vasta experi\u00eancia na ind\u00fastria e conhecimentos profissionais para fornecer apoio t\u00e9cnico e servi\u00e7os de consultoria 24 horas por dia aos nossos clientes.<\/li>\n<li><strong>Amostras gr\u00e1tis<\/strong>: Fornecemos amostras gr\u00e1tis para que possa avaliar os nossos produtos.<\/li>\n<\/ul>\n<p><a href=\"https:\/\/www.hyflexpack.com\/pt\/\"><strong>Embalagens Huiyang<\/strong><\/a> est\u00e1 empenhada em fornecer aos clientes embalagens de pel\u00edcula de selagem a frio personalizadas e de alta qualidade, para os ajudar a melhorar a imagem dos seus produtos e a aumentar a competitividade no mercado.<\/p>","protected":false},"featured_media":4463,"comment_status":"open","ping_status":"closed","template":"","meta":[],"product_brand":[],"product_cat":[53],"product_tag":[],"class_list":{"0":"post-4461","1":"product","2":"type-product","3":"status-publish","4":"has-post-thumbnail","6":"product_cat-packaging-film-supplier","8":"first","9":"instock","10":"shipping-taxable","11":"product-type-simple"},"_links":{"self":[{"href":"https:\/\/www.hyflexpack.com\/pt\/wp-json\/wp\/v2\/product\/4461","targetHints":{"allow":["GET"]}}],"collection":[{"href":"https:\/\/www.hyflexpack.com\/pt\/wp-json\/wp\/v2\/product"}],"about":[{"href":"https:\/\/www.hyflexpack.com\/pt\/wp-json\/wp\/v2\/types\/product"}],"replies":[{"embeddable":true,"href":"https:\/\/www.hyflexpack.com\/pt\/wp-json\/wp\/v2\/comments?post=4461"}],"wp:featuredmedia":[{"embeddable":true,"href":"https:\/\/www.hyflexpack.com\/pt\/wp-json\/wp\/v2\/media\/4463"}],"wp:attachment":[{"href":"https:\/\/www.hyflexpack.com\/pt\/wp-json\/wp\/v2\/media?parent=4461"}],"wp:term":[{"taxonomy":"product_brand","embeddable":true,"href":"https:\/\/www.hyflexpack.com\/pt\/wp-json\/wp\/v2\/product_brand?post=4461"},{"taxonomy":"product_cat","embeddable":true,"href":"https:\/\/www.hyflexpack.com\/pt\/wp-json\/wp\/v2\/product_cat?post=4461"},{"taxonomy":"product_tag","embeddable":true,"href":"https:\/\/www.hyflexpack.com\/pt\/wp-json\/wp\/v2\/product_tag?post=4461"}],"curies":[{"name":"wp","href":"https:\/\/api.w.org\/{rel}","templated":true}]}}