{"id":4453,"date":"2024-06-07T02:32:49","date_gmt":"2024-06-07T02:32:49","guid":{"rendered":"https:\/\/www.hyflexpack.com\/?post_type=product&#038;p=4453"},"modified":"2025-11-04T09:22:10","modified_gmt":"2025-11-04T09:22:10","slug":"cold-seal-film-solutions","status":"publish","type":"product","link":"https:\/\/www.hyflexpack.com\/pt\/product\/cold-seal-film-solutions\/","title":{"rendered":"Revestimento UV Solu\u00e7\u00f5es de pel\u00edcula de selagem a frio Pel\u00edcula pl\u00e1stica retr\u00e1til de alta barreira\u00a0"},"content":{"rendered":"<div class=\"wp-block-columns is-layout-flex wp-container-core-columns-is-layout-9d6595d7 wp-block-columns-is-layout-flex\">\n<div class=\"wp-block-column is-layout-flow wp-block-column-is-layout-flow\">\n<h3 class=\"wp-block-heading\">Carater\u00edsticas da pel\u00edcula de selagem a frio com revestimento UV de alta qualidade<\/h3>\n\n\n\n<ul class=\"wp-block-list\">\n<li>Tratamento superior de revestimento UV: As pel\u00edculas Cold Seal utilizam uma tecnologia avan\u00e7ada de revestimento UV para melhorar a resist\u00eancia \u00e0 abras\u00e3o e o brilho da pel\u00edcula, proporcionando melhores efeitos visuais e propriedades de prote\u00e7\u00e3o.<\/li>\n<\/ul>\n\n\n\n<p><\/p>\n\n\n\n<ul class=\"wp-block-list\">\n<li>Selagem a frio eficiente: Selo sem aquecimento, f\u00e1cil de operar, s\u00f3 precisa de aplicar press\u00e3o para realizar um selo apertado, adequado para uma variedade de aplica\u00e7\u00f5es de embalagem.<\/li>\n<\/ul>\n\n\n\n<p><\/p>\n\n\n\n<ul class=\"wp-block-list\">\n<li>Elevado desempenho de barreira: Os materiais de alta qualidade proporcionam um excelente desempenho de barreira, impedindo eficazmente a entrada de oxig\u00e9nio, humidade, etc., para manter a frescura e a qualidade do produto.<\/li>\n<\/ul>\n\n\n\n<p><\/p>\n\n\n\n<ul class=\"wp-block-list\">\n<li>Servi\u00e7o OEM\/ODM: Fornecer um servi\u00e7o personalizado e customizado para atender \u00e0s necessidades exclusivas dos clientes e apoiar o design da marca e o posicionamento no mercado.<\/li>\n<\/ul>\n\n\n\n<p><\/p>\n\n\n\n<ul class=\"wp-block-list\">\n<li>Materiais amigos do ambiente: Utilizar materiais amigos do ambiente que cumpram as normas internacionais, sejam seguros e n\u00e3o t\u00f3xicos e contribuam para o objetivo do desenvolvimento sustent\u00e1vel.<\/li>\n<\/ul>\n<\/div>\n\n\n\n<div class=\"wp-block-column is-layout-flow wp-block-column-is-layout-flow\">\n<figure class=\"wp-block-image size-full\"><img fetchpriority=\"high\" decoding=\"async\" width=\"750\" height=\"750\" src=\"https:\/\/www.hyflexpack.com\/wp-content\/uploads\/2024\/06\/wholesale-Cold-Seal-Film-OEMODM-3.webp\" alt=\"pel\u00edcula de selagem a frio por atacado OEMODM\" class=\"wp-image-4456\" srcset=\"https:\/\/www.hyflexpack.com\/wp-content\/uploads\/2024\/06\/wholesale-Cold-Seal-Film-OEMODM-3.webp 750w, https:\/\/www.hyflexpack.com\/wp-content\/uploads\/2024\/06\/wholesale-Cold-Seal-Film-OEMODM-3-300x300.webp 300w, https:\/\/www.hyflexpack.com\/wp-content\/uploads\/2024\/06\/wholesale-Cold-Seal-Film-OEMODM-3-150x150.webp 150w, https:\/\/www.hyflexpack.com\/wp-content\/uploads\/2024\/06\/wholesale-Cold-Seal-Film-OEMODM-3-12x12.webp 12w, https:\/\/www.hyflexpack.com\/wp-content\/uploads\/2024\/06\/wholesale-Cold-Seal-Film-OEMODM-3-285x285.webp 285w, https:\/\/www.hyflexpack.com\/wp-content\/uploads\/2024\/06\/wholesale-Cold-Seal-Film-OEMODM-3-270x270.webp 270w, https:\/\/www.hyflexpack.com\/wp-content\/uploads\/2024\/06\/wholesale-Cold-Seal-Film-OEMODM-3-540x540.webp 540w, https:\/\/www.hyflexpack.com\/wp-content\/uploads\/2024\/06\/wholesale-Cold-Seal-Film-OEMODM-3-660x660.webp 660w\" sizes=\"(max-width: 750px) 100vw, 750px\" \/><\/figure>\n<\/div>\n<\/div>","protected":false},"excerpt":{"rendered":"<p>As nossas pel\u00edculas de selagem a frio com revestimento UV oferecem uma excelente resist\u00eancia \u00e0 abras\u00e3o e brilho, e n\u00e3o necessitam de calor para uma selagem eficiente, tornando-as adequadas para uma vasta gama de aplica\u00e7\u00f5es de embalagem. Apoiando os servi\u00e7os de personaliza\u00e7\u00e3o OEM\/ODM e utilizando materiais amigos do ambiente que s\u00e3o seguros e n\u00e3o t\u00f3xicos, s\u00e3o ideais para alta qualidade.<\/p>\n<h3>Vantagens do revestimento UV Fornecedor de pel\u00edcula de selagem a frio<\/h3>\n<ul>\n<li><strong>Design personalizado<\/strong>: Fornecemos um servi\u00e7o de bolsas de ch\u00e1 de design personalizado, incluindo material, tamanho e personaliza\u00e7\u00e3o do padr\u00e3o de impress\u00e3o para atender \u00e0s necessidades dos clientes, apoiando OEM e ODM.<\/li>\n<li><strong>Vantagem competitiva<\/strong>: Estas bolsas para ch\u00e1 podem aumentar significativamente a competitividade dos produtos no mercado atrav\u00e9s do seu design multifuncional (como o fecho auto-selante e o fecho com fio met\u00e1lico) e da impress\u00e3o de alta qualidade.<\/li>\n<li><strong>Materiais amigos do ambiente<\/strong>: A utiliza\u00e7\u00e3o de materiais amigos do ambiente, tais como materiais comp\u00f3sitos biodegrad\u00e1veis ou recicl\u00e1veis. Isto vai ao encontro das necessidades ambientais dos consumidores e ajuda as empresas a construir uma imagem de marca ecol\u00f3gica.<\/li>\n<li><strong>Efici\u00eancia de produ\u00e7\u00e3o<\/strong>: O equipamento e as t\u00e9cnicas de produ\u00e7\u00e3o modernos podem aumentar a efici\u00eancia da produ\u00e7\u00e3o, reduzir os custos unit\u00e1rios e assegurar um fornecimento consistente de produtos de alta qualidade.<\/li>\n<li><strong>Amostra gr\u00e1tis<\/strong>: \u00c9-lhe fornecido um servi\u00e7o de amostras gratuitas para que possa avaliar os produtos.<\/li>\n<\/ul>\n<p>A Huiyang Packaging est\u00e1 empenhada em fornecer aos clientes pel\u00edculas de selagem a frio personalizadas de alta qualidade para os ajudar a melhorar a imagem dos seus produtos e as necessidades de prote\u00e7\u00e3o ambiental, bem como a aumentar a competitividade do mercado.<\/p>","protected":false},"featured_media":4455,"comment_status":"open","ping_status":"closed","template":"","meta":[],"product_brand":[],"product_cat":[53,86],"product_tag":[],"class_list":{"0":"post-4453","1":"product","2":"type-product","3":"status-publish","4":"has-post-thumbnail","6":"product_cat-packaging-film-supplier","7":"product_cat-cold-seal-film","9":"first","10":"instock","11":"shipping-taxable","12":"product-type-simple"},"_links":{"self":[{"href":"https:\/\/www.hyflexpack.com\/pt\/wp-json\/wp\/v2\/product\/4453","targetHints":{"allow":["GET"]}}],"collection":[{"href":"https:\/\/www.hyflexpack.com\/pt\/wp-json\/wp\/v2\/product"}],"about":[{"href":"https:\/\/www.hyflexpack.com\/pt\/wp-json\/wp\/v2\/types\/product"}],"replies":[{"embeddable":true,"href":"https:\/\/www.hyflexpack.com\/pt\/wp-json\/wp\/v2\/comments?post=4453"}],"wp:featuredmedia":[{"embeddable":true,"href":"https:\/\/www.hyflexpack.com\/pt\/wp-json\/wp\/v2\/media\/4455"}],"wp:attachment":[{"href":"https:\/\/www.hyflexpack.com\/pt\/wp-json\/wp\/v2\/media?parent=4453"}],"wp:term":[{"taxonomy":"product_brand","embeddable":true,"href":"https:\/\/www.hyflexpack.com\/pt\/wp-json\/wp\/v2\/product_brand?post=4453"},{"taxonomy":"product_cat","embeddable":true,"href":"https:\/\/www.hyflexpack.com\/pt\/wp-json\/wp\/v2\/product_cat?post=4453"},{"taxonomy":"product_tag","embeddable":true,"href":"https:\/\/www.hyflexpack.com\/pt\/wp-json\/wp\/v2\/product_tag?post=4453"}],"curies":[{"name":"wp","href":"https:\/\/api.w.org\/{rel}","templated":true}]}}