{"id":4437,"date":"2024-06-06T04:04:49","date_gmt":"2024-06-06T04:04:49","guid":{"rendered":"https:\/\/www.hyflexpack.com\/?post_type=product&#038;p=4437"},"modified":"2024-06-06T06:06:29","modified_gmt":"2024-06-06T06:06:29","slug":"pelicula-em-rolo-impressa-personalizada","status":"publish","type":"product","link":"https:\/\/www.hyflexpack.com\/pt\/product\/custom-printed-roll-stock-film\/","title":{"rendered":"Filmes em rolo impressos personalizados para embalagens de doces Sach\u00ea de pirulito"},"content":{"rendered":"<div class=\"wp-block-columns is-layout-flex wp-container-core-columns-is-layout-9d6595d7 wp-block-columns-is-layout-flex\">\n<div class=\"wp-block-column is-layout-flow wp-block-column-is-layout-flow\">\n<h3 class=\"wp-block-heading\">Caracter\u00edsticas das pel\u00edculas em rolo impressas de alta qualidade<\/h3>\n\n\n\n<ul class=\"wp-block-list\">\n<li>Impress\u00e3o de alta qualidade: a pel\u00edcula de stock em rolo impressa personalizada adopta a tecnologia de impress\u00e3o mais avan\u00e7ada com cores brilhantes e padr\u00f5es claros para melhorar a imagem da marca.<\/li>\n<\/ul>\n\n\n\n<p><\/p>\n\n\n\n<ul class=\"wp-block-list\">\n<li>Excelente prote\u00e7\u00e3o: Os materiais laminados de alta qualidade proporcionam uma excelente prote\u00e7\u00e3o contra a humidade, o p\u00f3 e os raios UV para garantir que os doces se mant\u00eam frescos durante o transporte e o armazenamento.<\/li>\n<\/ul>\n\n\n\n<p><\/p>\n\n\n\n<ul class=\"wp-block-list\">\n<li>Automa\u00e7\u00e3o altamente eficiente: Concebida para ser adequada a uma variedade de m\u00e1quinas de embalagem autom\u00e1ticas, melhora significativamente a efici\u00eancia da produ\u00e7\u00e3o, reduz as opera\u00e7\u00f5es manuais, poupa custos de produ\u00e7\u00e3o e melhora a efici\u00eancia global da produ\u00e7\u00e3o.<\/li>\n<\/ul>\n\n\n\n<p><\/p>\n\n\n\n<ul class=\"wp-block-list\">\n<li>Materiais amigos do ambiente: A utiliza\u00e7\u00e3o de materiais amigos do ambiente que cumprem as normas internacionais \u00e9 segura e n\u00e3o t\u00f3xica, garantindo que a embalagem do produto \u00e9 amiga dos consumidores e do ambiente e contribuindo para o desenvolvimento sustent\u00e1vel.<\/li>\n<\/ul>\n<\/div>\n\n\n\n<div class=\"wp-block-column is-layout-flow wp-block-column-is-layout-flow\">\n<figure class=\"wp-block-image size-full\"><img fetchpriority=\"high\" decoding=\"async\" width=\"750\" height=\"750\" src=\"https:\/\/www.hyflexpack.com\/wp-content\/uploads\/2024\/06\/Custom-Printed-Roll-Stock-14.webp\" alt=\"Rolos de material impresso personalizado \" class=\"wp-image-4446\" srcset=\"https:\/\/www.hyflexpack.com\/wp-content\/uploads\/2024\/06\/Custom-Printed-Roll-Stock-14.webp 750w, https:\/\/www.hyflexpack.com\/wp-content\/uploads\/2024\/06\/Custom-Printed-Roll-Stock-14-300x300.webp 300w, https:\/\/www.hyflexpack.com\/wp-content\/uploads\/2024\/06\/Custom-Printed-Roll-Stock-14-150x150.webp 150w, https:\/\/www.hyflexpack.com\/wp-content\/uploads\/2024\/06\/Custom-Printed-Roll-Stock-14-12x12.webp 12w, https:\/\/www.hyflexpack.com\/wp-content\/uploads\/2024\/06\/Custom-Printed-Roll-Stock-14-285x285.webp 285w, https:\/\/www.hyflexpack.com\/wp-content\/uploads\/2024\/06\/Custom-Printed-Roll-Stock-14-270x270.webp 270w, https:\/\/www.hyflexpack.com\/wp-content\/uploads\/2024\/06\/Custom-Printed-Roll-Stock-14-540x540.webp 540w, https:\/\/www.hyflexpack.com\/wp-content\/uploads\/2024\/06\/Custom-Printed-Roll-Stock-14-660x660.webp 660w\" sizes=\"(max-width: 750px) 100vw, 750px\" \/><\/figure>\n<\/div>\n<\/div>","protected":false},"excerpt":{"rendered":"<p>Saiba mais sobre as pel\u00edculas em rolo impressas por medida concebidas para embalagens de rebu\u00e7ados e bolsas para chupa-chupas, com materiais de primeira qualidade que proporcionam uma prote\u00e7\u00e3o superior e mant\u00eam os rebu\u00e7ados frescos. Compat\u00edvel com uma variedade de m\u00e1quinas de embalamento autom\u00e1ticas, permitindo uma produ\u00e7\u00e3o automatizada eficiente e uma poupan\u00e7a de custos. Escolha-nos para a sua melhor solu\u00e7\u00e3o de embalagem.<\/p>\n<h3>Vantagens do fornecedor de pel\u00edculas em rolo impressas<\/h3>\n<ul>\n<li><strong>Design personalizado<\/strong>: Fornecer solu\u00e7\u00f5es de design personalizado e embalagens personalizadas com diferentes especifica\u00e7\u00f5es, tamanhos e padr\u00f5es de impress\u00e3o de acordo com as necessidades do cliente.<\/li>\n<li><strong>Garantia de qualidade<\/strong>: Controlar rigorosamente o processo de produ\u00e7\u00e3o e escolher materiais de alta qualidade e equipamento avan\u00e7ado para garantir uma qualidade est\u00e1vel e fi\u00e1vel do produto.<\/li>\n<li><strong>Entrega atempada<\/strong>: Otimizar o processo de produ\u00e7\u00e3o, melhorar a efici\u00eancia da produ\u00e7\u00e3o, para garantir a entrega atempada das encomendas dos clientes, para satisfazer as necessidades urgentes dos clientes.<\/li>\n<li><strong>Suporte t\u00e9cnico profissional<\/strong>: Equipa t\u00e9cnica experiente para fornecer apoio t\u00e9cnico profissional e servi\u00e7o p\u00f3s-venda para garantir uma resposta atempada e uma solu\u00e7\u00e3o para a procura.<\/li>\n<li><strong>Amostra gr\u00e1tis<\/strong>: Fornecer servi\u00e7o de amostra gr\u00e1tis para avaliar os produtos.<\/li>\n<\/ul>\n<p>A Huiyang Packaging est\u00e1 empenhada em fornecer aos clientes pel\u00edculas em rolo impressas personalizadas de alta qualidade para os ajudar a melhorar a imagem dos seus produtos e a sua competitividade no mercado.<\/p>","protected":false},"featured_media":4438,"comment_status":"open","ping_status":"closed","template":"","meta":[],"product_brand":[],"product_cat":[53],"product_tag":[],"class_list":{"0":"post-4437","1":"product","2":"type-product","3":"status-publish","4":"has-post-thumbnail","6":"product_cat-packaging-film-supplier","8":"first","9":"instock","10":"shipping-taxable","11":"product-type-simple"},"_links":{"self":[{"href":"https:\/\/www.hyflexpack.com\/pt\/wp-json\/wp\/v2\/product\/4437","targetHints":{"allow":["GET"]}}],"collection":[{"href":"https:\/\/www.hyflexpack.com\/pt\/wp-json\/wp\/v2\/product"}],"about":[{"href":"https:\/\/www.hyflexpack.com\/pt\/wp-json\/wp\/v2\/types\/product"}],"replies":[{"embeddable":true,"href":"https:\/\/www.hyflexpack.com\/pt\/wp-json\/wp\/v2\/comments?post=4437"}],"wp:featuredmedia":[{"embeddable":true,"href":"https:\/\/www.hyflexpack.com\/pt\/wp-json\/wp\/v2\/media\/4438"}],"wp:attachment":[{"href":"https:\/\/www.hyflexpack.com\/pt\/wp-json\/wp\/v2\/media?parent=4437"}],"wp:term":[{"taxonomy":"product_brand","embeddable":true,"href":"https:\/\/www.hyflexpack.com\/pt\/wp-json\/wp\/v2\/product_brand?post=4437"},{"taxonomy":"product_cat","embeddable":true,"href":"https:\/\/www.hyflexpack.com\/pt\/wp-json\/wp\/v2\/product_cat?post=4437"},{"taxonomy":"product_tag","embeddable":true,"href":"https:\/\/www.hyflexpack.com\/pt\/wp-json\/wp\/v2\/product_tag?post=4437"}],"curies":[{"name":"wp","href":"https:\/\/api.w.org\/{rel}","templated":true}]}}