{"id":4426,"date":"2024-06-06T03:33:02","date_gmt":"2024-06-06T03:33:02","guid":{"rendered":"https:\/\/www.hyflexpack.com\/?post_type=product&#038;p=4426"},"modified":"2024-06-06T03:33:05","modified_gmt":"2024-06-06T03:33:05","slug":"wholesale-roll-stock-film","status":"publish","type":"product","link":"https:\/\/www.hyflexpack.com\/pt\/product\/wholesale-roll-stock-film\/","title":{"rendered":"Pel\u00edculas de estoque de rolo por atacado para pel\u00edcula de embalagem autom\u00e1tica de doces de frutas"},"content":{"rendered":"<div class=\"wp-block-columns is-layout-flex wp-container-core-columns-is-layout-9d6595d7 wp-block-columns-is-layout-flex\">\n<div class=\"wp-block-column is-layout-flow wp-block-column-is-layout-flow\">\n<h3 class=\"wp-block-heading\">Carater\u00edsticas das pel\u00edculas em rolo de alta qualidade<\/h3>\n\n\n\n<ul class=\"wp-block-list\">\n<li>Impress\u00e3o de alta qualidade: As pel\u00edculas em rolo que adoptam a tecnologia de impress\u00e3o mais avan\u00e7ada garantem cores brilhantes e padr\u00f5es claros, o que melhora muito a imagem da marca e torna os seus produtos mais atractivos nas prateleiras.<\/li>\n<\/ul>\n\n\n\n<p><\/p>\n\n\n\n<ul class=\"wp-block-list\">\n<li>Excelente desempenho de prote\u00e7\u00e3o: O material laminado de alta qualidade tem um excelente desempenho de resist\u00eancia \u00e0 humidade e ao p\u00f3, garantindo que o doce se mant\u00e9m fresco durante o processo de embalagem e nas prateleiras, prolongando o prazo de validade do produto.<\/li>\n<\/ul>\n\n\n\n<p><\/p>\n\n\n\n<ul class=\"wp-block-list\">\n<li>Automatiza\u00e7\u00e3o eficiente: Adequado para todos os tipos de m\u00e1quinas de embalagem autom\u00e1ticas, melhora significativamente a efici\u00eancia da produ\u00e7\u00e3o, reduz a opera\u00e7\u00e3o manual, poupa custos de produ\u00e7\u00e3o e aumenta a efici\u00eancia global da produ\u00e7\u00e3o.<\/li>\n<\/ul>\n\n\n\n<p><\/p>\n\n\n\n<ul class=\"wp-block-list\">\n<li>Materiais amigos do ambiente: Ado\u00e7\u00e3o de materiais amigos do ambiente em conformidade com as normas internacionais, seguros e n\u00e3o t\u00f3xicos, garantindo que a embalagem do produto \u00e9 amiga dos consumidores e do ambiente e contribuindo para o desenvolvimento sustent\u00e1vel.<\/li>\n<\/ul>\n<\/div>\n\n\n\n<div class=\"wp-block-column is-layout-flow wp-block-column-is-layout-flow\">\n<figure class=\"wp-block-image size-full\"><img fetchpriority=\"high\" decoding=\"async\" width=\"750\" height=\"750\" src=\"https:\/\/www.hyflexpack.com\/wp-content\/uploads\/2024\/06\/Custom-Roll-Stock-Films-10.webp\" alt=\"Pel\u00edculas de stock em rolo personalizadas\" class=\"wp-image-4436\" srcset=\"https:\/\/www.hyflexpack.com\/wp-content\/uploads\/2024\/06\/Custom-Roll-Stock-Films-10.webp 750w, https:\/\/www.hyflexpack.com\/wp-content\/uploads\/2024\/06\/Custom-Roll-Stock-Films-10-300x300.webp 300w, https:\/\/www.hyflexpack.com\/wp-content\/uploads\/2024\/06\/Custom-Roll-Stock-Films-10-150x150.webp 150w, https:\/\/www.hyflexpack.com\/wp-content\/uploads\/2024\/06\/Custom-Roll-Stock-Films-10-12x12.webp 12w, https:\/\/www.hyflexpack.com\/wp-content\/uploads\/2024\/06\/Custom-Roll-Stock-Films-10-285x285.webp 285w, https:\/\/www.hyflexpack.com\/wp-content\/uploads\/2024\/06\/Custom-Roll-Stock-Films-10-270x270.webp 270w, https:\/\/www.hyflexpack.com\/wp-content\/uploads\/2024\/06\/Custom-Roll-Stock-Films-10-540x540.webp 540w, https:\/\/www.hyflexpack.com\/wp-content\/uploads\/2024\/06\/Custom-Roll-Stock-Films-10-660x660.webp 660w\" sizes=\"(max-width: 750px) 100vw, 750px\" \/><\/figure>\n<\/div>\n<\/div>","protected":false},"excerpt":{"rendered":"<p>Descubra as pel\u00edculas em rolo personalizadas que apresentam uma tecnologia de impress\u00e3o e lamina\u00e7\u00e3o de alta qualidade para uma prote\u00e7\u00e3o superior e um aspeto apelativo. Melhore a atra\u00e7\u00e3o da sua marca escolhendo as nossas pel\u00edculas de embalagem para as suas solu\u00e7\u00f5es de embalagem. Bem-vindo ao inqu\u00e9rito sobre amostras gr\u00e1tis!<\/p>\n<h3>Vantagens das pel\u00edculas de stock Candy Roll<\/h3>\n<ul>\n<li><strong>Design personalizado<\/strong>: Fornecemos um servi\u00e7o de saco de embalagem de bebidas com design personalizado, incluindo material, tamanho e personaliza\u00e7\u00e3o do padr\u00e3o de impress\u00e3o para atender \u00e0s necessidades do cliente, e apoiamos OEM e ODM.<\/li>\n<li><strong>Fabrico<\/strong>: Com equipamento e tecnologia avan\u00e7ados, podemos concluir a produ\u00e7\u00e3o da encomenda com elevada efici\u00eancia e alta qualidade, e podemos entregar a tempo.<\/li>\n<li><strong>Inspe\u00e7\u00e3o da qualidade<\/strong>: Seguir rigorosamente as normas de qualidade e os requisitos de seguran\u00e7a alimentar para a produ\u00e7\u00e3o, para garantir que os produtos cumprem as normas.<\/li>\n<li><strong>Servi\u00e7o ao cliente<\/strong>: 24 horas para fornecer uma resposta r\u00e1pida e um servi\u00e7o de apoio ao cliente atencioso.<\/li>\n<li><strong>Amostra gr\u00e1tis<\/strong>\uff1a Fornecer servi\u00e7o de amostra gr\u00e1tis para voc\u00ea avaliar os produtos.<\/li>\n<\/ul>\n<p>A Huiyang Packaging est\u00e1 empenhada em fornecer aos clientes pel\u00edculas em rolo de alta qualidade e personalizadas para os ajudar a melhorar a imagem dos seus produtos e a aumentar a competitividade no mercado.<\/p>","protected":false},"featured_media":4427,"comment_status":"open","ping_status":"closed","template":"","meta":[],"product_brand":[],"product_cat":[53],"product_tag":[],"class_list":{"0":"post-4426","1":"product","2":"type-product","3":"status-publish","4":"has-post-thumbnail","6":"product_cat-packaging-film-supplier","8":"first","9":"instock","10":"shipping-taxable","11":"product-type-simple"},"_links":{"self":[{"href":"https:\/\/www.hyflexpack.com\/pt\/wp-json\/wp\/v2\/product\/4426","targetHints":{"allow":["GET"]}}],"collection":[{"href":"https:\/\/www.hyflexpack.com\/pt\/wp-json\/wp\/v2\/product"}],"about":[{"href":"https:\/\/www.hyflexpack.com\/pt\/wp-json\/wp\/v2\/types\/product"}],"replies":[{"embeddable":true,"href":"https:\/\/www.hyflexpack.com\/pt\/wp-json\/wp\/v2\/comments?post=4426"}],"wp:featuredmedia":[{"embeddable":true,"href":"https:\/\/www.hyflexpack.com\/pt\/wp-json\/wp\/v2\/media\/4427"}],"wp:attachment":[{"href":"https:\/\/www.hyflexpack.com\/pt\/wp-json\/wp\/v2\/media?parent=4426"}],"wp:term":[{"taxonomy":"product_brand","embeddable":true,"href":"https:\/\/www.hyflexpack.com\/pt\/wp-json\/wp\/v2\/product_brand?post=4426"},{"taxonomy":"product_cat","embeddable":true,"href":"https:\/\/www.hyflexpack.com\/pt\/wp-json\/wp\/v2\/product_cat?post=4426"},{"taxonomy":"product_tag","embeddable":true,"href":"https:\/\/www.hyflexpack.com\/pt\/wp-json\/wp\/v2\/product_tag?post=4426"}],"curies":[{"name":"wp","href":"https:\/\/api.w.org\/{rel}","templated":true}]}}