{"id":3809,"date":"2024-05-25T06:44:47","date_gmt":"2024-05-25T06:44:47","guid":{"rendered":"https:\/\/hyflexpack.com\/?post_type=product&#038;p=3809"},"modified":"2024-05-25T06:44:51","modified_gmt":"2024-05-25T06:44:51","slug":"customize-cookie-packages","status":"publish","type":"product","link":"https:\/\/www.hyflexpack.com\/pt\/product\/customize-cookie-packages\/","title":{"rendered":"Personalizar pacotes de biscoitos Filme transparente de grau aliment\u00edcio Sacos de alta barreira"},"content":{"rendered":"<div class=\"wp-block-columns is-layout-flex wp-container-core-columns-is-layout-9d6595d7 wp-block-columns-is-layout-flex\">\n<div class=\"wp-block-column is-layout-flow wp-block-column-is-layout-flow\">\n<h3 class=\"wp-block-heading\">Carater\u00edsticas dos pacotes de bolachas de alta qualidade<\/h3>\n\n\n\n<ul class=\"wp-block-list\">\n<li>Material de qualidade alimentar: a pel\u00edcula das embalagens de bolachas \u00e9 feita de material de qualidade alimentar, o que garante que a embalagem \u00e9 segura para o contacto com os alimentos e \u00e9 inofensiva para a sa\u00fade.<\/li>\n<\/ul>\n\n\n\n<p><\/p>\n\n\n\n<ul class=\"wp-block-list\">\n<li>Alta Transpar\u00eancia: Com propriedades de elevada transpar\u00eancia, permite que os consumidores vejam claramente os alimentos no interior da embalagem, aumentando a atratividade do produto.<\/li>\n<\/ul>\n\n\n\n<p><\/p>\n\n\n\n<ul class=\"wp-block-list\">\n<li>Propriedade de barreira elevada: Possui excelentes propriedades de barreira ao oxig\u00e9nio e \u00e0 humidade, prolongando eficazmente a frescura e a qualidade dos produtos alimentares.<\/li>\n<\/ul>\n\n\n\n<p><\/p>\n\n\n\n<ul class=\"wp-block-list\">\n<li>Posicionamento da marca: O design e a impress\u00e3o personalizados podem ser utilizados para real\u00e7ar a imagem e a mensagem da marca para atrair mais consumidores.<\/li>\n<\/ul>\n\n\n\n<p><\/p>\n\n\n\n<ul class=\"wp-block-list\">\n<li>Sustentabilidade: Utilizar materiais biodegrad\u00e1veis ou introduzir sacos recicl\u00e1veis para corresponder \u00e0 prefer\u00eancia dos consumidores por produtos ecol\u00f3gicos.<\/li>\n<\/ul>\n<\/div>\n\n\n\n<div class=\"wp-block-column is-layout-flow wp-block-column-is-layout-flow\">\n<figure class=\"wp-block-image size-full\"><img fetchpriority=\"high\" decoding=\"async\" width=\"750\" height=\"750\" src=\"https:\/\/hyflexpack.com\/wp-content\/uploads\/2024\/05\/Customize-Cookie-Packages-Film-9.webp\" alt=\"Personalizar filme de pacotes de bolachas\" class=\"wp-image-3818\" srcset=\"https:\/\/www.hyflexpack.com\/wp-content\/uploads\/2024\/05\/Customize-Cookie-Packages-Film-9.webp 750w, https:\/\/www.hyflexpack.com\/wp-content\/uploads\/2024\/05\/Customize-Cookie-Packages-Film-9-300x300.webp 300w, https:\/\/www.hyflexpack.com\/wp-content\/uploads\/2024\/05\/Customize-Cookie-Packages-Film-9-150x150.webp 150w, https:\/\/www.hyflexpack.com\/wp-content\/uploads\/2024\/05\/Customize-Cookie-Packages-Film-9-285x285.webp 285w, https:\/\/www.hyflexpack.com\/wp-content\/uploads\/2024\/05\/Customize-Cookie-Packages-Film-9-270x270.webp 270w, https:\/\/www.hyflexpack.com\/wp-content\/uploads\/2024\/05\/Customize-Cookie-Packages-Film-9-540x540.webp 540w, https:\/\/www.hyflexpack.com\/wp-content\/uploads\/2024\/05\/Customize-Cookie-Packages-Film-9-660x660.webp 660w\" sizes=\"(max-width: 750px) 100vw, 750px\" \/><\/figure>\n<\/div>\n<\/div>","protected":false},"excerpt":{"rendered":"<p>Descubra como as nossas pel\u00edculas para embalagens de bolachas fornecem solu\u00e7\u00f5es de embalagem seguras e atractivas para os seus produtos com os seus materiais de qualidade alimentar, elevada transpar\u00eancia e excelentes propriedades de barreira para prolongar a frescura dos seus produtos alimentares. Contacte-nos hoje e deixe-nos personalizar a sua embalagem alimentar exclusiva!<\/p>\n<h3>Vantagens dos pacotes de bolachas<\/h3>\n<ul>\n<li><strong>Design personalizado<\/strong>: Fornecer solu\u00e7\u00f5es de design personalizado de acordo com as necessidades dos clientes para satisfazer os requisitos de diferentes especifica\u00e7\u00f5es, tamanhos e impress\u00e3o at\u00e9 10 cores, suportando a personaliza\u00e7\u00e3o OEM e ODM.<\/li>\n<li><strong>Fabrico<\/strong>: Com equipamento e tecnologia avan\u00e7ados, somos capazes de completar a produ\u00e7\u00e3o de encomendas de forma eficiente e com alta qualidade, e entregar a tempo.<\/li>\n<li><strong>Inspe\u00e7\u00e3o da qualidade<\/strong>: Seguimos rigorosamente as normas de qualidade e os requisitos de seguran\u00e7a alimentar para garantir que os nossos produtos cumprem as normas.<\/li>\n<li><strong>Servi\u00e7o ao cliente<\/strong>: Fornecer uma resposta r\u00e1pida e um servi\u00e7o de apoio ao cliente atencioso 24 horas por dia.<br \/>Amostra gr\u00e1tis: Fornecer servi\u00e7o de amostra gr\u00e1tis para avaliar os produtos.<\/li>\n<\/ul>\n<p>A Huiyang Packaging est\u00e1 empenhada em fornecer aos clientes pel\u00edculas de alta qualidade e personalizadas para embalagens de bolachas para os ajudar a melhorar a imagem dos seus produtos e a competitividade no mercado.<\/p>","protected":false},"featured_media":3819,"comment_status":"open","ping_status":"closed","template":"","meta":[],"product_brand":[],"product_cat":[53],"product_tag":[],"class_list":{"0":"post-3809","1":"product","2":"type-product","3":"status-publish","4":"has-post-thumbnail","6":"product_cat-packaging-film-supplier","8":"first","9":"instock","10":"shipping-taxable","11":"product-type-simple"},"_links":{"self":[{"href":"https:\/\/www.hyflexpack.com\/pt\/wp-json\/wp\/v2\/product\/3809","targetHints":{"allow":["GET"]}}],"collection":[{"href":"https:\/\/www.hyflexpack.com\/pt\/wp-json\/wp\/v2\/product"}],"about":[{"href":"https:\/\/www.hyflexpack.com\/pt\/wp-json\/wp\/v2\/types\/product"}],"replies":[{"embeddable":true,"href":"https:\/\/www.hyflexpack.com\/pt\/wp-json\/wp\/v2\/comments?post=3809"}],"wp:featuredmedia":[{"embeddable":true,"href":"https:\/\/www.hyflexpack.com\/pt\/wp-json\/wp\/v2\/media\/3819"}],"wp:attachment":[{"href":"https:\/\/www.hyflexpack.com\/pt\/wp-json\/wp\/v2\/media?parent=3809"}],"wp:term":[{"taxonomy":"product_brand","embeddable":true,"href":"https:\/\/www.hyflexpack.com\/pt\/wp-json\/wp\/v2\/product_brand?post=3809"},{"taxonomy":"product_cat","embeddable":true,"href":"https:\/\/www.hyflexpack.com\/pt\/wp-json\/wp\/v2\/product_cat?post=3809"},{"taxonomy":"product_tag","embeddable":true,"href":"https:\/\/www.hyflexpack.com\/pt\/wp-json\/wp\/v2\/product_tag?post=3809"}],"curies":[{"name":"wp","href":"https:\/\/api.w.org\/{rel}","templated":true}]}}