{"id":3799,"date":"2024-05-25T03:47:47","date_gmt":"2024-05-25T03:47:47","guid":{"rendered":"https:\/\/hyflexpack.com\/?post_type=product&#038;p=3799"},"modified":"2024-05-25T03:54:57","modified_gmt":"2024-05-25T03:54:57","slug":"factory-direct-cookie-packaging-film","status":"publish","type":"product","link":"https:\/\/www.hyflexpack.com\/pt\/product\/factory-direct-cookie-packaging-film\/","title":{"rendered":"Filme de embalagem de biscoito direto da f\u00e1brica para material de embalagem de alimentos Filme de lamina\u00e7\u00e3o de superf\u00edcie fosca"},"content":{"rendered":"<div class=\"wp-block-columns is-layout-flex wp-container-core-columns-is-layout-9d6595d7 wp-block-columns-is-layout-flex\">\n<div class=\"wp-block-column is-layout-flow wp-block-column-is-layout-flow\">\n<h3 class=\"wp-block-heading\">Carater\u00edsticas da pel\u00edcula de embalagem de biscoitos de alta qualidade<\/h3>\n\n\n\n<ul class=\"wp-block-list\">\n<li>Concebida para embalagens de bolachas: esta pel\u00edcula foi especialmente concebida para as necessidades de embalagem de bolachas e outros produtos de pastelaria, garantindo que os alimentos se mant\u00eam frescos e saborosos.<\/li>\n<\/ul>\n\n\n\n<p><\/p>\n\n\n\n<ul class=\"wp-block-list\">\n<li>Tratamento de superf\u00edcie mate: A tecnologia de tratamento de superf\u00edcie mate \u00e9 utilizada para tornar o aspeto da embalagem mais delicado e com melhor textura, atraindo a aten\u00e7\u00e3o dos consumidores.<\/li>\n<\/ul>\n\n\n\n<p><\/p>\n\n\n\n<ul class=\"wp-block-list\">\n<li>Garantia de material de qualidade: S\u00e3o utilizados materiais de qualidade alimentar de alta qualidade para garantir que os sacos de embalagem de bolachas t\u00eam boas propriedades antioxidantes e resistentes \u00e0 humidade atrav\u00e9s da tecnologia composta de v\u00e1rias camadas, o que prolonga o per\u00edodo de frescura dos alimentos.<\/li>\n<\/ul>\n\n\n\n<p><\/p>\n\n\n\n<ul class=\"wp-block-list\">\n<li>Posicionamento da marca: O design e a impress\u00e3o personalizados podem ser utilizados para real\u00e7ar a imagem e a mensagem da marca para atrair mais consumidores.<\/li>\n<\/ul>\n\n\n\n<p><\/p>\n\n\n\n<ul class=\"wp-block-list\">\n<li>Sustentabilidade: Utilizar materiais biodegrad\u00e1veis ou introduzir sacos recicl\u00e1veis para corresponder \u00e0 prefer\u00eancia dos consumidores por produtos ecol\u00f3gicos.<\/li>\n<\/ul>\n<\/div>\n\n\n\n<div class=\"wp-block-column is-layout-flow wp-block-column-is-layout-flow\">\n<figure class=\"wp-block-image size-full\"><img fetchpriority=\"high\" decoding=\"async\" width=\"750\" height=\"750\" src=\"https:\/\/hyflexpack.com\/wp-content\/uploads\/2024\/05\/Factory-Direct-Cookie-Packaging-Film-2.webp\" alt=\"Filme de embalagem de biscoitos direto da f\u00e1brica\" class=\"wp-image-3803\" srcset=\"https:\/\/www.hyflexpack.com\/wp-content\/uploads\/2024\/05\/Factory-Direct-Cookie-Packaging-Film-2.webp 750w, https:\/\/www.hyflexpack.com\/wp-content\/uploads\/2024\/05\/Factory-Direct-Cookie-Packaging-Film-2-300x300.webp 300w, https:\/\/www.hyflexpack.com\/wp-content\/uploads\/2024\/05\/Factory-Direct-Cookie-Packaging-Film-2-150x150.webp 150w, https:\/\/www.hyflexpack.com\/wp-content\/uploads\/2024\/05\/Factory-Direct-Cookie-Packaging-Film-2-285x285.webp 285w, https:\/\/www.hyflexpack.com\/wp-content\/uploads\/2024\/05\/Factory-Direct-Cookie-Packaging-Film-2-270x270.webp 270w, https:\/\/www.hyflexpack.com\/wp-content\/uploads\/2024\/05\/Factory-Direct-Cookie-Packaging-Film-2-540x540.webp 540w, https:\/\/www.hyflexpack.com\/wp-content\/uploads\/2024\/05\/Factory-Direct-Cookie-Packaging-Film-2-660x660.webp 660w\" sizes=\"(max-width: 750px) 100vw, 750px\" \/><\/figure>\n<\/div>\n<\/div>","protected":false},"excerpt":{"rendered":"<p>Para rolos de pel\u00edcula de embalagem de bolachas personalizados de alta qualidade, escolha a Huiyang Packaging. Fornecemos solu\u00e7\u00f5es profissionais de impress\u00e3o personalizada para garantir que os seus produtos de bolachas s\u00e3o frescos e seguros.<\/p>\n<h3>Vantagens da pel\u00edcula de embalagem de bolachas<\/h3>\n<ul>\n<li><strong>Design personalizado<\/strong>: Fornecer solu\u00e7\u00f5es de design personalizadas de acordo com as necessidades dos clientes, satisfazer diferentes especifica\u00e7\u00f5es, tamanhos e impress\u00e3o at\u00e9 10 cores, apoiar a personaliza\u00e7\u00e3o OEM e ODM.<\/li>\n<li><strong>Entrega r\u00e1pida<\/strong>: Com uma capacidade de produ\u00e7\u00e3o eficiente e um sistema de gest\u00e3o da cadeia de abastecimento, somos capazes de responder \u00e0s encomendas dos clientes a tempo de garantir a entrega atempada dos produtos.<\/li>\n<li><strong>Suporte completo<\/strong>: A equipa t\u00e9cnica profissional e a equipa de servi\u00e7o p\u00f3s-venda fornecem uma consulta pr\u00e9-venda completa e apoio p\u00f3s-venda para fornecer apoio t\u00e9cnico e solu\u00e7\u00f5es aos clientes.<\/li>\n<li><strong>Amostra gr\u00e1tis<\/strong>: Fornecer servi\u00e7o de amostra gr\u00e1tis para avaliar os produtos.<\/li>\n<\/ul>\n<p>A Huiyang Packaging est\u00e1 empenhada em fornecer aos clientes sacos de embalagem de bolachas personalizados e de alta qualidade para os ajudar a melhorar a imagem dos seus produtos e a competitividade no mercado.<\/p>","protected":false},"featured_media":3807,"comment_status":"open","ping_status":"closed","template":"","meta":[],"product_brand":[],"product_cat":[53],"product_tag":[],"class_list":{"0":"post-3799","1":"product","2":"type-product","3":"status-publish","4":"has-post-thumbnail","6":"product_cat-packaging-film-supplier","8":"first","9":"instock","10":"shipping-taxable","11":"product-type-simple"},"_links":{"self":[{"href":"https:\/\/www.hyflexpack.com\/pt\/wp-json\/wp\/v2\/product\/3799","targetHints":{"allow":["GET"]}}],"collection":[{"href":"https:\/\/www.hyflexpack.com\/pt\/wp-json\/wp\/v2\/product"}],"about":[{"href":"https:\/\/www.hyflexpack.com\/pt\/wp-json\/wp\/v2\/types\/product"}],"replies":[{"embeddable":true,"href":"https:\/\/www.hyflexpack.com\/pt\/wp-json\/wp\/v2\/comments?post=3799"}],"wp:featuredmedia":[{"embeddable":true,"href":"https:\/\/www.hyflexpack.com\/pt\/wp-json\/wp\/v2\/media\/3807"}],"wp:attachment":[{"href":"https:\/\/www.hyflexpack.com\/pt\/wp-json\/wp\/v2\/media?parent=3799"}],"wp:term":[{"taxonomy":"product_brand","embeddable":true,"href":"https:\/\/www.hyflexpack.com\/pt\/wp-json\/wp\/v2\/product_brand?post=3799"},{"taxonomy":"product_cat","embeddable":true,"href":"https:\/\/www.hyflexpack.com\/pt\/wp-json\/wp\/v2\/product_cat?post=3799"},{"taxonomy":"product_tag","embeddable":true,"href":"https:\/\/www.hyflexpack.com\/pt\/wp-json\/wp\/v2\/product_tag?post=3799"}],"curies":[{"name":"wp","href":"https:\/\/api.w.org\/{rel}","templated":true}]}}