{"id":3779,"date":"2024-05-25T02:22:25","date_gmt":"2024-05-25T02:22:25","guid":{"rendered":"https:\/\/hyflexpack.com\/?post_type=product&#038;p=3779"},"modified":"2024-05-25T03:04:58","modified_gmt":"2024-05-25T03:04:58","slug":"custom-roll-stock-film","status":"publish","type":"product","link":"https:\/\/www.hyflexpack.com\/pt\/product\/custom-roll-stock-film\/","title":{"rendered":"Sacos de embalagem para bolos em rolo personalizados Sacos laminados impressos"},"content":{"rendered":"<div class=\"wp-block-columns is-layout-flex wp-container-core-columns-is-layout-9d6595d7 wp-block-columns-is-layout-flex\">\n<div class=\"wp-block-column is-layout-flow wp-block-column-is-layout-flow\">\n<h3 class=\"wp-block-heading\">Caracter\u00edsticas da pel\u00edcula em rolo de alta qualidade<\/h3>\n\n\n\n<p><\/p>\n\n\n\n<ul class=\"wp-block-list\">\n<li>Embalagem de pel\u00edculas em rolo: fornecer pel\u00edculas em rolo de alta qualidade para uma embalagem flex\u00edvel e conveniente de bolos e outros produtos de confeitaria.<\/li>\n<\/ul>\n\n\n\n<p><\/p>\n\n\n\n<ul class=\"wp-block-list\">\n<li>Tecnologia de impress\u00e3o e lamina\u00e7\u00e3o: Ado\u00e7\u00e3o de tecnologia avan\u00e7ada de impress\u00e3o e lamina\u00e7\u00e3o para dar cores ricas e efeitos visuais \u00e0 embalagem, melhorando a imagem e a atratividade dos produtos.<\/li>\n<\/ul>\n\n\n\n<p><\/p>\n\n\n\n<ul class=\"wp-block-list\">\n<li>Bolsas multifuncionais: Conceber bolsas multifuncionais que podem ser personalizadas para satisfazer as necessidades de embalagem de diferentes especifica\u00e7\u00f5es e formas.<\/li>\n<\/ul>\n\n\n\n<p><\/p>\n\n\n\n<ul class=\"wp-block-list\">\n<li>Posicionamento da marca: O design e a impress\u00e3o personalizados podem ser utilizados para real\u00e7ar a imagem e a mensagem da marca para atrair mais consumidores.<\/li>\n<\/ul>\n\n\n\n<p><\/p>\n\n\n\n<ul class=\"wp-block-list\">\n<li>Sustentabilidade: Considerar a utiliza\u00e7\u00e3o de materiais biodegrad\u00e1veis ou o lan\u00e7amento de sacos recicl\u00e1veis, de acordo com a prefer\u00eancia dos consumidores por produtos amigos do ambiente.<\/li>\n<\/ul>\n<\/div>\n\n\n\n<div class=\"wp-block-column is-layout-flow wp-block-column-is-layout-flow\">\n<figure class=\"wp-block-image size-full\"><img fetchpriority=\"high\" decoding=\"async\" width=\"750\" height=\"750\" src=\"https:\/\/hyflexpack.com\/wp-content\/uploads\/2024\/05\/Custom-Roll-Stock-9.webp\" alt=\"Estoque de rolos personalizados\" class=\"wp-image-3788\" srcset=\"https:\/\/www.hyflexpack.com\/wp-content\/uploads\/2024\/05\/Custom-Roll-Stock-9.webp 750w, https:\/\/www.hyflexpack.com\/wp-content\/uploads\/2024\/05\/Custom-Roll-Stock-9-300x300.webp 300w, https:\/\/www.hyflexpack.com\/wp-content\/uploads\/2024\/05\/Custom-Roll-Stock-9-150x150.webp 150w, https:\/\/www.hyflexpack.com\/wp-content\/uploads\/2024\/05\/Custom-Roll-Stock-9-285x285.webp 285w, https:\/\/www.hyflexpack.com\/wp-content\/uploads\/2024\/05\/Custom-Roll-Stock-9-270x270.webp 270w, https:\/\/www.hyflexpack.com\/wp-content\/uploads\/2024\/05\/Custom-Roll-Stock-9-540x540.webp 540w, https:\/\/www.hyflexpack.com\/wp-content\/uploads\/2024\/05\/Custom-Roll-Stock-9-660x660.webp 660w\" sizes=\"(max-width: 750px) 100vw, 750px\" \/><\/figure>\n<\/div>\n<\/div>","protected":false},"excerpt":{"rendered":"<p>Conhe\u00e7a as nossas embalagens personalizadas para bolos em rolo com tecnologia de lamina\u00e7\u00e3o impressa, que confere cores ricas e efeitos visuais \u00e0 embalagem. Estamos empenhados em fornecer aos nossos clientes solu\u00e7\u00f5es de embalagem personalizadas de alta qualidade e vers\u00e1teis para satisfazer as suas necessidades de embalagem \u00fanicas.<\/p>\n<h3>Vantagens da pel\u00edcula em rolo<\/h3>\n<ul>\n<li><strong>Design personalizado<\/strong>: Fornecer solu\u00e7\u00f5es de design personalizado e personalizar embalagens com diferentes especifica\u00e7\u00f5es, tamanhos e padr\u00f5es de impress\u00e3o de acordo com as necessidades do cliente.<\/li>\n<li><strong>Garantia de qualidade<\/strong>: Controlar rigorosamente o processo de produ\u00e7\u00e3o, escolher materiais de alta qualidade e equipamento avan\u00e7ado para garantir uma qualidade est\u00e1vel e fi\u00e1vel do produto.<\/li>\n<li><strong>Entrega atempada<\/strong>: Otimizar o processo de produ\u00e7\u00e3o, melhorar a efici\u00eancia da produ\u00e7\u00e3o, para garantir a entrega atempada das encomendas dos clientes, para satisfazer as necessidades urgentes dos clientes.<\/li>\n<li><strong>Suporte t\u00e9cnico profissional<\/strong>: Equipa t\u00e9cnica experiente para fornecer apoio t\u00e9cnico profissional e servi\u00e7o p\u00f3s-venda para garantir uma resposta atempada e uma solu\u00e7\u00e3o para a procura.<\/li>\n<li><strong>Amostra gr\u00e1tis<\/strong>: Fornecer servi\u00e7o de amostra gr\u00e1tis para avaliar os produtos.<\/li>\n<\/ul>\n<p>A Huiyang Packaging est\u00e1 empenhada em fornecer aos clientes sacos de pel\u00edcula em rolo personalizados de alta qualidade para os ajudar a melhorar a imagem dos seus produtos e a competitividade no mercado.<\/p>","protected":false},"featured_media":3782,"comment_status":"open","ping_status":"closed","template":"","meta":[],"product_brand":[],"product_cat":[53],"product_tag":[],"class_list":{"0":"post-3779","1":"product","2":"type-product","3":"status-publish","4":"has-post-thumbnail","6":"product_cat-packaging-film-supplier","8":"first","9":"instock","10":"shipping-taxable","11":"product-type-simple"},"_links":{"self":[{"href":"https:\/\/www.hyflexpack.com\/pt\/wp-json\/wp\/v2\/product\/3779","targetHints":{"allow":["GET"]}}],"collection":[{"href":"https:\/\/www.hyflexpack.com\/pt\/wp-json\/wp\/v2\/product"}],"about":[{"href":"https:\/\/www.hyflexpack.com\/pt\/wp-json\/wp\/v2\/types\/product"}],"replies":[{"embeddable":true,"href":"https:\/\/www.hyflexpack.com\/pt\/wp-json\/wp\/v2\/comments?post=3779"}],"wp:featuredmedia":[{"embeddable":true,"href":"https:\/\/www.hyflexpack.com\/pt\/wp-json\/wp\/v2\/media\/3782"}],"wp:attachment":[{"href":"https:\/\/www.hyflexpack.com\/pt\/wp-json\/wp\/v2\/media?parent=3779"}],"wp:term":[{"taxonomy":"product_brand","embeddable":true,"href":"https:\/\/www.hyflexpack.com\/pt\/wp-json\/wp\/v2\/product_brand?post=3779"},{"taxonomy":"product_cat","embeddable":true,"href":"https:\/\/www.hyflexpack.com\/pt\/wp-json\/wp\/v2\/product_cat?post=3779"},{"taxonomy":"product_tag","embeddable":true,"href":"https:\/\/www.hyflexpack.com\/pt\/wp-json\/wp\/v2\/product_tag?post=3779"}],"curies":[{"name":"wp","href":"https:\/\/api.w.org\/{rel}","templated":true}]}}