{"id":3660,"date":"2024-05-24T10:27:10","date_gmt":"2024-05-24T10:27:10","guid":{"rendered":"https:\/\/hyflexpack.com\/?post_type=product&#038;p=3660"},"modified":"2024-05-24T10:27:11","modified_gmt":"2024-05-24T10:27:11","slug":"wholesale-automatic-roll-film-packaging","status":"publish","type":"product","link":"https:\/\/www.hyflexpack.com\/pt\/product\/wholesale-automatic-roll-film-packaging\/","title":{"rendered":"Embalagem de rolo de filme por atacado Embalagem autom\u00e1tica de saquetas impressas laminadas para bolachas de a\u00e7\u00facar"},"content":{"rendered":"<div class=\"wp-block-columns is-layout-flex wp-container-core-columns-is-layout-9d6595d7 wp-block-columns-is-layout-flex\">\n<div class=\"wp-block-column is-layout-flow wp-block-column-is-layout-flow\">\n<h3 class=\"wp-block-heading\">Carater\u00edsticas da embalagem de pel\u00edcula em rolo de alta qualidade<\/h3>\n\n\n\n<ul class=\"wp-block-list\">\n<li>Produ\u00e7\u00e3o autom\u00e1tica de sacos por laminagem de pel\u00edcula: ado\u00e7\u00e3o de tecnologia avan\u00e7ada de laminagem de pel\u00edcula para realizar a produ\u00e7\u00e3o autom\u00e1tica de sacos e melhorar a efici\u00eancia da embalagem e a velocidade de produ\u00e7\u00e3o.<\/li>\n<\/ul>\n\n\n\n<p><\/p>\n\n\n\n<ul class=\"wp-block-list\">\n<li>Tecnologia de impress\u00e3o e lamina\u00e7\u00e3o: Adoptando uma tecnologia avan\u00e7ada de impress\u00e3o e lamina\u00e7\u00e3o, a embalagem \u00e9 rica em cores e efeitos visuais, melhorando a imagem e a atratividade do produto.<\/li>\n<\/ul>\n\n\n\n<p><\/p>\n\n\n\n<ul class=\"wp-block-list\">\n<li>Embalagens Personalizadas para Bolachas de A\u00e7\u00facar: Concebidas para bolachas de a\u00e7\u00facar, fornecemos embalagens com tamanho, forma e design personalizados para mostrar perfeitamente as carater\u00edsticas do produto.<\/li>\n<\/ul>\n\n\n\n<p><\/p>\n\n\n\n<ul class=\"wp-block-list\">\n<li>Posicionamento da marca: O design e a impress\u00e3o personalizados podem ser utilizados para real\u00e7ar a imagem e a mensagem da marca para atrair mais consumidores.<\/li>\n\n\n\n<li><\/li>\n\n\n\n<li>Sustentabilidade: Considerar a utiliza\u00e7\u00e3o de materiais biodegrad\u00e1veis ou o lan\u00e7amento de sacos recicl\u00e1veis, de acordo com a prefer\u00eancia dos consumidores por produtos amigos do ambiente.<\/li>\n<\/ul>\n<\/div>\n\n\n\n<div class=\"wp-block-column is-layout-flow wp-block-column-is-layout-flow\">\n<figure class=\"wp-block-image size-full\"><img fetchpriority=\"high\" decoding=\"async\" width=\"750\" height=\"750\" src=\"https:\/\/hyflexpack.com\/wp-content\/uploads\/2024\/05\/Wholesale-Roll-Film-Packaging-7.webp\" alt=\"Embalagem de pel\u00edcula em rolo por atacado\" class=\"wp-image-3682\" srcset=\"https:\/\/www.hyflexpack.com\/wp-content\/uploads\/2024\/05\/Wholesale-Roll-Film-Packaging-7.webp 750w, https:\/\/www.hyflexpack.com\/wp-content\/uploads\/2024\/05\/Wholesale-Roll-Film-Packaging-7-300x300.webp 300w, https:\/\/www.hyflexpack.com\/wp-content\/uploads\/2024\/05\/Wholesale-Roll-Film-Packaging-7-150x150.webp 150w, https:\/\/www.hyflexpack.com\/wp-content\/uploads\/2024\/05\/Wholesale-Roll-Film-Packaging-7-285x285.webp 285w, https:\/\/www.hyflexpack.com\/wp-content\/uploads\/2024\/05\/Wholesale-Roll-Film-Packaging-7-270x270.webp 270w, https:\/\/www.hyflexpack.com\/wp-content\/uploads\/2024\/05\/Wholesale-Roll-Film-Packaging-7-540x540.webp 540w, https:\/\/www.hyflexpack.com\/wp-content\/uploads\/2024\/05\/Wholesale-Roll-Film-Packaging-7-660x660.webp 660w\" sizes=\"(max-width: 750px) 100vw, 750px\" \/><\/figure>\n<\/div>\n<\/div>","protected":false},"excerpt":{"rendered":"<p>Conhe\u00e7a-nos a Roll Film Packaging, que oferece embalagens de bolachas de a\u00e7\u00facar laminadas impressas com fabrico autom\u00e1tico de sacos em pel\u00edcula de rolo, com as vantagens da personaliza\u00e7\u00e3o, garantia de qualidade e servi\u00e7os empresariais de resposta r\u00e1pida. Dedicamo-nos a fornecer aos clientes solu\u00e7\u00f5es de embalagem personalizadas atractivas e de alta qualidade.<\/p>\n<h3>Vantagens da embalagem de pel\u00edcula em rolo<\/h3>\n<ul>\n<li><strong>Design personalizado<\/strong>: Fornecer solu\u00e7\u00f5es de design personalizadas para satisfazer diferentes especifica\u00e7\u00f5es, tamanhos e requisitos de impress\u00e3o at\u00e9 10 cores de acordo com as necessidades do cliente, apoiar a personaliza\u00e7\u00e3o OEM e ODM.<\/li>\n<li><strong>Fabrico<\/strong>Com equipamento e tecnologia avan\u00e7ados, podemos concluir a produ\u00e7\u00e3o da encomenda com elevada efici\u00eancia e qualidade, e podemos entregar a tempo.<\/li>\n<li><strong>Inspe\u00e7\u00e3o da qualidade<\/strong>: Seguir rigorosamente as normas de qualidade e os requisitos de seguran\u00e7a alimentar para a produ\u00e7\u00e3o, para garantir que os produtos cumprem as normas.<\/li>\n<li><strong>Servi\u00e7o ao cliente<\/strong>: 24 horas para fornecer uma resposta r\u00e1pida e um servi\u00e7o de apoio ao cliente atencioso.<\/li>\n<li><strong>Amostra gr\u00e1tis<\/strong>\uff1a Fornecer servi\u00e7o de amostra gr\u00e1tis para voc\u00ea avaliar os produtos.<\/li>\n<\/ul>\n<p>A Huiyang Packaging est\u00e1 empenhada em fornecer aos clientes embalagens de pel\u00edcula em rolo personalizadas e de alta qualidade para os ajudar a melhorar a imagem do produto e a aumentar a competitividade do mercado.<\/p>","protected":false},"featured_media":3678,"comment_status":"open","ping_status":"closed","template":"","meta":[],"product_brand":[],"product_cat":[53],"product_tag":[],"class_list":{"0":"post-3660","1":"product","2":"type-product","3":"status-publish","4":"has-post-thumbnail","6":"product_cat-packaging-film-supplier","8":"first","9":"instock","10":"shipping-taxable","11":"product-type-simple"},"_links":{"self":[{"href":"https:\/\/www.hyflexpack.com\/pt\/wp-json\/wp\/v2\/product\/3660","targetHints":{"allow":["GET"]}}],"collection":[{"href":"https:\/\/www.hyflexpack.com\/pt\/wp-json\/wp\/v2\/product"}],"about":[{"href":"https:\/\/www.hyflexpack.com\/pt\/wp-json\/wp\/v2\/types\/product"}],"replies":[{"embeddable":true,"href":"https:\/\/www.hyflexpack.com\/pt\/wp-json\/wp\/v2\/comments?post=3660"}],"wp:featuredmedia":[{"embeddable":true,"href":"https:\/\/www.hyflexpack.com\/pt\/wp-json\/wp\/v2\/media\/3678"}],"wp:attachment":[{"href":"https:\/\/www.hyflexpack.com\/pt\/wp-json\/wp\/v2\/media?parent=3660"}],"wp:term":[{"taxonomy":"product_brand","embeddable":true,"href":"https:\/\/www.hyflexpack.com\/pt\/wp-json\/wp\/v2\/product_brand?post=3660"},{"taxonomy":"product_cat","embeddable":true,"href":"https:\/\/www.hyflexpack.com\/pt\/wp-json\/wp\/v2\/product_cat?post=3660"},{"taxonomy":"product_tag","embeddable":true,"href":"https:\/\/www.hyflexpack.com\/pt\/wp-json\/wp\/v2\/product_tag?post=3660"}],"curies":[{"name":"wp","href":"https:\/\/api.w.org\/{rel}","templated":true}]}}