{"id":3634,"date":"2024-05-24T09:38:52","date_gmt":"2024-05-24T09:38:52","guid":{"rendered":"https:\/\/hyflexpack.com\/?post_type=product&#038;p=3634"},"modified":"2024-05-24T09:38:54","modified_gmt":"2024-05-24T09:38:54","slug":"custom-cookies-packaging-bag","status":"publish","type":"product","link":"https:\/\/www.hyflexpack.com\/pt\/product\/custom-cookies-packaging-bag\/","title":{"rendered":"Saco de embalagem de biscoitos personalizados Material de embalagem de folha de alum\u00ednio autom\u00e1tico Rolos de filme laminado"},"content":{"rendered":"<div class=\"wp-block-columns is-layout-flex wp-container-core-columns-is-layout-9d6595d7 wp-block-columns-is-layout-flex\">\n<div class=\"wp-block-column is-layout-flow wp-block-column-is-layout-flow\">\n<h3 class=\"wp-block-heading\">Features of High Quality Cookies Packaging Bag<\/h3>\n\n\n\n<ul class=\"wp-block-list\">\n<li>Automated Packaging Technology: the cookies packaging bag adopt advanced automation technology to ensure efficient and fast packaging production process, providing convenient packaging solutions for cookies.<\/li>\n<\/ul>\n\n\n\n<p><\/p>\n\n\n\n<ul class=\"wp-block-list\">\n<li>Aluminum Foil Layer for Freshness: With excellent aluminum foil layer, it effectively isolates oxygen, moisture and light, keeping the cookies&#8217; fresh taste and long-lasting quality.<\/li>\n<\/ul>\n\n\n\n<p><\/p>\n\n\n\n<ul class=\"wp-block-list\">\n<li>Superior Performance of Laminated Film: Using multi-layer lamination technology, combining the properties of different materials, it provides excellent moisture, oxidation and tear resistance, ensuring the integrity and safety of the package.<\/li>\n<\/ul>\n\n\n\n<p><\/p>\n\n\n\n<ul class=\"wp-block-list\">\n<li>Posicionamento da marca: O design e a impress\u00e3o personalizados podem ser utilizados para real\u00e7ar a imagem e a mensagem da marca para atrair mais consumidores.<\/li>\n<\/ul>\n\n\n\n<p><\/p>\n\n\n\n<ul class=\"wp-block-list\">\n<li>Sustentabilidade: Considerar a utiliza\u00e7\u00e3o de materiais biodegrad\u00e1veis ou o lan\u00e7amento de sacos recicl\u00e1veis, de acordo com a prefer\u00eancia dos consumidores por produtos amigos do ambiente.<\/li>\n<\/ul>\n<\/div>\n\n\n\n<div class=\"wp-block-column is-layout-flow wp-block-column-is-layout-flow\">\n<figure class=\"wp-block-image size-full\"><img fetchpriority=\"high\" decoding=\"async\" width=\"750\" height=\"750\" src=\"https:\/\/hyflexpack.com\/wp-content\/uploads\/2024\/05\/Custom-Cookies-Packaging-Bag14.webp\" alt=\"Saco de embalagem de bolachas personalizado\" class=\"wp-image-3655\" srcset=\"https:\/\/www.hyflexpack.com\/wp-content\/uploads\/2024\/05\/Custom-Cookies-Packaging-Bag14.webp 750w, https:\/\/www.hyflexpack.com\/wp-content\/uploads\/2024\/05\/Custom-Cookies-Packaging-Bag14-300x300.webp 300w, https:\/\/www.hyflexpack.com\/wp-content\/uploads\/2024\/05\/Custom-Cookies-Packaging-Bag14-150x150.webp 150w, https:\/\/www.hyflexpack.com\/wp-content\/uploads\/2024\/05\/Custom-Cookies-Packaging-Bag14-285x285.webp 285w, https:\/\/www.hyflexpack.com\/wp-content\/uploads\/2024\/05\/Custom-Cookies-Packaging-Bag14-270x270.webp 270w, https:\/\/www.hyflexpack.com\/wp-content\/uploads\/2024\/05\/Custom-Cookies-Packaging-Bag14-540x540.webp 540w, https:\/\/www.hyflexpack.com\/wp-content\/uploads\/2024\/05\/Custom-Cookies-Packaging-Bag14-660x660.webp 660w\" sizes=\"(max-width: 750px) 100vw, 750px\" \/><\/figure>\n<\/div>\n<\/div>","protected":false},"excerpt":{"rendered":"<p>Explore our cookies packaging bag roll film, offering automated aluminum foil packaging material with laminated film technology to safeguard the fresh taste and quality of cookies. , meet customized design, quality assurance and professional technical support. Contact now for details.<\/p>\n<h3>Advantages of Cookies Packaging Bag<\/h3>\n<ul>\n<li><strong>Design personalizado<\/strong>: Fornecer solu\u00e7\u00f5es de design personalizadas para satisfazer diferentes especifica\u00e7\u00f5es, tamanhos e requisitos de impress\u00e3o at\u00e9 10 cores de acordo com as necessidades do cliente, apoiar a personaliza\u00e7\u00e3o OEM e ODM.<\/li>\n<li><strong>Garantia de qualidade<\/strong>: Controlo rigoroso do processo de produ\u00e7\u00e3o, utilizando mat\u00e9rias-primas de alta qualidade e equipamento de produ\u00e7\u00e3o avan\u00e7ado para garantir uma qualidade de produto est\u00e1vel e fi\u00e1vel.<\/li>\n<li><strong>Suporte t\u00e9cnico profissional<\/strong>: With experienced technical team, we provide professional technical support and after-sales service to ensure that customers&#8217; needs are promptly responded to and solved.<\/li>\n<li><strong>Amostra gr\u00e1tis<\/strong>: Fornecer servi\u00e7o de amostra gr\u00e1tis para avaliar os produtos.<\/li>\n<\/ul>\n<p>Huiyang Packaging is committed to providing customers with high-quality, customized cookies packaging bag to help customers improve product image and enhance market competitiveness.<\/p>","protected":false},"featured_media":3649,"comment_status":"open","ping_status":"closed","template":"","meta":[],"product_brand":[],"product_cat":[53],"product_tag":[],"class_list":{"0":"post-3634","1":"product","2":"type-product","3":"status-publish","4":"has-post-thumbnail","6":"product_cat-packaging-film-supplier","8":"first","9":"instock","10":"shipping-taxable","11":"product-type-simple"},"_links":{"self":[{"href":"https:\/\/www.hyflexpack.com\/pt\/wp-json\/wp\/v2\/product\/3634","targetHints":{"allow":["GET"]}}],"collection":[{"href":"https:\/\/www.hyflexpack.com\/pt\/wp-json\/wp\/v2\/product"}],"about":[{"href":"https:\/\/www.hyflexpack.com\/pt\/wp-json\/wp\/v2\/types\/product"}],"replies":[{"embeddable":true,"href":"https:\/\/www.hyflexpack.com\/pt\/wp-json\/wp\/v2\/comments?post=3634"}],"wp:featuredmedia":[{"embeddable":true,"href":"https:\/\/www.hyflexpack.com\/pt\/wp-json\/wp\/v2\/media\/3649"}],"wp:attachment":[{"href":"https:\/\/www.hyflexpack.com\/pt\/wp-json\/wp\/v2\/media?parent=3634"}],"wp:term":[{"taxonomy":"product_brand","embeddable":true,"href":"https:\/\/www.hyflexpack.com\/pt\/wp-json\/wp\/v2\/product_brand?post=3634"},{"taxonomy":"product_cat","embeddable":true,"href":"https:\/\/www.hyflexpack.com\/pt\/wp-json\/wp\/v2\/product_cat?post=3634"},{"taxonomy":"product_tag","embeddable":true,"href":"https:\/\/www.hyflexpack.com\/pt\/wp-json\/wp\/v2\/product_tag?post=3634"}],"curies":[{"name":"wp","href":"https:\/\/api.w.org\/{rel}","templated":true}]}}