{"id":3605,"date":"2024-05-24T09:04:55","date_gmt":"2024-05-24T09:04:55","guid":{"rendered":"https:\/\/hyflexpack.com\/?post_type=product&#038;p=3605"},"modified":"2024-05-25T04:03:48","modified_gmt":"2024-05-25T04:03:48","slug":"custom-biscuit-packaging-bags","status":"publish","type":"product","link":"https:\/\/www.hyflexpack.com\/pt\/product\/custom-biscuit-packaging-bags\/","title":{"rendered":"Sacos de pl\u00e1stico personalizados para embalagem de biscoitos Embalagem autom\u00e1tica de rolo de filme para alimentos"},"content":{"rendered":"<div class=\"wp-block-columns is-layout-flex wp-container-core-columns-is-layout-9d6595d7 wp-block-columns-is-layout-flex\">\n<div class=\"wp-block-column is-layout-flow wp-block-column-is-layout-flow\">\n<h3 class=\"wp-block-heading\">Carater\u00edsticas dos Sacos de pl\u00e1stico para embalagem de biscoitos de alta qualidade<\/h3>\n\n\n\n<ul class=\"wp-block-list\">\n<li>Embalagem de pel\u00edcula automatizada avan\u00e7ada: Os nossos sacos de embalagem de bolachas utilizam tecnologias de automatiza\u00e7\u00e3o de ponta para facilitar um fluxo de trabalho de produ\u00e7\u00e3o r\u00e1pido e eficiente.<\/li>\n<\/ul>\n\n\n\n<p><\/p>\n\n\n\n<ul class=\"wp-block-list\">\n<li>Sele\u00e7\u00e3o de materiais seguros para alimentos: Seleccionamos meticulosamente os materiais que cumprem as rigorosas normas de seguran\u00e7a alimentar para garantir a limpeza e a seguran\u00e7a do produto, assegurando uma compatibilidade perfeita com as bolachas.<\/li>\n<\/ul>\n\n\n\n<p><\/p>\n\n\n\n<ul class=\"wp-block-list\">\n<li>Integridade de selagem superior: Oferecendo excelentes capacidades de selagem, as nossas embalagens protegem os biscoitos contra a humidade externa e os contaminantes, prolongando assim a frescura e o prazo de validade do produto.<\/li>\n<\/ul>\n\n\n\n<p><\/p>\n\n\n\n<ul class=\"wp-block-list\">\n<li>Posicionamento da marca: O design e a impress\u00e3o personalizados podem ser utilizados para real\u00e7ar a imagem e a mensagem da marca para atrair mais consumidores.<\/li>\n<\/ul>\n\n\n\n<p><\/p>\n\n\n\n<ul class=\"wp-block-list\">\n<li>Sustentabilidade: Considerar a utiliza\u00e7\u00e3o de materiais biodegrad\u00e1veis ou o lan\u00e7amento de sacos recicl\u00e1veis, de acordo com a prefer\u00eancia dos consumidores por produtos amigos do ambiente.<\/li>\n<\/ul>\n<\/div>\n\n\n\n<div class=\"wp-block-column is-layout-flow wp-block-column-is-layout-flow\">\n<figure class=\"wp-block-image size-full\"><img fetchpriority=\"high\" decoding=\"async\" width=\"750\" height=\"750\" src=\"https:\/\/hyflexpack.com\/wp-content\/uploads\/2024\/05\/Custom-Biscuit-Packaging-2.webp\" alt=\"Embalagem de biscoitos personalizada\" class=\"wp-image-3625\" srcset=\"https:\/\/www.hyflexpack.com\/wp-content\/uploads\/2024\/05\/Custom-Biscuit-Packaging-2.webp 750w, https:\/\/www.hyflexpack.com\/wp-content\/uploads\/2024\/05\/Custom-Biscuit-Packaging-2-300x300.webp 300w, https:\/\/www.hyflexpack.com\/wp-content\/uploads\/2024\/05\/Custom-Biscuit-Packaging-2-150x150.webp 150w, https:\/\/www.hyflexpack.com\/wp-content\/uploads\/2024\/05\/Custom-Biscuit-Packaging-2-285x285.webp 285w, https:\/\/www.hyflexpack.com\/wp-content\/uploads\/2024\/05\/Custom-Biscuit-Packaging-2-270x270.webp 270w, https:\/\/www.hyflexpack.com\/wp-content\/uploads\/2024\/05\/Custom-Biscuit-Packaging-2-540x540.webp 540w, https:\/\/www.hyflexpack.com\/wp-content\/uploads\/2024\/05\/Custom-Biscuit-Packaging-2-660x660.webp 660w\" sizes=\"(max-width: 750px) 100vw, 750px\" \/><\/figure>\n<\/div>\n<\/div>","protected":false},"excerpt":{"rendered":"<p>Oferecemos pel\u00edcula de rolo de embalagem automatizada para embalagem de biscoitos, que \u00e9 feita de materiais de qualidade alimentar para garantir um excelente desempenho de veda\u00e7\u00e3o, fornecendo solu\u00e7\u00f5es de embalagem de alta qualidade para biscoitos e outros produtos alimentares.<\/p>\n<h3>Vantagens dos sacos de pl\u00e1stico para embalagem de bolachas<\/h3>\n<ul>\n<li>Servi\u00e7o personalizado: Fornecer solu\u00e7\u00f5es personalizadas e customizadas para atender \u00e0s necessidades de embalagens de diferentes especifica\u00e7\u00f5es, formas e designs de acordo com as necessidades dos clientes.<\/li>\n<li>Garantia de qualidade: Controlar rigorosamente o processo de produ\u00e7\u00e3o, utilizar materiais de alta qualidade e equipamento avan\u00e7ado para garantir uma qualidade est\u00e1vel e fi\u00e1vel do produto.<\/li>\n<li>Entrega atempada: otimizar o processo de produ\u00e7\u00e3o e melhorar a efici\u00eancia da produ\u00e7\u00e3o para garantir a entrega atempada das encomendas dos clientes e satisfazer as necessidades urgentes dos clientes.<\/li>\n<li>Servi\u00e7o ao cliente: Fornecer uma resposta r\u00e1pida e um servi\u00e7o de apoio ao cliente atencioso 24 horas por dia.<\/li>\n<li>Amostra gr\u00e1tis: Fornecer servi\u00e7o de amostra gr\u00e1tis para avaliar os produtos.<\/li>\n<\/ul>\n<p>A Huiyang Packaging est\u00e1 empenhada em fornecer aos clientes sacos de embalagem de bolachas personalizados de alta qualidade para os ajudar a melhorar a imagem dos seus produtos e a sua competitividade no mercado.<\/p>","protected":false},"featured_media":3626,"comment_status":"open","ping_status":"closed","template":"","meta":[],"product_brand":[],"product_cat":[53],"product_tag":[],"class_list":{"0":"post-3605","1":"product","2":"type-product","3":"status-publish","4":"has-post-thumbnail","6":"product_cat-packaging-film-supplier","8":"first","9":"instock","10":"shipping-taxable","11":"product-type-simple"},"_links":{"self":[{"href":"https:\/\/www.hyflexpack.com\/pt\/wp-json\/wp\/v2\/product\/3605","targetHints":{"allow":["GET"]}}],"collection":[{"href":"https:\/\/www.hyflexpack.com\/pt\/wp-json\/wp\/v2\/product"}],"about":[{"href":"https:\/\/www.hyflexpack.com\/pt\/wp-json\/wp\/v2\/types\/product"}],"replies":[{"embeddable":true,"href":"https:\/\/www.hyflexpack.com\/pt\/wp-json\/wp\/v2\/comments?post=3605"}],"wp:featuredmedia":[{"embeddable":true,"href":"https:\/\/www.hyflexpack.com\/pt\/wp-json\/wp\/v2\/media\/3626"}],"wp:attachment":[{"href":"https:\/\/www.hyflexpack.com\/pt\/wp-json\/wp\/v2\/media?parent=3605"}],"wp:term":[{"taxonomy":"product_brand","embeddable":true,"href":"https:\/\/www.hyflexpack.com\/pt\/wp-json\/wp\/v2\/product_brand?post=3605"},{"taxonomy":"product_cat","embeddable":true,"href":"https:\/\/www.hyflexpack.com\/pt\/wp-json\/wp\/v2\/product_cat?post=3605"},{"taxonomy":"product_tag","embeddable":true,"href":"https:\/\/www.hyflexpack.com\/pt\/wp-json\/wp\/v2\/product_tag?post=3605"}],"curies":[{"name":"wp","href":"https:\/\/api.w.org\/{rel}","templated":true}]}}