{"id":3293,"date":"2024-05-22T07:49:56","date_gmt":"2024-05-22T07:49:56","guid":{"rendered":"https:\/\/hyflexpack.com\/?post_type=product&#038;p=3293"},"modified":"2024-05-22T07:49:57","modified_gmt":"2024-05-22T07:49:57","slug":"china-supply-washing-powder-pouches","status":"publish","type":"product","link":"https:\/\/www.hyflexpack.com\/pt\/product\/china-supply-washing-powder-pouches\/","title":{"rendered":"China Bolsas para P\u00f3 de Lavagem Bolsas com z\u00edper para pendurar buracos e rasgar facilmente"},"content":{"rendered":"<div class=\"wp-block-columns is-layout-flex wp-container-core-columns-is-layout-9d6595d7 wp-block-columns-is-layout-flex\">\n<div class=\"wp-block-column is-layout-flow wp-block-column-is-layout-flow\">\n<h3 class=\"wp-block-heading\">Carater\u00edsticas das bolsas para detergente em p\u00f3 de alta qualidade<\/h3>\n\n\n\n<ul class=\"wp-block-list\">\n<li>Design com orif\u00edcios para pendurar: as nossas bolsas para detergente em p\u00f3 est\u00e3o equipadas com orif\u00edcios para pendurar para facilitar a exposi\u00e7\u00e3o nas prateleiras, aumentando a visibilidade e a atratividade do produto.<\/li>\n\n\n\n<li>Aba de rasgar pr\u00e1tica: os sacos de detergente em p\u00f3 s\u00e3o concebidos com abas de rasgar f\u00e1ceis, o que permite aos utilizadores abrir facilmente a embalagem para um acesso pr\u00e1tico ao detergente em p\u00f3, sem necessidade de utilizar tesouras ou outras ferramentas.<\/li>\n\n\n\n<li>Fecho de correr auto-vedante: equipado com um fecho de correr auto-vedante para garantir que o saco pode ser fechado v\u00e1rias vezes para manter o detergente da roupa fresco e \u00e0 prova de humidade.<\/li>\n\n\n\n<li>Material recicl\u00e1vel: A utiliza\u00e7\u00e3o de material recicl\u00e1vel amigo do ambiente reduz os encargos para o ambiente e est\u00e1 em conformidade com o conceito ecol\u00f3gico.<\/li>\n\n\n\n<li>Impress\u00e3o de alta qualidade: fornecida com servi\u00e7o de impress\u00e3o personalizada de alta defini\u00e7\u00e3o, suportando v\u00e1rias cores e padr\u00f5es, ajudando as marcas a destacarem-se no mercado.<\/li>\n\n\n\n<li>Variedade de op\u00e7\u00f5es: fornecer servi\u00e7os personalizados com diferentes tamanhos, formas e desenhos de impress\u00e3o para satisfazer as v\u00e1rias necessidades da marca e do mercado.<\/li>\n<\/ul>\n<\/div>\n\n\n\n<div class=\"wp-block-column is-layout-flow wp-block-column-is-layout-flow\">\n<figure class=\"wp-block-image size-full\"><img fetchpriority=\"high\" decoding=\"async\" width=\"750\" height=\"750\" src=\"https:\/\/hyflexpack.com\/wp-content\/uploads\/2024\/05\/China-Supply-Washing-Powder-Pouches-1.webp\" alt=\"China Fornecimento de bolsas para detergente em p\u00f3\" class=\"wp-image-3294\" srcset=\"https:\/\/www.hyflexpack.com\/wp-content\/uploads\/2024\/05\/China-Supply-Washing-Powder-Pouches-1.webp 750w, https:\/\/www.hyflexpack.com\/wp-content\/uploads\/2024\/05\/China-Supply-Washing-Powder-Pouches-1-300x300.webp 300w, https:\/\/www.hyflexpack.com\/wp-content\/uploads\/2024\/05\/China-Supply-Washing-Powder-Pouches-1-150x150.webp 150w, https:\/\/www.hyflexpack.com\/wp-content\/uploads\/2024\/05\/China-Supply-Washing-Powder-Pouches-1-285x285.webp 285w, https:\/\/www.hyflexpack.com\/wp-content\/uploads\/2024\/05\/China-Supply-Washing-Powder-Pouches-1-270x270.webp 270w, https:\/\/www.hyflexpack.com\/wp-content\/uploads\/2024\/05\/China-Supply-Washing-Powder-Pouches-1-540x540.webp 540w, https:\/\/www.hyflexpack.com\/wp-content\/uploads\/2024\/05\/China-Supply-Washing-Powder-Pouches-1-660x660.webp 660w\" sizes=\"(max-width: 750px) 100vw, 750px\" \/><\/figure>\n<\/div>\n<\/div>","protected":false},"excerpt":{"rendered":"<p>Saiba mais sobre as nossas bolsas para detergente em p\u00f3 com orif\u00edcios para pendurar, design pr\u00e1tico para rasgar e fecho de correr auto-vedante, fabricadas com materiais recicl\u00e1veis amigos do ambiente para garantir que o detergente em p\u00f3 \u00e9 fresco e \u00e0 prova de humidade. Contacte-nos hoje para saber mais sobre as op\u00e7\u00f5es de personaliza\u00e7\u00e3o.<\/p>\n<h3>Vantagens das bolsas para detergente em p\u00f3<\/h3>\n<ul>\n<li><strong>Personaliza\u00e7\u00e3o<\/strong>: A nossa equipa de profissionais pode fornecer solu\u00e7\u00f5es de embalagem personalizadas de acordo com as necessidades da sua marca, assegurando uma adapta\u00e7\u00e3o perfeita \u00e0 sua imagem de marca.<\/li>\n<li><strong>Resposta r\u00e1pida<\/strong>: Um processo de produ\u00e7\u00e3o eficiente e uma equipa de resposta r\u00e1pida garantem que todas as etapas, desde a conce\u00e7\u00e3o at\u00e9 \u00e0 entrega, podem ser conclu\u00eddas rapidamente.<\/li>\n<li><strong>Monitoriza\u00e7\u00e3o de todo o processo<\/strong>: S\u00e3o efectuados testes de qualidade rigorosos em todas as fases, desde a aquisi\u00e7\u00e3o de mat\u00e9rias-primas at\u00e9 \u00e0 entrega do produto acabado, para garantir que a qualidade do produto cumpre os mais elevados padr\u00f5es.<\/li>\n<li><strong>Servi\u00e7o ao cliente de qualidade<\/strong>Fornecer servi\u00e7os profissionais de conce\u00e7\u00e3o de embalagens e de consultoria de marketing para ajudar os clientes a escolher as solu\u00e7\u00f5es de embalagem mais adequadas para atingir os objectivos da sua marca.<\/li>\n<li><strong>Amostra gr\u00e1tis<\/strong>Fornecemos um servi\u00e7o de amostra gr\u00e1tis para avaliar os seus produtos.<\/li>\n<\/ul>\n<p>A Huiyang Packaging est\u00e1 empenhada em fornecer aos clientes sacos de detergente em p\u00f3 personalizados e de alta qualidade para ajudar os clientes a melhorar a imagem do produto e a aumentar a competitividade do mercado.<\/p>","protected":false},"featured_media":3294,"comment_status":"open","ping_status":"closed","template":"","meta":[],"product_brand":[],"product_cat":[52],"product_tag":[],"class_list":{"0":"post-3293","1":"product","2":"type-product","3":"status-publish","4":"has-post-thumbnail","6":"product_cat-custom-daily-chemical-packaging","8":"first","9":"instock","10":"shipping-taxable","11":"product-type-simple"},"_links":{"self":[{"href":"https:\/\/www.hyflexpack.com\/pt\/wp-json\/wp\/v2\/product\/3293","targetHints":{"allow":["GET"]}}],"collection":[{"href":"https:\/\/www.hyflexpack.com\/pt\/wp-json\/wp\/v2\/product"}],"about":[{"href":"https:\/\/www.hyflexpack.com\/pt\/wp-json\/wp\/v2\/types\/product"}],"replies":[{"embeddable":true,"href":"https:\/\/www.hyflexpack.com\/pt\/wp-json\/wp\/v2\/comments?post=3293"}],"wp:featuredmedia":[{"embeddable":true,"href":"https:\/\/www.hyflexpack.com\/pt\/wp-json\/wp\/v2\/media\/3294"}],"wp:attachment":[{"href":"https:\/\/www.hyflexpack.com\/pt\/wp-json\/wp\/v2\/media?parent=3293"}],"wp:term":[{"taxonomy":"product_brand","embeddable":true,"href":"https:\/\/www.hyflexpack.com\/pt\/wp-json\/wp\/v2\/product_brand?post=3293"},{"taxonomy":"product_cat","embeddable":true,"href":"https:\/\/www.hyflexpack.com\/pt\/wp-json\/wp\/v2\/product_cat?post=3293"},{"taxonomy":"product_tag","embeddable":true,"href":"https:\/\/www.hyflexpack.com\/pt\/wp-json\/wp\/v2\/product_tag?post=3293"}],"curies":[{"name":"wp","href":"https:\/\/api.w.org\/{rel}","templated":true}]}}