{"id":3288,"date":"2024-05-22T02:01:11","date_gmt":"2024-05-22T02:01:11","guid":{"rendered":"https:\/\/hyflexpack.com\/?post_type=product&#038;p=3288"},"modified":"2024-05-22T07:17:09","modified_gmt":"2024-05-22T07:17:09","slug":"wholesale-washing-powder-bag","status":"publish","type":"product","link":"https:\/\/www.hyflexpack.com\/pt\/product\/wholesale-washing-powder-bag\/","title":{"rendered":"Saco de p\u00f3 de lavagem por atacado Fin\/Lap Seal Pouch Printing Easy Tear Packaging"},"content":{"rendered":"<div class=\"wp-block-columns is-layout-flex wp-container-core-columns-is-layout-9d6595d7 wp-block-columns-is-layout-flex\">\n<div class=\"wp-block-column is-layout-flow wp-block-column-is-layout-flow\">\n<h3 class=\"wp-block-heading\">Carater\u00edsticas do saco para detergente em p\u00f3 de alta qualidade<\/h3>\n\n\n\n<ul class=\"wp-block-list\">\n<li>Design de bolsa com fecho de barbatana\/folha: o nosso saco de detergente em p\u00f3 \u00e9 concebido com fecho de barbatana\/folha para garantir uma embalagem robusta com um desempenho de veda\u00e7\u00e3o superior, protegendo o detergente em p\u00f3 da humidade e da contamina\u00e7\u00e3o.<\/li>\n<\/ul>\n\n\n\n<p><\/p>\n\n\n\n<ul class=\"wp-block-list\">\n<li>Design c\u00f3modo com abas para rasgar: Cada saco foi concebido com abas f\u00e1ceis de rasgar, o que permite aos utilizadores abrir a embalagem de forma r\u00e1pida e f\u00e1cil sem utilizar tesouras ou outras ferramentas.<\/li>\n<\/ul>\n\n\n\n<p><\/p>\n\n\n\n<ul class=\"wp-block-list\">\n<li>Material dur\u00e1vel e de alta qualidade: S\u00e3o utilizados materiais de alta resist\u00eancia, resistentes ao rasgamento e anti-est\u00e1ticos para garantir que os sacos n\u00e3o se partem facilmente durante o transporte e a utiliza\u00e7\u00e3o.<\/li>\n<\/ul>\n\n\n\n<p><\/p>\n\n\n\n<ul class=\"wp-block-list\">\n<li>Amigo do ambiente e sustent\u00e1vel: A utiliza\u00e7\u00e3o de materiais recicl\u00e1veis amigos do ambiente, bem como o design leve, reduzem a carga sobre o ambiente, diminuem os custos de transporte e as emiss\u00f5es de carbono e apoiam o conceito ecol\u00f3gico.<\/li>\n<\/ul>\n\n\n\n<p><\/p>\n\n\n\n<ul class=\"wp-block-list\">\n<li>Exposi\u00e7\u00e3o da marca: Melhorar a imagem da marca e a competitividade do produto no mercado atrav\u00e9s de um design de impress\u00e3o requintado.<\/li>\n<\/ul>\n<\/div>\n\n\n\n<div class=\"wp-block-column is-layout-flow wp-block-column-is-layout-flow\">\n<figure class=\"wp-block-image size-full\"><img fetchpriority=\"high\" decoding=\"async\" width=\"750\" height=\"750\" src=\"https:\/\/hyflexpack.com\/wp-content\/uploads\/2024\/05\/Wholesale-Washing-Powder-Bag-1.webp\" alt=\"Saco para detergente em p\u00f3 por atacado\" class=\"wp-image-3289\" srcset=\"https:\/\/www.hyflexpack.com\/wp-content\/uploads\/2024\/05\/Wholesale-Washing-Powder-Bag-1.webp 750w, https:\/\/www.hyflexpack.com\/wp-content\/uploads\/2024\/05\/Wholesale-Washing-Powder-Bag-1-300x300.webp 300w, https:\/\/www.hyflexpack.com\/wp-content\/uploads\/2024\/05\/Wholesale-Washing-Powder-Bag-1-150x150.webp 150w, https:\/\/www.hyflexpack.com\/wp-content\/uploads\/2024\/05\/Wholesale-Washing-Powder-Bag-1-285x285.webp 285w, https:\/\/www.hyflexpack.com\/wp-content\/uploads\/2024\/05\/Wholesale-Washing-Powder-Bag-1-270x270.webp 270w, https:\/\/www.hyflexpack.com\/wp-content\/uploads\/2024\/05\/Wholesale-Washing-Powder-Bag-1-540x540.webp 540w, https:\/\/www.hyflexpack.com\/wp-content\/uploads\/2024\/05\/Wholesale-Washing-Powder-Bag-1-660x660.webp 660w\" sizes=\"(max-width: 750px) 100vw, 750px\" \/><\/figure>\n<\/div>\n<\/div>","protected":false},"excerpt":{"rendered":"<p>Os sacos para detergente em p\u00f3 da Explore s\u00e3o fabricados a partir de materiais recicl\u00e1veis amigos do ambiente e concebidos com uma abertura de rasgar conveniente para garantir que o detergente para a roupa se mant\u00e9m fresco e seguro. Escolha uma das nossas solu\u00e7\u00f5es de embalagem para melhorar a imagem da sua marca e destacar-se no mercado. Contacte-nos hoje para saber mais sobre as op\u00e7\u00f5es de personaliza\u00e7\u00e3o e junte-se a n\u00f3s para o sucesso.<\/p>\n<h3>Vantagens do saco para detergente em p\u00f3<\/h3>\n<ul>\n<li><strong>Design personalizado<\/strong>Incluindo material, tamanho e impress\u00e3o Design personalizado: Fornecemos servi\u00e7o de saco de embalagem de bebidas de design personalizado com padr\u00e3o personalizado para atender \u00e0s necessidades do cliente, suporte OEM e ODM.<\/li>\n<li><strong>Fabrico<\/strong>Com equipamento e tecnologia avan\u00e7ados, somos capazes de completar a produ\u00e7\u00e3o de encomendas com elevada efici\u00eancia e alta qualidade e podemos entregar a tempo.<\/li>\n<li><strong>Inspe\u00e7\u00e3o da qualidade<\/strong>Seguir rigorosamente as normas de qualidade e os requisitos de seguran\u00e7a alimentar para garantir que os produtos cumprem as normas.<\/li>\n<li><strong>Servi\u00e7o ao cliente<\/strong>Fornecer uma resposta r\u00e1pida e um servi\u00e7o de apoio ao cliente atencioso 24 horas por dia.<\/li>\n<li><strong>Amostra gr\u00e1tis<\/strong>Fornecer servi\u00e7o de amostra gr\u00e1tis para avaliar os produtos.<\/li>\n<\/ul>\n<p>A Huiyang Packaging est\u00e1 empenhada em fornecer aos clientes sacos de p\u00f3 de lavagem de alta qualidade e personalizados para ajudar os clientes a melhorar a imagem do produto e aumentar a competitividade do mercado.<\/p>","protected":false},"featured_media":3290,"comment_status":"closed","ping_status":"closed","template":"","meta":[],"product_brand":[],"product_cat":[52],"product_tag":[],"class_list":{"0":"post-3288","1":"product","2":"type-product","3":"status-publish","4":"has-post-thumbnail","6":"product_cat-custom-daily-chemical-packaging","8":"first","9":"instock","10":"shipping-taxable","11":"product-type-simple"},"_links":{"self":[{"href":"https:\/\/www.hyflexpack.com\/pt\/wp-json\/wp\/v2\/product\/3288","targetHints":{"allow":["GET"]}}],"collection":[{"href":"https:\/\/www.hyflexpack.com\/pt\/wp-json\/wp\/v2\/product"}],"about":[{"href":"https:\/\/www.hyflexpack.com\/pt\/wp-json\/wp\/v2\/types\/product"}],"replies":[{"embeddable":true,"href":"https:\/\/www.hyflexpack.com\/pt\/wp-json\/wp\/v2\/comments?post=3288"}],"wp:featuredmedia":[{"embeddable":true,"href":"https:\/\/www.hyflexpack.com\/pt\/wp-json\/wp\/v2\/media\/3290"}],"wp:attachment":[{"href":"https:\/\/www.hyflexpack.com\/pt\/wp-json\/wp\/v2\/media?parent=3288"}],"wp:term":[{"taxonomy":"product_brand","embeddable":true,"href":"https:\/\/www.hyflexpack.com\/pt\/wp-json\/wp\/v2\/product_brand?post=3288"},{"taxonomy":"product_cat","embeddable":true,"href":"https:\/\/www.hyflexpack.com\/pt\/wp-json\/wp\/v2\/product_cat?post=3288"},{"taxonomy":"product_tag","embeddable":true,"href":"https:\/\/www.hyflexpack.com\/pt\/wp-json\/wp\/v2\/product_tag?post=3288"}],"curies":[{"name":"wp","href":"https:\/\/api.w.org\/{rel}","templated":true}]}}