{"id":3052,"date":"2024-05-20T09:23:17","date_gmt":"2024-05-20T09:23:17","guid":{"rendered":"https:\/\/hyflexpack.com\/?post_type=product&#038;p=3052"},"modified":"2024-05-20T09:23:18","modified_gmt":"2024-05-20T09:23:18","slug":"stand-up-pouches-wholesale","status":"publish","type":"product","link":"https:\/\/www.hyflexpack.com\/pt\/product\/stand-up-pouches-wholesale\/","title":{"rendered":"Stand Up Pouches Biodegrad\u00e1veis Saco de champ\u00f4 por atacado Embalagem de l\u00edquidos Bico impresso Squeeze Pouches recarreg\u00e1veis"},"content":{"rendered":"<div class=\"wp-block-columns is-layout-flex wp-container-core-columns-is-layout-9d6595d7 wp-block-columns-is-layout-flex\">\n<div class=\"wp-block-column is-layout-flow wp-block-column-is-layout-flow\">\n<h3 class=\"wp-block-heading\">Carater\u00edsticas das bolsas de p\u00e9 de alta qualidade<\/h3>\n\n\n\n<ul class=\"wp-block-list\">\n<li>Certifica\u00e7\u00e3o ambiental: As nossas stand up pouches s\u00e3o feitas de materiais biodegrad\u00e1veis amigos do ambiente para ajudar a reduzir os res\u00edduos de pl\u00e1stico e promover a sustentabilidade. Todos os materiais passaram por uma rigorosa certifica\u00e7\u00e3o ambiental para garantir que s\u00e3o amigos do ambiente.<\/li>\n<\/ul>\n\n\n\n<p><\/p>\n\n\n\n<ul class=\"wp-block-list\">\n<li>Design superior: A ado\u00e7\u00e3o do design do saco de champ\u00f4 garante estabilidade e est\u00e9tica durante a exposi\u00e7\u00e3o e a utiliza\u00e7\u00e3o, poupando espa\u00e7o de armazenamento. Cada saco est\u00e1 equipado com um bocal para verter e retirar facilmente para minimizar os derrames e os res\u00edduos.<\/li>\n<\/ul>\n\n\n\n<p><\/p>\n\n\n\n<ul class=\"wp-block-list\">\n<li>Material de alta qualidade: A utiliza\u00e7\u00e3o de material pl\u00e1stico de alta qualidade garante que os sacos s\u00e3o dur\u00e1veis, \u00e0 prova de fugas, \u00e0 prova de rasg\u00f5es e protegem o conte\u00fado. O material composto de v\u00e1rias camadas proporciona uma resist\u00eancia superior \u00e0 humidade e ao oxig\u00e9nio, prolongando o prazo de validade do produto.<\/li>\n<\/ul>\n\n\n\n<p><\/p>\n\n\n\n<ul class=\"wp-block-list\">\n<li>Reutiliz\u00e1vel: os stand up pouches foram concebidos para serem recarreg\u00e1veis, prolongando a vida \u00fatil e reduzindo os custos de utiliza\u00e7\u00e3o, minimizando o desperd\u00edcio de recursos.<\/li>\n<\/ul>\n<\/div>\n\n\n\n<div class=\"wp-block-column is-layout-flow wp-block-column-is-layout-flow\">\n<h2 class=\"wp-block-heading\"><\/h2>\n\n\n\n<figure class=\"wp-block-image size-full\"><img fetchpriority=\"high\" decoding=\"async\" width=\"750\" height=\"750\" src=\"https:\/\/hyflexpack.com\/wp-content\/uploads\/2024\/05\/Stand-Up-Pouches-Wholesale-3.webp\" alt=\"Bolsas de p\u00e9 por atacado\" class=\"wp-image-3055\" srcset=\"https:\/\/www.hyflexpack.com\/wp-content\/uploads\/2024\/05\/Stand-Up-Pouches-Wholesale-3.webp 750w, https:\/\/www.hyflexpack.com\/wp-content\/uploads\/2024\/05\/Stand-Up-Pouches-Wholesale-3-300x300.webp 300w, https:\/\/www.hyflexpack.com\/wp-content\/uploads\/2024\/05\/Stand-Up-Pouches-Wholesale-3-150x150.webp 150w, https:\/\/www.hyflexpack.com\/wp-content\/uploads\/2024\/05\/Stand-Up-Pouches-Wholesale-3-285x285.webp 285w, https:\/\/www.hyflexpack.com\/wp-content\/uploads\/2024\/05\/Stand-Up-Pouches-Wholesale-3-270x270.webp 270w, https:\/\/www.hyflexpack.com\/wp-content\/uploads\/2024\/05\/Stand-Up-Pouches-Wholesale-3-540x540.webp 540w, https:\/\/www.hyflexpack.com\/wp-content\/uploads\/2024\/05\/Stand-Up-Pouches-Wholesale-3-660x660.webp 660w\" sizes=\"(max-width: 750px) 100vw, 750px\" \/><\/figure>\n<\/div>\n<\/div>","protected":false},"excerpt":{"rendered":"<p>Conhe\u00e7a os nossos sacos de champ\u00f4 biodegrad\u00e1veis stand up pouches feitos de materiais ecol\u00f3gicos com bicos e pegas que s\u00e3o elegantemente concebidos, f\u00e1ceis de usar e dur\u00e1veis. Oferecendo servi\u00e7os de personaliza\u00e7\u00e3o e um rigoroso controlo de qualidade, s\u00e3o uma op\u00e7\u00e3o de fornecimento ideal para ajudar a tornar a sua marca mais amiga do ambiente e eficiente.<\/p>\n<h3>Vantagens das Stand Up Pouches<\/h3>\n<ul>\n<li><strong>Design personalizado<\/strong>Fornecemos um servi\u00e7o de saco de embalagem de bebidas com design personalizado, incluindo material, tamanho e personaliza\u00e7\u00e3o do padr\u00e3o de impress\u00e3o para atender \u00e0s necessidades de marca do cliente, suporte OEM e ODM.<\/li>\n<li><strong>Fabrico<\/strong>Com equipamento e tecnologia avan\u00e7ados, somos capazes de completar a produ\u00e7\u00e3o de encomendas com elevada efici\u00eancia e alta qualidade e podemos entregar a tempo.<\/li>\n<li><strong>Controlo de qualidade<\/strong>Seguir rigorosamente as normas de qualidade e os requisitos de seguran\u00e7a alimentar para a produ\u00e7\u00e3o, atrav\u00e9s de uma s\u00e9rie de certifica\u00e7\u00f5es de qualidade internacionais, para garantir uma qualidade fi\u00e1vel, de modo a que os clientes possam ficar descansados.<\/li>\n<li><strong>Servi\u00e7os de consultoria de qualidade<\/strong>Fornecer produtos profissionais e servi\u00e7os de consultoria de mercado para ajudar os clientes a escolher as solu\u00e7\u00f5es de embalagem mais adequadas. Sistema de servi\u00e7o p\u00f3s-venda perfeito, resolver rapidamente quaisquer problemas e preocupa\u00e7\u00f5es dos clientes.<\/li>\n<li><strong>Amostra gr\u00e1tis<\/strong>Fornecer servi\u00e7o de amostra gr\u00e1tis para avaliar os produtos.<\/li>\n<\/ul>\n<p>A Huiyang Packaging est\u00e1 empenhada em fornecer aos clientes stand up pouches e sacos personalizados de alta qualidade, para os ajudar a melhorar a imagem dos seus produtos e a competitividade no mercado.<\/p>","protected":false},"featured_media":3056,"comment_status":"open","ping_status":"closed","template":"","meta":[],"product_brand":[],"product_cat":[52],"product_tag":[],"class_list":{"0":"post-3052","1":"product","2":"type-product","3":"status-publish","4":"has-post-thumbnail","6":"product_cat-custom-daily-chemical-packaging","8":"first","9":"instock","10":"shipping-taxable","11":"product-type-simple"},"_links":{"self":[{"href":"https:\/\/www.hyflexpack.com\/pt\/wp-json\/wp\/v2\/product\/3052","targetHints":{"allow":["GET"]}}],"collection":[{"href":"https:\/\/www.hyflexpack.com\/pt\/wp-json\/wp\/v2\/product"}],"about":[{"href":"https:\/\/www.hyflexpack.com\/pt\/wp-json\/wp\/v2\/types\/product"}],"replies":[{"embeddable":true,"href":"https:\/\/www.hyflexpack.com\/pt\/wp-json\/wp\/v2\/comments?post=3052"}],"wp:featuredmedia":[{"embeddable":true,"href":"https:\/\/www.hyflexpack.com\/pt\/wp-json\/wp\/v2\/media\/3056"}],"wp:attachment":[{"href":"https:\/\/www.hyflexpack.com\/pt\/wp-json\/wp\/v2\/media?parent=3052"}],"wp:term":[{"taxonomy":"product_brand","embeddable":true,"href":"https:\/\/www.hyflexpack.com\/pt\/wp-json\/wp\/v2\/product_brand?post=3052"},{"taxonomy":"product_cat","embeddable":true,"href":"https:\/\/www.hyflexpack.com\/pt\/wp-json\/wp\/v2\/product_cat?post=3052"},{"taxonomy":"product_tag","embeddable":true,"href":"https:\/\/www.hyflexpack.com\/pt\/wp-json\/wp\/v2\/product_tag?post=3052"}],"curies":[{"name":"wp","href":"https:\/\/api.w.org\/{rel}","templated":true}]}}