{"id":3045,"date":"2024-05-20T08:06:25","date_gmt":"2024-05-20T08:06:25","guid":{"rendered":"https:\/\/hyflexpack.com\/?post_type=product&#038;p=3045"},"modified":"2024-05-20T08:06:27","modified_gmt":"2024-05-20T08:06:27","slug":"custom-stand-up-pouch-with-spout","status":"publish","type":"product","link":"https:\/\/www.hyflexpack.com\/pt\/product\/custom-stand-up-pouch-with-spout\/","title":{"rendered":"Bolsa personalizada com bico Saco de pl\u00e1stico para sabonete l\u00edquido para lavagem das m\u00e3os com pega"},"content":{"rendered":"<div class=\"wp-block-columns is-layout-flex wp-container-core-columns-is-layout-9d6595d7 wp-block-columns-is-layout-flex\">\n<div class=\"wp-block-column is-layout-flow wp-block-column-is-layout-flow\">\n<h3 class=\"wp-block-heading\">Caracter\u00edsticas do Stand Up Pouch de alta qualidade com bico<\/h3>\n\n\n\n<ul class=\"wp-block-list\">\n<li>Design de alta qualidade: As nossas bolsas de desinfetante para as m\u00e3os foram concebidas para se manterem na vertical para garantir estabilidade quando expostas e utilizadas. Al\u00e9m disso, est\u00e3o equipadas com um bico e pegas f\u00e1ceis de verter para uma utiliza\u00e7\u00e3o f\u00e1cil, reduzindo os derrames e os res\u00edduos.<\/li>\n<\/ul>\n\n\n\n<p><\/p>\n\n\n\n<ul class=\"wp-block-list\">\n<li>Material duradouro: Feito de material pl\u00e1stico de alta qualidade com caracter\u00edsticas duradouras, \u00e0 prova de fugas e de rasg\u00f5es para garantir que permanecem intactos durante o transporte e a utiliza\u00e7\u00e3o.<\/li>\n<\/ul>\n\n\n\n<p><\/p>\n\n\n\n<ul class=\"wp-block-list\">\n<li>Desempenho de veda\u00e7\u00e3o superior: a tecnologia de veda\u00e7\u00e3o avan\u00e7ada garante que os l\u00edquidos n\u00e3o vazem, garantindo a seguran\u00e7a do produto. O material composto de v\u00e1rias camadas protege eficazmente contra a humidade e o oxig\u00e9nio, prolongando o prazo de validade do l\u00edquido para lavagem das m\u00e3os.<\/li>\n<\/ul>\n\n\n\n<p><\/p>\n\n\n\n<ul class=\"wp-block-list\">\n<li>Amigo do ambiente e sustent\u00e1vel: Utilizamos materiais pl\u00e1sticos recicl\u00e1veis e amigos do ambiente para minimizar o impacto no ambiente e promover o desenvolvimento sustent\u00e1vel.<\/li>\n<\/ul>\n\n\n\n<p><\/p>\n\n\n\n<ul class=\"wp-block-list\">\n<li>Pegada de carbono reduzida: O design leve n\u00e3o s\u00f3 reduz os custos de transporte, como tamb\u00e9m reduz as emiss\u00f5es de carbono e aumenta os benef\u00edcios ambientais.<\/li>\n<\/ul>\n<\/div>\n\n\n\n<div class=\"wp-block-column is-layout-flow wp-block-column-is-layout-flow\">\n<h2 class=\"wp-block-heading\"><\/h2>\n\n\n\n<figure class=\"wp-block-image size-full\"><img fetchpriority=\"high\" decoding=\"async\" width=\"750\" height=\"750\" src=\"https:\/\/hyflexpack.com\/wp-content\/uploads\/2024\/05\/Custom-Stand-Up-Pouch-with-Spout-1.webp\" alt=\"Bolsa de p\u00e9 personalizada com bico\" class=\"wp-image-3046\" srcset=\"https:\/\/www.hyflexpack.com\/wp-content\/uploads\/2024\/05\/Custom-Stand-Up-Pouch-with-Spout-1.webp 750w, https:\/\/www.hyflexpack.com\/wp-content\/uploads\/2024\/05\/Custom-Stand-Up-Pouch-with-Spout-1-300x300.webp 300w, https:\/\/www.hyflexpack.com\/wp-content\/uploads\/2024\/05\/Custom-Stand-Up-Pouch-with-Spout-1-150x150.webp 150w, https:\/\/www.hyflexpack.com\/wp-content\/uploads\/2024\/05\/Custom-Stand-Up-Pouch-with-Spout-1-285x285.webp 285w, https:\/\/www.hyflexpack.com\/wp-content\/uploads\/2024\/05\/Custom-Stand-Up-Pouch-with-Spout-1-270x270.webp 270w, https:\/\/www.hyflexpack.com\/wp-content\/uploads\/2024\/05\/Custom-Stand-Up-Pouch-with-Spout-1-540x540.webp 540w, https:\/\/www.hyflexpack.com\/wp-content\/uploads\/2024\/05\/Custom-Stand-Up-Pouch-with-Spout-1-660x660.webp 660w\" sizes=\"(max-width: 750px) 100vw, 750px\" \/><\/figure>\n<\/div>\n<\/div>","protected":false},"excerpt":{"rendered":"<p>A bolsa de desinfetante para as m\u00e3os Explore stand up pouch com bico vem com pegas para facilitar a utiliza\u00e7\u00e3o, \u00e9 \u00e0 prova de fugas e resistente \u00e0 humidade. Eco-friendly e dur\u00e1vel, feito de materiais recicl\u00e1veis de alta qualidade, em linha com as necessidades de desenvolvimento sustent\u00e1vel. Fornecemos um servi\u00e7o de personaliza\u00e7\u00e3o personalizado e temos um controlo de qualidade rigoroso para garantir a qualidade do produto, que \u00e9 a sua escolha de compra ideal.<\/p>\n<h3>Vantagens da Stand Up Pouch com bico<\/h3>\n<ul>\n<li><strong>Servi\u00e7o personalizado<\/strong>Fornecemos um servi\u00e7o de saco de embalagem de bebidas com design personalizado, incluindo material, tamanho e padr\u00e3o de impress\u00e3o para atender \u00e0s necessidades de marca do cliente, suportando OEM e ODM.<\/li>\n<li><strong>Fabrico<\/strong>Com equipamento e tecnologia avan\u00e7ados, somos capazes de completar a produ\u00e7\u00e3o de encomendas com elevada efici\u00eancia e alta qualidade e podemos entregar a tempo.<\/li>\n<li><strong>Inspe\u00e7\u00e3o da qualidade<\/strong>Seguindo rigorosamente as normas de qualidade e os requisitos de seguran\u00e7a alimentar, pass\u00e1mos uma s\u00e9rie de certifica\u00e7\u00f5es de qualidade internacionais para garantir uma qualidade fi\u00e1vel e tranquilizar os clientes.<\/li>\n<li><strong>Consulta profissional de alta qualidade<\/strong>Fornecer produtos profissionais e servi\u00e7os de consultoria de mercado para ajudar os clientes a escolher as solu\u00e7\u00f5es de embalagem mais adequadas. Sistema de servi\u00e7o p\u00f3s-venda perfeito, resolver rapidamente quaisquer problemas e preocupa\u00e7\u00f5es dos clientes.<\/li>\n<li><strong>Amostra gr\u00e1tis<\/strong>Fornecer servi\u00e7o de amostra gr\u00e1tis para avaliar os produtos.<\/li>\n<\/ul>\n<p>A Huiyang Packaging est\u00e1 empenhada em fornecer aos clientes sacos de embalagem stand up pouch com bico personalizados e de alta qualidade para ajudar os clientes a melhorar a imagem dos seus produtos e a aumentar a competitividade no mercado.<\/p>","protected":false},"featured_media":3046,"comment_status":"open","ping_status":"closed","template":"","meta":[],"product_brand":[],"product_cat":[52],"product_tag":[],"class_list":{"0":"post-3045","1":"product","2":"type-product","3":"status-publish","4":"has-post-thumbnail","6":"product_cat-custom-daily-chemical-packaging","8":"first","9":"instock","10":"shipping-taxable","11":"product-type-simple"},"_links":{"self":[{"href":"https:\/\/www.hyflexpack.com\/pt\/wp-json\/wp\/v2\/product\/3045","targetHints":{"allow":["GET"]}}],"collection":[{"href":"https:\/\/www.hyflexpack.com\/pt\/wp-json\/wp\/v2\/product"}],"about":[{"href":"https:\/\/www.hyflexpack.com\/pt\/wp-json\/wp\/v2\/types\/product"}],"replies":[{"embeddable":true,"href":"https:\/\/www.hyflexpack.com\/pt\/wp-json\/wp\/v2\/comments?post=3045"}],"wp:featuredmedia":[{"embeddable":true,"href":"https:\/\/www.hyflexpack.com\/pt\/wp-json\/wp\/v2\/media\/3046"}],"wp:attachment":[{"href":"https:\/\/www.hyflexpack.com\/pt\/wp-json\/wp\/v2\/media?parent=3045"}],"wp:term":[{"taxonomy":"product_brand","embeddable":true,"href":"https:\/\/www.hyflexpack.com\/pt\/wp-json\/wp\/v2\/product_brand?post=3045"},{"taxonomy":"product_cat","embeddable":true,"href":"https:\/\/www.hyflexpack.com\/pt\/wp-json\/wp\/v2\/product_cat?post=3045"},{"taxonomy":"product_tag","embeddable":true,"href":"https:\/\/www.hyflexpack.com\/pt\/wp-json\/wp\/v2\/product_tag?post=3045"}],"curies":[{"name":"wp","href":"https:\/\/api.w.org\/{rel}","templated":true}]}}