{"id":3019,"date":"2024-05-18T09:30:09","date_gmt":"2024-05-18T09:30:09","guid":{"rendered":"https:\/\/hyflexpack.com\/?post_type=product&#038;p=3019"},"modified":"2024-07-22T10:43:04","modified_gmt":"2024-07-22T10:43:04","slug":"wholesale-cosmetic-sachet","status":"publish","type":"product","link":"https:\/\/www.hyflexpack.com\/pt\/product\/wholesale-cosmetic-sachet\/","title":{"rendered":"Sacos Compostos Biodegrad\u00e1veis para Embalagem de Saquetas de Cosm\u00e9ticos Personalizados por Atacado Bolsa com Fecho de Tr\u00eas Lados"},"content":{"rendered":"<div class=\"wp-block-columns is-layout-flex wp-container-core-columns-is-layout-9d6595d7 wp-block-columns-is-layout-flex\">\n<div class=\"wp-block-column is-layout-flow wp-block-column-is-layout-flow\">\n<h3 class=\"wp-block-heading\">Carater\u00edsticas da Saqueta de Cosm\u00e9ticos de Alta Qualidade<\/h3>\n\n\n\n<ul class=\"wp-block-list\">\n<li>Material ecol\u00f3gico: esta saqueta de cosm\u00e9ticos \u00e9 feita de material comp\u00f3sito biodegrad\u00e1vel, o que reduz o impacto no ambiente e satisfaz a procura de produtos sustent\u00e1veis por parte dos consumidores modernos.<\/li>\n\n\n\n<li>Design de bolsa com fecho de tr\u00eas lados: esta saqueta de cosm\u00e9ticos proporciona um excelente desempenho de fecho para garantir a seguran\u00e7a e a frescura dos cosm\u00e9ticos, evitando fugas e contamina\u00e7\u00e3o.<\/li>\n\n\n\n<li>F\u00e1cil de utilizar: Design de bolsa compacto e leve para utiliza\u00e7\u00e3o \u00fanica, f\u00e1cil de transportar, perfeito para viagens ou embalagens de amostras.<\/li>\n\n\n\n<li>Impress\u00e3o de alta qualidade: Suporta impress\u00e3o personalizada de alta qualidade, apresentando log\u00f3tipos de marcas, informa\u00e7\u00f5es sobre produtos e designs apelativos para melhorar a imagem da marca.<\/li>\n\n\n\n<li>Estrutura multicamada: O material composto de v\u00e1rias camadas proporciona excelentes propriedades de reten\u00e7\u00e3o de humidade, oxig\u00e9nio e fragr\u00e2ncia, garantindo a estabilidade dos cosm\u00e9ticos em armazenamento a longo prazo.<\/li>\n\n\n\n<li>Durabilidade: O material \u00e9 dur\u00e1vel e inquebr\u00e1vel, protegendo o produto no interior e garantindo a integridade do saco durante o transporte e a utiliza\u00e7\u00e3o.<\/li>\n\n\n\n<li>Multiusos: \u00c9 adequado para todos os tipos de cosm\u00e9ticos, tais como cremes, s\u00e9runs, champ\u00f4s, g\u00e9is de duche, etc. Tem uma vasta gama de aplicabilidade.<\/li>\n<\/ul>\n<\/div>\n\n\n\n<div class=\"wp-block-column is-layout-flow wp-block-column-is-layout-flow\">\n<h2 class=\"wp-block-heading\"><\/h2>\n\n\n\n<figure class=\"wp-block-image size-full\"><img fetchpriority=\"high\" decoding=\"async\" width=\"750\" height=\"750\" src=\"https:\/\/hyflexpack.com\/wp-content\/uploads\/2024\/05\/Wholesale-Cosmetic-Sachet-3.webp\" alt=\"Sach\u00ea de cosm\u00e9ticos por atacado\" class=\"wp-image-3022\" srcset=\"https:\/\/www.hyflexpack.com\/wp-content\/uploads\/2024\/05\/Wholesale-Cosmetic-Sachet-3.webp 750w, https:\/\/www.hyflexpack.com\/wp-content\/uploads\/2024\/05\/Wholesale-Cosmetic-Sachet-3-300x300.webp 300w, https:\/\/www.hyflexpack.com\/wp-content\/uploads\/2024\/05\/Wholesale-Cosmetic-Sachet-3-150x150.webp 150w, https:\/\/www.hyflexpack.com\/wp-content\/uploads\/2024\/05\/Wholesale-Cosmetic-Sachet-3-285x285.webp 285w, https:\/\/www.hyflexpack.com\/wp-content\/uploads\/2024\/05\/Wholesale-Cosmetic-Sachet-3-270x270.webp 270w, https:\/\/www.hyflexpack.com\/wp-content\/uploads\/2024\/05\/Wholesale-Cosmetic-Sachet-3-540x540.webp 540w, https:\/\/www.hyflexpack.com\/wp-content\/uploads\/2024\/05\/Wholesale-Cosmetic-Sachet-3-660x660.webp 660w\" sizes=\"(max-width: 750px) 100vw, 750px\" \/><\/figure>\n<\/div>\n<\/div>","protected":false},"excerpt":{"rendered":"<p>Esta saqueta de cosm\u00e9ticos ecol\u00f3gica com selo de tr\u00eas lados \u00e9 feita de material composto biodegrad\u00e1vel, proporcionando um excelente desempenho de veda\u00e7\u00e3o e prote\u00e7\u00e3o, adequado para a embalagem conveniente de v\u00e1rios cosm\u00e9ticos. A impress\u00e3o personalizada de alta qualidade e os servi\u00e7os profissionais garantem a imagem da marca e a competitividade do mercado, fornecendo solu\u00e7\u00f5es de embalagem ideais para a sua marca.<\/p>\n<h3>Vantagens do fornecedor de saquetas de cosm\u00e9ticos<\/h3>\n<ul>\n<li><strong>Servi\u00e7o personalizado<\/strong>: Fornecer um servi\u00e7o personalizado abrangente, desde o tamanho e o material at\u00e9 ao design de impress\u00e3o, para satisfazer as necessidades personalizadas de diferentes clientes.<\/li>\n<li><strong>Entrega r\u00e1pida<\/strong>: Processo de produ\u00e7\u00e3o eficiente e gest\u00e3o de invent\u00e1rio para garantir uma produ\u00e7\u00e3o r\u00e1pida e a entrega atempada de encomendas de grande volume.<\/li>\n<li><strong>Apoio profissional<\/strong>: Fornecer conce\u00e7\u00e3o profissional de embalagens e apoio t\u00e9cnico para ajudar os clientes a otimizar as solu\u00e7\u00f5es de embalagem e aumentar a competitividade dos produtos.<\/li>\n<li><strong>Inspe\u00e7\u00e3o da qualidade<\/strong>: Seguir rigorosamente as normas de qualidade e os requisitos de seguran\u00e7a alimentar para garantir que os produtos satisfazem os requisitos da norma.<\/li>\n<li><strong>Rela\u00e7\u00e3o custo-efic\u00e1cia<\/strong>: Fornecer pre\u00e7os competitivos atrav\u00e9s da otimiza\u00e7\u00e3o da produ\u00e7\u00e3o e da log\u00edstica para ajudar os clientes a reduzir os custos e a aumentar os lucros.<\/li>\n<\/ul>\n<p>A Huiyang Packaging est\u00e1 empenhada em fornecer aos clientes saquetas de cosm\u00e9ticos personalizadas de alta qualidade para os ajudar a melhorar a imagem dos seus produtos e a competitividade no mercado.<\/p>","protected":false},"featured_media":3020,"comment_status":"open","ping_status":"closed","template":"","meta":[],"product_brand":[],"product_cat":[52],"product_tag":[],"class_list":{"0":"post-3019","1":"product","2":"type-product","3":"status-publish","4":"has-post-thumbnail","6":"product_cat-custom-daily-chemical-packaging","8":"first","9":"instock","10":"shipping-taxable","11":"product-type-simple"},"_links":{"self":[{"href":"https:\/\/www.hyflexpack.com\/pt\/wp-json\/wp\/v2\/product\/3019","targetHints":{"allow":["GET"]}}],"collection":[{"href":"https:\/\/www.hyflexpack.com\/pt\/wp-json\/wp\/v2\/product"}],"about":[{"href":"https:\/\/www.hyflexpack.com\/pt\/wp-json\/wp\/v2\/types\/product"}],"replies":[{"embeddable":true,"href":"https:\/\/www.hyflexpack.com\/pt\/wp-json\/wp\/v2\/comments?post=3019"}],"wp:featuredmedia":[{"embeddable":true,"href":"https:\/\/www.hyflexpack.com\/pt\/wp-json\/wp\/v2\/media\/3020"}],"wp:attachment":[{"href":"https:\/\/www.hyflexpack.com\/pt\/wp-json\/wp\/v2\/media?parent=3019"}],"wp:term":[{"taxonomy":"product_brand","embeddable":true,"href":"https:\/\/www.hyflexpack.com\/pt\/wp-json\/wp\/v2\/product_brand?post=3019"},{"taxonomy":"product_cat","embeddable":true,"href":"https:\/\/www.hyflexpack.com\/pt\/wp-json\/wp\/v2\/product_cat?post=3019"},{"taxonomy":"product_tag","embeddable":true,"href":"https:\/\/www.hyflexpack.com\/pt\/wp-json\/wp\/v2\/product_tag?post=3019"}],"curies":[{"name":"wp","href":"https:\/\/api.w.org\/{rel}","templated":true}]}}