{"id":3009,"date":"2024-05-18T08:25:55","date_gmt":"2024-05-18T08:25:55","guid":{"rendered":"https:\/\/hyflexpack.com\/?post_type=product&#038;p=3009"},"modified":"2024-05-18T08:25:56","modified_gmt":"2024-05-18T08:25:56","slug":"customized-liquid-pouches","status":"publish","type":"product","link":"https:\/\/www.hyflexpack.com\/pt\/product\/customized-liquid-pouches\/","title":{"rendered":"Bolsas para l\u00edquidos personalizadas Bolsas de pl\u00e1stico com suporte Impressa para l\u00edquido de lavagem de lou\u00e7a"},"content":{"rendered":"<p><\/p>\n\n\n\n<div class=\"wp-block-columns is-layout-flex wp-container-core-columns-is-layout-9d6595d7 wp-block-columns-is-layout-flex\">\n<div class=\"wp-block-column is-layout-flow wp-block-column-is-layout-flow\">\n<h3 class=\"wp-block-heading\">Carater\u00edsticas das bolsas para l\u00edquidos de alta qualidade<\/h3>\n\n\n\n<ul class=\"wp-block-list\">\n<li>Portabilidade e economia de espa\u00e7o: este design de bolsas para l\u00edquidos \u00e9 compacto e leve, f\u00e1cil de guardar e transportar, adequado para uso dom\u00e9stico e ao ar livre.<\/li>\n\n\n\n<li>Design aut\u00f3nomo: A estrutura aut\u00f3noma da bolsa permite-lhe manter-se firme, facilitando a sua coloca\u00e7\u00e3o durante a utiliza\u00e7\u00e3o e reduzindo a probabilidade de tombar.<\/li>\n\n\n\n<li>Design do bico: Concebido com um bico para um controlo f\u00e1cil do volume de derrame, evitando o desperd\u00edcio e reduzindo a possibilidade de fuga de l\u00edquido.<\/li>\n\n\n\n<li>Materiais amigos do ambiente: S\u00e3o frequentemente utilizados materiais pl\u00e1sticos recicl\u00e1veis para minimizar o impacto no ambiente, apoiando simultaneamente um estilo de vida amigo do ambiente.<\/li>\n\n\n\n<li>Constru\u00e7\u00e3o multicamada: A constru\u00e7\u00e3o em pl\u00e1stico de v\u00e1rias camadas proporciona uma excelente resist\u00eancia \u00e0 humidade, ao oxig\u00e9nio e \u00e0s fragr\u00e2ncias, garantindo que o l\u00edquido de lavagem da loi\u00e7a se mant\u00e9m em \u00f3ptimas condi\u00e7\u00f5es durante um longo per\u00edodo de tempo.<\/li>\n\n\n\n<li>F\u00e1cil de utilizar e guardar: O design do bocal permite um derrame preciso e pode ser facilmente selado ap\u00f3s a utiliza\u00e7\u00e3o para o manter limpo e o l\u00edquido higi\u00e9nico.<\/li>\n\n\n\n<li>Versatilidade: Para al\u00e9m do l\u00edquido de lavagem da loi\u00e7a, tamb\u00e9m pode ser utilizado para embalar outros produtos l\u00edquidos, como desinfetante para as m\u00e3os, detergente para a roupa, etc., com uma vasta gama de aplicabilidade.<\/li>\n<\/ul>\n<\/div>\n\n\n\n<div class=\"wp-block-column is-layout-flow wp-block-column-is-layout-flow\">\n<h2 class=\"wp-block-heading\"><\/h2>\n\n\n\n<figure class=\"wp-block-image size-full\"><img fetchpriority=\"high\" decoding=\"async\" width=\"750\" height=\"750\" src=\"https:\/\/hyflexpack.com\/wp-content\/uploads\/2024\/05\/Customized-Liquid-Pouches-7.webp\" alt=\"Bolsas para l\u00edquidos personalizadas (\" class=\"wp-image-3016\" srcset=\"https:\/\/www.hyflexpack.com\/wp-content\/uploads\/2024\/05\/Customized-Liquid-Pouches-7.webp 750w, https:\/\/www.hyflexpack.com\/wp-content\/uploads\/2024\/05\/Customized-Liquid-Pouches-7-300x300.webp 300w, https:\/\/www.hyflexpack.com\/wp-content\/uploads\/2024\/05\/Customized-Liquid-Pouches-7-150x150.webp 150w, https:\/\/www.hyflexpack.com\/wp-content\/uploads\/2024\/05\/Customized-Liquid-Pouches-7-285x285.webp 285w, https:\/\/www.hyflexpack.com\/wp-content\/uploads\/2024\/05\/Customized-Liquid-Pouches-7-270x270.webp 270w, https:\/\/www.hyflexpack.com\/wp-content\/uploads\/2024\/05\/Customized-Liquid-Pouches-7-540x540.webp 540w, https:\/\/www.hyflexpack.com\/wp-content\/uploads\/2024\/05\/Customized-Liquid-Pouches-7-660x660.webp 660w\" sizes=\"(max-width: 750px) 100vw, 750px\" \/><\/figure>\n<\/div>\n<\/div>","protected":false},"excerpt":{"rendered":"<p>Esta bolsa de pl\u00e1stico para l\u00edquidos \u00e9 ideal para embalar l\u00edquido de lavagem da loi\u00e7a, concebida com um bocal para um derrame f\u00e1cil e preciso e \u00e0 prova de fugas, o material ecol\u00f3gico pode ser reciclado. A estrutura multicamada garante a frescura do produto, a impress\u00e3o bonita melhora a imagem da marca, leve e f\u00e1cil de guardar, adequada para uso dom\u00e9stico e ao ar livre, econ\u00f3mica. Contacte-nos hoje para obter solu\u00e7\u00f5es personalizadas!<\/p>\n<h3>Vantagens das bolsas para l\u00edquidos de bebidas<\/h3>\n<ul>\n<li><strong>Design personalizado<\/strong>Fornecemos um servi\u00e7o de design personalizado para sacos de l\u00edquidos, apoiando OEM e ODM, exibindo o log\u00f3tipo da marca e informa\u00e7\u00f5es sobre o produto para aumentar a notoriedade da marca e o apelo do mercado.<\/li>\n<li><strong>Variedade de desenhos<\/strong>Est\u00e3o dispon\u00edveis v\u00e1rios modelos e tamanhos para satisfazer as necessidades de diferentes clientes, fornecendo solu\u00e7\u00f5es de embalagem adequadas para uma variedade de produtos de detergente l\u00edquido para loi\u00e7a.<\/li>\n<li><strong>Servi\u00e7o ao cliente<\/strong>Fornecer uma resposta r\u00e1pida e um servi\u00e7o de apoio ao cliente atencioso 24 horas por dia.<\/li>\n<li><strong>Garantia de qualidade<\/strong>Sistema de controlo de qualidade rigoroso para garantir a alta qualidade e a consist\u00eancia de cada saco.<\/li>\n<li><strong>Rent\u00e1vel<\/strong>: Em compara\u00e7\u00e3o com as formas de embalagem tradicionais, a conce\u00e7\u00e3o de bolsas \u00e9 mais rent\u00e1vel, reduzindo os custos de embalagem, transporte e armazenamento e melhorando a rentabilidade.<\/li>\n<li><strong>Amostra gr\u00e1tis<\/strong>Fornecemos um servi\u00e7o de amostra gr\u00e1tis para que possa avaliar o seu produto.<\/li>\n<\/ul>\n<p>A Huiyang Packaging est\u00e1 empenhada em fornecer aos clientes bolsas para l\u00edquidos personalizadas de alta qualidade para os ajudar a melhorar a imagem dos seus produtos e a aumentar a competitividade no mercado.<\/p>","protected":false},"featured_media":3011,"comment_status":"open","ping_status":"closed","template":"","meta":[],"product_brand":[],"product_cat":[52],"product_tag":[],"class_list":{"0":"post-3009","1":"product","2":"type-product","3":"status-publish","4":"has-post-thumbnail","6":"product_cat-custom-daily-chemical-packaging","8":"first","9":"instock","10":"shipping-taxable","11":"product-type-simple"},"_links":{"self":[{"href":"https:\/\/www.hyflexpack.com\/pt\/wp-json\/wp\/v2\/product\/3009","targetHints":{"allow":["GET"]}}],"collection":[{"href":"https:\/\/www.hyflexpack.com\/pt\/wp-json\/wp\/v2\/product"}],"about":[{"href":"https:\/\/www.hyflexpack.com\/pt\/wp-json\/wp\/v2\/types\/product"}],"replies":[{"embeddable":true,"href":"https:\/\/www.hyflexpack.com\/pt\/wp-json\/wp\/v2\/comments?post=3009"}],"wp:featuredmedia":[{"embeddable":true,"href":"https:\/\/www.hyflexpack.com\/pt\/wp-json\/wp\/v2\/media\/3011"}],"wp:attachment":[{"href":"https:\/\/www.hyflexpack.com\/pt\/wp-json\/wp\/v2\/media?parent=3009"}],"wp:term":[{"taxonomy":"product_brand","embeddable":true,"href":"https:\/\/www.hyflexpack.com\/pt\/wp-json\/wp\/v2\/product_brand?post=3009"},{"taxonomy":"product_cat","embeddable":true,"href":"https:\/\/www.hyflexpack.com\/pt\/wp-json\/wp\/v2\/product_cat?post=3009"},{"taxonomy":"product_tag","embeddable":true,"href":"https:\/\/www.hyflexpack.com\/pt\/wp-json\/wp\/v2\/product_tag?post=3009"}],"curies":[{"name":"wp","href":"https:\/\/api.w.org\/{rel}","templated":true}]}}