{"id":2994,"date":"2024-05-17T08:11:22","date_gmt":"2024-05-17T08:11:22","guid":{"rendered":"https:\/\/hyflexpack.com\/?post_type=product&#038;p=2994"},"modified":"2025-03-14T06:49:07","modified_gmt":"2025-03-14T06:49:07","slug":"custom-tea-pouch","status":"publish","type":"product","link":"https:\/\/www.hyflexpack.com\/pt\/product\/custom-tea-pouch\/","title":{"rendered":"Bolsa de ch\u00e1 personalizada com impress\u00e3o de rolo de arame Sacos auto-selantes Bolsa de fundo plano"},"content":{"rendered":"<div class=\"wp-block-columns is-layout-flex wp-container-core-columns-is-layout-9d6595d7 wp-block-columns-is-layout-flex\">\n<div class=\"wp-block-column is-layout-flow wp-block-column-is-layout-flow\">\n<h3 class=\"wp-block-heading\">Caracter\u00edsticas da bolsa para ch\u00e1 de alta qualidade<\/h3>\n\n\n\n<ul class=\"wp-block-list\">\n<li>Material laminado: Estes sacos de ch\u00e1 s\u00e3o geralmente feitos de materiais compostos de v\u00e1rias camadas (por exemplo, PET\/AL\/PE ou PET\/PE). Estes materiais proporcionam excelentes propriedades de barreira contra o oxig\u00e9nio, a humidade e a luz, prolongando assim a vida \u00fatil do ch\u00e1.<\/li>\n<\/ul>\n\n\n\n<p><\/p>\n\n\n\n<ul class=\"wp-block-list\">\n<li>Design de fundo plano: O design de fundo plano permite que os sacos se mantenham em p\u00e9 ap\u00f3s o enchimento, melhorando a exposi\u00e7\u00e3o nas prateleiras e facilitando o seu armazenamento pelos consumidores.<\/li>\n<\/ul>\n\n\n\n<p><\/p>\n\n\n\n<ul class=\"wp-block-list\">\n<li>Fun\u00e7\u00e3o de auto-selagem: O design auto-selante permite que o saco seja aberto e fechado v\u00e1rias vezes, mantendo o ch\u00e1 fresco e conveniente para os consumidores.<\/li>\n<\/ul>\n\n\n\n<p><\/p>\n\n\n\n<ul class=\"wp-block-list\">\n<li>Impress\u00e3o de alta qualidade: O material exterior da saqueta de ch\u00e1 tem normalmente uma boa capacidade de impress\u00e3o, o que permite uma impress\u00e3o de alta qualidade de gr\u00e1ficos e informa\u00e7\u00f5es de marca.<\/li>\n<\/ul>\n\n\n\n<p><\/p>\n\n\n\n<ul class=\"wp-block-list\">\n<li>Variedade de desenhos: A impress\u00e3o personalizada permite uma variedade de desenhos de acordo com as necessidades do cliente, incluindo log\u00f3tipos de marcas, informa\u00e7\u00f5es sobre produtos e padr\u00f5es criativos.<\/li>\n<\/ul>\n<\/div>\n\n\n\n<div class=\"wp-block-column is-layout-flow wp-block-column-is-layout-flow\">\n<h2 class=\"wp-block-heading\"><\/h2>\n\n\n\n<figure class=\"wp-block-image size-full\"><img decoding=\"async\" src=\"https:\/\/hyflexpack.com\/wp-content\/uploads\/2024\/05\/Custom-Tea-Pouch-5.webp\" alt=\"Bolsa de ch\u00e1 personalizada\" class=\"wp-image-2999\" \/><\/figure>\n<\/div>\n<\/div>","protected":false},"excerpt":{"rendered":"<p>Saiba mais sobre esta bolsa de ch\u00e1 de fundo plano quadrado que combina funcionalidade, atra\u00e7\u00e3o visual e benef\u00edcios ambientais para uma solu\u00e7\u00e3o de embalagem competitiva no mercado moderno do ch\u00e1. Bem-vindo ao inqu\u00e9rito!<\/p>\n<h3>Vantagens do saquinho de ch\u00e1<\/h3>\n<ul>\n<li><strong>Design personalizado<\/strong>: Fornecemos um servi\u00e7o de bolsas de ch\u00e1 de design personalizado, incluindo material, tamanho e personaliza\u00e7\u00e3o do padr\u00e3o de impress\u00e3o para atender \u00e0s necessidades dos clientes, apoiando OEM e ODM.<\/li>\n<li><strong>Vantagem competitiva<\/strong>: Estas saquetas para ch\u00e1 podem aumentar significativamente a competitividade dos produtos no mercado atrav\u00e9s do seu design multifuncional (como o fecho auto-selante e o fecho com fio met\u00e1lico) e da impress\u00e3o de alta qualidade.<\/li>\n<li><strong>Materiais amigos do ambiente<\/strong>: A utiliza\u00e7\u00e3o de materiais amigos do ambiente, tais como materiais comp\u00f3sitos biodegrad\u00e1veis ou recicl\u00e1veis. Isto vai ao encontro das necessidades ambientais dos consumidores e ajuda as empresas a construir uma imagem de marca ecol\u00f3gica.<\/li>\n<li><strong>Efici\u00eancia de produ\u00e7\u00e3o<\/strong>: O equipamento e as t\u00e9cnicas de produ\u00e7\u00e3o modernos podem aumentar a efici\u00eancia da produ\u00e7\u00e3o, reduzir os custos unit\u00e1rios e assegurar um fornecimento consistente de produtos de alta qualidade.<\/li>\n<li><strong>Amostra gr\u00e1tis<\/strong>: O servi\u00e7o de amostra gr\u00e1tis \u00e9 fornecido para que possa avaliar os produtos.<\/li>\n<\/ul>\n<p>A Huiyang Packaging est\u00e1 empenhada em fornecer aos clientes bolsas de ch\u00e1 personalizadas e de alta qualidade para ajudar os clientes a melhorar a imagem dos seus produtos e as necessidades de prote\u00e7\u00e3o ambiental, e aumentar a competitividade do mercado.<\/p>\n<p>&nbsp;<\/p>","protected":false},"featured_media":2995,"comment_status":"open","ping_status":"closed","template":"","meta":[],"product_brand":[],"product_cat":[58],"product_tag":[],"class_list":{"0":"post-2994","1":"product","2":"type-product","3":"status-publish","4":"has-post-thumbnail","6":"product_cat-tea-bag-packaging","8":"first","9":"instock","10":"shipping-taxable","11":"product-type-simple"},"_links":{"self":[{"href":"https:\/\/www.hyflexpack.com\/pt\/wp-json\/wp\/v2\/product\/2994","targetHints":{"allow":["GET"]}}],"collection":[{"href":"https:\/\/www.hyflexpack.com\/pt\/wp-json\/wp\/v2\/product"}],"about":[{"href":"https:\/\/www.hyflexpack.com\/pt\/wp-json\/wp\/v2\/types\/product"}],"replies":[{"embeddable":true,"href":"https:\/\/www.hyflexpack.com\/pt\/wp-json\/wp\/v2\/comments?post=2994"}],"wp:featuredmedia":[{"embeddable":true,"href":"https:\/\/www.hyflexpack.com\/pt\/wp-json\/wp\/v2\/media\/2995"}],"wp:attachment":[{"href":"https:\/\/www.hyflexpack.com\/pt\/wp-json\/wp\/v2\/media?parent=2994"}],"wp:term":[{"taxonomy":"product_brand","embeddable":true,"href":"https:\/\/www.hyflexpack.com\/pt\/wp-json\/wp\/v2\/product_brand?post=2994"},{"taxonomy":"product_cat","embeddable":true,"href":"https:\/\/www.hyflexpack.com\/pt\/wp-json\/wp\/v2\/product_cat?post=2994"},{"taxonomy":"product_tag","embeddable":true,"href":"https:\/\/www.hyflexpack.com\/pt\/wp-json\/wp\/v2\/product_tag?post=2994"}],"curies":[{"name":"wp","href":"https:\/\/api.w.org\/{rel}","templated":true}]}}