{"id":2971,"date":"2024-05-16T10:01:07","date_gmt":"2024-05-16T10:01:07","guid":{"rendered":"https:\/\/hyflexpack.com\/?post_type=product&#038;p=2971"},"modified":"2025-03-14T06:49:44","modified_gmt":"2025-03-14T06:49:44","slug":"customized-coffee-packages-zipper-bag","status":"publish","type":"product","link":"https:\/\/www.hyflexpack.com\/pt\/product\/customized-coffee-packages-zipper-bag\/","title":{"rendered":"Pacotes de caf\u00e9 personalizados Sacos com z\u00edper Bolsas com v\u00e1lvula de reten\u00e7\u00e3o Embalagem de alimentos"},"content":{"rendered":"<div class=\"wp-block-columns is-layout-flex wp-container-core-columns-is-layout-9d6595d7 wp-block-columns-is-layout-flex\">\n<div class=\"wp-block-column is-layout-flow wp-block-column-is-layout-flow\">\n<h3 class=\"wp-block-heading\">Carater\u00edsticas das embalagens de caf\u00e9 de alta qualidade<\/h3>\n\n\n\n<ul class=\"wp-block-list\">\n<li>Design de saco com fecho de correr: As embalagens de caf\u00e9 t\u00eam um fecho de correr pr\u00e1tico e um design f\u00e1cil de rasgar, facilitando a abertura e o fecho do saco para manter o caf\u00e9 fresco e saboroso.<\/li>\n<\/ul>\n\n\n\n<p><\/p>\n\n\n\n<ul class=\"wp-block-list\">\n<li>Design de bolsa vertical: Ao contr\u00e1rio dos sacos planos tradicionais, estes sacos t\u00eam um design de stand-up pouch, que permite que o saco se mantenha est\u00e1vel quando cheio e ajuda a expor o produto na prateleira.<\/li>\n<\/ul>\n\n\n\n<p><\/p>\n\n\n\n<ul class=\"wp-block-list\">\n<li>Tecnologia de v\u00e1lvula de reten\u00e7\u00e3o: A tecnologia de v\u00e1lvula de reten\u00e7\u00e3o incorporada liberta g\u00e1s no interior da embalagem para manter a frescura e a qualidade do caf\u00e9, impedindo a entrada de oxig\u00e9nio e humidade na embalagem.<\/li>\n<\/ul>\n\n\n\n<p><\/p>\n\n\n\n<ul class=\"wp-block-list\">\n<li>Material de qualidade alimentar: Produzido com material de qualidade alimentar para garantir que o produto cumpre as normas de sa\u00fade e seguran\u00e7a e pode ser utilizado com seguran\u00e7a para embalar alimentos.<\/li>\n<\/ul>\n\n\n\n<p><\/p>\n\n\n\n<ul class=\"wp-block-list\">\n<li>Personaliza\u00e7\u00e3o da impress\u00e3o: A impress\u00e3o personalizada pode ser feita de acordo com as necessidades do cliente, incluindo o log\u00f3tipo da marca, informa\u00e7\u00f5es sobre o produto e design para atrair os consumidores, melhorando a imagem da marca e a competitividade do mercado.<\/li>\n<\/ul>\n\n\n\n<p><\/p>\n\n\n\n<ul class=\"wp-block-list\">\n<li>Multi-funcionalidade: Para al\u00e9m do caf\u00e9, estes sacos tamb\u00e9m s\u00e3o adequados para embalar outros produtos alimentares e n\u00e3o alimentares, tais como snacks, frutos secos, doces, etc.<\/li>\n<\/ul>\n<\/div>\n\n\n\n<div class=\"wp-block-column is-layout-flow wp-block-column-is-layout-flow\">\n<h3 class=\"wp-block-heading\"><\/h3>\n\n\n\n<figure class=\"wp-block-image size-full\"><img fetchpriority=\"high\" decoding=\"async\" width=\"750\" height=\"750\" src=\"https:\/\/hyflexpack.com\/wp-content\/uploads\/2024\/05\/Customized-Coffee-Packages-4.webp\" alt=\"Pacotes de caf\u00e9 personalizados (1)\" class=\"wp-image-2975\" srcset=\"https:\/\/www.hyflexpack.com\/wp-content\/uploads\/2024\/05\/Customized-Coffee-Packages-4.webp 750w, https:\/\/www.hyflexpack.com\/wp-content\/uploads\/2024\/05\/Customized-Coffee-Packages-4-300x300.webp 300w, https:\/\/www.hyflexpack.com\/wp-content\/uploads\/2024\/05\/Customized-Coffee-Packages-4-150x150.webp 150w, https:\/\/www.hyflexpack.com\/wp-content\/uploads\/2024\/05\/Customized-Coffee-Packages-4-285x285.webp 285w, https:\/\/www.hyflexpack.com\/wp-content\/uploads\/2024\/05\/Customized-Coffee-Packages-4-270x270.webp 270w, https:\/\/www.hyflexpack.com\/wp-content\/uploads\/2024\/05\/Customized-Coffee-Packages-4-540x540.webp 540w, https:\/\/www.hyflexpack.com\/wp-content\/uploads\/2024\/05\/Customized-Coffee-Packages-4-660x660.webp 660w\" sizes=\"(max-width: 750px) 100vw, 750px\" \/><\/figure>\n<\/div>\n<\/div>","protected":false},"excerpt":{"rendered":"<p>As embalagens de caf\u00e9 Explore zipper pouches stand-up pouches, equipadas com v\u00e1lvula de reten\u00e7\u00e3o para embalagem de alimentos, combinam na perfei\u00e7\u00e3o comodidade e funcionalidade. Fabricadas com materiais de alta qualidade para manter a frescura e o sabor do caf\u00e9. Contacte-nos agora e vamos criar juntos excelentes solu\u00e7\u00f5es de embalagem de caf\u00e9!<\/p>\n<h3>Vantagens das embalagens de caf\u00e9<\/h3>\n<ul>\n<li><strong>Design personalizado<\/strong>: Fornecemos servi\u00e7o de pacotes de caf\u00e9 com design personalizado, incluindo personaliza\u00e7\u00e3o de material, tamanho e padr\u00e3o de impress\u00e3o para atender \u00e0s necessidades do cliente, suporte OEM e ODM.<\/li>\n<li><strong>Fabrico<\/strong>: Com equipamento e tecnologia avan\u00e7ados, somos capazes de produzir encomendas com elevada efici\u00eancia e qualidade e entregar a tempo.<\/li>\n<li><strong>Inspe\u00e7\u00e3o da qualidade<\/strong>: Cumprimos rigorosamente as normas de qualidade e os requisitos de seguran\u00e7a alimentar para garantir que os nossos produtos cumprem as normas.<\/li>\n<li><strong>Equipa de apoio t\u00e9cnico<\/strong>: A nossa equipa tem uma vasta experi\u00eancia na ind\u00fastria e conhecimentos profissionais para fornecer apoio t\u00e9cnico e servi\u00e7os de consultoria 24 horas por dia aos nossos clientes.<\/li>\n<li><strong>Amostras gr\u00e1tis<\/strong>: Fornecemos amostras gr\u00e1tis para que possa avaliar os nossos produtos.<\/li>\n<\/ul>\n<p>A Huiyang Packaging est\u00e1 empenhada em fornecer aos clientes embalagens de caf\u00e9 personalizadas e de alta qualidade para os ajudar a melhorar a imagem dos seus produtos e a aumentar a competitividade no mercado.<\/p>","protected":false},"featured_media":2972,"comment_status":"open","ping_status":"closed","template":"","meta":[],"product_brand":[],"product_cat":[55],"product_tag":[],"class_list":{"0":"post-2971","1":"product","2":"type-product","3":"status-publish","4":"has-post-thumbnail","6":"product_cat-custom-coffee-packaging","8":"first","9":"instock","10":"shipping-taxable","11":"product-type-simple"},"_links":{"self":[{"href":"https:\/\/www.hyflexpack.com\/pt\/wp-json\/wp\/v2\/product\/2971","targetHints":{"allow":["GET"]}}],"collection":[{"href":"https:\/\/www.hyflexpack.com\/pt\/wp-json\/wp\/v2\/product"}],"about":[{"href":"https:\/\/www.hyflexpack.com\/pt\/wp-json\/wp\/v2\/types\/product"}],"replies":[{"embeddable":true,"href":"https:\/\/www.hyflexpack.com\/pt\/wp-json\/wp\/v2\/comments?post=2971"}],"wp:featuredmedia":[{"embeddable":true,"href":"https:\/\/www.hyflexpack.com\/pt\/wp-json\/wp\/v2\/media\/2972"}],"wp:attachment":[{"href":"https:\/\/www.hyflexpack.com\/pt\/wp-json\/wp\/v2\/media?parent=2971"}],"wp:term":[{"taxonomy":"product_brand","embeddable":true,"href":"https:\/\/www.hyflexpack.com\/pt\/wp-json\/wp\/v2\/product_brand?post=2971"},{"taxonomy":"product_cat","embeddable":true,"href":"https:\/\/www.hyflexpack.com\/pt\/wp-json\/wp\/v2\/product_cat?post=2971"},{"taxonomy":"product_tag","embeddable":true,"href":"https:\/\/www.hyflexpack.com\/pt\/wp-json\/wp\/v2\/product_tag?post=2971"}],"curies":[{"name":"wp","href":"https:\/\/api.w.org\/{rel}","templated":true}]}}