{"id":9336,"date":"2026-02-26T02:45:47","date_gmt":"2026-02-26T02:45:47","guid":{"rendered":"https:\/\/www.hyflexpack.com\/?post_type=product&#038;p=9336"},"modified":"2026-02-26T02:45:51","modified_gmt":"2026-02-26T02:45:51","slug":"custom-shrink-sleeves-for-beverage","status":"publish","type":"product","link":"https:\/\/www.hyflexpack.com\/it\/product\/custom-shrink-sleeves-for-beverage\/","title":{"rendered":"Manicotti termoretraibili personalizzati per bottiglie di bevande - Fornitura di produzione in serie"},"content":{"rendered":"<div class=\"wp-block-columns is-layout-flex wp-container-core-columns-is-layout-9d6595d7 wp-block-columns-is-layout-flex\">\n<div class=\"wp-block-column is-layout-flow wp-block-column-is-layout-flow\">\n<h2 class=\"wp-block-heading\">Caratteristiche dei manicotti termoretraibili personalizzati per bevande <\/h2>\n\n\n\n<ul class=\"wp-block-list\">\n<li>I nostri manicotti termoretraibili personalizzati per bevande sono adattati alle dimensioni, allo spessore e ai rapporti di termoretrazione per adattarsi alle varie forme di bottiglie e ai requisiti di confezionamento delle bevande.<\/li>\n<\/ul>\n\n\n\n<ul class=\"wp-block-list\">\n<li>Ottimizzato per la produzione di grandi volumi a prezzi competitivi, ideale per acquirenti B2B, distributori e impianti di imbottigliamento.<\/li>\n<\/ul>\n\n\n\n<ul class=\"wp-block-list\">\n<li>Progettato per un comportamento di termoretrazione uniforme, riduce le grinze e il disallineamento durante l'applicazione automatica.<\/li>\n<\/ul>\n\n\n\n<ul class=\"wp-block-list\">\n<li>Supporta la stampa rotocalco con colori vivaci e un marchio chiaro sulle etichette con maniche termoretraibili.<\/li>\n<\/ul>\n\n\n\n<ul class=\"wp-block-list\">\n<li>La selezione dei materiali, la personalizzazione della stampa e la scalabilit\u00e0 degli ordini sono disponibili per soddisfare le esigenze degli OEM nel settore del confezionamento delle bevande.<\/li>\n<\/ul>\n<\/div>\n\n\n\n<div class=\"wp-block-column is-layout-flow wp-block-column-is-layout-flow\">\n<figure class=\"wp-block-image size-full\"><img fetchpriority=\"high\" decoding=\"async\" width=\"1000\" height=\"1000\" src=\"https:\/\/www.hyflexpack.com\/wp-content\/uploads\/2026\/02\/Custom-Shrink-Sleeves-1.webp\" alt=\"Manicotti termoretraibili personalizzati\" class=\"wp-image-9310\" srcset=\"https:\/\/www.hyflexpack.com\/wp-content\/uploads\/2026\/02\/Custom-Shrink-Sleeves-1.webp 1000w, https:\/\/www.hyflexpack.com\/wp-content\/uploads\/2026\/02\/Custom-Shrink-Sleeves-1-300x300.webp 300w, https:\/\/www.hyflexpack.com\/wp-content\/uploads\/2026\/02\/Custom-Shrink-Sleeves-1-150x150.webp 150w, https:\/\/www.hyflexpack.com\/wp-content\/uploads\/2026\/02\/Custom-Shrink-Sleeves-1-768x768.webp 768w, https:\/\/www.hyflexpack.com\/wp-content\/uploads\/2026\/02\/Custom-Shrink-Sleeves-1-12x12.webp 12w, https:\/\/www.hyflexpack.com\/wp-content\/uploads\/2026\/02\/Custom-Shrink-Sleeves-1-285x285.webp 285w, https:\/\/www.hyflexpack.com\/wp-content\/uploads\/2026\/02\/Custom-Shrink-Sleeves-1-270x270.webp 270w, https:\/\/www.hyflexpack.com\/wp-content\/uploads\/2026\/02\/Custom-Shrink-Sleeves-1-540x540.webp 540w, https:\/\/www.hyflexpack.com\/wp-content\/uploads\/2026\/02\/Custom-Shrink-Sleeves-1-660x660.webp 660w\" sizes=\"(max-width: 1000px) 100vw, 1000px\" \/><\/figure>\n<\/div>\n<\/div>","protected":false},"excerpt":{"rendered":"<p>I nostri manicotti termoretraibili personalizzati per bottiglie per bevande supportano la fornitura di prodotti sfusi e sono progettati per applicazioni di confezionamento di bevande ad alto volume. Prodotte con prestazioni di termoretrazione costanti e dimensionamenti precisi, le nostre etichette con guaina termoretraibile garantiscono un'applicazione senza problemi sulle linee di imbottigliamento automatizzate. La produzione diretta in fabbrica supporta ordini su larga scala, tempi di consegna stabili e stampa personalizzabile per i marchi di bevande e i fornitori di imballaggi. Contattateci oggi stesso per avere un film termoretraibile personalizzato fatto apposta per voi!<\/p>\n<h2>Vantaggi del fornitore di manicotti termoretraibili personalizzati<\/h2>\n<ul>\n<li><strong>Design personalizzato:<\/strong> Forniamo servizi personalizzati, tra cui la personalizzazione del materiale, delle dimensioni e del modello di stampa per soddisfare le esigenze dei clienti, e supportiamo OEM e ODM.<\/li>\n<li><strong>Produzione:<\/strong> Adottiamo linee di produzione composite avanzate a livello internazionale e sistemi di controllo automatico per garantire processi produttivi efficienti e stabili e consegne puntuali.<\/li>\n<li><strong>Ispezione di qualit\u00e0:<\/strong> Produrre rigorosamente in conformit\u00e0 agli standard di qualit\u00e0 e ai requisiti di sicurezza alimentare per garantire la conformit\u00e0 dei prodotti agli standard.<\/li>\n<li><strong>Servizio clienti:<\/strong> Fornire una risposta rapida e un'assistenza premurosa al cliente 24 ore su 24.<\/li>\n<li><strong>Campioni gratuiti:<\/strong> Preparare piccoli lotti di campioni da far provare e valutare ai clienti.<\/li>\n<\/ul>\n<p>Huiyang Packaging si impegna a fornire ai clienti manicotti termoretraibili personalizzati di alta qualit\u00e0 per aiutarli a migliorare l'immagine dei loro prodotti e ad aumentare la loro competitivit\u00e0 sul mercato.<\/p>","protected":false},"featured_media":9310,"comment_status":"closed","ping_status":"closed","template":"","meta":[],"product_brand":[],"product_cat":[84,53],"product_tag":[],"class_list":{"0":"post-9336","1":"product","2":"type-product","3":"status-publish","4":"has-post-thumbnail","6":"product_cat-shrink-sleeve-film","7":"product_cat-packaging-film-supplier","9":"first","10":"instock","11":"shipping-taxable","12":"product-type-simple"},"_links":{"self":[{"href":"https:\/\/www.hyflexpack.com\/it\/wp-json\/wp\/v2\/product\/9336","targetHints":{"allow":["GET"]}}],"collection":[{"href":"https:\/\/www.hyflexpack.com\/it\/wp-json\/wp\/v2\/product"}],"about":[{"href":"https:\/\/www.hyflexpack.com\/it\/wp-json\/wp\/v2\/types\/product"}],"replies":[{"embeddable":true,"href":"https:\/\/www.hyflexpack.com\/it\/wp-json\/wp\/v2\/comments?post=9336"}],"wp:featuredmedia":[{"embeddable":true,"href":"https:\/\/www.hyflexpack.com\/it\/wp-json\/wp\/v2\/media\/9310"}],"wp:attachment":[{"href":"https:\/\/www.hyflexpack.com\/it\/wp-json\/wp\/v2\/media?parent=9336"}],"wp:term":[{"taxonomy":"product_brand","embeddable":true,"href":"https:\/\/www.hyflexpack.com\/it\/wp-json\/wp\/v2\/product_brand?post=9336"},{"taxonomy":"product_cat","embeddable":true,"href":"https:\/\/www.hyflexpack.com\/it\/wp-json\/wp\/v2\/product_cat?post=9336"},{"taxonomy":"product_tag","embeddable":true,"href":"https:\/\/www.hyflexpack.com\/it\/wp-json\/wp\/v2\/product_tag?post=9336"}],"curies":[{"name":"wp","href":"https:\/\/api.w.org\/{rel}","templated":true}]}}