{"id":9333,"date":"2026-02-26T02:55:42","date_gmt":"2026-02-26T02:55:42","guid":{"rendered":"https:\/\/www.hyflexpack.com\/?post_type=product&#038;p=9333"},"modified":"2026-02-26T02:55:51","modified_gmt":"2026-02-26T02:55:51","slug":"custom-printed-mpet-twist-film-candy","status":"publish","type":"product","link":"https:\/\/www.hyflexpack.com\/it\/product\/custom-printed-mpet-twist-film-candy\/","title":{"rendered":"Film di torsione MPET stampato su misura, imballaggio monostrato per caramelle e dolciumi"},"content":{"rendered":"<div class=\"wp-block-columns is-layout-flex wp-container-core-columns-is-layout-9d6595d7 wp-block-columns-is-layout-flex\">\n<div class=\"wp-block-column is-layout-flow wp-block-column-is-layout-flow\">\n<h2 class=\"wp-block-heading\">Film di torsione MPET stampato su misura di alta qualit\u00e0 Caratteristiche<\/h2>\n\n\n\n<ul class=\"wp-block-list\">\n<li>Il nostro film di torsione MPET stampato su misura \u00e8 prodotto in PET metallizzato monostrato. Questo film di torsione offre una forte tenuta della torsione e un involucro liscio per il confezionamento di caramelle e dolciumi.<\/li>\n<\/ul>\n\n\n\n<ul class=\"wp-block-list\">\n<li>Supporta la stampa personalizzata di film MPET twist con grafica nitida e qualit\u00e0 del colore costante, ideale per il confezionamento di caramelle con marchio.<\/li>\n<\/ul>\n\n\n\n<ul class=\"wp-block-list\">\n<li>Progettato per l'avvolgimento di caramelle e dolciumi, offre resistenza all'umidit\u00e0, durata e prestazioni di confezionamento stabili.<\/li>\n<\/ul>\n<\/div>\n\n\n\n<div class=\"wp-block-column is-layout-flow wp-block-column-is-layout-flow\">\n<figure class=\"wp-block-image size-full\"><img fetchpriority=\"high\" decoding=\"async\" width=\"750\" height=\"750\" src=\"https:\/\/www.hyflexpack.com\/wp-content\/uploads\/2026\/02\/Custom-Printed-MPET-Twist-Film-1.webp\" alt=\"Film di torsione MPET stampato su misura\" class=\"wp-image-9298\" srcset=\"https:\/\/www.hyflexpack.com\/wp-content\/uploads\/2026\/02\/Custom-Printed-MPET-Twist-Film-1.webp 750w, https:\/\/www.hyflexpack.com\/wp-content\/uploads\/2026\/02\/Custom-Printed-MPET-Twist-Film-1-300x300.webp 300w, https:\/\/www.hyflexpack.com\/wp-content\/uploads\/2026\/02\/Custom-Printed-MPET-Twist-Film-1-150x150.webp 150w, https:\/\/www.hyflexpack.com\/wp-content\/uploads\/2026\/02\/Custom-Printed-MPET-Twist-Film-1-12x12.webp 12w, https:\/\/www.hyflexpack.com\/wp-content\/uploads\/2026\/02\/Custom-Printed-MPET-Twist-Film-1-285x285.webp 285w, https:\/\/www.hyflexpack.com\/wp-content\/uploads\/2026\/02\/Custom-Printed-MPET-Twist-Film-1-270x270.webp 270w, https:\/\/www.hyflexpack.com\/wp-content\/uploads\/2026\/02\/Custom-Printed-MPET-Twist-Film-1-540x540.webp 540w, https:\/\/www.hyflexpack.com\/wp-content\/uploads\/2026\/02\/Custom-Printed-MPET-Twist-Film-1-660x660.webp 660w\" sizes=\"(max-width: 750px) 100vw, 750px\" \/><\/figure>\n<\/div>\n<\/div>","protected":false},"excerpt":{"rendered":"<p>Il film di torsione MPET stampato su misura \u00e8 una soluzione di imballaggio monostrato per l'avvolgimento di caramelle e dolciumi. Realizzato in PET metallizzato (MPET), questo film di torsione offre un'eccellente ritenzione della torsione, una finitura metallica ad alta brillantezza e prestazioni affidabili di barriera all'umidit\u00e0. La stampa personalizzata \u00e8 un ottimo metodo per migliorare la visibilit\u00e0 del marchio e l'attrattiva sugli scaffali nelle applicazioni di confezionamento delle caramelle. Contattateci oggi stesso e lasciateci personalizzare il vostro esclusivo packaging alimentare!<\/p>\n<h2>Vantaggi del film di torsione MPET stampato su misura di alta qualit\u00e0<\/h2>\n<ul>\n<li><strong>Design personalizzato:<\/strong> Forniamo servizi personalizzati, tra cui la personalizzazione del materiale, delle dimensioni e del modello di stampa per soddisfare le esigenze dei clienti, e supportiamo OEM e ODM.<\/li>\n<li><strong>Produzione:<\/strong> Grazie ad attrezzature e tecnologie avanzate, siamo in grado di completare la produzione degli ordini in modo efficiente e di alta qualit\u00e0 e di consegnarli in tempo.<\/li>\n<li><strong>Ispezione di qualit\u00e0:<\/strong> La produzione avviene nel rigoroso rispetto degli standard di qualit\u00e0 e dei requisiti di sicurezza alimentare, per garantire che i prodotti siano conformi agli standard.<\/li>\n<li><strong>Servizio clienti:<\/strong> 24 ore per fornire una risposta rapida e un'assistenza premurosa al cliente.<\/li>\n<li><strong>Campione gratuito:<\/strong> Fornire un servizio di campioni gratuiti per valutare il prodotto.<\/li>\n<\/ul>\n<p><a href=\"https:\/\/www.hyflexpack.com\/it\/\"><strong>Imballaggio Huiyang<\/strong><\/a> si impegna a fornire ai clienti film di torsione MPET stampati su misura di alta qualit\u00e0, aiutandoli a migliorare l'immagine dei loro prodotti e ad aumentare la loro competitivit\u00e0 sul mercato.<\/p>","protected":false},"featured_media":9298,"comment_status":"closed","ping_status":"closed","template":"","meta":[],"product_brand":[],"product_cat":[89,53],"product_tag":[],"class_list":{"0":"post-9333","1":"product","2":"type-product","3":"status-publish","4":"has-post-thumbnail","6":"product_cat-custom-twist-film","7":"product_cat-packaging-film-supplier","9":"first","10":"instock","11":"shipping-taxable","12":"product-type-simple"},"_links":{"self":[{"href":"https:\/\/www.hyflexpack.com\/it\/wp-json\/wp\/v2\/product\/9333","targetHints":{"allow":["GET"]}}],"collection":[{"href":"https:\/\/www.hyflexpack.com\/it\/wp-json\/wp\/v2\/product"}],"about":[{"href":"https:\/\/www.hyflexpack.com\/it\/wp-json\/wp\/v2\/types\/product"}],"replies":[{"embeddable":true,"href":"https:\/\/www.hyflexpack.com\/it\/wp-json\/wp\/v2\/comments?post=9333"}],"wp:featuredmedia":[{"embeddable":true,"href":"https:\/\/www.hyflexpack.com\/it\/wp-json\/wp\/v2\/media\/9298"}],"wp:attachment":[{"href":"https:\/\/www.hyflexpack.com\/it\/wp-json\/wp\/v2\/media?parent=9333"}],"wp:term":[{"taxonomy":"product_brand","embeddable":true,"href":"https:\/\/www.hyflexpack.com\/it\/wp-json\/wp\/v2\/product_brand?post=9333"},{"taxonomy":"product_cat","embeddable":true,"href":"https:\/\/www.hyflexpack.com\/it\/wp-json\/wp\/v2\/product_cat?post=9333"},{"taxonomy":"product_tag","embeddable":true,"href":"https:\/\/www.hyflexpack.com\/it\/wp-json\/wp\/v2\/product_tag?post=9333"}],"curies":[{"name":"wp","href":"https:\/\/api.w.org\/{rel}","templated":true}]}}