{"id":9286,"date":"2026-02-26T02:39:21","date_gmt":"2026-02-26T02:39:21","guid":{"rendered":"https:\/\/www.hyflexpack.com\/?post_type=product&#038;p=9286"},"modified":"2026-02-26T02:39:24","modified_gmt":"2026-02-26T02:39:24","slug":"custom-packaging-film-for-popcorn","status":"publish","type":"product","link":"https:\/\/www.hyflexpack.com\/it\/product\/custom-packaging-film-for-popcorn\/","title":{"rendered":"Film d'imballaggio su ordinazione per il popcorn, film di plastica del rotolo laminato del sigillo di calore"},"content":{"rendered":"<div class=\"wp-block-columns is-layout-flex wp-container-core-columns-is-layout-9d6595d7 wp-block-columns-is-layout-flex\">\n<div class=\"wp-block-column is-layout-flow wp-block-column-is-layout-flow\">\n<h2 class=\"wp-block-heading\">Film da imballaggio personalizzato per popcorn Caratteristiche<\/h2>\n\n\n\n<ul class=\"wp-block-list\">\n<li>Il nostro film di imballaggio personalizzato per popcorn \u00e8 stato sviluppato appositamente per il confezionamento di popcorn, adatto per i sacchetti a cuscino e per le macchine Vertical Form Fill Seal (VFFS).<\/li>\n<\/ul>\n\n\n\n<ul class=\"wp-block-list\">\n<li>Il film plastico laminato multistrato offre prestazioni di termosaldatura affidabili e un'integrit\u00e0 di tenuta costante durante il confezionamento ad alta velocit\u00e0.<\/li>\n<\/ul>\n\n\n\n<ul class=\"wp-block-list\">\n<li>Protegge efficacemente i popcorn dall'umidit\u00e0, dall'olio e dalle contaminazioni esterne, contribuendo a mantenerne la freschezza e la croccantezza.<\/li>\n<\/ul>\n\n\n\n<ul class=\"wp-block-list\">\n<li>Ottimizzato per un funzionamento stabile delle macchine per il confezionamento di popcorn, riducendo gli scarti di pellicola e migliorando l'efficienza della produzione.<\/li>\n<\/ul>\n\n\n\n<ul class=\"wp-block-list\">\n<li>Supporta una stampa personalizzata di alta qualit\u00e0 con colori vivaci e buona adesione dell'inchiostro, ideale per soluzioni di confezionamento di popcorn con marchio.<\/li>\n<\/ul>\n<\/div>\n\n\n\n<div class=\"wp-block-column is-layout-flow wp-block-column-is-layout-flow\">\n<figure class=\"wp-block-image size-full\"><img fetchpriority=\"high\" decoding=\"async\" width=\"1000\" height=\"1000\" src=\"https:\/\/www.hyflexpack.com\/wp-content\/uploads\/2026\/02\/Custom-Packaging-Film-for-Popcorn-12.webp\" alt=\"Film da imballaggio personalizzato per popcorn\" class=\"wp-image-9263\" srcset=\"https:\/\/www.hyflexpack.com\/wp-content\/uploads\/2026\/02\/Custom-Packaging-Film-for-Popcorn-12.webp 1000w, https:\/\/www.hyflexpack.com\/wp-content\/uploads\/2026\/02\/Custom-Packaging-Film-for-Popcorn-12-300x300.webp 300w, https:\/\/www.hyflexpack.com\/wp-content\/uploads\/2026\/02\/Custom-Packaging-Film-for-Popcorn-12-150x150.webp 150w, https:\/\/www.hyflexpack.com\/wp-content\/uploads\/2026\/02\/Custom-Packaging-Film-for-Popcorn-12-768x768.webp 768w, https:\/\/www.hyflexpack.com\/wp-content\/uploads\/2026\/02\/Custom-Packaging-Film-for-Popcorn-12-12x12.webp 12w, https:\/\/www.hyflexpack.com\/wp-content\/uploads\/2026\/02\/Custom-Packaging-Film-for-Popcorn-12-285x285.webp 285w, https:\/\/www.hyflexpack.com\/wp-content\/uploads\/2026\/02\/Custom-Packaging-Film-for-Popcorn-12-270x270.webp 270w, https:\/\/www.hyflexpack.com\/wp-content\/uploads\/2026\/02\/Custom-Packaging-Film-for-Popcorn-12-540x540.webp 540w, https:\/\/www.hyflexpack.com\/wp-content\/uploads\/2026\/02\/Custom-Packaging-Film-for-Popcorn-12-660x660.webp 660w\" sizes=\"(max-width: 1000px) 100vw, 1000px\" \/><\/figure>\n<\/div>\n<\/div>\n\n\n\n<p><\/p>","protected":false},"excerpt":{"rendered":"<p>Il nostro film di imballaggio personalizzato per popcorn \u00e8 realizzato con film plastico laminato termosaldato in rotoli, progettato per le linee di confezionamento automatiche. Questo film di imballaggio per popcorn ad alte prestazioni offre una forte resistenza alla termosaldatura, un'eccellente resistenza all'umidit\u00e0 e ai grassi e una lavorabilit\u00e0 stabile, con stampa personalizzata disponibile per migliorare la presentazione del marchio. Contattateci oggi stesso e lasciateci personalizzare il vostro esclusivo imballaggio alimentare!<\/p>\n<h2>Vantaggi del produttore di film per l'imballaggio di popcorn\u00a0<\/h2>\n<ul>\n<li><strong>Design personalizzato:<\/strong> Forniamo servizi personalizzati, tra cui la personalizzazione del materiale, delle dimensioni e del modello di stampa per soddisfare le esigenze dei clienti, e supportiamo OEM e ODM.<\/li>\n<li><strong>Produzione:<\/strong> Adottiamo linee di produzione composite avanzate a livello internazionale e sistemi di controllo automatico per garantire processi produttivi efficienti e stabili e consegne puntuali.<\/li>\n<li><strong>Ispezione di qualit\u00e0:<\/strong> Produrre rigorosamente in conformit\u00e0 agli standard di qualit\u00e0 e ai requisiti di sicurezza alimentare per garantire la conformit\u00e0 dei prodotti agli standard.<\/li>\n<li><strong>Servizio clienti:<\/strong> Fornire una risposta rapida e un'assistenza premurosa al cliente 24 ore su 24.<\/li>\n<li><strong>Campioni gratuiti:<\/strong> Preparare piccoli lotti di campioni da far provare e valutare ai clienti.<\/li>\n<\/ul>\n<p>Huiyang Packaging si impegna a fornire ai clienti film di imballaggio personalizzati di alta qualit\u00e0 per popcorn, aiutandoli a migliorare l'immagine dei loro prodotti e ad aumentare la loro competitivit\u00e0 sul mercato.<\/p>","protected":false},"featured_media":9263,"comment_status":"closed","ping_status":"closed","template":"","meta":[],"product_brand":[],"product_cat":[53],"product_tag":[],"class_list":{"0":"post-9286","1":"product","2":"type-product","3":"status-publish","4":"has-post-thumbnail","6":"product_cat-packaging-film-supplier","8":"first","9":"instock","10":"shipping-taxable","11":"product-type-simple"},"_links":{"self":[{"href":"https:\/\/www.hyflexpack.com\/it\/wp-json\/wp\/v2\/product\/9286","targetHints":{"allow":["GET"]}}],"collection":[{"href":"https:\/\/www.hyflexpack.com\/it\/wp-json\/wp\/v2\/product"}],"about":[{"href":"https:\/\/www.hyflexpack.com\/it\/wp-json\/wp\/v2\/types\/product"}],"replies":[{"embeddable":true,"href":"https:\/\/www.hyflexpack.com\/it\/wp-json\/wp\/v2\/comments?post=9286"}],"wp:featuredmedia":[{"embeddable":true,"href":"https:\/\/www.hyflexpack.com\/it\/wp-json\/wp\/v2\/media\/9263"}],"wp:attachment":[{"href":"https:\/\/www.hyflexpack.com\/it\/wp-json\/wp\/v2\/media?parent=9286"}],"wp:term":[{"taxonomy":"product_brand","embeddable":true,"href":"https:\/\/www.hyflexpack.com\/it\/wp-json\/wp\/v2\/product_brand?post=9286"},{"taxonomy":"product_cat","embeddable":true,"href":"https:\/\/www.hyflexpack.com\/it\/wp-json\/wp\/v2\/product_cat?post=9286"},{"taxonomy":"product_tag","embeddable":true,"href":"https:\/\/www.hyflexpack.com\/it\/wp-json\/wp\/v2\/product_tag?post=9286"}],"curies":[{"name":"wp","href":"https:\/\/api.w.org\/{rel}","templated":true}]}}