{"id":9284,"date":"2026-03-04T06:34:37","date_gmt":"2026-03-04T06:34:37","guid":{"rendered":"https:\/\/www.hyflexpack.com\/?post_type=product&#038;p=9284"},"modified":"2026-03-12T06:54:41","modified_gmt":"2026-03-12T06:54:41","slug":"custom-potato-chips-packaging-film","status":"publish","type":"product","link":"https:\/\/www.hyflexpack.com\/it\/product\/custom-potato-chips-packaging-film\/","title":{"rendered":"Film d'imballaggio delle patatine fritte su ordinazione, plastica laminata, poliestere, film di alluminio"},"content":{"rendered":"<div class=\"wp-block-columns is-layout-flex wp-container-core-columns-is-layout-9d6595d7 wp-block-columns-is-layout-flex\">\n<div class=\"wp-block-column is-layout-flow wp-block-column-is-layout-flow\">\n<h2 class=\"wp-block-heading\">Caratteristiche del film d'imballaggio per patatine fritte personalizzato<\/h2>\n\n\n\n<ul class=\"wp-block-list\">\n<li>Il nostro film per l'imballaggio di patatine fritte \u00e8 stato sviluppato specificamente per l'imballaggio di patatine fritte, adatto per sacchetti a cuscino e macchine automatiche per l'imballaggio di forma, riempimento e sigillatura.<\/li>\n<\/ul>\n\n\n\n<ul class=\"wp-block-list\">\n<li>Il film plastico multistrato laminato con strati di poliestere e alluminio offre prestazioni di barriera superiori e una protezione durevole dell'imballaggio.<\/li>\n<\/ul>\n\n\n\n<ul class=\"wp-block-list\">\n<li>Blocca efficacemente l'umidit\u00e0, l'ossigeno e la luce, contribuendo a mantenere la freschezza, la croccantezza e la durata di conservazione delle patatine.<\/li>\n<\/ul>\n\n\n\n<ul class=\"wp-block-list\">\n<li>Supporta film di imballaggio per patatine fritte stampati su misura di alta qualit\u00e0 su entrambi gli strati interni ed esterni per migliorare il branding, le istruzioni o i design promozionali.<\/li>\n<\/ul>\n\n\n\n<ul class=\"wp-block-list\">\n<li>Progettato con propriet\u00e0 di termosaldatura stabili, garantisce una forte integrit\u00e0 della tenuta e prestazioni ottimali nelle linee di confezionamento di snack ad alta velocit\u00e0.<\/li>\n<\/ul>\n<\/div>\n\n\n\n<div class=\"wp-block-column is-layout-flow wp-block-column-is-layout-flow\">\n<figure class=\"wp-block-image size-full\"><img fetchpriority=\"high\" decoding=\"async\" width=\"1000\" height=\"1000\" src=\"https:\/\/www.hyflexpack.com\/wp-content\/uploads\/2026\/02\/Custom-Potato-Chips-Packaging-Film-1.webp\" alt=\"Film d&#039;imballaggio per patatine fritte personalizzato\" class=\"wp-image-9267\" srcset=\"https:\/\/www.hyflexpack.com\/wp-content\/uploads\/2026\/02\/Custom-Potato-Chips-Packaging-Film-1.webp 1000w, https:\/\/www.hyflexpack.com\/wp-content\/uploads\/2026\/02\/Custom-Potato-Chips-Packaging-Film-1-300x300.webp 300w, https:\/\/www.hyflexpack.com\/wp-content\/uploads\/2026\/02\/Custom-Potato-Chips-Packaging-Film-1-150x150.webp 150w, https:\/\/www.hyflexpack.com\/wp-content\/uploads\/2026\/02\/Custom-Potato-Chips-Packaging-Film-1-768x768.webp 768w, https:\/\/www.hyflexpack.com\/wp-content\/uploads\/2026\/02\/Custom-Potato-Chips-Packaging-Film-1-12x12.webp 12w, https:\/\/www.hyflexpack.com\/wp-content\/uploads\/2026\/02\/Custom-Potato-Chips-Packaging-Film-1-285x285.webp 285w, https:\/\/www.hyflexpack.com\/wp-content\/uploads\/2026\/02\/Custom-Potato-Chips-Packaging-Film-1-270x270.webp 270w, https:\/\/www.hyflexpack.com\/wp-content\/uploads\/2026\/02\/Custom-Potato-Chips-Packaging-Film-1-540x540.webp 540w, https:\/\/www.hyflexpack.com\/wp-content\/uploads\/2026\/02\/Custom-Potato-Chips-Packaging-Film-1-660x660.webp 660w\" sizes=\"(max-width: 1000px) 100vw, 1000px\" \/><\/figure>\n<\/div>\n<\/div>","protected":false},"excerpt":{"rendered":"<p>Il nostro film per l'imballaggio di patatine fritte personalizzato \u00e8 costituito da una struttura in plastica laminata in poliestere e alluminio, progettata per l'imballaggio di snack ad alta velocit\u00e0. Questo film di imballaggio per patatine ad alta barriera offre un'eccellente protezione dall'umidit\u00e0, dall'ossigeno e dalla luce, con stampa personalizzata disponibile sia sulla superficie interna che su quella esterna per migliorare l'impatto del marchio e l'esperienza del consumatore. Contattateci oggi stesso e lasciateci personalizzare il vostro esclusivo imballaggio alimentare!<\/p>\n<h2>Vantaggi del nostro film d'imballaggio per patatine fritte personalizzato<\/h2>\n<ul>\n<li>Design personalizzato: Forniamo servizi personalizzati, tra cui la personalizzazione del materiale, delle dimensioni e del modello di stampa per soddisfare le esigenze dei clienti, e supportiamo OEM e ODM.<\/li>\n<li>Produzione: Adottare linee di produzione composite avanzate a livello internazionale e sistemi di controllo automatico per garantire processi produttivi efficienti e stabili e consegne puntuali.<\/li>\n<li>Ispezione della qualit\u00e0: Produrre rigorosamente in conformit\u00e0 agli standard di qualit\u00e0 e ai requisiti di sicurezza alimentare per garantire che i prodotti siano conformi agli standard.<\/li>\n<li>Servizio clienti: Fornire una risposta rapida e un'assistenza premurosa al cliente 24 ore al giorno.<\/li>\n<li>Campioni gratuiti: Realizzare piccoli lotti di campioni da far provare e valutare ai clienti.<\/li>\n<\/ul>\n<p>Huiyang Packaging si impegna a fornire ai clienti film da imballaggio per patatine fritte personalizzati di alta qualit\u00e0, aiutandoli a migliorare l'immagine dei loro prodotti e a rafforzare la loro competitivit\u00e0 sul mercato.<\/p>","protected":false},"featured_media":9267,"comment_status":"closed","ping_status":"closed","template":"","meta":[],"product_brand":[],"product_cat":[53],"product_tag":[],"class_list":{"0":"post-9284","1":"product","2":"type-product","3":"status-publish","4":"has-post-thumbnail","6":"product_cat-packaging-film-supplier","8":"first","9":"instock","10":"shipping-taxable","11":"product-type-simple"},"_links":{"self":[{"href":"https:\/\/www.hyflexpack.com\/it\/wp-json\/wp\/v2\/product\/9284","targetHints":{"allow":["GET"]}}],"collection":[{"href":"https:\/\/www.hyflexpack.com\/it\/wp-json\/wp\/v2\/product"}],"about":[{"href":"https:\/\/www.hyflexpack.com\/it\/wp-json\/wp\/v2\/types\/product"}],"replies":[{"embeddable":true,"href":"https:\/\/www.hyflexpack.com\/it\/wp-json\/wp\/v2\/comments?post=9284"}],"wp:featuredmedia":[{"embeddable":true,"href":"https:\/\/www.hyflexpack.com\/it\/wp-json\/wp\/v2\/media\/9267"}],"wp:attachment":[{"href":"https:\/\/www.hyflexpack.com\/it\/wp-json\/wp\/v2\/media?parent=9284"}],"wp:term":[{"taxonomy":"product_brand","embeddable":true,"href":"https:\/\/www.hyflexpack.com\/it\/wp-json\/wp\/v2\/product_brand?post=9284"},{"taxonomy":"product_cat","embeddable":true,"href":"https:\/\/www.hyflexpack.com\/it\/wp-json\/wp\/v2\/product_cat?post=9284"},{"taxonomy":"product_tag","embeddable":true,"href":"https:\/\/www.hyflexpack.com\/it\/wp-json\/wp\/v2\/product_tag?post=9284"}],"curies":[{"name":"wp","href":"https:\/\/api.w.org\/{rel}","templated":true}]}}