{"id":9126,"date":"2026-01-31T01:23:17","date_gmt":"2026-01-31T01:23:17","guid":{"rendered":"https:\/\/www.hyflexpack.com\/?post_type=product&#038;p=9126"},"modified":"2026-01-31T01:23:25","modified_gmt":"2026-01-31T01:23:25","slug":"custom-dog-snack-packaging-bags","status":"publish","type":"product","link":"https:\/\/www.hyflexpack.com\/it\/product\/custom-dog-snack-packaging-bags\/","title":{"rendered":"Sacchetti per l'imballaggio di snack per cani personalizzati, sacchetti con cerniera stand-up opachi\/lucidi con finestra e tacca di strappo"},"content":{"rendered":"<div class=\"wp-block-columns is-layout-flex wp-container-core-columns-is-layout-9d6595d7 wp-block-columns-is-layout-flex\">\n<div class=\"wp-block-column is-layout-flow wp-block-column-is-layout-flow\">\n<h2 class=\"wp-block-heading\">Features Of Custom Dog Snack Packaging Bags<\/h2>\n\n\n\n<ul class=\"wp-block-list\">\n<li>Eye-Catching Matte\/Glossy Finish \u2013 Make your products stand out with custom dog snack packaging bags in glossy or matte finishes.<\/li>\n\n\n\n<li>Transparent Window \u2013 Showcase your dog treats for better customer engagement and premium shelf presence.<\/li>\n\n\n\n<li>Tear Notch Convenience \u2013 Easy tear opening for a hassle-free experience and repeat use.<\/li>\n\n\n\n<li>Resealable Stand-Up Design \u2013 Maintain freshness with stand-up zipper pouches that support resealing.<\/li>\n\n\n\n<li>Customizable Private Label Options \u2013 Size, thickness, and printing customization for B2B and OEM brands.<\/li>\n<\/ul>\n<\/div>\n\n\n\n<div class=\"wp-block-column is-layout-flow wp-block-column-is-layout-flow\">\n<figure class=\"wp-block-image size-full\"><img fetchpriority=\"high\" decoding=\"async\" width=\"1024\" height=\"1024\" src=\"https:\/\/www.hyflexpack.com\/wp-content\/uploads\/2026\/01\/Custom-Dog-Snack-Packaging-Bags-1.webp\" alt=\"Sacchetti per l&#039;imballaggio di snack per cani personalizzati \" class=\"wp-image-9069\" srcset=\"https:\/\/www.hyflexpack.com\/wp-content\/uploads\/2026\/01\/Custom-Dog-Snack-Packaging-Bags-1.webp 1024w, https:\/\/www.hyflexpack.com\/wp-content\/uploads\/2026\/01\/Custom-Dog-Snack-Packaging-Bags-1-300x300.webp 300w, https:\/\/www.hyflexpack.com\/wp-content\/uploads\/2026\/01\/Custom-Dog-Snack-Packaging-Bags-1-150x150.webp 150w, https:\/\/www.hyflexpack.com\/wp-content\/uploads\/2026\/01\/Custom-Dog-Snack-Packaging-Bags-1-768x768.webp 768w, https:\/\/www.hyflexpack.com\/wp-content\/uploads\/2026\/01\/Custom-Dog-Snack-Packaging-Bags-1-12x12.webp 12w, https:\/\/www.hyflexpack.com\/wp-content\/uploads\/2026\/01\/Custom-Dog-Snack-Packaging-Bags-1-285x285.webp 285w, https:\/\/www.hyflexpack.com\/wp-content\/uploads\/2026\/01\/Custom-Dog-Snack-Packaging-Bags-1-270x270.webp 270w, https:\/\/www.hyflexpack.com\/wp-content\/uploads\/2026\/01\/Custom-Dog-Snack-Packaging-Bags-1-540x540.webp 540w, https:\/\/www.hyflexpack.com\/wp-content\/uploads\/2026\/01\/Custom-Dog-Snack-Packaging-Bags-1-660x660.webp 660w\" sizes=\"(max-width: 1024px) 100vw, 1024px\" \/><\/figure>\n<\/div>\n<\/div>\n\n\n\n<div class=\"wp-block-columns is-layout-flex wp-container-core-columns-is-layout-9d6595d7 wp-block-columns-is-layout-flex\">\n<div class=\"wp-block-column is-layout-flow wp-block-column-is-layout-flow\">\n<figure class=\"wp-block-image size-full\"><img decoding=\"async\" width=\"1000\" height=\"1000\" src=\"https:\/\/www.hyflexpack.com\/wp-content\/uploads\/2026\/01\/Custom-Dog-Snack-Packaging-Bags-5.webp\" alt=\"Sacchetti per l&#039;imballaggio di snack per cani personalizzati\" class=\"wp-image-9073\" srcset=\"https:\/\/www.hyflexpack.com\/wp-content\/uploads\/2026\/01\/Custom-Dog-Snack-Packaging-Bags-5.webp 1000w, https:\/\/www.hyflexpack.com\/wp-content\/uploads\/2026\/01\/Custom-Dog-Snack-Packaging-Bags-5-300x300.webp 300w, https:\/\/www.hyflexpack.com\/wp-content\/uploads\/2026\/01\/Custom-Dog-Snack-Packaging-Bags-5-150x150.webp 150w, https:\/\/www.hyflexpack.com\/wp-content\/uploads\/2026\/01\/Custom-Dog-Snack-Packaging-Bags-5-768x768.webp 768w, https:\/\/www.hyflexpack.com\/wp-content\/uploads\/2026\/01\/Custom-Dog-Snack-Packaging-Bags-5-12x12.webp 12w, https:\/\/www.hyflexpack.com\/wp-content\/uploads\/2026\/01\/Custom-Dog-Snack-Packaging-Bags-5-285x285.webp 285w, https:\/\/www.hyflexpack.com\/wp-content\/uploads\/2026\/01\/Custom-Dog-Snack-Packaging-Bags-5-270x270.webp 270w, https:\/\/www.hyflexpack.com\/wp-content\/uploads\/2026\/01\/Custom-Dog-Snack-Packaging-Bags-5-540x540.webp 540w, https:\/\/www.hyflexpack.com\/wp-content\/uploads\/2026\/01\/Custom-Dog-Snack-Packaging-Bags-5-660x660.webp 660w\" sizes=\"(max-width: 1000px) 100vw, 1000px\" \/><\/figure>\n<\/div>\n\n\n\n<div class=\"wp-block-column is-layout-flow wp-block-column-is-layout-flow\">\n<figure class=\"wp-block-image size-full\"><img decoding=\"async\" width=\"1000\" height=\"1000\" src=\"https:\/\/www.hyflexpack.com\/wp-content\/uploads\/2026\/01\/Custom-Dog-Snack-Packaging-Bags-4.webp\" alt=\"Sacchetti per l&#039;imballaggio di snack per cani personalizzati\" class=\"wp-image-9072\" srcset=\"https:\/\/www.hyflexpack.com\/wp-content\/uploads\/2026\/01\/Custom-Dog-Snack-Packaging-Bags-4.webp 1000w, https:\/\/www.hyflexpack.com\/wp-content\/uploads\/2026\/01\/Custom-Dog-Snack-Packaging-Bags-4-300x300.webp 300w, https:\/\/www.hyflexpack.com\/wp-content\/uploads\/2026\/01\/Custom-Dog-Snack-Packaging-Bags-4-150x150.webp 150w, https:\/\/www.hyflexpack.com\/wp-content\/uploads\/2026\/01\/Custom-Dog-Snack-Packaging-Bags-4-768x768.webp 768w, https:\/\/www.hyflexpack.com\/wp-content\/uploads\/2026\/01\/Custom-Dog-Snack-Packaging-Bags-4-12x12.webp 12w, https:\/\/www.hyflexpack.com\/wp-content\/uploads\/2026\/01\/Custom-Dog-Snack-Packaging-Bags-4-285x285.webp 285w, https:\/\/www.hyflexpack.com\/wp-content\/uploads\/2026\/01\/Custom-Dog-Snack-Packaging-Bags-4-270x270.webp 270w, https:\/\/www.hyflexpack.com\/wp-content\/uploads\/2026\/01\/Custom-Dog-Snack-Packaging-Bags-4-540x540.webp 540w, https:\/\/www.hyflexpack.com\/wp-content\/uploads\/2026\/01\/Custom-Dog-Snack-Packaging-Bags-4-660x660.webp 660w\" sizes=\"(max-width: 1000px) 100vw, 1000px\" \/><\/figure>\n<\/div>\n<\/div>","protected":false},"excerpt":{"rendered":"<p>Our custom dog snack packaging bags are designed as stand-up zipper pouches made of glossy composite material. Featuring a transparent window and tear notch, they combine functionality, resealability, and attractive shelf appeal. Perfect for private label brands and B2B buyers seeking customizable dog treat packaging solutions. Contact our professional team now for a detailed quote. We will serve you wholeheartedly!<\/p>\n<h2>Advantages of Custom Dog Snack Packaging Bags<\/h2>\n<ul>\n<li>Design personalizzato: Forniamo servizi di sacchetti da imballaggio personalizzati, tra cui la personalizzazione del materiale, delle dimensioni e del modello di stampa per soddisfare le esigenze dei clienti, e supportiamo OEM e ODM.<\/li>\n<li>Produzione: Grazie ad attrezzature e tecnologie avanzate, siamo in grado di completare la produzione degli ordini in modo efficiente e di alta qualit\u00e0 e di consegnarli in tempo.<\/li>\n<li>Ispezione della qualit\u00e0: La produzione avviene in stretta conformit\u00e0 con gli standard di qualit\u00e0 e i requisiti di sicurezza alimentare, per garantire che i prodotti siano conformi agli standard.<\/li>\n<li>Servizio clienti: Fornire una risposta rapida e un'assistenza premurosa al cliente 24 ore al giorno.<\/li>\n<li>Campione gratuito: Fornire un servizio di campionatura gratuita per valutare il prodotto.\u00a0<\/li>\n<\/ul>\n<p>Huiyang Packaging is committed to providing customers with high-quality Custom Dog Snack Packaging Bags, helping customers enhance product image and strengthen market competitiveness.<\/p>","protected":false},"featured_media":9069,"comment_status":"closed","ping_status":"closed","template":"","meta":[],"product_brand":[],"product_cat":[56,51],"product_tag":[116,124],"class_list":{"0":"post-9126","1":"product","2":"type-product","3":"status-publish","4":"has-post-thumbnail","6":"product_cat-custom-pet-food-packaging","7":"product_cat-custom-food-packaging-bags","8":"product_tag-stand-up-pouch-manufacturer","9":"product_tag-zipper-pouch-manufacturer","11":"first","12":"instock","13":"shipping-taxable","14":"product-type-simple"},"_links":{"self":[{"href":"https:\/\/www.hyflexpack.com\/it\/wp-json\/wp\/v2\/product\/9126","targetHints":{"allow":["GET"]}}],"collection":[{"href":"https:\/\/www.hyflexpack.com\/it\/wp-json\/wp\/v2\/product"}],"about":[{"href":"https:\/\/www.hyflexpack.com\/it\/wp-json\/wp\/v2\/types\/product"}],"replies":[{"embeddable":true,"href":"https:\/\/www.hyflexpack.com\/it\/wp-json\/wp\/v2\/comments?post=9126"}],"wp:featuredmedia":[{"embeddable":true,"href":"https:\/\/www.hyflexpack.com\/it\/wp-json\/wp\/v2\/media\/9069"}],"wp:attachment":[{"href":"https:\/\/www.hyflexpack.com\/it\/wp-json\/wp\/v2\/media?parent=9126"}],"wp:term":[{"taxonomy":"product_brand","embeddable":true,"href":"https:\/\/www.hyflexpack.com\/it\/wp-json\/wp\/v2\/product_brand?post=9126"},{"taxonomy":"product_cat","embeddable":true,"href":"https:\/\/www.hyflexpack.com\/it\/wp-json\/wp\/v2\/product_cat?post=9126"},{"taxonomy":"product_tag","embeddable":true,"href":"https:\/\/www.hyflexpack.com\/it\/wp-json\/wp\/v2\/product_tag?post=9126"}],"curies":[{"name":"wp","href":"https:\/\/api.w.org\/{rel}","templated":true}]}}