{"id":9125,"date":"2026-01-31T01:21:16","date_gmt":"2026-01-31T01:21:16","guid":{"rendered":"https:\/\/www.hyflexpack.com\/?post_type=product&#038;p=9125"},"modified":"2026-01-31T01:21:18","modified_gmt":"2026-01-31T01:21:18","slug":"custom-dog-treat-packaging-bags-oem","status":"publish","type":"product","link":"https:\/\/www.hyflexpack.com\/it\/product\/custom-dog-treat-packaging-bags-oem\/","title":{"rendered":"Fabbrica di sacchetti per l'imballaggio di crocchette per cani personalizzati dell'OEM - sacchetti lucidi della chiusura lampo di Stand-Up con la finestra e la tacca di strappo"},"content":{"rendered":"<div class=\"wp-block-columns is-layout-flex wp-container-core-columns-is-layout-9d6595d7 wp-block-columns-is-layout-flex\">\n<div class=\"wp-block-column is-layout-flow wp-block-column-is-layout-flow\">\n<h2 class=\"wp-block-heading\">Features Of OEM Custom Dog Treat Packaging Bags<\/h2>\n\n\n\n<ul class=\"wp-block-list\">\n<li>Premium Brand Visibility \u2013 Highlight your brand with glossy custom dog treat packaging bags and a clear window to showcase the product.<\/li>\n\n\n\n<li>Durable Composite Material \u2013 Protects dog treats from moisture and contamination, keeping snacks fresh longer.<\/li>\n\n\n\n<li>Stand-Up Zipper Convenience \u2013 Easy-to-use stand-up zipper pouches with reliable resealing for retail display.<\/li>\n\n\n\n<li>Tear Notch for Customer Ease \u2013 The easy tear notch allows hassle-free opening, improving user experience.<\/li>\n\n\n\n<li>Fully Customizable for Private Label \u2013 Size, thickness, and printing options make these dog snack packaging bags ideal for B2B and OEM brands.<\/li>\n<\/ul>\n<\/div>\n\n\n\n<div class=\"wp-block-column is-layout-flow wp-block-column-is-layout-flow\">\n<figure class=\"wp-block-image size-full\"><img fetchpriority=\"high\" decoding=\"async\" width=\"1024\" height=\"1024\" src=\"https:\/\/www.hyflexpack.com\/wp-content\/uploads\/2026\/01\/OEM-Custom-Dog-Treat-Packaging-Bags-2.webp\" alt=\"OEM Custom Dog Treat Packaging Bags \" class=\"wp-image-9098\" srcset=\"https:\/\/www.hyflexpack.com\/wp-content\/uploads\/2026\/01\/OEM-Custom-Dog-Treat-Packaging-Bags-2.webp 1024w, https:\/\/www.hyflexpack.com\/wp-content\/uploads\/2026\/01\/OEM-Custom-Dog-Treat-Packaging-Bags-2-300x300.webp 300w, https:\/\/www.hyflexpack.com\/wp-content\/uploads\/2026\/01\/OEM-Custom-Dog-Treat-Packaging-Bags-2-150x150.webp 150w, https:\/\/www.hyflexpack.com\/wp-content\/uploads\/2026\/01\/OEM-Custom-Dog-Treat-Packaging-Bags-2-768x768.webp 768w, https:\/\/www.hyflexpack.com\/wp-content\/uploads\/2026\/01\/OEM-Custom-Dog-Treat-Packaging-Bags-2-12x12.webp 12w, https:\/\/www.hyflexpack.com\/wp-content\/uploads\/2026\/01\/OEM-Custom-Dog-Treat-Packaging-Bags-2-285x285.webp 285w, https:\/\/www.hyflexpack.com\/wp-content\/uploads\/2026\/01\/OEM-Custom-Dog-Treat-Packaging-Bags-2-270x270.webp 270w, https:\/\/www.hyflexpack.com\/wp-content\/uploads\/2026\/01\/OEM-Custom-Dog-Treat-Packaging-Bags-2-540x540.webp 540w, https:\/\/www.hyflexpack.com\/wp-content\/uploads\/2026\/01\/OEM-Custom-Dog-Treat-Packaging-Bags-2-660x660.webp 660w\" sizes=\"(max-width: 1024px) 100vw, 1024px\" \/><\/figure>\n<\/div>\n<\/div>\n\n\n\n<div class=\"wp-block-columns is-layout-flex wp-container-core-columns-is-layout-9d6595d7 wp-block-columns-is-layout-flex\">\n<div class=\"wp-block-column is-layout-flow wp-block-column-is-layout-flow\">\n<figure class=\"wp-block-image size-full\"><img decoding=\"async\" width=\"1000\" height=\"1000\" src=\"https:\/\/www.hyflexpack.com\/wp-content\/uploads\/2026\/01\/OEM-Custom-Dog-Treat-Packaging-Bags-3.webp\" alt=\"OEM Custom Dog Treat Packaging Bags\" class=\"wp-image-9100\" srcset=\"https:\/\/www.hyflexpack.com\/wp-content\/uploads\/2026\/01\/OEM-Custom-Dog-Treat-Packaging-Bags-3.webp 1000w, https:\/\/www.hyflexpack.com\/wp-content\/uploads\/2026\/01\/OEM-Custom-Dog-Treat-Packaging-Bags-3-300x300.webp 300w, https:\/\/www.hyflexpack.com\/wp-content\/uploads\/2026\/01\/OEM-Custom-Dog-Treat-Packaging-Bags-3-150x150.webp 150w, https:\/\/www.hyflexpack.com\/wp-content\/uploads\/2026\/01\/OEM-Custom-Dog-Treat-Packaging-Bags-3-768x768.webp 768w, https:\/\/www.hyflexpack.com\/wp-content\/uploads\/2026\/01\/OEM-Custom-Dog-Treat-Packaging-Bags-3-12x12.webp 12w, https:\/\/www.hyflexpack.com\/wp-content\/uploads\/2026\/01\/OEM-Custom-Dog-Treat-Packaging-Bags-3-285x285.webp 285w, https:\/\/www.hyflexpack.com\/wp-content\/uploads\/2026\/01\/OEM-Custom-Dog-Treat-Packaging-Bags-3-270x270.webp 270w, https:\/\/www.hyflexpack.com\/wp-content\/uploads\/2026\/01\/OEM-Custom-Dog-Treat-Packaging-Bags-3-540x540.webp 540w, https:\/\/www.hyflexpack.com\/wp-content\/uploads\/2026\/01\/OEM-Custom-Dog-Treat-Packaging-Bags-3-660x660.webp 660w\" sizes=\"(max-width: 1000px) 100vw, 1000px\" \/><\/figure>\n<\/div>\n\n\n\n<div class=\"wp-block-column is-layout-flow wp-block-column-is-layout-flow\">\n<figure class=\"wp-block-image size-full\"><img decoding=\"async\" width=\"1000\" height=\"1000\" src=\"https:\/\/www.hyflexpack.com\/wp-content\/uploads\/2026\/01\/OEM-Custom-Dog-Treat-Packaging-Bags-1.webp\" alt=\"OEM Custom Dog Treat Packaging Bags\" class=\"wp-image-9097\" srcset=\"https:\/\/www.hyflexpack.com\/wp-content\/uploads\/2026\/01\/OEM-Custom-Dog-Treat-Packaging-Bags-1.webp 1000w, https:\/\/www.hyflexpack.com\/wp-content\/uploads\/2026\/01\/OEM-Custom-Dog-Treat-Packaging-Bags-1-300x300.webp 300w, https:\/\/www.hyflexpack.com\/wp-content\/uploads\/2026\/01\/OEM-Custom-Dog-Treat-Packaging-Bags-1-150x150.webp 150w, https:\/\/www.hyflexpack.com\/wp-content\/uploads\/2026\/01\/OEM-Custom-Dog-Treat-Packaging-Bags-1-768x768.webp 768w, https:\/\/www.hyflexpack.com\/wp-content\/uploads\/2026\/01\/OEM-Custom-Dog-Treat-Packaging-Bags-1-12x12.webp 12w, https:\/\/www.hyflexpack.com\/wp-content\/uploads\/2026\/01\/OEM-Custom-Dog-Treat-Packaging-Bags-1-285x285.webp 285w, https:\/\/www.hyflexpack.com\/wp-content\/uploads\/2026\/01\/OEM-Custom-Dog-Treat-Packaging-Bags-1-270x270.webp 270w, https:\/\/www.hyflexpack.com\/wp-content\/uploads\/2026\/01\/OEM-Custom-Dog-Treat-Packaging-Bags-1-540x540.webp 540w, https:\/\/www.hyflexpack.com\/wp-content\/uploads\/2026\/01\/OEM-Custom-Dog-Treat-Packaging-Bags-1-660x660.webp 660w\" sizes=\"(max-width: 1000px) 100vw, 1000px\" \/><\/figure>\n<\/div>\n<\/div>","protected":false},"excerpt":{"rendered":"<p>Our OEM custom dog treat packaging bags are made from glossy composite material and feature stand-up zipper pouches with a transparent window and a tear notch. These dog snack packaging bags are fully customizable in size, thickness, and printing, providing premium shelf appeal and practical resealability for private label brands and B2B buyers. Contact our professional team now for a detailed quote. We will serve you wholeheartedly!<\/p>\n<h2>Advantages of OEM Custom Dog Treat Packaging Bags<\/h2>\n<ul>\n<li>Design personalizzato: Forniamo servizi di sacchetti da imballaggio personalizzati, tra cui la personalizzazione del materiale, delle dimensioni e del modello di stampa per soddisfare le esigenze dei clienti, e supportiamo OEM e ODM.<\/li>\n<li>Produzione: Grazie ad attrezzature e tecnologie avanzate, siamo in grado di completare la produzione degli ordini in modo efficiente e di alta qualit\u00e0 e di consegnarli in tempo.<\/li>\n<li>Ispezione della qualit\u00e0: La produzione avviene in stretta conformit\u00e0 con gli standard di qualit\u00e0 e i requisiti di sicurezza alimentare, per garantire che i prodotti siano conformi agli standard.<\/li>\n<li>Servizio clienti: Fornire una risposta rapida e un'assistenza premurosa al cliente 24 ore al giorno.<\/li>\n<li>Campione gratuito: Fornire un servizio di campionatura gratuita per valutare il prodotto.<\/li>\n<\/ul>\n<p>Huiyang Packaging is committed to providing customers with high-quality OEM Custom Dog Treat Packaging Bags, helping customers enhance product image and strengthen market competitiveness.<\/p>","protected":false},"featured_media":9098,"comment_status":"closed","ping_status":"closed","template":"","meta":[],"product_brand":[],"product_cat":[56,51],"product_tag":[116],"class_list":{"0":"post-9125","1":"product","2":"type-product","3":"status-publish","4":"has-post-thumbnail","6":"product_cat-custom-pet-food-packaging","7":"product_cat-custom-food-packaging-bags","8":"product_tag-stand-up-pouch-manufacturer","10":"first","11":"instock","12":"shipping-taxable","13":"product-type-simple"},"_links":{"self":[{"href":"https:\/\/www.hyflexpack.com\/it\/wp-json\/wp\/v2\/product\/9125","targetHints":{"allow":["GET"]}}],"collection":[{"href":"https:\/\/www.hyflexpack.com\/it\/wp-json\/wp\/v2\/product"}],"about":[{"href":"https:\/\/www.hyflexpack.com\/it\/wp-json\/wp\/v2\/types\/product"}],"replies":[{"embeddable":true,"href":"https:\/\/www.hyflexpack.com\/it\/wp-json\/wp\/v2\/comments?post=9125"}],"wp:featuredmedia":[{"embeddable":true,"href":"https:\/\/www.hyflexpack.com\/it\/wp-json\/wp\/v2\/media\/9098"}],"wp:attachment":[{"href":"https:\/\/www.hyflexpack.com\/it\/wp-json\/wp\/v2\/media?parent=9125"}],"wp:term":[{"taxonomy":"product_brand","embeddable":true,"href":"https:\/\/www.hyflexpack.com\/it\/wp-json\/wp\/v2\/product_brand?post=9125"},{"taxonomy":"product_cat","embeddable":true,"href":"https:\/\/www.hyflexpack.com\/it\/wp-json\/wp\/v2\/product_cat?post=9125"},{"taxonomy":"product_tag","embeddable":true,"href":"https:\/\/www.hyflexpack.com\/it\/wp-json\/wp\/v2\/product_tag?post=9125"}],"curies":[{"name":"wp","href":"https:\/\/api.w.org\/{rel}","templated":true}]}}