{"id":8882,"date":"2026-01-04T01:59:05","date_gmt":"2026-01-04T01:59:05","guid":{"rendered":"https:\/\/www.hyflexpack.com\/?post_type=product&#038;p=8882"},"modified":"2026-01-07T08:09:48","modified_gmt":"2026-01-07T08:09:48","slug":"custom-candy-packaging-bags-supplier","status":"publish","type":"product","link":"https:\/\/www.hyflexpack.com\/it\/product\/custom-candy-packaging-bags-supplier\/","title":{"rendered":"Sacchetti per l'imballaggio di caramelle personalizzati, buste con cerniera stand-up in materiale plastico composito e opzioni di personalizzazione del marchio"},"content":{"rendered":"<div class=\"wp-block-columns is-layout-flex wp-container-core-columns-is-layout-9d6595d7 wp-block-columns-is-layout-flex\">\n<div class=\"wp-block-column is-layout-flow wp-block-column-is-layout-flow\">\n<h2 class=\"wp-block-heading\">Caratteristiche dei sacchetti per l'imballaggio di caramelle personalizzati<\/h2>\n\n\n\n<ul class=\"wp-block-list\">\n<li>Questi sacchetti personalizzati per l'imballaggio di caramelle supportano dimensioni, stampa e finiture personalizzate, aiutando i marchi a creare imballaggi che riflettono la loro identit\u00e0.<\/li>\n\n\n\n<li>Il design delle buste con cerniera stand-up consente alle buste di stare in piedi sugli scaffali, migliorando la visibilit\u00e0 e la presentazione.<\/li>\n\n\n\n<li>Realizzati in materiale plastico composito, i sacchetti offrono resistenza e affidabilit\u00e0 per il confezionamento e la movimentazione quotidiana di caramelle.<\/li>\n\n\n\n<li>Grazie alle opzioni di personalizzazione complete, questi sacchetti personalizzati per l'imballaggio di caramelle consentono di stampare loghi, colori e disegni in modo chiaro e coerente.<\/li>\n\n\n\n<li>La chiusura a cerniera mantiene le caramelle al sicuro dopo l'apertura, aumentando la convenienza per i consumatori e prolungando la durata del viaggio.<\/li>\n<\/ul>\n<\/div>\n\n\n\n<div class=\"wp-block-column is-layout-flow wp-block-column-is-layout-flow\">\n<figure class=\"wp-block-image size-full\"><img fetchpriority=\"high\" decoding=\"async\" width=\"1000\" height=\"1000\" src=\"https:\/\/www.hyflexpack.com\/wp-content\/uploads\/2025\/12\/Custom-Candy-Packaging-Bags-1.webp\" alt=\"Sacchetti per l&#039;imballaggio di caramelle personalizzati\" class=\"wp-image-8828\" srcset=\"https:\/\/www.hyflexpack.com\/wp-content\/uploads\/2025\/12\/Custom-Candy-Packaging-Bags-1.webp 1000w, https:\/\/www.hyflexpack.com\/wp-content\/uploads\/2025\/12\/Custom-Candy-Packaging-Bags-1-300x300.webp 300w, https:\/\/www.hyflexpack.com\/wp-content\/uploads\/2025\/12\/Custom-Candy-Packaging-Bags-1-150x150.webp 150w, https:\/\/www.hyflexpack.com\/wp-content\/uploads\/2025\/12\/Custom-Candy-Packaging-Bags-1-768x768.webp 768w, https:\/\/www.hyflexpack.com\/wp-content\/uploads\/2025\/12\/Custom-Candy-Packaging-Bags-1-12x12.webp 12w, https:\/\/www.hyflexpack.com\/wp-content\/uploads\/2025\/12\/Custom-Candy-Packaging-Bags-1-285x285.webp 285w, https:\/\/www.hyflexpack.com\/wp-content\/uploads\/2025\/12\/Custom-Candy-Packaging-Bags-1-270x270.webp 270w, https:\/\/www.hyflexpack.com\/wp-content\/uploads\/2025\/12\/Custom-Candy-Packaging-Bags-1-540x540.webp 540w, https:\/\/www.hyflexpack.com\/wp-content\/uploads\/2025\/12\/Custom-Candy-Packaging-Bags-1-660x660.webp 660w\" sizes=\"(max-width: 1000px) 100vw, 1000px\" \/><\/figure>\n<\/div>\n<\/div>","protected":false},"excerpt":{"rendered":"<p>I nostri sacchetti personalizzati per l'imballaggio delle caramelle sono progettati per favorire la visibilit\u00e0 del marchio e la praticit\u00e0 quotidiana. Queste buste con cerniera stand-up sono realizzate in materiale plastico resistente e offrono un aspetto pulito, una protezione affidabile e una facile richiusura per i prodotti dolciari. Grazie alle flessibili opzioni di personalizzazione del marchio, sono adatte per l'esposizione al dettaglio e il confezionamento promozionale. Contattateci oggi stesso per personalizzare il vostro imballaggio per caramelle e iniziare il vostro ordine. Vantaggi dei sacchetti per l'imballaggio di caramelle personalizzati di alta qualit\u00e0 \u25cfProgettazione personalizzata: Forniamo servizi di sacchetti di imballaggio personalizzati, tra cui la personalizzazione del materiale, delle dimensioni e del modello di stampa per soddisfare le esigenze dei clienti, e supportiamo OEM e ODM. Produzione: Grazie ad attrezzature e tecnologie avanzate, siamo in grado di completare la produzione degli ordini in modo efficiente e di alta qualit\u00e0 e di consegnarli in tempo. Ispezione di qualit\u00e0: La produzione viene eseguita in stretta conformit\u00e0 con gli standard di qualit\u00e0 e i requisiti di sicurezza alimentare per garantire che i prodotti siano conformi agli standard. Servizio clienti: Fornire una risposta rapida e un'assistenza premurosa al cliente 24 ore su 24. Campione gratuito: Forniamo un servizio di campionamento gratuito per valutare il prodotto. Huiyang Packaging si impegna a fornire ai clienti sacchetti per l'imballaggio di caramelle personalizzate di alta qualit\u00e0, aiutandoli a migliorare l'immagine del prodotto e la competitivit\u00e0 del mercato.<\/p>","protected":false},"featured_media":8828,"comment_status":"closed","ping_status":"closed","template":"","meta":[],"product_brand":[],"product_cat":[107,51],"product_tag":[116,124],"class_list":{"0":"post-8882","1":"product","2":"type-product","3":"status-publish","4":"has-post-thumbnail","6":"product_cat-candy-packaging-bags-wholesale","7":"product_cat-custom-food-packaging-bags","8":"product_tag-stand-up-pouch-manufacturer","9":"product_tag-zipper-pouch-manufacturer","11":"first","12":"instock","13":"shipping-taxable","14":"product-type-simple"},"_links":{"self":[{"href":"https:\/\/www.hyflexpack.com\/it\/wp-json\/wp\/v2\/product\/8882","targetHints":{"allow":["GET"]}}],"collection":[{"href":"https:\/\/www.hyflexpack.com\/it\/wp-json\/wp\/v2\/product"}],"about":[{"href":"https:\/\/www.hyflexpack.com\/it\/wp-json\/wp\/v2\/types\/product"}],"replies":[{"embeddable":true,"href":"https:\/\/www.hyflexpack.com\/it\/wp-json\/wp\/v2\/comments?post=8882"}],"wp:featuredmedia":[{"embeddable":true,"href":"https:\/\/www.hyflexpack.com\/it\/wp-json\/wp\/v2\/media\/8828"}],"wp:attachment":[{"href":"https:\/\/www.hyflexpack.com\/it\/wp-json\/wp\/v2\/media?parent=8882"}],"wp:term":[{"taxonomy":"product_brand","embeddable":true,"href":"https:\/\/www.hyflexpack.com\/it\/wp-json\/wp\/v2\/product_brand?post=8882"},{"taxonomy":"product_cat","embeddable":true,"href":"https:\/\/www.hyflexpack.com\/it\/wp-json\/wp\/v2\/product_cat?post=8882"},{"taxonomy":"product_tag","embeddable":true,"href":"https:\/\/www.hyflexpack.com\/it\/wp-json\/wp\/v2\/product_tag?post=8882"}],"curies":[{"name":"wp","href":"https:\/\/api.w.org\/{rel}","templated":true}]}}