{"id":8879,"date":"2026-01-04T03:11:46","date_gmt":"2026-01-04T03:11:46","guid":{"rendered":"https:\/\/www.hyflexpack.com\/?post_type=product&#038;p=8879"},"modified":"2026-01-04T03:11:50","modified_gmt":"2026-01-04T03:11:50","slug":"custom-candy-pouches-factory","status":"publish","type":"product","link":"https:\/\/www.hyflexpack.com\/it\/product\/custom-candy-pouches-factory\/","title":{"rendered":"Fabbrica su ordinazione dei sacchetti della caramella, etichetta privata sta su i sacchetti d'imballaggio della caramella"},"content":{"rendered":"<div class=\"wp-block-columns is-layout-flex wp-container-core-columns-is-layout-9d6595d7 wp-block-columns-is-layout-flex\">\n<div class=\"wp-block-column is-layout-flow wp-block-column-is-layout-flow\">\n<h2 class=\"wp-block-heading\">Caratteristiche dei sacchetti per caramelle personalizzati<\/h2>\n\n\n\n<ul class=\"wp-block-list\">\n<li>Questi sacchetti per caramelle Premium personalizzabili possono essere adattati per dimensioni, stampa e design, aiutando il vostro marchio a distinguersi con un packaging che si adatta perfettamente alle vostre caramelle.<\/li>\n\n\n\n<li>Realizzate in materiale plastico resistente, le buste offrono resistenza e protezione affidabili per le caramelle durante la conservazione, l'esposizione e il trasporto.<\/li>\n\n\n\n<li>La linguetta a strappo incorporata consente un'apertura rapida e pulita, migliorando l'esperienza dell'utente senza bisogno di forbici.<\/li>\n\n\n\n<li>Una cerniera facile da aprire assicura che la busta possa essere richiusa dopo l'apertura, contribuendo a mantenere la freschezza delle caramelle e la convenienza per i consumatori.<\/li>\n\n\n\n<li>Progettate per una presentazione a scaffale, queste buste per caramelle Premium personalizzabili combinano la funzionalit\u00e0 con un aspetto pulito e professionale, adatto a vari prodotti di caramelle.<\/li>\n<\/ul>\n<\/div>\n\n\n\n<div class=\"wp-block-column is-layout-flow wp-block-column-is-layout-flow\">\n<figure class=\"wp-block-image size-full\"><img fetchpriority=\"high\" decoding=\"async\" width=\"1000\" height=\"1000\" src=\"https:\/\/www.hyflexpack.com\/wp-content\/uploads\/2025\/12\/Premium-Customizable-Candy-Pouches-1.webp\" alt=\"Sacchetti per caramelle personalizzabili \" class=\"wp-image-8866\" srcset=\"https:\/\/www.hyflexpack.com\/wp-content\/uploads\/2025\/12\/Premium-Customizable-Candy-Pouches-1.webp 1000w, https:\/\/www.hyflexpack.com\/wp-content\/uploads\/2025\/12\/Premium-Customizable-Candy-Pouches-1-300x300.webp 300w, https:\/\/www.hyflexpack.com\/wp-content\/uploads\/2025\/12\/Premium-Customizable-Candy-Pouches-1-150x150.webp 150w, https:\/\/www.hyflexpack.com\/wp-content\/uploads\/2025\/12\/Premium-Customizable-Candy-Pouches-1-768x768.webp 768w, https:\/\/www.hyflexpack.com\/wp-content\/uploads\/2025\/12\/Premium-Customizable-Candy-Pouches-1-12x12.webp 12w, https:\/\/www.hyflexpack.com\/wp-content\/uploads\/2025\/12\/Premium-Customizable-Candy-Pouches-1-285x285.webp 285w, https:\/\/www.hyflexpack.com\/wp-content\/uploads\/2025\/12\/Premium-Customizable-Candy-Pouches-1-270x270.webp 270w, https:\/\/www.hyflexpack.com\/wp-content\/uploads\/2025\/12\/Premium-Customizable-Candy-Pouches-1-540x540.webp 540w, https:\/\/www.hyflexpack.com\/wp-content\/uploads\/2025\/12\/Premium-Customizable-Candy-Pouches-1-660x660.webp 660w\" sizes=\"(max-width: 1000px) 100vw, 1000px\" \/><\/figure>\n<\/div>\n<\/div>","protected":false},"excerpt":{"rendered":"<p>Le buste per caramelle personalizzabili Premium sono realizzate in materiali plastici compositi resistenti e progettate per un imballaggio affidabile di caramelle e dolciumi. La robusta struttura della busta aiuta a proteggere i prodotti durante lo stoccaggio e il trasporto, mentre la linguetta a strappo e la cerniera facile da aprire migliorano la comodit\u00e0 dell'utente dopo l'apertura. Queste buste per caramelle personalizzabili di alta qualit\u00e0 supportano la stampa personalizzata per il branding e l'esposizione al dettaglio. Contattateci oggi stesso per ottenere i prezzi e personalizzare la vostra confezione di caramelle. Vantaggi dei sacchetti per caramelle personalizzabili di alta qualit\u00e0 \u25cfDesign personalizzato: Forniamo servizi di sacchetti di imballaggio personalizzati, tra cui la personalizzazione del materiale, delle dimensioni e del modello di stampa per soddisfare le esigenze dei clienti, e supportiamo OEM e ODM. Produzione: Grazie ad attrezzature e tecnologie avanzate, siamo in grado di completare la produzione degli ordini in modo efficiente e di alta qualit\u00e0 e di consegnarli in tempo. Ispezione di qualit\u00e0: La produzione viene eseguita in stretta conformit\u00e0 con gli standard di qualit\u00e0 e i requisiti di sicurezza alimentare per garantire che i prodotti siano conformi agli standard. Servizio clienti: Fornire una risposta rapida e un'assistenza premurosa al cliente 24 ore su 24. Campione gratuito: Forniamo un servizio di campionamento gratuito per valutare il prodotto. Huiyang Packaging si impegna a fornire ai clienti sacchetti per caramelle personalizzabili di alta qualit\u00e0, aiutando i clienti a migliorare l'immagine del prodotto e la competitivit\u00e0 del mercato.<\/p>","protected":false},"featured_media":8866,"comment_status":"closed","ping_status":"closed","template":"","meta":[],"product_brand":[],"product_cat":[107,51],"product_tag":[116,124],"class_list":{"0":"post-8879","1":"product","2":"type-product","3":"status-publish","4":"has-post-thumbnail","6":"product_cat-candy-packaging-bags-wholesale","7":"product_cat-custom-food-packaging-bags","8":"product_tag-stand-up-pouch-manufacturer","9":"product_tag-zipper-pouch-manufacturer","11":"first","12":"instock","13":"shipping-taxable","14":"product-type-simple"},"_links":{"self":[{"href":"https:\/\/www.hyflexpack.com\/it\/wp-json\/wp\/v2\/product\/8879","targetHints":{"allow":["GET"]}}],"collection":[{"href":"https:\/\/www.hyflexpack.com\/it\/wp-json\/wp\/v2\/product"}],"about":[{"href":"https:\/\/www.hyflexpack.com\/it\/wp-json\/wp\/v2\/types\/product"}],"replies":[{"embeddable":true,"href":"https:\/\/www.hyflexpack.com\/it\/wp-json\/wp\/v2\/comments?post=8879"}],"wp:featuredmedia":[{"embeddable":true,"href":"https:\/\/www.hyflexpack.com\/it\/wp-json\/wp\/v2\/media\/8866"}],"wp:attachment":[{"href":"https:\/\/www.hyflexpack.com\/it\/wp-json\/wp\/v2\/media?parent=8879"}],"wp:term":[{"taxonomy":"product_brand","embeddable":true,"href":"https:\/\/www.hyflexpack.com\/it\/wp-json\/wp\/v2\/product_brand?post=8879"},{"taxonomy":"product_cat","embeddable":true,"href":"https:\/\/www.hyflexpack.com\/it\/wp-json\/wp\/v2\/product_cat?post=8879"},{"taxonomy":"product_tag","embeddable":true,"href":"https:\/\/www.hyflexpack.com\/it\/wp-json\/wp\/v2\/product_tag?post=8879"}],"curies":[{"name":"wp","href":"https:\/\/api.w.org\/{rel}","templated":true}]}}