{"id":7824,"date":"2025-10-18T03:57:16","date_gmt":"2025-10-18T03:57:16","guid":{"rendered":"https:\/\/www.hyflexpack.com\/?post_type=product&#038;p=7824"},"modified":"2025-12-31T07:40:52","modified_gmt":"2025-12-31T07:40:52","slug":"custom-flat-bottom-coffee-bag-oem","status":"publish","type":"product","link":"https:\/\/www.hyflexpack.com\/it\/product\/custom-flat-bottom-coffee-bag-oem\/","title":{"rendered":"OEM fondo piatto caff\u00e8 borsa produttore, fornitore di imballaggio caff\u00e8 all'ingrosso"},"content":{"rendered":"<div class=\"wp-block-columns is-layout-flex wp-container-core-columns-is-layout-9d6595d7 wp-block-columns-is-layout-flex\">\n<div class=\"wp-block-column is-layout-flow wp-block-column-is-layout-flow\">\n<h3 class=\"wp-block-heading\">Caratteristiche della borsa da caff\u00e8 OEM a fondo piatto<\/h3>\n\n\n\n<ul class=\"wp-block-list\">\n<li><strong>Personalizzazione OEM completa<\/strong>: I nostri sacchetti di caff\u00e8 OEM a fondo piatto offrono un controllo completo del design per i marchi di caff\u00e8 privati, comprendendo le dimensioni del sacchetto, la composizione del materiale e la stampa ad alta fedelt\u00e0.<\/li>\n<\/ul>\n\n\n\n<ul class=\"wp-block-list\">\n<li><strong>Costruzione verticale superiore<\/strong>: Il sacchetto di caff\u00e8 a fondo piatto \u00e8 ideale per una presenza privilegiata sugli scaffali dei negozi, consente un imballaggio denso e riduce al minimo il ribaltamento: un vantaggio significativo sia per il merchandising che per il confezionamento all'ingrosso di grandi volumi.<\/li>\n<\/ul>\n\n\n\n<ul class=\"wp-block-list\">\n<li><strong>Durevole e resistente alle forature<\/strong>: Progettata per resistere alle sfide del trasporto, la struttura composita assicura che la busta sia resistente agli strappi e alle forature, proteggendo il contenuto da danni durante la spedizione e la movimentazione.<\/li>\n<\/ul>\n\n\n\n<ul class=\"wp-block-list\">\n<li><strong>Soluzioni B2B:<\/strong> Offriamo quantit\u00e0 minime d'ordine (MOQ) flessibili per supportare i lanci iniziali del marchio, insieme a prezzi convenienti per gli ordini all'ingrosso. I nostri cicli di produzione semplificati garantiscono tempi rapidi, fornendo un partner affidabile ed efficiente per la catena di fornitura del vostro marchio di caff\u00e8 in crescita.<\/li>\n<\/ul>\n<\/div>\n\n\n\n<div class=\"wp-block-column is-layout-flow wp-block-column-is-layout-flow\">\n<figure class=\"wp-block-image size-full\"><img fetchpriority=\"high\" decoding=\"async\" width=\"750\" height=\"750\" src=\"https:\/\/www.hyflexpack.com\/wp-content\/uploads\/2025\/09\/OEM-flat-bottom-coffee-bag-1.webp\" alt=\"Borsa da caff\u00e8 OEM a fondo piatto (1)\" class=\"wp-image-8068\" srcset=\"https:\/\/www.hyflexpack.com\/wp-content\/uploads\/2025\/09\/OEM-flat-bottom-coffee-bag-1.webp 750w, https:\/\/www.hyflexpack.com\/wp-content\/uploads\/2025\/09\/OEM-flat-bottom-coffee-bag-1-300x300.webp 300w, https:\/\/www.hyflexpack.com\/wp-content\/uploads\/2025\/09\/OEM-flat-bottom-coffee-bag-1-150x150.webp 150w, https:\/\/www.hyflexpack.com\/wp-content\/uploads\/2025\/09\/OEM-flat-bottom-coffee-bag-1-12x12.webp 12w, https:\/\/www.hyflexpack.com\/wp-content\/uploads\/2025\/09\/OEM-flat-bottom-coffee-bag-1-285x285.webp 285w, https:\/\/www.hyflexpack.com\/wp-content\/uploads\/2025\/09\/OEM-flat-bottom-coffee-bag-1-270x270.webp 270w, https:\/\/www.hyflexpack.com\/wp-content\/uploads\/2025\/09\/OEM-flat-bottom-coffee-bag-1-540x540.webp 540w, https:\/\/www.hyflexpack.com\/wp-content\/uploads\/2025\/09\/OEM-flat-bottom-coffee-bag-1-660x660.webp 660w\" sizes=\"(max-width: 750px) 100vw, 750px\" \/><\/figure>\n<\/div>\n<\/div>\n\n\n\n<div class=\"wp-block-columns is-layout-flex wp-container-core-columns-is-layout-9d6595d7 wp-block-columns-is-layout-flex\">\n<div class=\"wp-block-column is-layout-flow wp-block-column-is-layout-flow\">\n<figure class=\"wp-block-image size-full\"><img decoding=\"async\" width=\"750\" height=\"750\" src=\"https:\/\/www.hyflexpack.com\/wp-content\/uploads\/2025\/09\/\u5496\u55618.webp\" alt=\"OEM borse di caff\u00e8 a fondo piatto con logo personalizzato\" class=\"wp-image-7819\" srcset=\"https:\/\/www.hyflexpack.com\/wp-content\/uploads\/2025\/09\/\u5496\u55618.webp 750w, https:\/\/www.hyflexpack.com\/wp-content\/uploads\/2025\/09\/\u5496\u55618-300x300.webp 300w, https:\/\/www.hyflexpack.com\/wp-content\/uploads\/2025\/09\/\u5496\u55618-150x150.webp 150w, https:\/\/www.hyflexpack.com\/wp-content\/uploads\/2025\/09\/\u5496\u55618-12x12.webp 12w, https:\/\/www.hyflexpack.com\/wp-content\/uploads\/2025\/09\/\u5496\u55618-285x285.webp 285w, https:\/\/www.hyflexpack.com\/wp-content\/uploads\/2025\/09\/\u5496\u55618-270x270.webp 270w, https:\/\/www.hyflexpack.com\/wp-content\/uploads\/2025\/09\/\u5496\u55618-540x540.webp 540w, https:\/\/www.hyflexpack.com\/wp-content\/uploads\/2025\/09\/\u5496\u55618-660x660.webp 660w\" sizes=\"(max-width: 750px) 100vw, 750px\" \/><\/figure>\n<\/div>\n\n\n\n<div class=\"wp-block-column is-layout-flow wp-block-column-is-layout-flow\">\n<figure class=\"wp-block-image size-full\"><img decoding=\"async\" width=\"750\" height=\"750\" src=\"https:\/\/www.hyflexpack.com\/wp-content\/uploads\/2025\/09\/\u5496\u55616.webp\" alt=\"OEM borse di caff\u00e8 a fondo piatto con logo personalizzato\" class=\"wp-image-7817\" srcset=\"https:\/\/www.hyflexpack.com\/wp-content\/uploads\/2025\/09\/\u5496\u55616.webp 750w, https:\/\/www.hyflexpack.com\/wp-content\/uploads\/2025\/09\/\u5496\u55616-300x300.webp 300w, https:\/\/www.hyflexpack.com\/wp-content\/uploads\/2025\/09\/\u5496\u55616-150x150.webp 150w, https:\/\/www.hyflexpack.com\/wp-content\/uploads\/2025\/09\/\u5496\u55616-12x12.webp 12w, https:\/\/www.hyflexpack.com\/wp-content\/uploads\/2025\/09\/\u5496\u55616-285x285.webp 285w, https:\/\/www.hyflexpack.com\/wp-content\/uploads\/2025\/09\/\u5496\u55616-270x270.webp 270w, https:\/\/www.hyflexpack.com\/wp-content\/uploads\/2025\/09\/\u5496\u55616-540x540.webp 540w, https:\/\/www.hyflexpack.com\/wp-content\/uploads\/2025\/09\/\u5496\u55616-660x660.webp 660w\" sizes=\"(max-width: 750px) 100vw, 750px\" \/><\/figure>\n<\/div>\n<\/div>\n\n\n\n<div class=\"wp-block-columns is-layout-flex wp-container-core-columns-is-layout-9d6595d7 wp-block-columns-is-layout-flex\">\n<div class=\"wp-block-column is-layout-flow wp-block-column-is-layout-flow\"><\/div>\n\n\n\n<div class=\"wp-block-column is-layout-flow wp-block-column-is-layout-flow\"><\/div>\n<\/div>","protected":false},"excerpt":{"rendered":"<p>Il nostro sacchetto di caff\u00e8 OEM a fondo piatto \u00e8 stato progettato per garantire freschezza, convenienza e appeal visivo ottimali. Grazie alla protezione ad alta barriera e al design richiudibile, la nostra confezione \u00e8 perfetta per i chicchi di caff\u00e8 e il caff\u00e8 macinato. Contattateci subito per un campione gratuito!<\/p>\n<h3>Vantaggi del sacchetto di caff\u00e8 a fondo piatto<\/h3>\n<ul>\n<li><strong>Design personalizzato<\/strong>: Forniamo un servizio di sacchetti per l'imballaggio del caff\u00e8 dal design personalizzato, compresa la personalizzazione del materiale, delle dimensioni e del modello di stampa per soddisfare le esigenze dei clienti, e supportiamo OEM e ODM.<\/li>\n<li><strong>Produzione<\/strong>: Grazie ad attrezzature e tecnologie avanzate, siamo in grado di completare la produzione degli ordini con un'elevata efficienza e qualit\u00e0 e di consegnare in tempo.<\/li>\n<li><strong>Ispezione della qualit\u00e0<\/strong>: Seguire rigorosamente gli standard di qualit\u00e0 e i requisiti di sicurezza alimentare per garantire la conformit\u00e0 dei prodotti agli standard.<\/li>\n<li><strong>Supporto tecnico del team<\/strong>: Il nostro team ha una ricca esperienza nel settore e conoscenze professionali ed \u00e8 in grado di fornire assistenza tecnica e servizi di consulenza 24 ore su 24 ai nostri clienti.<\/li>\n<li><strong>Certificazione: la certificazione<\/strong>\u00a0FDA\/BRC\/ISO 9001\/RoHS<\/li>\n<li><strong>Campione gratuito<\/strong>: Fornire un servizio di campionatura gratuita per valutare i prodotti.<\/li>\n<\/ul>\n<p>Huiyang Packaging si impegna a fornire ai clienti sacchetti per l'imballaggio del caff\u00e8 di alta qualit\u00e0 e personalizzati, per aiutarli a migliorare l'immagine dei loro prodotti e ad aumentare la competitivit\u00e0 sul mercato.<\/p>","protected":false},"featured_media":8068,"comment_status":"open","ping_status":"closed","template":"","meta":[],"product_brand":[],"product_cat":[55,51],"product_tag":[117],"class_list":{"0":"post-7824","1":"product","2":"type-product","3":"status-publish","4":"has-post-thumbnail","6":"product_cat-custom-coffee-packaging","7":"product_cat-custom-food-packaging-bags","8":"product_tag-flat-bottom-pouch-manufacturer","10":"first","11":"instock","12":"shipping-taxable","13":"product-type-simple"},"_links":{"self":[{"href":"https:\/\/www.hyflexpack.com\/it\/wp-json\/wp\/v2\/product\/7824","targetHints":{"allow":["GET"]}}],"collection":[{"href":"https:\/\/www.hyflexpack.com\/it\/wp-json\/wp\/v2\/product"}],"about":[{"href":"https:\/\/www.hyflexpack.com\/it\/wp-json\/wp\/v2\/types\/product"}],"replies":[{"embeddable":true,"href":"https:\/\/www.hyflexpack.com\/it\/wp-json\/wp\/v2\/comments?post=7824"}],"wp:featuredmedia":[{"embeddable":true,"href":"https:\/\/www.hyflexpack.com\/it\/wp-json\/wp\/v2\/media\/8068"}],"wp:attachment":[{"href":"https:\/\/www.hyflexpack.com\/it\/wp-json\/wp\/v2\/media?parent=7824"}],"wp:term":[{"taxonomy":"product_brand","embeddable":true,"href":"https:\/\/www.hyflexpack.com\/it\/wp-json\/wp\/v2\/product_brand?post=7824"},{"taxonomy":"product_cat","embeddable":true,"href":"https:\/\/www.hyflexpack.com\/it\/wp-json\/wp\/v2\/product_cat?post=7824"},{"taxonomy":"product_tag","embeddable":true,"href":"https:\/\/www.hyflexpack.com\/it\/wp-json\/wp\/v2\/product_tag?post=7824"}],"curies":[{"name":"wp","href":"https:\/\/api.w.org\/{rel}","templated":true}]}}