{"id":7764,"date":"2025-11-04T09:39:08","date_gmt":"2025-11-04T09:39:08","guid":{"rendered":"https:\/\/www.hyflexpack.com\/?post_type=product&#038;p=7764"},"modified":"2026-04-23T09:05:34","modified_gmt":"2026-04-23T09:05:34","slug":"wholesale-12oz-coffee-bags-supplier","status":"publish","type":"product","link":"https:\/\/www.hyflexpack.com\/it\/product\/wholesale-12oz-coffee-bags-supplier\/","title":{"rendered":"12 oz sacchetti di caff\u00e8 soffietto laterale t\u00e8 macinato e caff\u00e8 imballaggio fornitore fabbrica diretta"},"content":{"rendered":"<div class=\"wp-block-columns is-layout-flex wp-container-core-columns-is-layout-9d6595d7 wp-block-columns-is-layout-flex\">\n<div class=\"wp-block-column is-layout-flow wp-block-column-is-layout-flow\">\n<h2 class=\"wp-block-heading\">Sacchetti di caff\u00e8 da 12 oz all'ingrosso Caratteristiche:<\/h2>\n\n\n\n<ul class=\"wp-block-list\">\n<li><strong>Struttura a pieghe laterali<\/strong> - Questi <strong>sacchetti di caff\u00e8 da 12 oz all'ingrosso<\/strong> presentano un design a soffietto laterale per una migliore stabilit\u00e0 e un'attraente esposizione a scaffale.<\/li>\n\n\n\n<li><strong>Applicazioni versatili<\/strong> - Adatto per caff\u00e8 macinato, foglie di t\u00e8, miscele di t\u00e8 e vari prodotti alimentari secchi.<\/li>\n\n\n\n<li><strong>Opzioni di stampa personalizzate<\/strong> - Loghi, colori, motivi e finiture possono essere completamente personalizzati per migliorare l'identit\u00e0 del marchio.<\/li>\n\n\n\n<li><strong>Materiale d'imballaggio resistente<\/strong> - Progettato per proteggere il contenuto mantenendo la freschezza e la qualit\u00e0 del prodotto.<\/li>\n\n\n\n<li><strong>Fabbrica diretta all'ingrosso<\/strong> \u2013 <strong>Commercio all'ingrosso di sacchetti di caff\u00e8 da 12 oz<\/strong> sono disponibili a prezzi competitivi e con consegne stabili per gli ordini di grandi quantit\u00e0<\/li>\n<\/ul>\n<\/div>\n\n\n\n<div class=\"wp-block-column is-layout-flow wp-block-column-is-layout-flow\">\n<figure class=\"wp-block-image size-full\"><img fetchpriority=\"high\" decoding=\"async\" width=\"750\" height=\"750\" src=\"https:\/\/www.hyflexpack.com\/wp-content\/uploads\/2025\/09\/Wholesale-12oz-Tea-and-Coffee-Bags-2.webp\" alt=\"Commercio all&#039;ingrosso di bustine di t\u00e8 e caff\u00e8 da 12 once \" class=\"wp-image-7745\" srcset=\"https:\/\/www.hyflexpack.com\/wp-content\/uploads\/2025\/09\/Wholesale-12oz-Tea-and-Coffee-Bags-2.webp 750w, https:\/\/www.hyflexpack.com\/wp-content\/uploads\/2025\/09\/Wholesale-12oz-Tea-and-Coffee-Bags-2-300x300.webp 300w, https:\/\/www.hyflexpack.com\/wp-content\/uploads\/2025\/09\/Wholesale-12oz-Tea-and-Coffee-Bags-2-150x150.webp 150w, https:\/\/www.hyflexpack.com\/wp-content\/uploads\/2025\/09\/Wholesale-12oz-Tea-and-Coffee-Bags-2-12x12.webp 12w, https:\/\/www.hyflexpack.com\/wp-content\/uploads\/2025\/09\/Wholesale-12oz-Tea-and-Coffee-Bags-2-285x285.webp 285w, https:\/\/www.hyflexpack.com\/wp-content\/uploads\/2025\/09\/Wholesale-12oz-Tea-and-Coffee-Bags-2-270x270.webp 270w, https:\/\/www.hyflexpack.com\/wp-content\/uploads\/2025\/09\/Wholesale-12oz-Tea-and-Coffee-Bags-2-540x540.webp 540w, https:\/\/www.hyflexpack.com\/wp-content\/uploads\/2025\/09\/Wholesale-12oz-Tea-and-Coffee-Bags-2-660x660.webp 660w\" sizes=\"(max-width: 750px) 100vw, 750px\" \/><\/figure>\n<\/div>\n<\/div>\n\n\n\n<p><\/p>","protected":false},"excerpt":{"rendered":"<p>In qualit\u00e0 di fornitore di imballaggi per caff\u00e8 all'ingrosso, i sacchetti di caff\u00e8 da 12 once con design a soffietto laterale garantiscono un'esposizione stabile sugli scaffali per t\u00e8 e caff\u00e8 macinato nella vendita al dettaglio\/all'ingrosso. Factory-direct supporta ordini all'ingrosso e stampa personalizzata per caffetterie, marchi di t\u00e8 e fornitori di alimenti. Soluzioni di imballaggio ecologiche in un'unica soluzione.<\/p>\n<h3>Vantaggi del fornitore di sacchetti di caff\u00e8 12 oz all'ingrosso<\/h3>\n<ul>\n<li><a href=\"https:\/\/www.hyflexpack.com\/it\/imballaggi-flessibili-personalizzati\/\"><strong>Design personalizzato<\/strong><\/a>: Fornire soluzioni di design personalizzate con diverse specifiche, dimensioni e modelli di stampa in base alle esigenze del cliente.<\/li>\n<li><strong>Garanzia di qualit\u00e0<\/strong>: Controllare rigorosamente il processo di produzione e scegliere materiali di alta qualit\u00e0 e attrezzature avanzate per garantire una qualit\u00e0 del prodotto stabile e affidabile.<\/li>\n<li><strong>Consegna tempestiva<\/strong>: Ottimizzare il processo di produzione, migliorare l'efficienza produttiva, garantire la consegna puntuale degli ordini dei clienti, soddisfare le esigenze urgenti dei clienti.<\/li>\n<li><strong>Assistenza tecnica professionale<\/strong>: Team tecnico esperto per fornire assistenza tecnica professionale e servizio post-vendita per garantire una risposta e una soluzione tempestive alla domanda.<\/li>\n<li><strong>Campione gratuito<\/strong>: Fornire un servizio di campionamento gratuito per valutare i prodotti.<\/li>\n<\/ul>\n<p><a href=\"https:\/\/www.hyflexpack.com\/it\/\"><strong>Imballaggio Huiyang<\/strong><\/a> \u00e8 impegnata a fornire ai clienti prodotti di alta qualit\u00e0 e personalizzati <strong data-start=\"42\" data-end=\"72\">sacchetti di caff\u00e8 da 12 oz all'ingrosso<\/strong> per aiutare i clienti a migliorare l'immagine dei loro prodotti e ad aumentare la competitivit\u00e0 sul mercato.<\/p>","protected":false},"featured_media":7745,"comment_status":"open","ping_status":"closed","template":"","meta":[],"product_brand":[],"product_cat":[55,51],"product_tag":[122],"class_list":{"0":"post-7764","1":"product","2":"type-product","3":"status-publish","4":"has-post-thumbnail","6":"product_cat-custom-coffee-packaging","7":"product_cat-custom-food-packaging-bags","8":"product_tag-gusset-pouch-manufacturer","10":"first","11":"instock","12":"shipping-taxable","13":"product-type-simple"},"_links":{"self":[{"href":"https:\/\/www.hyflexpack.com\/it\/wp-json\/wp\/v2\/product\/7764","targetHints":{"allow":["GET"]}}],"collection":[{"href":"https:\/\/www.hyflexpack.com\/it\/wp-json\/wp\/v2\/product"}],"about":[{"href":"https:\/\/www.hyflexpack.com\/it\/wp-json\/wp\/v2\/types\/product"}],"replies":[{"embeddable":true,"href":"https:\/\/www.hyflexpack.com\/it\/wp-json\/wp\/v2\/comments?post=7764"}],"wp:featuredmedia":[{"embeddable":true,"href":"https:\/\/www.hyflexpack.com\/it\/wp-json\/wp\/v2\/media\/7745"}],"wp:attachment":[{"href":"https:\/\/www.hyflexpack.com\/it\/wp-json\/wp\/v2\/media?parent=7764"}],"wp:term":[{"taxonomy":"product_brand","embeddable":true,"href":"https:\/\/www.hyflexpack.com\/it\/wp-json\/wp\/v2\/product_brand?post=7764"},{"taxonomy":"product_cat","embeddable":true,"href":"https:\/\/www.hyflexpack.com\/it\/wp-json\/wp\/v2\/product_cat?post=7764"},{"taxonomy":"product_tag","embeddable":true,"href":"https:\/\/www.hyflexpack.com\/it\/wp-json\/wp\/v2\/product_tag?post=7764"}],"curies":[{"name":"wp","href":"https:\/\/api.w.org\/{rel}","templated":true}]}}