{"id":7628,"date":"2025-09-06T10:24:45","date_gmt":"2025-09-06T10:24:45","guid":{"rendered":"https:\/\/www.hyflexpack.com\/?post_type=product&#038;p=7628"},"modified":"2026-01-03T09:54:09","modified_gmt":"2026-01-03T09:54:09","slug":"detergent-packaging-pouch-manufacturer","status":"publish","type":"product","link":"https:\/\/www.hyflexpack.com\/it\/product\/detergent-packaging-pouch-manufacturer\/","title":{"rendered":"Produttore del sacchetto d'imballaggio del detersivo, sacchetto d'imballaggio del beccuccio per il liquido di lavaggio della lavastoviglie"},"content":{"rendered":"<div class=\"wp-block-columns is-layout-flex wp-container-core-columns-is-layout-9d6595d7 wp-block-columns-is-layout-flex\">\n<div class=\"wp-block-column is-layout-flow wp-block-column-is-layout-flow\">\n<h2 class=\"wp-block-heading\">Sacchetto per confezioni di detersivo Caratteristiche:<\/h2>\n\n\n\n<ul class=\"wp-block-list\">\n<li><strong>Imballaggio laminato a lungo termine: <\/strong>La nostra busta con beccuccio per sapone per piatti di alta gamma \u00e8 realizzata con pellicole laminate multistrato di alta qualit\u00e0 che offrono una protezione barriera di alta qualit\u00e0, resistenza all'umidit\u00e0 e prestazioni a prova di perdite per ospitare in modo sicuro saponi liquidi e detergenti.<\/li>\n\n\n\n<li><strong>Comodo design del beccuccio: <\/strong>Con tappi a vite o a ribalta, questa busta assicura un facile versamento e un comodo utilizzo quotidiano, con riduzione delle fuoriuscite e miglioramento dell'esperienza d'uso.<\/li>\n\n\n\n<li><strong>Opzioni di personalizzazione del marchio:<\/strong> In qualit\u00e0 di fabbrica di sacchetti con beccuccio stand-up, forniamo tutti i marchi, compresa la stampa del logo, il design dei modelli e i formati multipli dei sacchetti per consentire ai marchi di creare visibilit\u00e0 e identit\u00e0 sul mercato.<\/li>\n\n\n\n<li><strong>Imballaggio ecologico e sostenibile:<\/strong> La scelta di materiali ecologici, riciclabili o biodegradabili, rende questa busta con beccuccio stand-up sostenibile, consentendo di realizzare programmi ecologici a prezzi accessibili.<\/li>\n\n\n\n<li><strong>Applicazioni versatili: <\/strong>Particolarmente adatto per detersivi, detersivi per bucato, sapone liquido e altri prodotti per la pulizia della casa, questo sacchetto promette convenienza e flessibilit\u00e0 a diversi prodotti liquidi.<\/li>\n\n\n\n<li><strong>OEM\/ODM Fornitura diretta della fabbrica: <\/strong>Prodotti da una fabbrica professionale di sacchetti per pacchetti di detersivi, forniamo un prezzo diretto alla fabbrica, un basso MOQ, una produzione rapida e un rigoroso controllo di qualit\u00e0 per soddisfare ordini su larga scala o di marchi privati.<\/li>\n<\/ul>\n<\/div>\n\n\n\n<div class=\"wp-block-column is-layout-flow wp-block-column-is-layout-flow\">\n<figure class=\"wp-block-image size-full\"><img fetchpriority=\"high\" decoding=\"async\" width=\"750\" height=\"750\" src=\"https:\/\/www.hyflexpack.com\/wp-content\/uploads\/2025\/10\/Detergent-Packaging-Pouch-Manufacturer-Huiyang-3.webp\" alt=\"Detersivo Packaging Pouch Fornitore - Huiyang (3)\" class=\"wp-image-8288\" srcset=\"https:\/\/www.hyflexpack.com\/wp-content\/uploads\/2025\/10\/Detergent-Packaging-Pouch-Manufacturer-Huiyang-3.webp 750w, https:\/\/www.hyflexpack.com\/wp-content\/uploads\/2025\/10\/Detergent-Packaging-Pouch-Manufacturer-Huiyang-3-300x300.webp 300w, https:\/\/www.hyflexpack.com\/wp-content\/uploads\/2025\/10\/Detergent-Packaging-Pouch-Manufacturer-Huiyang-3-150x150.webp 150w, https:\/\/www.hyflexpack.com\/wp-content\/uploads\/2025\/10\/Detergent-Packaging-Pouch-Manufacturer-Huiyang-3-12x12.webp 12w, https:\/\/www.hyflexpack.com\/wp-content\/uploads\/2025\/10\/Detergent-Packaging-Pouch-Manufacturer-Huiyang-3-285x285.webp 285w, https:\/\/www.hyflexpack.com\/wp-content\/uploads\/2025\/10\/Detergent-Packaging-Pouch-Manufacturer-Huiyang-3-270x270.webp 270w, https:\/\/www.hyflexpack.com\/wp-content\/uploads\/2025\/10\/Detergent-Packaging-Pouch-Manufacturer-Huiyang-3-540x540.webp 540w, https:\/\/www.hyflexpack.com\/wp-content\/uploads\/2025\/10\/Detergent-Packaging-Pouch-Manufacturer-Huiyang-3-660x660.webp 660w\" sizes=\"(max-width: 750px) 100vw, 750px\" \/><\/figure>\n<\/div>\n<\/div>","protected":false},"excerpt":{"rendered":"<p>Il nostro <strong data-start=\"1633\" data-end=\"1678\">sacchetto con beccuccio personalizzato per detersivo per piatti<\/strong> \u00e8 realizzato con pellicole laminate di lunga durata e con un design a prova di perdite. Come affidabile <strong data-start=\"1751\" data-end=\"1793\">produttore di sacchetti per l'imballaggio di detersivi<\/strong>, offriamo design gratuito, campioni gratuiti e prezzi all'ingrosso di fabbrica.<\/p>\n<h3>Imballaggio di detersivi in sacchetti Fornitore di vantaggi:<\/h3>\n<ul>\n<li><strong>Design personalizzato:<\/strong>\u00a0Forniamo servizi personalizzati, tra cui la personalizzazione del materiale, delle dimensioni e del modello di stampa per soddisfare le esigenze dei clienti, e supportiamo OEM e ODM.<\/li>\n<li><strong>Produzione:<\/strong>\u00a0Grazie ad attrezzature e tecnologie avanzate, siamo in grado di completare la produzione degli ordini in modo efficiente e di alta qualit\u00e0 e di consegnarli in tempo.<\/li>\n<li><strong>Ispezione di qualit\u00e0:<\/strong>\u00a0La produzione avviene nel rigoroso rispetto degli standard di qualit\u00e0 e dei requisiti di sicurezza alimentare, per garantire che i prodotti siano conformi agli standard.<\/li>\n<li><strong>Certificazione: la certificazione<\/strong>\u00a0FDA\/BRC\/ISO 9001\/RoHS<\/li>\n<li><strong>Servizio clienti:<\/strong>\u00a024 ore per fornire una risposta rapida e un'assistenza premurosa al cliente.<\/li>\n<li><strong>Campione gratuito:<\/strong>\u00a0Offriamo un servizio di campionatura gratuito per aiutarvi a valutare il prodotto.<\/li>\n<\/ul>\n<p><strong>Imballaggio Huiyang<\/strong> si impegna a fornire ai clienti\u00a0<b>personalizzato <strong data-start=\"1751\" data-end=\"1793\">sacchetto di imballaggio per detersivi <\/strong><\/b>per aiutare i clienti a migliorare l'immagine dei loro prodotti e ad aumentare la loro competitivit\u00e0 sul mercato.<\/p>","protected":false},"featured_media":8287,"comment_status":"open","ping_status":"closed","template":"","meta":[],"product_brand":[],"product_cat":[52],"product_tag":[115],"class_list":{"0":"post-7628","1":"product","2":"type-product","3":"status-publish","4":"has-post-thumbnail","6":"product_cat-custom-daily-chemical-packaging","7":"product_tag-spout-pouch-manufacturer","9":"first","10":"instock","11":"shipping-taxable","12":"product-type-simple"},"_links":{"self":[{"href":"https:\/\/www.hyflexpack.com\/it\/wp-json\/wp\/v2\/product\/7628","targetHints":{"allow":["GET"]}}],"collection":[{"href":"https:\/\/www.hyflexpack.com\/it\/wp-json\/wp\/v2\/product"}],"about":[{"href":"https:\/\/www.hyflexpack.com\/it\/wp-json\/wp\/v2\/types\/product"}],"replies":[{"embeddable":true,"href":"https:\/\/www.hyflexpack.com\/it\/wp-json\/wp\/v2\/comments?post=7628"}],"wp:featuredmedia":[{"embeddable":true,"href":"https:\/\/www.hyflexpack.com\/it\/wp-json\/wp\/v2\/media\/8287"}],"wp:attachment":[{"href":"https:\/\/www.hyflexpack.com\/it\/wp-json\/wp\/v2\/media?parent=7628"}],"wp:term":[{"taxonomy":"product_brand","embeddable":true,"href":"https:\/\/www.hyflexpack.com\/it\/wp-json\/wp\/v2\/product_brand?post=7628"},{"taxonomy":"product_cat","embeddable":true,"href":"https:\/\/www.hyflexpack.com\/it\/wp-json\/wp\/v2\/product_cat?post=7628"},{"taxonomy":"product_tag","embeddable":true,"href":"https:\/\/www.hyflexpack.com\/it\/wp-json\/wp\/v2\/product_tag?post=7628"}],"curies":[{"name":"wp","href":"https:\/\/api.w.org\/{rel}","templated":true}]}}