{"id":7393,"date":"2025-11-04T08:46:18","date_gmt":"2025-11-04T08:46:18","guid":{"rendered":"https:\/\/www.hyflexpack.com\/?post_type=product&#038;p=7393"},"modified":"2026-01-03T09:38:37","modified_gmt":"2026-01-03T09:38:37","slug":"medical-product-packaging-bags-bulk","status":"publish","type":"product","link":"https:\/\/www.hyflexpack.com\/it\/product\/medical-product-packaging-bags-bulk\/","title":{"rendered":"Commercio all'ingrosso di sacchetti di imballaggio per prodotti medici richiudibili Sacchetti a cerniera di primo soccorso personalizzati per ordini in serie dell'OEM"},"content":{"rendered":"<div class=\"wp-block-columns is-layout-flex wp-container-core-columns-is-layout-9d6595d7 wp-block-columns-is-layout-flex\">\n<div class=\"wp-block-column is-layout-flow wp-block-column-is-layout-flow\">\n<h2 class=\"wp-block-heading\">Caratteristiche delle borse per l'imballaggio di prodotti medici all'ingrosso<\/h2>\n\n\n\n<ul class=\"wp-block-list\">\n<li>Le nostre borse per l'imballaggio di prodotti medicali supportano ordini OEM e all'ingrosso - per clienti di marca, distributori di prodotti medicali, kit aziendali, ecc.<\/li>\n\n\n\n<li>Design resistente con cerniera - richiudibile per mantenere il contenuto pulito e igienico.<\/li>\n\n\n\n<li>Supporto per la stampa di alta qualit\u00e0 - LOGO del marchio, modello e istruzioni personalizzabili.<\/li>\n\n\n\n<li>Materiale di grado medico - il materiale soddisfa gli standard di sicurezza e pu\u00f2 entrare direttamente in contatto con articoli medici.<\/li>\n<\/ul>\n<\/div>\n\n\n\n<div class=\"wp-block-column is-layout-flow wp-block-column-is-layout-flow\">\n<figure class=\"wp-block-image size-full\"><img fetchpriority=\"high\" decoding=\"async\" width=\"750\" height=\"750\" src=\"https:\/\/www.hyflexpack.com\/wp-content\/uploads\/2025\/07\/Wholesale-Medical-Product-Packaging-Bags-1.webp\" alt=\"Borse per l&#039;imballaggio di prodotti medici all&#039;ingrosso \" class=\"wp-image-7407\" srcset=\"https:\/\/www.hyflexpack.com\/wp-content\/uploads\/2025\/07\/Wholesale-Medical-Product-Packaging-Bags-1.webp 750w, https:\/\/www.hyflexpack.com\/wp-content\/uploads\/2025\/07\/Wholesale-Medical-Product-Packaging-Bags-1-300x300.webp 300w, https:\/\/www.hyflexpack.com\/wp-content\/uploads\/2025\/07\/Wholesale-Medical-Product-Packaging-Bags-1-150x150.webp 150w, https:\/\/www.hyflexpack.com\/wp-content\/uploads\/2025\/07\/Wholesale-Medical-Product-Packaging-Bags-1-12x12.webp 12w, https:\/\/www.hyflexpack.com\/wp-content\/uploads\/2025\/07\/Wholesale-Medical-Product-Packaging-Bags-1-285x285.webp 285w, https:\/\/www.hyflexpack.com\/wp-content\/uploads\/2025\/07\/Wholesale-Medical-Product-Packaging-Bags-1-270x270.webp 270w, https:\/\/www.hyflexpack.com\/wp-content\/uploads\/2025\/07\/Wholesale-Medical-Product-Packaging-Bags-1-540x540.webp 540w, https:\/\/www.hyflexpack.com\/wp-content\/uploads\/2025\/07\/Wholesale-Medical-Product-Packaging-Bags-1-660x660.webp 660w\" sizes=\"(max-width: 750px) 100vw, 750px\" \/><\/figure>\n<\/div>\n<\/div>","protected":false},"excerpt":{"rendered":"<p>Siamo un produttore professionale di imballaggi flessibili, che fornisce sacchetti personalizzabili per l'imballaggio di prodotti medici adatti ai mini kit di pronto soccorso. Supportando la personalizzazione OEM e l'acquisto all'ingrosso, i sacchetti sono richiudibili e adatti a conservare materiali di primo soccorso come batuffoli di cotone alcolico, cotone assorbente e bende. Contattateci oggi stesso per un preventivo. Ci impegniamo a fornire soluzioni di imballaggio ecologiche e di alta qualit\u00e0. Vantaggi delle borse per l'imballaggio di prodotti medici all'ingrosso di alta qualit\u00e0 \u25cfProgettazione personalizzata: Forniamo servizi di sacchetti di imballaggio personalizzati, tra cui la personalizzazione del materiale, delle dimensioni e del modello di stampa per soddisfare le esigenze dei clienti, e supportiamo OEM e ODM. Produzione: Grazie ad attrezzature e tecnologie avanzate, siamo in grado di completare la produzione degli ordini in modo efficiente e di alta qualit\u00e0 e di consegnarli in tempo. Ispezione di qualit\u00e0: La produzione viene effettuata in stretta conformit\u00e0 con gli standard di qualit\u00e0 e i requisiti di sicurezza alimentare per garantire che i prodotti siano conformi agli standard. Servizio clienti: Fornire una risposta rapida e un'assistenza premurosa al cliente 24 ore su 24. Campione gratuito: Forniamo un servizio di campionatura gratuita per valutare il prodotto. Huiyang Packaging si impegna a fornire ai clienti borse per l'imballaggio di prodotti medici all'ingrosso di alta qualit\u00e0 per aiutare i clienti a migliorare l'immagine dei loro prodotti e ad aumentare la loro competitivit\u00e0 sul mercato.<\/p>","protected":false},"featured_media":7407,"comment_status":"open","ping_status":"closed","template":"","meta":[],"product_brand":[],"product_cat":[52],"product_tag":[116,124],"class_list":{"0":"post-7393","1":"product","2":"type-product","3":"status-publish","4":"has-post-thumbnail","6":"product_cat-custom-daily-chemical-packaging","7":"product_tag-stand-up-pouch-manufacturer","8":"product_tag-zipper-pouch-manufacturer","10":"first","11":"instock","12":"shipping-taxable","13":"product-type-simple"},"_links":{"self":[{"href":"https:\/\/www.hyflexpack.com\/it\/wp-json\/wp\/v2\/product\/7393","targetHints":{"allow":["GET"]}}],"collection":[{"href":"https:\/\/www.hyflexpack.com\/it\/wp-json\/wp\/v2\/product"}],"about":[{"href":"https:\/\/www.hyflexpack.com\/it\/wp-json\/wp\/v2\/types\/product"}],"replies":[{"embeddable":true,"href":"https:\/\/www.hyflexpack.com\/it\/wp-json\/wp\/v2\/comments?post=7393"}],"wp:featuredmedia":[{"embeddable":true,"href":"https:\/\/www.hyflexpack.com\/it\/wp-json\/wp\/v2\/media\/7407"}],"wp:attachment":[{"href":"https:\/\/www.hyflexpack.com\/it\/wp-json\/wp\/v2\/media?parent=7393"}],"wp:term":[{"taxonomy":"product_brand","embeddable":true,"href":"https:\/\/www.hyflexpack.com\/it\/wp-json\/wp\/v2\/product_brand?post=7393"},{"taxonomy":"product_cat","embeddable":true,"href":"https:\/\/www.hyflexpack.com\/it\/wp-json\/wp\/v2\/product_cat?post=7393"},{"taxonomy":"product_tag","embeddable":true,"href":"https:\/\/www.hyflexpack.com\/it\/wp-json\/wp\/v2\/product_tag?post=7393"}],"curies":[{"name":"wp","href":"https:\/\/api.w.org\/{rel}","templated":true}]}}