{"id":6954,"date":"2025-05-28T08:09:14","date_gmt":"2025-05-28T08:09:14","guid":{"rendered":"https:\/\/www.hyflexpack.com\/?post_type=product&#038;p=6954"},"modified":"2025-12-31T07:47:36","modified_gmt":"2025-12-31T07:47:36","slug":"seafood-and-fish-packaging-bag","status":"publish","type":"product","link":"https:\/\/www.hyflexpack.com\/it\/product\/seafood-and-fish-packaging-bag\/","title":{"rendered":"Sacchetto d'imballaggio su ordinazione del pesce e dei frutti di mare, fornitore di plastica del sacchetto riciclato di sigillamento di calore"},"content":{"rendered":"<div class=\"wp-block-columns is-layout-flex wp-container-core-columns-is-layout-9d6595d7 wp-block-columns-is-layout-flex\">\n<div class=\"wp-block-column is-layout-flow wp-block-column-is-layout-flow\">\n<h2 class=\"wp-block-heading\">Caratteristiche della borsa per l'imballaggio di pesce e frutti di mare<\/h2>\n\n\n\n<p>Come professionista <strong>fornitore di sacchetti per l'imballaggio dei frutti di mare<\/strong>, offriamo <strong>sacchetti per l'imballaggio del pesce personalizzati<\/strong> progettato per soddisfare i pi\u00f9 alti standard di conservazione, sostenibilit\u00e0 e branding.<\/p>\n\n\n\n<ul class=\"wp-block-list\">\n<li><strong>Ecologico e sostenibile<\/strong>: Realizzati con materiali riciclabili per contribuire a ridurre l'impronta di carbonio e sostenere gli obiettivi di sostenibilit\u00e0 del vostro marchio.<\/li>\n\n\n\n<li><strong>Super barriera e lunga durata di conservazione<\/strong>: La struttura multistrato termosaldata (ad esempio, PA\/PE) tiene lontani umidit\u00e0, aria e contaminanti, prolungando la durata di conservazione dei frutti di mare.<\/li>\n\n\n\n<li><strong>Resistente all'olio e a prova di perdite<\/strong>: Perfetto per i frutti di mare affumicati o marinati. Impedisce le perdite e mantiene la pulizia durante il trasporto.<\/li>\n\n\n\n<li><strong>Resistente alla catena del freddo fino a -25\u00b0C<\/strong>: Resiste alle temperature di congelamento senza incrinarsi o deformarsi, ideale per la logistica del pesce e dei frutti di mare congelati.<\/li>\n\n\n\n<li><strong>Resistente alle forature per un trasporto sicuro<\/strong>: Gli strati rinforzati resistono a ossa e gusci taglienti, garantendo la sicurezza del prodotto durante il trasporto.<\/li>\n\n\n\n<li><strong>Finestra trasparente per la visibilit\u00e0 del prodotto<\/strong>: Il design trasparente delle finestre mette in mostra la freschezza e crea fiducia nei consumatori.<\/li>\n\n\n\n<li><strong>Design completamente personalizzabile<\/strong>: Offriamo una personalizzazione completa in termini di dimensioni, forma e stampa, ideale per un branding unico. <strong>sacchetti per l'imballaggio del pesce personalizzati<\/strong>.<\/li>\n<\/ul>\n\n\n\n<p>Collaborare con un partner di fiducia <strong>fornitore di sacchetti per l'imballaggio dei frutti di mare<\/strong> per elevare il vostro marchio e proteggere il vostro prodotto. Contattateci ora per iniziare la vostra soluzione personalizzata!<\/p>\n<\/div>\n\n\n\n<div class=\"wp-block-column is-layout-flow wp-block-column-is-layout-flow\">\n<figure class=\"wp-block-image size-full\"><img fetchpriority=\"high\" decoding=\"async\" width=\"750\" height=\"750\" src=\"https:\/\/www.hyflexpack.com\/wp-content\/uploads\/2025\/05\/Customized-Recycled-Fish-Packaging-Bag-1.jpg\" alt=\"Fornitore di sacchetti per l&#039;imballaggio di pesce e frutti di mare personalizzati\" class=\"wp-image-6933\" srcset=\"https:\/\/www.hyflexpack.com\/wp-content\/uploads\/2025\/05\/Customized-Recycled-Fish-Packaging-Bag-1.jpg 750w, https:\/\/www.hyflexpack.com\/wp-content\/uploads\/2025\/05\/Customized-Recycled-Fish-Packaging-Bag-1-300x300.jpg 300w, https:\/\/www.hyflexpack.com\/wp-content\/uploads\/2025\/05\/Customized-Recycled-Fish-Packaging-Bag-1-150x150.jpg 150w, https:\/\/www.hyflexpack.com\/wp-content\/uploads\/2025\/05\/Customized-Recycled-Fish-Packaging-Bag-1-12x12.jpg 12w, https:\/\/www.hyflexpack.com\/wp-content\/uploads\/2025\/05\/Customized-Recycled-Fish-Packaging-Bag-1-285x285.jpg 285w, https:\/\/www.hyflexpack.com\/wp-content\/uploads\/2025\/05\/Customized-Recycled-Fish-Packaging-Bag-1-270x270.jpg 270w, https:\/\/www.hyflexpack.com\/wp-content\/uploads\/2025\/05\/Customized-Recycled-Fish-Packaging-Bag-1-540x540.jpg 540w, https:\/\/www.hyflexpack.com\/wp-content\/uploads\/2025\/05\/Customized-Recycled-Fish-Packaging-Bag-1-660x660.jpg 660w\" sizes=\"(max-width: 750px) 100vw, 750px\" \/><\/figure>\n<\/div>\n<\/div>\n\n\n\n<div class=\"wp-block-columns is-layout-flex wp-container-core-columns-is-layout-9d6595d7 wp-block-columns-is-layout-flex\">\n<div class=\"wp-block-column is-layout-flow wp-block-column-is-layout-flow\">\n<figure class=\"wp-block-image size-full\"><img decoding=\"async\" width=\"750\" height=\"750\" src=\"https:\/\/www.hyflexpack.com\/wp-content\/uploads\/2025\/05\/Customized-Recycled-Fish-Packaging-Bag-2.jpg\" alt=\"Borsa per l&#039;imballaggio di pesce e frutti di mare personalizzati con finestra Fornitore\" class=\"wp-image-6934\" srcset=\"https:\/\/www.hyflexpack.com\/wp-content\/uploads\/2025\/05\/Customized-Recycled-Fish-Packaging-Bag-2.jpg 750w, https:\/\/www.hyflexpack.com\/wp-content\/uploads\/2025\/05\/Customized-Recycled-Fish-Packaging-Bag-2-300x300.jpg 300w, https:\/\/www.hyflexpack.com\/wp-content\/uploads\/2025\/05\/Customized-Recycled-Fish-Packaging-Bag-2-150x150.jpg 150w, https:\/\/www.hyflexpack.com\/wp-content\/uploads\/2025\/05\/Customized-Recycled-Fish-Packaging-Bag-2-12x12.jpg 12w, https:\/\/www.hyflexpack.com\/wp-content\/uploads\/2025\/05\/Customized-Recycled-Fish-Packaging-Bag-2-285x285.jpg 285w, https:\/\/www.hyflexpack.com\/wp-content\/uploads\/2025\/05\/Customized-Recycled-Fish-Packaging-Bag-2-270x270.jpg 270w, https:\/\/www.hyflexpack.com\/wp-content\/uploads\/2025\/05\/Customized-Recycled-Fish-Packaging-Bag-2-540x540.jpg 540w, https:\/\/www.hyflexpack.com\/wp-content\/uploads\/2025\/05\/Customized-Recycled-Fish-Packaging-Bag-2-660x660.jpg 660w\" sizes=\"(max-width: 750px) 100vw, 750px\" \/><\/figure>\n<\/div>\n\n\n\n<div class=\"wp-block-column is-layout-flow wp-block-column-is-layout-flow\">\n<figure class=\"wp-block-image size-full\"><img decoding=\"async\" width=\"750\" height=\"750\" src=\"https:\/\/www.hyflexpack.com\/wp-content\/uploads\/2025\/05\/Customized-Recycled-Fish-Packaging-Bag-3.jpg\" alt=\"Fornitore di borse per l&#039;imballaggio di pesce e frutti di mare personalizzati\" class=\"wp-image-6935\" srcset=\"https:\/\/www.hyflexpack.com\/wp-content\/uploads\/2025\/05\/Customized-Recycled-Fish-Packaging-Bag-3.jpg 750w, https:\/\/www.hyflexpack.com\/wp-content\/uploads\/2025\/05\/Customized-Recycled-Fish-Packaging-Bag-3-300x300.jpg 300w, https:\/\/www.hyflexpack.com\/wp-content\/uploads\/2025\/05\/Customized-Recycled-Fish-Packaging-Bag-3-150x150.jpg 150w, https:\/\/www.hyflexpack.com\/wp-content\/uploads\/2025\/05\/Customized-Recycled-Fish-Packaging-Bag-3-12x12.jpg 12w, https:\/\/www.hyflexpack.com\/wp-content\/uploads\/2025\/05\/Customized-Recycled-Fish-Packaging-Bag-3-285x285.jpg 285w, https:\/\/www.hyflexpack.com\/wp-content\/uploads\/2025\/05\/Customized-Recycled-Fish-Packaging-Bag-3-270x270.jpg 270w, https:\/\/www.hyflexpack.com\/wp-content\/uploads\/2025\/05\/Customized-Recycled-Fish-Packaging-Bag-3-540x540.jpg 540w, https:\/\/www.hyflexpack.com\/wp-content\/uploads\/2025\/05\/Customized-Recycled-Fish-Packaging-Bag-3-660x660.jpg 660w\" sizes=\"(max-width: 750px) 100vw, 750px\" \/><\/figure>\n<\/div>\n<\/div>","protected":false},"excerpt":{"rendered":"<p>Su misura <strong data-start=\"12\" data-end=\"51\">sacchetti per l'imballaggio del pesce riciclati e personalizzati<\/strong> per frutti di mare come filetti congelati, affumicati e prodotti pronti al consumo. Realizzati in plastica ecologica e termosaldata, questi sacchetti offrono una forte capacit\u00e0 di mantenere la freschezza. Supporto per la personalizzazione del logo, del modello e delle dimensioni. Promuovete il vostro marchio ecologico e costruite la fiducia dei consumatori. <strong data-start=\"317\" data-end=\"391\" data-is-last-node=\"\">Contattateci per un preventivo: il vostro fornitore affidabile di sacchetti per l'imballaggio dei frutti di mare!<\/strong><\/p>\n<h3>Vantaggi del fornitore di sacchetti per l'imballaggio di pesce e frutti di mare<\/h3>\n<ul>\n<li>Design personalizzato: Forniamo servizi di sacchetti da imballaggio personalizzati, tra cui la personalizzazione del materiale, delle dimensioni e del modello di stampa per soddisfare le esigenze dei clienti, e supportiamo OEM e ODM.<\/li>\n<li>Produzione: Grazie ad attrezzature e tecnologie avanzate, siamo in grado di completare la produzione degli ordini in modo efficiente e di alta qualit\u00e0 e di consegnarli in tempo.<\/li>\n<li>Ispezione della qualit\u00e0: La produzione avviene in stretta conformit\u00e0 con gli standard di qualit\u00e0 e i requisiti di sicurezza alimentare, per garantire che i prodotti siano conformi agli standard.<\/li>\n<li>Servizio clienti: Fornire una risposta rapida e un'assistenza premurosa al cliente 24 ore al giorno.<\/li>\n<li>Campione gratuito: Fornire un servizio di campionatura gratuita per valutare il prodotto.<\/li>\n<\/ul>\n<p><strong>Imballaggio Huiyang<\/strong> si impegna a fornire ai clienti sacchetti personalizzati di alta qualit\u00e0 per l'imballaggio di pesce e frutti di mare, per aiutarli a migliorare l'immagine dei loro prodotti e ad aumentare la loro competitivit\u00e0 sul mercato.<\/p>","protected":false},"featured_media":6938,"comment_status":"open","ping_status":"closed","template":"","meta":[],"product_brand":[],"product_cat":[60],"product_tag":[123],"class_list":{"0":"post-6954","1":"product","2":"type-product","3":"status-publish","4":"has-post-thumbnail","6":"product_cat-custom-frozen-food-packaging","7":"product_tag-three-side-seal-pouch-manufacturer","9":"first","10":"instock","11":"shipping-taxable","12":"product-type-simple"},"_links":{"self":[{"href":"https:\/\/www.hyflexpack.com\/it\/wp-json\/wp\/v2\/product\/6954","targetHints":{"allow":["GET"]}}],"collection":[{"href":"https:\/\/www.hyflexpack.com\/it\/wp-json\/wp\/v2\/product"}],"about":[{"href":"https:\/\/www.hyflexpack.com\/it\/wp-json\/wp\/v2\/types\/product"}],"replies":[{"embeddable":true,"href":"https:\/\/www.hyflexpack.com\/it\/wp-json\/wp\/v2\/comments?post=6954"}],"wp:featuredmedia":[{"embeddable":true,"href":"https:\/\/www.hyflexpack.com\/it\/wp-json\/wp\/v2\/media\/6938"}],"wp:attachment":[{"href":"https:\/\/www.hyflexpack.com\/it\/wp-json\/wp\/v2\/media?parent=6954"}],"wp:term":[{"taxonomy":"product_brand","embeddable":true,"href":"https:\/\/www.hyflexpack.com\/it\/wp-json\/wp\/v2\/product_brand?post=6954"},{"taxonomy":"product_cat","embeddable":true,"href":"https:\/\/www.hyflexpack.com\/it\/wp-json\/wp\/v2\/product_cat?post=6954"},{"taxonomy":"product_tag","embeddable":true,"href":"https:\/\/www.hyflexpack.com\/it\/wp-json\/wp\/v2\/product_tag?post=6954"}],"curies":[{"name":"wp","href":"https:\/\/api.w.org\/{rel}","templated":true}]}}