{"id":6806,"date":"2025-05-13T06:57:45","date_gmt":"2025-05-13T06:57:45","guid":{"rendered":"https:\/\/www.hyflexpack.com\/?post_type=product&#038;p=6806"},"modified":"2026-01-07T08:56:41","modified_gmt":"2026-01-07T08:56:41","slug":"custom-rotisserie-chicken-bag","status":"publish","type":"product","link":"https:\/\/www.hyflexpack.com\/it\/product\/custom-rotisserie-chicken-bag\/","title":{"rendered":"Sacchetto di pollo da rosticceria personalizzato, imballaggio Doypack con logo, sacchetto di pollo arrosto produttore"},"content":{"rendered":"<div class=\"wp-block-columns is-layout-flex wp-container-core-columns-is-layout-9d6595d7 wp-block-columns-is-layout-flex\">\n<div class=\"wp-block-column is-layout-flow wp-block-column-is-layout-flow\">\n<h2 class=\"wp-block-heading\">Caratteristiche della borsa per pollo da rosticceria personalizzata<\/h2>\n\n\n\n<ul class=\"wp-block-list\">\n<li><strong>Opzioni di personalizzazione del marchio<\/strong>: Essendo un produttore esperto di doypack, offriamo opzioni OEM complete. Ogni confezione di pollo da rosticceria personalizzata pu\u00f2 avere il nome e il marchio della vostra azienda stampati su di essa per garantire la visibilit\u00e0 del prodotto e il riconoscimento del marchio nei segmenti della vendita al dettaglio e della ristorazione.<\/li>\n\n\n\n<li><strong>Materiali resistenti e sicuri<\/strong>: Costruite in plastica alimentare con eccellenti caratteristiche di resistenza e durata, le nostre confezioni di pollo arrosto laminato senza BPA promettono pulizia, sicurezza e durata durante la conservazione e la spedizione.<\/li>\n\n\n\n<li><strong>Freschezza e protezione<\/strong>: Il nostro sacchetto per pollo da rosticceria \u00e8 appositamente formulato per mantenere la temperatura, l'umidit\u00e0 e la freschezza del pollo arrosto ed evitare contaminazioni e perdite.<\/li>\n\n\n\n<li><strong>Facile da maneggiare e conveniente<\/strong>: Progettato per facilitare la comodit\u00e0 dei clienti, il nostro sacchetto in stile doypack \u00e8 leggero, resistente al calore e dotato di manici o di una cerniera (opzionale) per facilitare il trasporto e il riscaldamento quando necessario.<\/li>\n\n\n\n<li><strong>Design stabile e stabile in piedi<\/strong>: In qualit\u00e0 di produttore affidabile di doypack, offriamo formati di buste stand-up molto visibili sullo scaffale e stabili, ideali per l'esposizione sul banco del supermercato o del takeaway.<\/li>\n<\/ul>\n<\/div>\n\n\n\n<div class=\"wp-block-column is-layout-flow wp-block-column-is-layout-flow\">\n<figure class=\"wp-block-image size-full\"><img fetchpriority=\"high\" decoding=\"async\" width=\"750\" height=\"750\" src=\"https:\/\/www.hyflexpack.com\/wp-content\/uploads\/2025\/04\/Custom-Plastic-Chicken-Packaging-Bags-5.webp\" alt=\"Sacchetto di pollo da rosticceria personalizzato Produttore\" class=\"wp-image-6785\" srcset=\"https:\/\/www.hyflexpack.com\/wp-content\/uploads\/2025\/04\/Custom-Plastic-Chicken-Packaging-Bags-5.webp 750w, https:\/\/www.hyflexpack.com\/wp-content\/uploads\/2025\/04\/Custom-Plastic-Chicken-Packaging-Bags-5-300x300.webp 300w, https:\/\/www.hyflexpack.com\/wp-content\/uploads\/2025\/04\/Custom-Plastic-Chicken-Packaging-Bags-5-150x150.webp 150w, https:\/\/www.hyflexpack.com\/wp-content\/uploads\/2025\/04\/Custom-Plastic-Chicken-Packaging-Bags-5-12x12.webp 12w, https:\/\/www.hyflexpack.com\/wp-content\/uploads\/2025\/04\/Custom-Plastic-Chicken-Packaging-Bags-5-285x285.webp 285w, https:\/\/www.hyflexpack.com\/wp-content\/uploads\/2025\/04\/Custom-Plastic-Chicken-Packaging-Bags-5-270x270.webp 270w, https:\/\/www.hyflexpack.com\/wp-content\/uploads\/2025\/04\/Custom-Plastic-Chicken-Packaging-Bags-5-540x540.webp 540w, https:\/\/www.hyflexpack.com\/wp-content\/uploads\/2025\/04\/Custom-Plastic-Chicken-Packaging-Bags-5-660x660.webp 660w\" sizes=\"(max-width: 750px) 100vw, 750px\" \/><\/figure>\n<\/div>\n<\/div>","protected":false},"excerpt":{"rendered":"<p>Scoprite come i nostri sacchetti di plastica personalizzati per il pollo alla griglia sono realizzati con film di imballaggio composito ecologico per alimenti. I sacchetti di plastica personalizzati con logo sono progettati appositamente per il confezionamento del pollo alla griglia. Questa borsa da imballaggio non solo \u00e8 in grado di confezionare bene il pollo alla griglia, ma anche di migliorare l'immagine del marchio con loghi personalizzati, ed \u00e8 comoda per trasportare ed esporre i prodotti di pollo alla griglia. \u00c8 una scelta di imballaggio ideale per i commercianti di pollo alla griglia. Contattateci oggi stesso per un preventivo. Ci impegniamo a fornire soluzioni di imballaggio ecologiche e di alta qualit\u00e0.<\/p>\n<h3>Vantaggi del produttore di sacchetti per pollo da rosticceria<\/h3>\n<p>Progettazione personalizzata: Forniamo servizi di sacchetti da imballaggio personalizzati, tra cui la personalizzazione del materiale, delle dimensioni e del modello di stampa per soddisfare le esigenze dei clienti, e supportiamo OEM e ODM.<\/p>\n<p>Produzione: Grazie ad attrezzature e tecnologie avanzate, siamo in grado di completare la produzione degli ordini in modo efficiente e di alta qualit\u00e0 e di consegnarli in tempo.<\/p>\n<p>Ispezione della qualit\u00e0: La produzione viene effettuata in stretta conformit\u00e0 con gli standard di qualit\u00e0 e i requisiti di sicurezza alimentare per garantire che i prodotti siano conformi agli standard.<\/p>\n<p>Servizio clienti: Fornire una risposta rapida e un supporto premuroso al servizio clienti 24 ore al giorno.<\/p>\n<p>Campione gratuito: Forniamo un servizio di campioni gratuiti per valutare il prodotto.<\/p>\n<p>Huiyang Packaging si impegna a fornire ai clienti sacchetti di plastica per l'imballaggio del pollo di alta qualit\u00e0, aiutandoli a migliorare l'immagine dei loro prodotti e ad aumentare la loro competitivit\u00e0 sul mercato.<\/p>","protected":false},"featured_media":6785,"comment_status":"open","ping_status":"closed","template":"","meta":[],"product_brand":[],"product_cat":[88],"product_tag":[124],"class_list":{"0":"post-6806","1":"product","2":"type-product","3":"status-publish","4":"has-post-thumbnail","6":"product_cat-roast-chicken-packaging-bag","7":"product_tag-zipper-pouch-manufacturer","9":"first","10":"instock","11":"shipping-taxable","12":"product-type-simple"},"_links":{"self":[{"href":"https:\/\/www.hyflexpack.com\/it\/wp-json\/wp\/v2\/product\/6806","targetHints":{"allow":["GET"]}}],"collection":[{"href":"https:\/\/www.hyflexpack.com\/it\/wp-json\/wp\/v2\/product"}],"about":[{"href":"https:\/\/www.hyflexpack.com\/it\/wp-json\/wp\/v2\/types\/product"}],"replies":[{"embeddable":true,"href":"https:\/\/www.hyflexpack.com\/it\/wp-json\/wp\/v2\/comments?post=6806"}],"wp:featuredmedia":[{"embeddable":true,"href":"https:\/\/www.hyflexpack.com\/it\/wp-json\/wp\/v2\/media\/6785"}],"wp:attachment":[{"href":"https:\/\/www.hyflexpack.com\/it\/wp-json\/wp\/v2\/media?parent=6806"}],"wp:term":[{"taxonomy":"product_brand","embeddable":true,"href":"https:\/\/www.hyflexpack.com\/it\/wp-json\/wp\/v2\/product_brand?post=6806"},{"taxonomy":"product_cat","embeddable":true,"href":"https:\/\/www.hyflexpack.com\/it\/wp-json\/wp\/v2\/product_cat?post=6806"},{"taxonomy":"product_tag","embeddable":true,"href":"https:\/\/www.hyflexpack.com\/it\/wp-json\/wp\/v2\/product_tag?post=6806"}],"curies":[{"name":"wp","href":"https:\/\/api.w.org\/{rel}","templated":true}]}}