{"id":6722,"date":"2025-06-06T01:51:36","date_gmt":"2025-06-06T01:51:36","guid":{"rendered":"https:\/\/www.hyflexpack.com\/?post_type=product&#038;p=6722"},"modified":"2026-01-07T08:21:30","modified_gmt":"2026-01-07T08:21:30","slug":"oem-food-pouch-for-dried-mulberry","status":"publish","type":"product","link":"https:\/\/www.hyflexpack.com\/it\/product\/oem-food-pouch-for-dried-mulberry\/","title":{"rendered":"Sacchetto per alimenti in plastica dell'OEM per il gelso essiccato, stand up Pouch riciclato laminato con chiusura a cerniera"},"content":{"rendered":"<div class=\"wp-block-columns is-layout-flex wp-container-core-columns-is-layout-9d6595d7 wp-block-columns-is-layout-flex\">\n<div class=\"wp-block-column is-layout-flow wp-block-column-is-layout-flow\">\n<h2 class=\"wp-block-heading\">Caratteristiche della busta di plastica per alimenti dell'OEM per il gelso essiccato<\/h2>\n\n\n\n<ul class=\"wp-block-list\">\n<li>Struttura composita: Il processo composito multistrato viene adottato per conferire al sacchetto di imballaggio buone propriet\u00e0 barriera, in grado di bloccare efficacemente l'ossigeno, l'umidit\u00e0, gli odori, ecc. e di prolungare la durata di conservazione dei gelsi essiccati, mantenendoli asciutti e freschi.<\/li>\n\n\n\n<li>Materiali riciclabili: Rispondere attivamente al concetto di tutela dell'ambiente, utilizzare materiali riciclabili per la produzione di sacchetti di imballaggio e ridurre l'impatto sull'ambiente.<\/li>\n\n\n\n<li>Autoportante: L'esclusiva struttura autoportante consente al sacchetto di rimanere in piedi quando viene posizionato, attirando l'attenzione dei consumatori, e allo stesso tempo di risparmiare spazio di stoccaggio, facilitando l'esposizione e la gestione della merce da parte dei commercianti.<\/li>\n\n\n\n<li>Chiusura a cerniera: Dotato di un design a cerniera, \u00e8 comodo per i consumatori aprire e chiudere il sacchetto di imballaggio pi\u00f9 volte, assicurando che dopo ogni utilizzo di gelsi secchi, i prodotti rimanenti nel sacchetto possono ancora essere ben sigillati e conservati per evitare l'umidit\u00e0 e il deterioramento.<\/li>\n<\/ul>\n<\/div>\n\n\n\n<div class=\"wp-block-column is-layout-flow wp-block-column-is-layout-flow\">\n<figure class=\"wp-block-image size-full\"><img fetchpriority=\"high\" decoding=\"async\" width=\"750\" height=\"750\" src=\"https:\/\/www.hyflexpack.com\/wp-content\/uploads\/2025\/04\/OEM-Plastic-Food-Pouch-for-Dried-Mulberry1.webp\" alt=\"Sacchetto di plastica per alimenti dell&#039;OEM per il gelso essiccato\" class=\"wp-image-6708\" srcset=\"https:\/\/www.hyflexpack.com\/wp-content\/uploads\/2025\/04\/OEM-Plastic-Food-Pouch-for-Dried-Mulberry1.webp 750w, https:\/\/www.hyflexpack.com\/wp-content\/uploads\/2025\/04\/OEM-Plastic-Food-Pouch-for-Dried-Mulberry1-300x300.webp 300w, https:\/\/www.hyflexpack.com\/wp-content\/uploads\/2025\/04\/OEM-Plastic-Food-Pouch-for-Dried-Mulberry1-150x150.webp 150w, https:\/\/www.hyflexpack.com\/wp-content\/uploads\/2025\/04\/OEM-Plastic-Food-Pouch-for-Dried-Mulberry1-12x12.webp 12w, https:\/\/www.hyflexpack.com\/wp-content\/uploads\/2025\/04\/OEM-Plastic-Food-Pouch-for-Dried-Mulberry1-285x285.webp 285w, https:\/\/www.hyflexpack.com\/wp-content\/uploads\/2025\/04\/OEM-Plastic-Food-Pouch-for-Dried-Mulberry1-270x270.webp 270w, https:\/\/www.hyflexpack.com\/wp-content\/uploads\/2025\/04\/OEM-Plastic-Food-Pouch-for-Dried-Mulberry1-540x540.webp 540w, https:\/\/www.hyflexpack.com\/wp-content\/uploads\/2025\/04\/OEM-Plastic-Food-Pouch-for-Dried-Mulberry1-660x660.webp 660w\" sizes=\"(max-width: 750px) 100vw, 750px\" \/><\/figure>\n<\/div>\n<\/div>\n\n\n\n<p><\/p>","protected":false},"excerpt":{"rendered":"<p>Si tratta di un sacchetto di plastica personalizzato per l'imballaggio di frutta secca. Si tratta di un sacchetto stand-up flessibile per il confezionamento di alimenti con cerniera. \u00c8 progettato per contenere frutta secca. Il sacchetto \u00e8 realizzato in plastica, che lo rende resistente e leggero. Il design autoportante \u00e8 comodo per l'esposizione e la conservazione. La cerniera consente di aprire e chiudere comodamente il sacchetto, mantenendo la frutta secca fresca. Pu\u00f2 essere personalizzato in base alle esigenze specifiche del cliente, come l'aggiunta di un logo o di un disegno. Contattateci oggi stesso per un preventivo. Ci impegniamo a fornire soluzioni di imballaggio di alta qualit\u00e0 e rispettose dell'ambiente.<\/p>\n<h3>Vantaggi del sacchetto di plastica personalizzato di alta qualit\u00e0 per la frutta secca<\/h3>\n<ul>\n<li>Design personalizzato: Forniamo servizi di sacchetti da imballaggio personalizzati, tra cui la personalizzazione del materiale, delle dimensioni e del modello di stampa per soddisfare le esigenze dei clienti, e supportiamo OEM e ODM.<\/li>\n<li>Produzione: Grazie ad attrezzature e tecnologie avanzate, siamo in grado di completare la produzione degli ordini in modo efficiente e di alta qualit\u00e0 e di consegnarli in tempo.<\/li>\n<li>Ispezione della qualit\u00e0: La produzione avviene in stretta conformit\u00e0 con gli standard di qualit\u00e0 e i requisiti di sicurezza alimentare, per garantire che i prodotti siano conformi agli standard.<\/li>\n<li>Servizio clienti: Fornire una risposta rapida e un'assistenza premurosa al cliente 24 ore al giorno.<\/li>\n<li>Campione gratuito: Fornire un servizio di campionatura gratuita per valutare il prodotto.<\/li>\n<\/ul>\n<p>Huiyang Packaging si impegna a fornire ai clienti buste di plastica per frutta secca di alta qualit\u00e0, aiutandoli a migliorare l'immagine dei loro prodotti e a rafforzare la loro competitivit\u00e0 sul mercato.<\/p>","protected":false},"featured_media":6708,"comment_status":"open","ping_status":"closed","template":"","meta":[],"product_brand":[],"product_cat":[87],"product_tag":[116,124],"class_list":{"0":"post-6722","1":"product","2":"type-product","3":"status-publish","4":"has-post-thumbnail","6":"product_cat-dried-fruit-packaging-bags-wholesale","7":"product_tag-stand-up-pouch-manufacturer","8":"product_tag-zipper-pouch-manufacturer","10":"first","11":"instock","12":"shipping-taxable","13":"product-type-simple"},"_links":{"self":[{"href":"https:\/\/www.hyflexpack.com\/it\/wp-json\/wp\/v2\/product\/6722","targetHints":{"allow":["GET"]}}],"collection":[{"href":"https:\/\/www.hyflexpack.com\/it\/wp-json\/wp\/v2\/product"}],"about":[{"href":"https:\/\/www.hyflexpack.com\/it\/wp-json\/wp\/v2\/types\/product"}],"replies":[{"embeddable":true,"href":"https:\/\/www.hyflexpack.com\/it\/wp-json\/wp\/v2\/comments?post=6722"}],"wp:featuredmedia":[{"embeddable":true,"href":"https:\/\/www.hyflexpack.com\/it\/wp-json\/wp\/v2\/media\/6708"}],"wp:attachment":[{"href":"https:\/\/www.hyflexpack.com\/it\/wp-json\/wp\/v2\/media?parent=6722"}],"wp:term":[{"taxonomy":"product_brand","embeddable":true,"href":"https:\/\/www.hyflexpack.com\/it\/wp-json\/wp\/v2\/product_brand?post=6722"},{"taxonomy":"product_cat","embeddable":true,"href":"https:\/\/www.hyflexpack.com\/it\/wp-json\/wp\/v2\/product_cat?post=6722"},{"taxonomy":"product_tag","embeddable":true,"href":"https:\/\/www.hyflexpack.com\/it\/wp-json\/wp\/v2\/product_tag?post=6722"}],"curies":[{"name":"wp","href":"https:\/\/api.w.org\/{rel}","templated":true}]}}