{"id":6694,"date":"2025-05-13T06:27:24","date_gmt":"2025-05-13T06:27:24","guid":{"rendered":"https:\/\/www.hyflexpack.com\/?post_type=product&#038;p=6694"},"modified":"2026-01-07T08:57:07","modified_gmt":"2026-01-07T08:57:07","slug":"custom-doypack-for-dried-fruit","status":"publish","type":"product","link":"https:\/\/www.hyflexpack.com\/it\/product\/custom-doypack-for-dried-fruit\/","title":{"rendered":"DoyPack personalizzato per frutta secca - Sacchetti stand-up di alta qualit\u00e0 con chiusura a cerniera"},"content":{"rendered":"<div class=\"wp-block-columns is-layout-flex wp-container-core-columns-is-layout-9d6595d7 wp-block-columns-is-layout-flex\">\n<div class=\"wp-block-column is-layout-flow wp-block-column-is-layout-flow\">\n<h2 class=\"wp-block-heading\">Caratteristiche dell'imballaggio personalizzato per snack di frutta secca<\/h2>\n\n\n\n<ul class=\"wp-block-list\">\n<li>Le nostre confezioni personalizzate di snack secchi alla frutta presentano le seguenti caratteristiche: <\/li>\n\n\n\n<li>Eccellenti propriet\u00e0 barriera: Pu\u00f2 bloccare efficacemente la luce e prevenire l'ossidazione, lo scolorimento e la perdita di nutrienti nella frutta secca a causa della luce.<\/li>\n\n\n\n<li>Chiusura a cerniera: dotata di una struttura a cerniera, i consumatori possono aprire e chiudere facilmente la borsa. Il design della cerniera garantisce una buona tenuta e pu\u00f2 bloccare efficacemente l'intrusione di fattori esterni come aria, umidit\u00e0 e polvere.<\/li>\n\n\n\n<li>Personalizzazione su misura: Forniamo servizi personalizzati e possiamo personalizzare la borsa in base alle esigenze del cliente. Tra cui la dimensione della borsa, il colore dell'aspetto, il modello di stampa e il testo possono essere personalizzati in base alle esigenze del cliente.<\/li>\n\n\n\n<li>Applicabile a diversi tipi di frutta secca: \u00c8 adatto a vari tipi di confezioni di frutta secca, come uvetta, mandorle, noci, anacardi, mirtilli rossi secchi, ecc. e pu\u00f2 proteggere bene frutta secca di forme e consistenze diverse.<\/li>\n<\/ul>\n<\/div>\n\n\n\n<div class=\"wp-block-column is-layout-flow wp-block-column-is-layout-flow\">\n<figure class=\"wp-block-image size-full\"><img fetchpriority=\"high\" decoding=\"async\" width=\"750\" height=\"750\" src=\"https:\/\/www.hyflexpack.com\/wp-content\/uploads\/2025\/04\/Custom-DoyPack-for-Dried-Fruit-1.webp\" alt=\"DoyPack personalizzato per frutta secca\" class=\"wp-image-6665\" srcset=\"https:\/\/www.hyflexpack.com\/wp-content\/uploads\/2025\/04\/Custom-DoyPack-for-Dried-Fruit-1.webp 750w, https:\/\/www.hyflexpack.com\/wp-content\/uploads\/2025\/04\/Custom-DoyPack-for-Dried-Fruit-1-300x300.webp 300w, https:\/\/www.hyflexpack.com\/wp-content\/uploads\/2025\/04\/Custom-DoyPack-for-Dried-Fruit-1-150x150.webp 150w, https:\/\/www.hyflexpack.com\/wp-content\/uploads\/2025\/04\/Custom-DoyPack-for-Dried-Fruit-1-12x12.webp 12w, https:\/\/www.hyflexpack.com\/wp-content\/uploads\/2025\/04\/Custom-DoyPack-for-Dried-Fruit-1-285x285.webp 285w, https:\/\/www.hyflexpack.com\/wp-content\/uploads\/2025\/04\/Custom-DoyPack-for-Dried-Fruit-1-270x270.webp 270w, https:\/\/www.hyflexpack.com\/wp-content\/uploads\/2025\/04\/Custom-DoyPack-for-Dried-Fruit-1-540x540.webp 540w, https:\/\/www.hyflexpack.com\/wp-content\/uploads\/2025\/04\/Custom-DoyPack-for-Dried-Fruit-1-660x660.webp 660w\" sizes=\"(max-width: 750px) 100vw, 750px\" \/><\/figure>\n<\/div>\n<\/div>\n\n\n\n<div class=\"wp-block-columns is-layout-flex wp-container-core-columns-is-layout-9d6595d7 wp-block-columns-is-layout-flex\">\n<div class=\"wp-block-column is-layout-flow wp-block-column-is-layout-flow\"><\/div>\n\n\n\n<div class=\"wp-block-column is-layout-flow wp-block-column-is-layout-flow\"><\/div>\n<\/div>","protected":false},"excerpt":{"rendered":"<p>Godetevi il gusto delizioso della frutta secca con le nostre buste stand-up personalizzate! Realizzata per gli amanti della frutta secca, questa soluzione di imballaggio di alta qualit\u00e0 combina funzionalit\u00e0 e stile. Le buste stand-up sono dotate di una comoda chiusura a cerniera per facilitarne l'apertura e la freschezza. Elevate la vostra esperienza con la frutta secca con i nostri sacchetti Dewar's personalizzati. Contattateci oggi stesso per un preventivo: ci impegniamo a fornire soluzioni di imballaggio ecologiche e di alta qualit\u00e0. Vantaggi di DoyPack personalizzati di alta qualit\u00e0 per la frutta secca \u25cfProgettazione personalizzata: Forniamo servizi di sacchetti di imballaggio personalizzati, tra cui la personalizzazione del materiale, delle dimensioni e del modello di stampa per soddisfare le esigenze dei clienti, e supportiamo OEM e ODM. Produzione: Grazie ad attrezzature e tecnologie avanzate, siamo in grado di completare la produzione degli ordini in modo efficiente e di alta qualit\u00e0 e di consegnarli in tempo. Ispezione di qualit\u00e0: La produzione viene eseguita in stretta conformit\u00e0 con gli standard di qualit\u00e0 e i requisiti di sicurezza alimentare per garantire che i prodotti siano conformi agli standard. Servizio clienti: Fornire una risposta rapida e un'assistenza premurosa al cliente 24 ore su 24. Campione gratuito: Forniamo un servizio di campionamento gratuito per valutare il prodotto. Huiyang Packaging si impegna a fornire ai clienti imballaggi personalizzati per snack di frutta secca di alta qualit\u00e0, per aiutarli a migliorare l'immagine dei loro prodotti e ad aumentare la loro competitivit\u00e0 sul mercato.<\/p>","protected":false},"featured_media":6665,"comment_status":"open","ping_status":"closed","template":"","meta":[],"product_brand":[],"product_cat":[87,51],"product_tag":[116,124],"class_list":{"0":"post-6694","1":"product","2":"type-product","3":"status-publish","4":"has-post-thumbnail","6":"product_cat-dried-fruit-packaging-bags-wholesale","7":"product_cat-custom-food-packaging-bags","8":"product_tag-stand-up-pouch-manufacturer","9":"product_tag-zipper-pouch-manufacturer","11":"first","12":"instock","13":"shipping-taxable","14":"product-type-simple"},"_links":{"self":[{"href":"https:\/\/www.hyflexpack.com\/it\/wp-json\/wp\/v2\/product\/6694","targetHints":{"allow":["GET"]}}],"collection":[{"href":"https:\/\/www.hyflexpack.com\/it\/wp-json\/wp\/v2\/product"}],"about":[{"href":"https:\/\/www.hyflexpack.com\/it\/wp-json\/wp\/v2\/types\/product"}],"replies":[{"embeddable":true,"href":"https:\/\/www.hyflexpack.com\/it\/wp-json\/wp\/v2\/comments?post=6694"}],"wp:featuredmedia":[{"embeddable":true,"href":"https:\/\/www.hyflexpack.com\/it\/wp-json\/wp\/v2\/media\/6665"}],"wp:attachment":[{"href":"https:\/\/www.hyflexpack.com\/it\/wp-json\/wp\/v2\/media?parent=6694"}],"wp:term":[{"taxonomy":"product_brand","embeddable":true,"href":"https:\/\/www.hyflexpack.com\/it\/wp-json\/wp\/v2\/product_brand?post=6694"},{"taxonomy":"product_cat","embeddable":true,"href":"https:\/\/www.hyflexpack.com\/it\/wp-json\/wp\/v2\/product_cat?post=6694"},{"taxonomy":"product_tag","embeddable":true,"href":"https:\/\/www.hyflexpack.com\/it\/wp-json\/wp\/v2\/product_tag?post=6694"}],"curies":[{"name":"wp","href":"https:\/\/api.w.org\/{rel}","templated":true}]}}