{"id":6658,"date":"2025-05-26T17:45:59","date_gmt":"2025-05-26T17:45:59","guid":{"rendered":"https:\/\/www.hyflexpack.com\/?post_type=product&#038;p=6658"},"modified":"2025-05-26T17:46:02","modified_gmt":"2025-05-26T17:46:02","slug":"custom-bopp-cold-seal-film-packaging","status":"publish","type":"product","link":"https:\/\/www.hyflexpack.com\/it\/product\/custom-bopp-cold-seal-film-packaging\/","title":{"rendered":"Imballaggio del film di sigillo a freddo Bopp personalizzato per cioccolato e snack, imballaggio del foglio di alluminio"},"content":{"rendered":"<div class=\"wp-block-columns is-layout-flex wp-container-core-columns-is-layout-9d6595d7 wp-block-columns-is-layout-flex\">\n<div class=\"wp-block-column is-layout-flow wp-block-column-is-layout-flow\">\n<h2 class=\"wp-block-heading\">Caratteristiche dell'imballaggio in film Bopp per la sigillatura a freddo<\/h2>\n\n\n\n<ul class=\"wp-block-list\">\n<li><strong>Prestazioni ad alta barriera<\/strong>Grazie al nostro esperto know-how di produzione come azienda produttrice di imballaggi in fogli di alluminio, utilizziamo il processo di laminazione dei fogli di alluminio per produrre un alto livello di barriera all'umidit\u00e0 e all'ossigeno (WVTR &lt;1g\/m\u00b2-24h) che pu\u00f2 migliorare significativamente la durata di conservazione di cioccolatini, frutta secca e altri snack e impedire che diventino mollicci a causa dell&#039;assorbimento di umidit\u00e0.<\/li>\n\n\n\n<li><strong>Tecnologia di tenuta a freddo, alta efficienza e risparmio energetico<\/strong>: Questo imballaggio con film sigillante a freddo in BOPP utilizza la tecnologia di sigillatura a pressione fredda, che avvia lo strato adesivo sigillante a freddo mediante pressione meccanica, senza la necessit\u00e0 di dispositivi di riscaldamento, per evitare la distruzione degli alimenti ad alta temperatura (ad esempio, la fusione del cioccolato), ed \u00e8 adatto a linee di produzione ad alta velocit\u00e0 di oltre 200 metri\/minuto, con un notevole risparmio energetico e una riduzione dei consumi.<\/li>\n\n\n\n<li><strong>Protezione eccezionale<\/strong>: La struttura composita fornisce un'eccellente protezione contro l'umidit\u00e0, la polvere e gli strappi e mantiene con successo l'integrit\u00e0 del prodotto durante il trasporto e lo stoccaggio, costituendo cos\u00ec una soluzione di imballaggio in film BOPP cold seal altamente efficace.<\/li>\n\n\n\n<li><strong>Opzioni ecologiche verso la sostenibilit\u00e0: <\/strong>In qualit\u00e0 di leader nella produzione di imballaggi in fogli di alluminio, promuoviamo materiali biodegradabili o riciclabili su misura e offriamo diversi spessori di film per aiutare i nostri clienti a ridurre i rifiuti di materiale, a diminuire l'impronta di carbonio e a rispettare le normative ambientali internazionali.<\/li>\n\n\n\n<li><strong>Comodo risparmio di spazio e conservazione<\/strong>: I laminati di alluminio sigillati a freddo di questa gamma sono disponibili in rotoli, facili da maneggiare e da immagazzinare, con risparmio di spazio e adatti a diverse applicazioni di imballaggio.<\/li>\n<\/ul>\n<\/div>\n\n\n\n<div class=\"wp-block-column is-layout-flow wp-block-column-is-layout-flow\">\n<figure class=\"wp-block-image size-full\"><img fetchpriority=\"high\" decoding=\"async\" width=\"750\" height=\"750\" src=\"https:\/\/www.hyflexpack.com\/wp-content\/uploads\/2025\/04\/Wholesale-Aluminum-Foil-Cold-Seal-Film5.webp\" alt=\"Imballaggio del film di tenuta a freddo Bopp personalizzato per il cioccolato\" class=\"wp-image-6656\" srcset=\"https:\/\/www.hyflexpack.com\/wp-content\/uploads\/2025\/04\/Wholesale-Aluminum-Foil-Cold-Seal-Film5.webp 750w, https:\/\/www.hyflexpack.com\/wp-content\/uploads\/2025\/04\/Wholesale-Aluminum-Foil-Cold-Seal-Film5-300x300.webp 300w, https:\/\/www.hyflexpack.com\/wp-content\/uploads\/2025\/04\/Wholesale-Aluminum-Foil-Cold-Seal-Film5-150x150.webp 150w, https:\/\/www.hyflexpack.com\/wp-content\/uploads\/2025\/04\/Wholesale-Aluminum-Foil-Cold-Seal-Film5-12x12.webp 12w, https:\/\/www.hyflexpack.com\/wp-content\/uploads\/2025\/04\/Wholesale-Aluminum-Foil-Cold-Seal-Film5-285x285.webp 285w, https:\/\/www.hyflexpack.com\/wp-content\/uploads\/2025\/04\/Wholesale-Aluminum-Foil-Cold-Seal-Film5-270x270.webp 270w, https:\/\/www.hyflexpack.com\/wp-content\/uploads\/2025\/04\/Wholesale-Aluminum-Foil-Cold-Seal-Film5-540x540.webp 540w, https:\/\/www.hyflexpack.com\/wp-content\/uploads\/2025\/04\/Wholesale-Aluminum-Foil-Cold-Seal-Film5-660x660.webp 660w\" sizes=\"(max-width: 750px) 100vw, 750px\" \/><\/figure>\n<\/div>\n<\/div>\n\n\n\n<p><\/p>","protected":false},"excerpt":{"rendered":"<p>Esplorate le confezioni personalizzate in film BOPP con saldatura a freddo per prodotti a base di cioccolato e snack. Questo imballaggio in foglio di alluminio garantisce la sicurezza degli alimenti, migliora l'attrattiva sugli scaffali e supporta la stampa in quadricromia. \u00c8 resistente all'umidit\u00e0 e durevole, \u00e8 adatto alle linee di produzione automatizzate, supporta la personalizzazione delle dimensioni e soddisfa le esigenze della produzione di massa. Contattateci oggi stesso e lasciateci personalizzare il vostro esclusivo packaging alimentare!<\/p>\n<h3>Vantaggi del fornitore di imballaggi con film di saldatura a freddo Bopp<\/h3>\n<ul>\n<li>Design personalizzato: Forniamo servizi personalizzati, tra cui la personalizzazione del materiale, delle dimensioni e del modello di stampa per soddisfare le esigenze dei clienti, e supportiamo OEM e ODM.<\/li>\n<li>Produzione: Adottare linee di produzione composite avanzate a livello internazionale e sistemi di controllo automatico per garantire processi produttivi efficienti e stabili e consegne puntuali.<\/li>\n<li>Ispezione della qualit\u00e0: Produrre rigorosamente secondo gli standard di qualit\u00e0 e i requisiti di sicurezza alimentare per garantire che i prodotti siano conformi agli standard.<\/li>\n<li>Servizio clienti: Fornire una risposta rapida e un'assistenza premurosa al cliente 24 ore al giorno.<\/li>\n<li>Campioni gratuiti: Realizzare piccoli lotti di campioni da far provare e valutare ai clienti.<\/li>\n<\/ul>\n<p><strong>Imballaggio Huiyang<\/strong> si impegna a fornire ai clienti imballaggi in film BOPP di alta qualit\u00e0 con saldatura a freddo, per aiutarli a migliorare l'immagine dei loro prodotti e ad aumentare la loro competitivit\u00e0 sul mercato.<\/p>","protected":false},"featured_media":6656,"comment_status":"open","ping_status":"closed","template":"","meta":[],"product_brand":[],"product_cat":[86,53],"product_tag":[],"class_list":{"0":"post-6658","1":"product","2":"type-product","3":"status-publish","4":"has-post-thumbnail","6":"product_cat-cold-seal-film","7":"product_cat-packaging-film-supplier","9":"first","10":"instock","11":"shipping-taxable","12":"product-type-simple"},"_links":{"self":[{"href":"https:\/\/www.hyflexpack.com\/it\/wp-json\/wp\/v2\/product\/6658","targetHints":{"allow":["GET"]}}],"collection":[{"href":"https:\/\/www.hyflexpack.com\/it\/wp-json\/wp\/v2\/product"}],"about":[{"href":"https:\/\/www.hyflexpack.com\/it\/wp-json\/wp\/v2\/types\/product"}],"replies":[{"embeddable":true,"href":"https:\/\/www.hyflexpack.com\/it\/wp-json\/wp\/v2\/comments?post=6658"}],"wp:featuredmedia":[{"embeddable":true,"href":"https:\/\/www.hyflexpack.com\/it\/wp-json\/wp\/v2\/media\/6656"}],"wp:attachment":[{"href":"https:\/\/www.hyflexpack.com\/it\/wp-json\/wp\/v2\/media?parent=6658"}],"wp:term":[{"taxonomy":"product_brand","embeddable":true,"href":"https:\/\/www.hyflexpack.com\/it\/wp-json\/wp\/v2\/product_brand?post=6658"},{"taxonomy":"product_cat","embeddable":true,"href":"https:\/\/www.hyflexpack.com\/it\/wp-json\/wp\/v2\/product_cat?post=6658"},{"taxonomy":"product_tag","embeddable":true,"href":"https:\/\/www.hyflexpack.com\/it\/wp-json\/wp\/v2\/product_tag?post=6658"}],"curies":[{"name":"wp","href":"https:\/\/api.w.org\/{rel}","templated":true}]}}