{"id":6525,"date":"2025-04-10T18:47:06","date_gmt":"2025-04-10T18:47:06","guid":{"rendered":"https:\/\/www.hyflexpack.com\/?post_type=product&#038;p=6525"},"modified":"2025-04-10T18:47:29","modified_gmt":"2025-04-10T18:47:29","slug":"plastic-custom-heat-shrinkable-film","status":"publish","type":"product","link":"https:\/\/www.hyflexpack.com\/it\/product\/plastic-custom-heat-shrinkable-film\/","title":{"rendered":"Film termoretraibile su ordinazione dell'ANIMALE DOMESTICO con il logo stampato per il branding"},"content":{"rendered":"<div class=\"wp-block-columns is-layout-flex wp-container-core-columns-is-layout-9d6595d7 wp-block-columns-is-layout-flex\">\n<div class=\"wp-block-column is-layout-flow wp-block-column-is-layout-flow\">\n<h2 class=\"wp-block-heading\">Caratteristiche del film termorestringente personalizzato in plastica<\/h2>\n\n\n\n<ul class=\"wp-block-list\">\n<li>Materiali di alta qualit\u00e0: Il nostro film termoretraibile personalizzato in plastica utilizza come materia prima plastica di alta qualit\u00e0, che rende il film termoretraibile dotato di buona flessibilit\u00e0, resistenza all'usura e stabilit\u00e0, e pu\u00f2 resistere efficacemente all'attrito esterno, alla collisione e ad altri danni fisici, fornendo una barriera protettiva affidabile per i prodotti confezionati.<\/li>\n\n\n\n<li>Caratteristiche di termoretrazione: Il film ha eccellenti prestazioni di termoretrazione. Si restringe rapidamente e uniformemente quando viene riscaldato e si adatta perfettamente alla forma del prodotto. Non solo conferisce all'imballaggio un effetto visivo ordinato e bello, ma impedisce anche efficacemente che il prodotto si muova all'interno della confezione, migliorando la stabilit\u00e0 e l'integrit\u00e0 dell'imballaggio. <\/li>\n\n\n\n<li>Ampia applicabilit\u00e0: \u00c8 adatto per l'imballaggio di vari prodotti in diversi settori, che si tratti di alimenti, beni di prima necessit\u00e0, prodotti elettronici, artigianato, ecc. Questo film termoretraibile pu\u00f2 realizzare le esigenze di personalizzazione dell'imballaggio del marchio e migliorare il valore aggiunto dei prodotti.<\/li>\n<\/ul>\n<\/div>\n\n\n\n<div class=\"wp-block-column is-layout-flow wp-block-column-is-layout-flow\">\n<figure class=\"wp-block-image size-full\"><img fetchpriority=\"high\" decoding=\"async\" width=\"750\" height=\"750\" src=\"https:\/\/www.hyflexpack.com\/wp-content\/uploads\/2025\/03\/Plastic-Custom-Heat-shrinkable-Film-2.webp\" alt=\"Film termoretraibile personalizzato in plastica\" class=\"wp-image-6520\" srcset=\"https:\/\/www.hyflexpack.com\/wp-content\/uploads\/2025\/03\/Plastic-Custom-Heat-shrinkable-Film-2.webp 750w, https:\/\/www.hyflexpack.com\/wp-content\/uploads\/2025\/03\/Plastic-Custom-Heat-shrinkable-Film-2-300x300.webp 300w, https:\/\/www.hyflexpack.com\/wp-content\/uploads\/2025\/03\/Plastic-Custom-Heat-shrinkable-Film-2-150x150.webp 150w, https:\/\/www.hyflexpack.com\/wp-content\/uploads\/2025\/03\/Plastic-Custom-Heat-shrinkable-Film-2-12x12.webp 12w, https:\/\/www.hyflexpack.com\/wp-content\/uploads\/2025\/03\/Plastic-Custom-Heat-shrinkable-Film-2-285x285.webp 285w, https:\/\/www.hyflexpack.com\/wp-content\/uploads\/2025\/03\/Plastic-Custom-Heat-shrinkable-Film-2-270x270.webp 270w, https:\/\/www.hyflexpack.com\/wp-content\/uploads\/2025\/03\/Plastic-Custom-Heat-shrinkable-Film-2-540x540.webp 540w, https:\/\/www.hyflexpack.com\/wp-content\/uploads\/2025\/03\/Plastic-Custom-Heat-shrinkable-Film-2-660x660.webp 660w\" sizes=\"(max-width: 750px) 100vw, 750px\" \/><\/figure>\n<\/div>\n<\/div>","protected":false},"excerpt":{"rendered":"<p>La nostra pellicola termorestringente personalizzata in plastica \u00e8 realizzata in plastica di alta qualit\u00e0, resistente e durevole, con prestazioni di restringimento stabili. Si adatta perfettamente al prodotto quando viene riscaldato e fornisce una protezione completa. La personalizzazione pu\u00f2 stampare con precisione loghi unici, presentare chiaramente il design del marchio ed evidenziarne le immagini. L'imballaggio \u00e8 comodo ed efficiente e conferisce al prodotto un aspetto raffinato per attirare i consumatori. \u00c8 ampiamente utilizzato in vari settori per aiutarvi a migliorare l'influenza del vostro marchio e a distinguervi dalla concorrenza. Contattateci oggi stesso e lasciateci personalizzare il vostro imballaggio alimentare! Vantaggi del film termoretraibile personalizzato in plastica di alta qualit\u00e0 \u25cfProgettazione personalizzata: Forniamo servizi personalizzati, tra cui la personalizzazione del materiale, delle dimensioni e del modello di stampa per soddisfare le esigenze dei clienti, e supportiamo OEM e ODM. Produzione: Adottiamo linee di produzione composite avanzate a livello internazionale e sistemi di controllo automatico per garantire processi produttivi efficienti e stabili e consegne puntuali. Ispezione di qualit\u00e0: Produzione rigorosa in conformit\u00e0 agli standard di qualit\u00e0 e ai requisiti di sicurezza alimentare per garantire la conformit\u00e0 dei prodotti agli standard. Servizio clienti: Fornire una risposta rapida e un'assistenza premurosa al cliente 24 ore su 24. Campioni gratuiti: Fare campioni di piccoli lotti per i clienti per provare e valutare Huiyang Packaging si impegna a fornire ai clienti con plastica di alta qualit\u00e0 Film termoretraibile personalizzato per aiutare i clienti a migliorare la loro immagine del prodotto e migliorare la loro competitivit\u00e0 sul mercato.<\/p>","protected":false},"featured_media":6520,"comment_status":"open","ping_status":"closed","template":"","meta":[],"product_brand":[],"product_cat":[84,53],"product_tag":[],"class_list":{"0":"post-6525","1":"product","2":"type-product","3":"status-publish","4":"has-post-thumbnail","6":"product_cat-shrink-sleeve-film","7":"product_cat-packaging-film-supplier","9":"first","10":"instock","11":"shipping-taxable","12":"product-type-simple"},"_links":{"self":[{"href":"https:\/\/www.hyflexpack.com\/it\/wp-json\/wp\/v2\/product\/6525","targetHints":{"allow":["GET"]}}],"collection":[{"href":"https:\/\/www.hyflexpack.com\/it\/wp-json\/wp\/v2\/product"}],"about":[{"href":"https:\/\/www.hyflexpack.com\/it\/wp-json\/wp\/v2\/types\/product"}],"replies":[{"embeddable":true,"href":"https:\/\/www.hyflexpack.com\/it\/wp-json\/wp\/v2\/comments?post=6525"}],"wp:featuredmedia":[{"embeddable":true,"href":"https:\/\/www.hyflexpack.com\/it\/wp-json\/wp\/v2\/media\/6520"}],"wp:attachment":[{"href":"https:\/\/www.hyflexpack.com\/it\/wp-json\/wp\/v2\/media?parent=6525"}],"wp:term":[{"taxonomy":"product_brand","embeddable":true,"href":"https:\/\/www.hyflexpack.com\/it\/wp-json\/wp\/v2\/product_brand?post=6525"},{"taxonomy":"product_cat","embeddable":true,"href":"https:\/\/www.hyflexpack.com\/it\/wp-json\/wp\/v2\/product_cat?post=6525"},{"taxonomy":"product_tag","embeddable":true,"href":"https:\/\/www.hyflexpack.com\/it\/wp-json\/wp\/v2\/product_tag?post=6525"}],"curies":[{"name":"wp","href":"https:\/\/api.w.org\/{rel}","templated":true}]}}