{"id":6492,"date":"2025-06-05T20:07:54","date_gmt":"2025-06-05T20:07:54","guid":{"rendered":"https:\/\/www.hyflexpack.com\/?post_type=product&#038;p=6492"},"modified":"2025-12-31T07:45:56","modified_gmt":"2025-12-31T07:45:56","slug":"custom-coffee-powder-packaging-bag","status":"publish","type":"product","link":"https:\/\/www.hyflexpack.com\/it\/product\/custom-coffee-powder-packaging-bag\/","title":{"rendered":"Sacchetto d'imballaggio su ordinazione della polvere del caff\u00e8, sacchetto di alluminio del tassello laterale laminato di plastica"},"content":{"rendered":"<div class=\"wp-block-columns is-layout-flex wp-container-core-columns-is-layout-9d6595d7 wp-block-columns-is-layout-flex\">\n<div class=\"wp-block-column is-layout-flow wp-block-column-is-layout-flow\">\n<h2 class=\"wp-block-heading\">Caratteristiche del sacchetto d'imballaggio del caff\u00e8 in polvere personalizzato<\/h2>\n\n\n\n<ul class=\"wp-block-list\">\n<li>Il nostro sacchetto esterno per bustine di caff\u00e8 in polvere personalizzate utilizza un design con inserti laterali sulla forma del sacchetto, che non solo aumenta la capacit\u00e0 del sacchetto e pu\u00f2 contenere pi\u00f9 polvere di caff\u00e8, ma rende anche il sacchetto pi\u00f9 stabile quando viene posizionato, ed \u00e8 molto accattivante quando viene esposto sullo scaffale.<\/li>\n\n\n\n<li>Il materiale \u00e8 un foglio di alluminio composito in plastica, che rende il sacchetto potente. La parte in foglio di alluminio \u00e8 in grado di bloccare efficacemente l'ossigeno, l'umidit\u00e0 e la luce, di prevenire l'ossidazione, l'umidit\u00e0 e il deterioramento del caff\u00e8 e di conservarne al massimo l'aroma e il sapore; lo strato di plastica migliora la flessibilit\u00e0 e la durata del sacchetto e non \u00e8 facile da rompere.<\/li>\n\n\n\n<li>Le dimensioni supportano la personalizzazione e possono essere adattate in modo flessibile alle esigenze dei clienti. Che si tratti di una singola confezione di piccole dimensioni o di una confezione grande per uso familiare, pu\u00f2 soddisfare le esigenze e adattarsi a una variet\u00e0 di scenari e canali di vendita.<\/li>\n<\/ul>\n<\/div>\n\n\n\n<div class=\"wp-block-column is-layout-flow wp-block-column-is-layout-flow\">\n<figure class=\"wp-block-image size-full\"><img fetchpriority=\"high\" decoding=\"async\" width=\"750\" height=\"750\" src=\"https:\/\/www.hyflexpack.com\/wp-content\/uploads\/2025\/03\/Custom-Coffee-Powder-Sachet-Outer-Bag-2.webp\" alt=\"Sacchetto esterno della bustina di caff\u00e8 in polvere personalizzata\" class=\"wp-image-6464\" srcset=\"https:\/\/www.hyflexpack.com\/wp-content\/uploads\/2025\/03\/Custom-Coffee-Powder-Sachet-Outer-Bag-2.webp 750w, https:\/\/www.hyflexpack.com\/wp-content\/uploads\/2025\/03\/Custom-Coffee-Powder-Sachet-Outer-Bag-2-300x300.webp 300w, https:\/\/www.hyflexpack.com\/wp-content\/uploads\/2025\/03\/Custom-Coffee-Powder-Sachet-Outer-Bag-2-150x150.webp 150w, https:\/\/www.hyflexpack.com\/wp-content\/uploads\/2025\/03\/Custom-Coffee-Powder-Sachet-Outer-Bag-2-12x12.webp 12w, https:\/\/www.hyflexpack.com\/wp-content\/uploads\/2025\/03\/Custom-Coffee-Powder-Sachet-Outer-Bag-2-285x285.webp 285w, https:\/\/www.hyflexpack.com\/wp-content\/uploads\/2025\/03\/Custom-Coffee-Powder-Sachet-Outer-Bag-2-270x270.webp 270w, https:\/\/www.hyflexpack.com\/wp-content\/uploads\/2025\/03\/Custom-Coffee-Powder-Sachet-Outer-Bag-2-540x540.webp 540w, https:\/\/www.hyflexpack.com\/wp-content\/uploads\/2025\/03\/Custom-Coffee-Powder-Sachet-Outer-Bag-2-660x660.webp 660w\" sizes=\"(max-width: 750px) 100vw, 750px\" \/><\/figure>\n<\/div>\n<\/div>","protected":false},"excerpt":{"rendered":"<p>Esplorando i nostri sacchetti per l'imballaggio del caff\u00e8 in polvere, l'applicazione del materiale composito pu\u00f2 fornire una buona funzione antiumidit\u00e0 e antistatica, nonch\u00e9 elevate prestazioni di barriera per garantire che il caff\u00e8 sia asciutto e sicuro e che i chicchi di caff\u00e8 non vengano rovinati dall'umidit\u00e0. Il fondo pi\u00f9 largo rende l'intero sacchetto pi\u00f9 inclusivo. Contattateci oggi stesso per un preventivo gratuito: ci impegniamo a fornire soluzioni di imballaggio di qualit\u00e0 e rispettose dell'ambiente.<\/p>\n<h3>Vantaggi del fornitore di sacchetti per l'imballaggio del caff\u00e8<\/h3>\n<ul>\n<li><strong>Design personalizzato<\/strong>: Fornire soluzioni di design personalizzate per soddisfare le diverse specifiche, dimensioni e requisiti di stampa fino a 10 colori in base alle esigenze del cliente, supportare la personalizzazione OEM e ODM.<\/li>\n<li><strong>Garanzia di qualit\u00e0<\/strong>: Controllare rigorosamente il processo di produzione, utilizzando materie prime di alta qualit\u00e0 e attrezzature di produzione avanzate per garantire una qualit\u00e0 del prodotto stabile e affidabile.<\/li>\n<li><strong>Assistenza tecnica professionale<\/strong>: Con il nostro team tecnico esperto, forniamo un'assistenza tecnica professionale e un servizio post-vendita per garantire che le esigenze dei clienti siano prontamente soddisfatte e risolte.<\/li>\n<li><strong>Campione gratuito<\/strong>: Fornire un servizio di campionamento gratuito per valutare i prodotti.<\/li>\n<\/ul>\n<p>Huiyang Packaging si impegna a offrire sacchetti per il caff\u00e8 personalizzati e di alta qualit\u00e0, che migliorano l'immagine del prodotto e aumentano la competitivit\u00e0 del mercato per i nostri clienti.<\/p>","protected":false},"featured_media":6463,"comment_status":"open","ping_status":"closed","template":"","meta":[],"product_brand":[],"product_cat":[55],"product_tag":[122,118],"class_list":{"0":"post-6492","1":"product","2":"type-product","3":"status-publish","4":"has-post-thumbnail","6":"product_cat-custom-coffee-packaging","7":"product_tag-gusset-pouch-manufacturer","8":"product_tag-quad-seal-bag-manufacturer","10":"first","11":"instock","12":"shipping-taxable","13":"product-type-simple"},"_links":{"self":[{"href":"https:\/\/www.hyflexpack.com\/it\/wp-json\/wp\/v2\/product\/6492","targetHints":{"allow":["GET"]}}],"collection":[{"href":"https:\/\/www.hyflexpack.com\/it\/wp-json\/wp\/v2\/product"}],"about":[{"href":"https:\/\/www.hyflexpack.com\/it\/wp-json\/wp\/v2\/types\/product"}],"replies":[{"embeddable":true,"href":"https:\/\/www.hyflexpack.com\/it\/wp-json\/wp\/v2\/comments?post=6492"}],"wp:featuredmedia":[{"embeddable":true,"href":"https:\/\/www.hyflexpack.com\/it\/wp-json\/wp\/v2\/media\/6463"}],"wp:attachment":[{"href":"https:\/\/www.hyflexpack.com\/it\/wp-json\/wp\/v2\/media?parent=6492"}],"wp:term":[{"taxonomy":"product_brand","embeddable":true,"href":"https:\/\/www.hyflexpack.com\/it\/wp-json\/wp\/v2\/product_brand?post=6492"},{"taxonomy":"product_cat","embeddable":true,"href":"https:\/\/www.hyflexpack.com\/it\/wp-json\/wp\/v2\/product_cat?post=6492"},{"taxonomy":"product_tag","embeddable":true,"href":"https:\/\/www.hyflexpack.com\/it\/wp-json\/wp\/v2\/product_tag?post=6492"}],"curies":[{"name":"wp","href":"https:\/\/api.w.org\/{rel}","templated":true}]}}