{"id":6423,"date":"2025-03-14T10:09:17","date_gmt":"2025-03-14T10:09:17","guid":{"rendered":"https:\/\/www.hyflexpack.com\/?post_type=product&#038;p=6423"},"modified":"2025-03-14T10:09:19","modified_gmt":"2025-03-14T10:09:19","slug":"custom-coffee-bean-bags-wholesale","status":"publish","type":"product","link":"https:\/\/www.hyflexpack.com\/it\/product\/custom-coffee-bean-bags-wholesale\/","title":{"rendered":"Personalizzati sacchetti di caff\u00e8 in grani all'ingrosso sacchetto di carta kraft plastica Stand Up con valvola"},"content":{"rendered":"<div class=\"wp-block-columns is-layout-flex wp-container-core-columns-is-layout-9d6595d7 wp-block-columns-is-layout-flex\">\n<div class=\"wp-block-column is-layout-flow wp-block-column-is-layout-flow\">\n<h2 class=\"wp-block-heading\">Caratteristiche dei sacchetti di caff\u00e8 in grani personalizzati con valvola<\/h2>\n\n\n\n<ul class=\"wp-block-list\">\n<li>Materiali ecologici: Il nostro sacchetto di caff\u00e8 in grani personalizzato con valvola \u00e8 realizzato in polietilene alimentare ad alta densit\u00e0 (HDPE) o in foglio di alluminio e carta kraft per garantire l'ermeticit\u00e0 e la durata del sacchetto. <\/li>\n\n\n\n<li>Il sacchetto \u00e8 dotato di una valvola di sfiato per facilitare il controllo della pressione dell'aria durante l'erogazione e garantire il sapore e la solubilit\u00e0 dei chicchi di caff\u00e8. <\/li>\n\n\n\n<li>Chiusura a cerniera: La chiusura lampo incorporata \u00e8 comoda per aprire il sigillo pi\u00f9 volte e mantenere il caff\u00e8 asciutto e sicuro. <\/li>\n\n\n\n<li>Fornire una variet\u00e0 di design di borse: Personalizzare il tipo di borsa in base al posizionamento sul mercato.<\/li>\n<\/ul>\n<\/div>\n\n\n\n<div class=\"wp-block-column is-layout-flow wp-block-column-is-layout-flow\">\n<figure class=\"wp-block-image size-full\"><img fetchpriority=\"high\" decoding=\"async\" width=\"750\" height=\"750\" src=\"https:\/\/www.hyflexpack.com\/wp-content\/uploads\/2025\/03\/3424.jpg\" alt=\"Sacchetto di caff\u00e8 in grani personalizzato con valvola\" class=\"wp-image-6403\" srcset=\"https:\/\/www.hyflexpack.com\/wp-content\/uploads\/2025\/03\/3424.jpg 750w, https:\/\/www.hyflexpack.com\/wp-content\/uploads\/2025\/03\/3424-300x300.jpg 300w, https:\/\/www.hyflexpack.com\/wp-content\/uploads\/2025\/03\/3424-150x150.jpg 150w, https:\/\/www.hyflexpack.com\/wp-content\/uploads\/2025\/03\/3424-12x12.jpg 12w, https:\/\/www.hyflexpack.com\/wp-content\/uploads\/2025\/03\/3424-285x285.jpg 285w, https:\/\/www.hyflexpack.com\/wp-content\/uploads\/2025\/03\/3424-270x270.jpg 270w, https:\/\/www.hyflexpack.com\/wp-content\/uploads\/2025\/03\/3424-540x540.jpg 540w, https:\/\/www.hyflexpack.com\/wp-content\/uploads\/2025\/03\/3424-660x660.jpg 660w\" sizes=\"(max-width: 750px) 100vw, 750px\" \/><\/figure>\n<\/div>\n<\/div>\n\n\n\n<p><\/p>","protected":false},"excerpt":{"rendered":"<p>Scoprite il nostro sacchetto di caff\u00e8 in grani personalizzato con valvola. Realizzato in plastica, carta kraft e foglio di alluminio, offre buone propriet\u00e0 di barriera per il sacchetto. Il design a fondo piatto ha un'eccellente stabilit\u00e0 e resistenza, adatta a una variet\u00e0 di prodotti, compreso il caff\u00e8. La superficie \u00e8 trattata con materiale plastico composito, resistente all'umidit\u00e0, all'abrasione e alla durata. Questo imballaggio pu\u00f2 essere personalizzato per soddisfare le esigenze specifiche dell'azienda in termini di marchio, funzione o aspetto. Contattateci oggi stesso per un preventivo. Ci impegniamo a fornire soluzioni di imballaggio ecologiche e di alta qualit\u00e0.<\/p>\n<h2>Vantaggi del grossista di sacchetti di caff\u00e8 in grani personalizzati<\/h2>\n<ul>\n<li>Design personalizzato: Forniamo servizi di sacchetti da imballaggio personalizzati, tra cui la personalizzazione del materiale, delle dimensioni e del modello di stampa per soddisfare le esigenze dei clienti, e supportiamo OEM e ODM.<\/li>\n<li>Produzione: Grazie ad attrezzature e tecnologie avanzate, siamo in grado di completare la produzione dell'ordine in modo efficiente e di alta qualit\u00e0 e di consegnare in tempo. Ispezione di qualit\u00e0: La produzione viene effettuata in stretta conformit\u00e0 con gli standard di qualit\u00e0 e i requisiti di sicurezza alimentare per garantire che i prodotti siano conformi agli standard.<\/li>\n<li>Servizio clienti: Fornire una risposta rapida e un'assistenza premurosa al cliente 24 ore al giorno.<\/li>\n<li>Campione gratuito: Fornire un servizio di campionatura gratuita per valutare il prodotto.<\/li>\n<\/ul>\n<p>Huiyang Packaging si impegna a fornire ai clienti sacchetti di caff\u00e8 in grani personalizzati di alta qualit\u00e0 con valvole, aiutandoli a migliorare l'immagine dei loro prodotti e a rafforzare la loro competitivit\u00e0 sul mercato.<\/p>","protected":false},"featured_media":6403,"comment_status":"open","ping_status":"closed","template":"","meta":[],"product_brand":[],"product_cat":[55],"product_tag":[83],"class_list":{"0":"post-6423","1":"product","2":"type-product","3":"status-publish","4":"has-post-thumbnail","6":"product_cat-custom-coffee-packaging","7":"product_tag-coffee-bags-with-valve-wholesale","9":"first","10":"instock","11":"shipping-taxable","12":"product-type-simple"},"_links":{"self":[{"href":"https:\/\/www.hyflexpack.com\/it\/wp-json\/wp\/v2\/product\/6423","targetHints":{"allow":["GET"]}}],"collection":[{"href":"https:\/\/www.hyflexpack.com\/it\/wp-json\/wp\/v2\/product"}],"about":[{"href":"https:\/\/www.hyflexpack.com\/it\/wp-json\/wp\/v2\/types\/product"}],"replies":[{"embeddable":true,"href":"https:\/\/www.hyflexpack.com\/it\/wp-json\/wp\/v2\/comments?post=6423"}],"wp:featuredmedia":[{"embeddable":true,"href":"https:\/\/www.hyflexpack.com\/it\/wp-json\/wp\/v2\/media\/6403"}],"wp:attachment":[{"href":"https:\/\/www.hyflexpack.com\/it\/wp-json\/wp\/v2\/media?parent=6423"}],"wp:term":[{"taxonomy":"product_brand","embeddable":true,"href":"https:\/\/www.hyflexpack.com\/it\/wp-json\/wp\/v2\/product_brand?post=6423"},{"taxonomy":"product_cat","embeddable":true,"href":"https:\/\/www.hyflexpack.com\/it\/wp-json\/wp\/v2\/product_cat?post=6423"},{"taxonomy":"product_tag","embeddable":true,"href":"https:\/\/www.hyflexpack.com\/it\/wp-json\/wp\/v2\/product_tag?post=6423"}],"curies":[{"name":"wp","href":"https:\/\/api.w.org\/{rel}","templated":true}]}}