{"id":6419,"date":"2025-04-10T19:04:33","date_gmt":"2025-04-10T19:04:33","guid":{"rendered":"https:\/\/www.hyflexpack.com\/?post_type=product&#038;p=6419"},"modified":"2025-10-23T08:14:05","modified_gmt":"2025-10-23T08:14:05","slug":"oem-plastic-salt-packaging-pouch","status":"publish","type":"product","link":"https:\/\/www.hyflexpack.com\/it\/product\/oem-plastic-salt-packaging-pouch\/","title":{"rendered":"Sacchetto d'imballaggio di plastica del sale dell'OEM, Eco Friendly sta sul fornitore della borsa"},"content":{"rendered":"<div class=\"wp-block-columns is-layout-flex wp-container-core-columns-is-layout-9d6595d7 wp-block-columns-is-layout-flex\">\n<div class=\"wp-block-column is-layout-flow wp-block-column-is-layout-flow\">\n<h2 class=\"wp-block-heading\">Caratteristiche del sacchetto di plastica per l'imballaggio del sale dell'OEM<\/h2>\n\n\n\n<ul class=\"wp-block-list\">\n<li>Materiali ecologici: I nostri sacchetti per l'imballaggio del sale personalizzati sono realizzati con materiali ecologici che soddisfano i requisiti ambientali, come materiali biodegradabili o riciclabili, per ridurre l'impatto sull'ambiente. 2. Materiali ad alta barriera alimentare: I sacchetti personalizzati per l'imballaggio morbido sono realizzati con materiali ecologici ad alta barriera antistatica, come PET, PE, fogli di alluminio, ecc., per garantire la secchezza e la sicurezza del prodotto, a prova di umidit\u00e0, antiossidazione e per prolungare la durata di conservazione. 3. Chiusura lampo: La chiusura lampo incorporata \u00e8 comoda per aprire il sigillo pi\u00f9 volte, mantenere la polvere asciutta e impedire l'ingresso di parassiti e aria esterna. 4. Fornire una variet\u00e0 di modelli di sacchetti: Personalizzazione dei tipi di sacchetti in base al posizionamento sul mercato.<\/li>\n<\/ul>\n<\/div>\n\n\n\n<div class=\"wp-block-column is-layout-flow wp-block-column-is-layout-flow\">\n<figure class=\"wp-block-image size-full\"><img fetchpriority=\"high\" decoding=\"async\" width=\"750\" height=\"750\" src=\"https:\/\/www.hyflexpack.com\/wp-content\/uploads\/2025\/03\/OEM-Plastic-Salt-Packaging-1.jpg\" alt=\"Fornitore del sacchetto di plastica per l&#039;imballaggio del sale dell&#039;OEM\" class=\"wp-image-6415\" srcset=\"https:\/\/www.hyflexpack.com\/wp-content\/uploads\/2025\/03\/OEM-Plastic-Salt-Packaging-1.jpg 750w, https:\/\/www.hyflexpack.com\/wp-content\/uploads\/2025\/03\/OEM-Plastic-Salt-Packaging-1-300x300.jpg 300w, https:\/\/www.hyflexpack.com\/wp-content\/uploads\/2025\/03\/OEM-Plastic-Salt-Packaging-1-150x150.jpg 150w, https:\/\/www.hyflexpack.com\/wp-content\/uploads\/2025\/03\/OEM-Plastic-Salt-Packaging-1-12x12.jpg 12w, https:\/\/www.hyflexpack.com\/wp-content\/uploads\/2025\/03\/OEM-Plastic-Salt-Packaging-1-285x285.jpg 285w, https:\/\/www.hyflexpack.com\/wp-content\/uploads\/2025\/03\/OEM-Plastic-Salt-Packaging-1-270x270.jpg 270w, https:\/\/www.hyflexpack.com\/wp-content\/uploads\/2025\/03\/OEM-Plastic-Salt-Packaging-1-540x540.jpg 540w, https:\/\/www.hyflexpack.com\/wp-content\/uploads\/2025\/03\/OEM-Plastic-Salt-Packaging-1-660x660.jpg 660w\" sizes=\"(max-width: 750px) 100vw, 750px\" \/><\/figure>\n<\/div>\n<\/div>\n\n\n\n<p><\/p>","protected":false},"excerpt":{"rendered":"<p>Scoprite le nostre buste di plastica ecologiche per l'imballaggio del sale, progettate per gli alimenti. Realizzate con materiali sostenibili, sono resistenti e riciclabili e rappresentano il miglior partner per scelte alimentari eco-compatibili. Da usare in viaggio o a casa, questi sacchetti di sale riutilizzabili possono facilmente ospitare una variet\u00e0 di piccoli snack per soddisfare le vostre esigenze quotidiane. Contattateci oggi stesso per un preventivo. Ci impegniamo a fornire soluzioni di imballaggio ecologiche e di alta qualit\u00e0. Vantaggi dell'imballaggio di plastica per sale OEM di alta qualit\u00e0 \u25cfProgettazione personalizzata: Forniamo servizi di sacchetti di imballaggio personalizzati, tra cui la personalizzazione del materiale, delle dimensioni e del modello di stampa per soddisfare le esigenze dei clienti, e supportiamo OEM e ODM. Produzione: Grazie ad attrezzature e tecnologie avanzate, siamo in grado di completare la produzione degli ordini in modo efficiente e di alta qualit\u00e0 e di consegnarli in tempo. Ispezione di qualit\u00e0: La produzione viene eseguita in stretta conformit\u00e0 con gli standard di qualit\u00e0 e i requisiti di sicurezza alimentare per garantire che i prodotti siano conformi agli standard. Servizio clienti: Fornire una risposta rapida e un'assistenza premurosa al cliente 24 ore su 24. Campione gratuito: Forniamo un servizio di campionatura gratuita per valutare il prodotto. Huiyang Packaging si impegna a fornire ai clienti imballaggi in plastica per sale OEM di alta qualit\u00e0 per aiutarli a migliorare l'immagine dei loro prodotti e ad aumentare la loro competitivit\u00e0 sul mercato.<\/p>","protected":false},"featured_media":6415,"comment_status":"open","ping_status":"closed","template":"","meta":[],"product_brand":[],"product_cat":[66],"product_tag":[],"class_list":{"0":"post-6419","1":"product","2":"type-product","3":"status-publish","4":"has-post-thumbnail","6":"product_cat-condiment-packaging-custom","8":"first","9":"instock","10":"shipping-taxable","11":"product-type-simple"},"_links":{"self":[{"href":"https:\/\/www.hyflexpack.com\/it\/wp-json\/wp\/v2\/product\/6419","targetHints":{"allow":["GET"]}}],"collection":[{"href":"https:\/\/www.hyflexpack.com\/it\/wp-json\/wp\/v2\/product"}],"about":[{"href":"https:\/\/www.hyflexpack.com\/it\/wp-json\/wp\/v2\/types\/product"}],"replies":[{"embeddable":true,"href":"https:\/\/www.hyflexpack.com\/it\/wp-json\/wp\/v2\/comments?post=6419"}],"wp:featuredmedia":[{"embeddable":true,"href":"https:\/\/www.hyflexpack.com\/it\/wp-json\/wp\/v2\/media\/6415"}],"wp:attachment":[{"href":"https:\/\/www.hyflexpack.com\/it\/wp-json\/wp\/v2\/media?parent=6419"}],"wp:term":[{"taxonomy":"product_brand","embeddable":true,"href":"https:\/\/www.hyflexpack.com\/it\/wp-json\/wp\/v2\/product_brand?post=6419"},{"taxonomy":"product_cat","embeddable":true,"href":"https:\/\/www.hyflexpack.com\/it\/wp-json\/wp\/v2\/product_cat?post=6419"},{"taxonomy":"product_tag","embeddable":true,"href":"https:\/\/www.hyflexpack.com\/it\/wp-json\/wp\/v2\/product_tag?post=6419"}],"curies":[{"name":"wp","href":"https:\/\/api.w.org\/{rel}","templated":true}]}}