{"id":6351,"date":"2025-03-14T10:37:48","date_gmt":"2025-03-14T10:37:48","guid":{"rendered":"https:\/\/www.hyflexpack.com\/?post_type=product&#038;p=6351"},"modified":"2025-03-28T08:44:03","modified_gmt":"2025-03-28T08:44:03","slug":"custom-tortilla-chips-bags","status":"publish","type":"product","link":"https:\/\/www.hyflexpack.com\/it\/product\/custom-tortilla-chips-bags\/","title":{"rendered":"Sacchetti di plastica su ordinazione del chip della tortilla all'ingrosso, calore laminato sigillano il sacchetto piano fornitore"},"content":{"rendered":"<div class=\"wp-block-columns is-layout-flex wp-container-core-columns-is-layout-9d6595d7 wp-block-columns-is-layout-flex\">\n<div class=\"wp-block-column is-layout-flow wp-block-column-is-layout-flow\">\n<h2 class=\"wp-block-heading\">Caratteristiche dei sacchetti di plastica per patatine fritte all'ingrosso<\/h2>\n\n\n\n<p><\/p>\n\n\n\n<ul class=\"wp-block-list\">\n<li><strong>Materiale di alta qualit\u00e0<\/strong>: I nostri sacchetti di plastica per patatine fritte all'ingrosso sono realizzati in materiale composito di alta qualit\u00e0, che garantisce la durata del prodotto e la resistenza all'umidit\u00e0, mantenendo il gusto fresco delle patatine di mais.<\/li>\n\n\n\n<li><strong>Design personalizzabili<\/strong>: Il fornitore di buste piatte offre un'ampia gamma di opzioni di stampa e di design per dare maggiore risalto all'immagine del vostro marchio e soddisfare tutti i tipi di richieste del mercato.<\/li>\n\n\n\n<li><strong>Design della termosaldatura<\/strong>: Il fornitore di buste piatte mette i sacchetti di patatine fritte con la tecnologia di saldatura a caldo per garantire una buona tenuta ed evitare che il prodotto si disperda o si bagni.<\/li>\n\n\n\n<li><strong>Uso multifunzionale<\/strong>: Il sacchetto piatto personalizzato \u00e8 adatto a tutti i tipi di imballaggio alimentare, come tortilla chips, snack, ecc, sia bello che pratico.<\/li>\n\n\n\n<li><strong>Fornitura all'ingrosso<\/strong>: Siamo un grossista professionale di sacchetti di trucioli, che supporta l'ordine all'ingrosso per soddisfare le esigenze di diversi commercianti.<\/li>\n<\/ul>\n\n\n\n<p>Huiyang Packaging si impegna a fornire ai clienti sacchetti per tortilla chip con logo personalizzato di alta qualit\u00e0, aiutandoli a migliorare l'immagine dei loro prodotti e ad aumentare la loro competitivit\u00e0 sul mercato.<\/p>\n<\/div>\n\n\n\n<div class=\"wp-block-column is-layout-flow wp-block-column-is-layout-flow\">\n<figure class=\"wp-block-image size-full\"><img fetchpriority=\"high\" decoding=\"async\" width=\"750\" height=\"750\" src=\"https:\/\/www.hyflexpack.com\/wp-content\/uploads\/2025\/02\/Custom-Plastic-Tortilla-Chips-Bag-1.jpg\" alt=\"Personalizzato Tortilla Chips Borse all&#039;ingrosso\" class=\"wp-image-6329\" srcset=\"https:\/\/www.hyflexpack.com\/wp-content\/uploads\/2025\/02\/Custom-Plastic-Tortilla-Chips-Bag-1.jpg 750w, https:\/\/www.hyflexpack.com\/wp-content\/uploads\/2025\/02\/Custom-Plastic-Tortilla-Chips-Bag-1-300x300.jpg 300w, https:\/\/www.hyflexpack.com\/wp-content\/uploads\/2025\/02\/Custom-Plastic-Tortilla-Chips-Bag-1-150x150.jpg 150w, https:\/\/www.hyflexpack.com\/wp-content\/uploads\/2025\/02\/Custom-Plastic-Tortilla-Chips-Bag-1-12x12.jpg 12w, https:\/\/www.hyflexpack.com\/wp-content\/uploads\/2025\/02\/Custom-Plastic-Tortilla-Chips-Bag-1-285x285.jpg 285w, https:\/\/www.hyflexpack.com\/wp-content\/uploads\/2025\/02\/Custom-Plastic-Tortilla-Chips-Bag-1-270x270.jpg 270w, https:\/\/www.hyflexpack.com\/wp-content\/uploads\/2025\/02\/Custom-Plastic-Tortilla-Chips-Bag-1-540x540.jpg 540w, https:\/\/www.hyflexpack.com\/wp-content\/uploads\/2025\/02\/Custom-Plastic-Tortilla-Chips-Bag-1-660x660.jpg 660w\" sizes=\"(max-width: 750px) 100vw, 750px\" \/><\/figure>\n<\/div>\n<\/div>","protected":false},"excerpt":{"rendered":"<p>Per saperne di pi\u00f9 sui nostri sacchetti di plastica personalizzati per tortilla chip all'ingrosso, realizzati in materiale polimerico con una struttura composita a doppio strato per prevenire efficacemente l'umidit\u00e0 e mantenere il prodotto fresco. Supporta la personalizzazione della stampa e pu\u00f2 essere aggiunto un logo o un motivo in base alle esigenze del marchio. Adatti per i settori della trasformazione alimentare, della ristorazione e della vendita al dettaglio, offrono opzioni di imballaggio pratiche e rispettose dell'ambiente. Contattateci oggi stesso per un preventivo: ci impegniamo a fornire soluzioni di imballaggio ecologiche e di alta qualit\u00e0.<\/p>\n<h3>Vantaggi del grossista di sacchetti di tortilla personalizzati<\/h3>\n<ul>\n<li>Design personalizzato: Forniamo servizi di sacchetti da imballaggio personalizzati, tra cui la personalizzazione del materiale, delle dimensioni e del modello di stampa per soddisfare le esigenze dei clienti, e supportiamo OEM e ODM.<\/li>\n<li>Produzione: Grazie ad attrezzature e tecnologie avanzate, siamo in grado di completare la produzione degli ordini in modo efficiente e di alta qualit\u00e0 e di consegnarli in tempo.<\/li>\n<li>Ispezione della qualit\u00e0: La produzione avviene in stretta conformit\u00e0 con gli standard di qualit\u00e0 e i requisiti di sicurezza alimentare, per garantire che i prodotti siano conformi agli standard.<\/li>\n<li>Servizio clienti: Fornire una risposta rapida e un'assistenza premurosa al cliente 24 ore al giorno.<\/li>\n<li>Campione gratuito: Forniamo un servizio di campioni gratuiti per valutare il prodotto.<\/li>\n<\/ul>\n<p>&nbsp;<\/p>","protected":false},"featured_media":6329,"comment_status":"open","ping_status":"closed","template":"","meta":[],"product_brand":[],"product_cat":[57],"product_tag":[],"class_list":{"0":"post-6351","1":"product","2":"type-product","3":"status-publish","4":"has-post-thumbnail","6":"product_cat-snack-packaging-bags-wholesale","8":"first","9":"instock","10":"shipping-taxable","11":"product-type-simple"},"_links":{"self":[{"href":"https:\/\/www.hyflexpack.com\/it\/wp-json\/wp\/v2\/product\/6351","targetHints":{"allow":["GET"]}}],"collection":[{"href":"https:\/\/www.hyflexpack.com\/it\/wp-json\/wp\/v2\/product"}],"about":[{"href":"https:\/\/www.hyflexpack.com\/it\/wp-json\/wp\/v2\/types\/product"}],"replies":[{"embeddable":true,"href":"https:\/\/www.hyflexpack.com\/it\/wp-json\/wp\/v2\/comments?post=6351"}],"wp:featuredmedia":[{"embeddable":true,"href":"https:\/\/www.hyflexpack.com\/it\/wp-json\/wp\/v2\/media\/6329"}],"wp:attachment":[{"href":"https:\/\/www.hyflexpack.com\/it\/wp-json\/wp\/v2\/media?parent=6351"}],"wp:term":[{"taxonomy":"product_brand","embeddable":true,"href":"https:\/\/www.hyflexpack.com\/it\/wp-json\/wp\/v2\/product_brand?post=6351"},{"taxonomy":"product_cat","embeddable":true,"href":"https:\/\/www.hyflexpack.com\/it\/wp-json\/wp\/v2\/product_cat?post=6351"},{"taxonomy":"product_tag","embeddable":true,"href":"https:\/\/www.hyflexpack.com\/it\/wp-json\/wp\/v2\/product_tag?post=6351"}],"curies":[{"name":"wp","href":"https:\/\/api.w.org\/{rel}","templated":true}]}}