{"id":6350,"date":"2025-03-01T02:08:17","date_gmt":"2025-03-01T02:08:17","guid":{"rendered":"https:\/\/www.hyflexpack.com\/?post_type=product&#038;p=6350"},"modified":"2025-10-23T08:17:26","modified_gmt":"2025-10-23T08:17:26","slug":"custom-tortilla-chips-bag-supplier","status":"publish","type":"product","link":"https:\/\/www.hyflexpack.com\/it\/product\/custom-tortilla-chips-bag-supplier\/","title":{"rendered":"Imballaggio personalizzato della borsa delle patatine fritte della tortilla, sacchetto riciclato del soffietto laterale produttore"},"content":{"rendered":"<div class=\"wp-block-columns is-layout-flex wp-container-core-columns-is-layout-9d6595d7 wp-block-columns-is-layout-flex\">\n<div class=\"wp-block-column is-layout-flow wp-block-column-is-layout-flow\">\n<h2 class=\"wp-block-heading\">Caratteristiche del sacchetto di tortilla chips personalizzato<\/h2>\n\n\n\n<p><\/p>\n\n\n\n<ul class=\"wp-block-list\">\n<li><strong>Design della guarnizione posteriore<\/strong>: Il sacchetto personalizzato per tortilla chips \u00e8 dotato di una busta a chiusura posteriore, piccola ed ermetica. Offre propriet\u00e0 sigillanti e di barriera all'umidit\u00e0 per il prodotto ed \u00e8 ideale per la conservazione e il trasporto a lungo termine di tortilla chips e altri prodotti secchi.<\/li>\n\n\n\n<li><strong>Tassello laterale<\/strong>: Il design della busta con soffietto laterale riciclato offre una maggiore capacit\u00e0 e la busta pu\u00f2 contenere pi\u00f9 prodotti. Abbiamo un'ampia gamma di capacit\u00e0, da 100 g a 1 kg, per poter rispondere in modo flessibile alle diverse esigenze di confezionamento.<\/li>\n\n\n\n<li><strong>Finestra trasparente<\/strong>: L'imballaggio con finestra trasparente consente ai clienti di vedere il prodotto all'interno del sacchetto, adatto ai prodotti alimentari che devono esporre l'aspetto e la qualit\u00e0 del prodotto, consentendo ai clienti di prendere decisioni pi\u00f9 informate riguardo ai prodotti.<\/li>\n\n\n\n<li><strong>Materiale resistente<\/strong>: Per la produzione di sacchetti personalizzati per tortilla chips viene utilizzato un materiale composito di alta qualit\u00e0 con caratteristiche superiori di resistenza allo strappo, all'abrasione e all'umidit\u00e0. Il materiale mantiene gli alimenti all'interno del sacchetto asciutti e freschi per un lungo periodo, prolunga la durata di conservazione del prodotto e mantiene la migliore qualit\u00e0 del prodotto.<\/li>\n\n\n\n<li><strong>Sostenibilit\u00e0 ambientale e conservazione<\/strong>: La busta con soffietto laterale riciclato utilizza materiale di imballaggio riciclabile 100%, soddisfacendo cos\u00ec gli standard ambientali internazionali e riducendo l'effetto sull'ambiente. Il nostro obiettivo \u00e8 ridurre l'uso della plastica e promuovere la conservazione dell'ambiente.<\/li>\n\n\n\n<li><strong>Multidimensione e versatilit\u00e0<\/strong>: Forniamo ai nostri clienti una gamma di buste con soffietto laterale riciclato in varie dimensioni e capacit\u00e0 per soddisfare le esigenze di confezionamento di vari prodotti. Dal confezionamento di piccoli lotti a quello di prodotti sfusi, disponiamo di soluzioni versatili e personalizzate.<\/li>\n<\/ul>\n<\/div>\n\n\n\n<div class=\"wp-block-column is-layout-flow wp-block-column-is-layout-flow\">\n<figure class=\"wp-block-image size-full\"><img fetchpriority=\"high\" decoding=\"async\" width=\"750\" height=\"750\" src=\"https:\/\/www.hyflexpack.com\/wp-content\/uploads\/2025\/03\/Custom-Plastic-Tortilla-Chips-Bag-5.webp\" alt=\"Personalizzato-Tortilla-Chips-Bag-Fabbricante-5\" class=\"wp-image-6366\" srcset=\"https:\/\/www.hyflexpack.com\/wp-content\/uploads\/2025\/03\/Custom-Plastic-Tortilla-Chips-Bag-5.webp 750w, https:\/\/www.hyflexpack.com\/wp-content\/uploads\/2025\/03\/Custom-Plastic-Tortilla-Chips-Bag-5-300x300.webp 300w, https:\/\/www.hyflexpack.com\/wp-content\/uploads\/2025\/03\/Custom-Plastic-Tortilla-Chips-Bag-5-150x150.webp 150w, https:\/\/www.hyflexpack.com\/wp-content\/uploads\/2025\/03\/Custom-Plastic-Tortilla-Chips-Bag-5-12x12.webp 12w, https:\/\/www.hyflexpack.com\/wp-content\/uploads\/2025\/03\/Custom-Plastic-Tortilla-Chips-Bag-5-285x285.webp 285w, https:\/\/www.hyflexpack.com\/wp-content\/uploads\/2025\/03\/Custom-Plastic-Tortilla-Chips-Bag-5-270x270.webp 270w, https:\/\/www.hyflexpack.com\/wp-content\/uploads\/2025\/03\/Custom-Plastic-Tortilla-Chips-Bag-5-540x540.webp 540w, https:\/\/www.hyflexpack.com\/wp-content\/uploads\/2025\/03\/Custom-Plastic-Tortilla-Chips-Bag-5-660x660.webp 660w\" sizes=\"(max-width: 750px) 100vw, 750px\" \/><\/figure>\n<\/div>\n<\/div>\n\n\n\n<p><\/p>","protected":false},"excerpt":{"rendered":"<p>Huiyang Packaging fornisce sacchetti di tortilla chips personalizzati di alta qualit\u00e0, realizzati con materiali riciclati ecocompatibili, mentre il design della finestra trasparente rende il prodotto pi\u00f9 attraente. Supportiamo la stampa personalizzata per soddisfare le diverse esigenze di capacit\u00e0, concentrandoci sulla protezione dell'ambiente e sullo sviluppo sostenibile. Contattateci subito per avere un design e dei campioni gratuiti per migliorare la competitivit\u00e0 del vostro marchio sul mercato!<\/p>\n<h3>Specifiche del sacchetto di tortilla chips<\/h3>\n<p>Materiale: Carta Krafr, PLA, BOPP PE, PP, EVOH, ecc.<br \/>Dimensioni: Disponibile su misura<br \/>Tipo: Busta con soffietto laterale, sacchetto con chiusura posteriore<br \/>Colore: personalizzato<br \/>Ordine personalizzato: Accettare OEM e ODM<br \/>Manipolazione delle superfici: Stampa a rotocalco<br \/>Certificazione: Certificazione ISO, BRC, FDA<br \/>Campione gratuito: Supporto<br \/>MOQ: 10000psc<\/p>","protected":false},"featured_media":6369,"comment_status":"open","ping_status":"closed","template":"","meta":[],"product_brand":[],"product_cat":[57],"product_tag":[],"class_list":{"0":"post-6350","1":"product","2":"type-product","3":"status-publish","4":"has-post-thumbnail","6":"product_cat-snack-packaging-bags-wholesale","8":"first","9":"instock","10":"shipping-taxable","11":"product-type-simple"},"_links":{"self":[{"href":"https:\/\/www.hyflexpack.com\/it\/wp-json\/wp\/v2\/product\/6350","targetHints":{"allow":["GET"]}}],"collection":[{"href":"https:\/\/www.hyflexpack.com\/it\/wp-json\/wp\/v2\/product"}],"about":[{"href":"https:\/\/www.hyflexpack.com\/it\/wp-json\/wp\/v2\/types\/product"}],"replies":[{"embeddable":true,"href":"https:\/\/www.hyflexpack.com\/it\/wp-json\/wp\/v2\/comments?post=6350"}],"wp:featuredmedia":[{"embeddable":true,"href":"https:\/\/www.hyflexpack.com\/it\/wp-json\/wp\/v2\/media\/6369"}],"wp:attachment":[{"href":"https:\/\/www.hyflexpack.com\/it\/wp-json\/wp\/v2\/media?parent=6350"}],"wp:term":[{"taxonomy":"product_brand","embeddable":true,"href":"https:\/\/www.hyflexpack.com\/it\/wp-json\/wp\/v2\/product_brand?post=6350"},{"taxonomy":"product_cat","embeddable":true,"href":"https:\/\/www.hyflexpack.com\/it\/wp-json\/wp\/v2\/product_cat?post=6350"},{"taxonomy":"product_tag","embeddable":true,"href":"https:\/\/www.hyflexpack.com\/it\/wp-json\/wp\/v2\/product_tag?post=6350"}],"curies":[{"name":"wp","href":"https:\/\/api.w.org\/{rel}","templated":true}]}}