{"id":6221,"date":"2025-02-28T09:32:11","date_gmt":"2025-02-28T09:32:11","guid":{"rendered":"https:\/\/www.hyflexpack.com\/?post_type=product&#038;p=6221"},"modified":"2025-10-23T08:17:38","modified_gmt":"2025-10-23T08:17:38","slug":"bespoke-dog-food-packaging-bag","status":"publish","type":"product","link":"https:\/\/www.hyflexpack.com\/it\/product\/bespoke-dog-food-packaging-bag\/","title":{"rendered":"Borsa d'imballaggio del cibo per cani su misura, Stand Up Pouches riciclabile Fornitore"},"content":{"rendered":"<div class=\"wp-block-columns is-layout-flex wp-container-core-columns-is-layout-9d6595d7 wp-block-columns-is-layout-flex\">\n<div class=\"wp-block-column is-layout-flow wp-block-column-is-layout-flow\">\n<h3 class=\"wp-block-heading\">Caratteristiche di Bespoke Dog Food Packaging Bag<\/h3>\n\n\n\n<ul class=\"wp-block-list\">\n<li><strong>Materiale riciclabile<\/strong>: L'uso di materiale riciclabile di alta qualit\u00e0 soddisfa gli standard ambientali, rendendo il sacchetto di imballaggio per cani personalizzato pi\u00f9 consapevole per i consumatori.<\/li>\n<\/ul>\n\n\n\n<p><\/p>\n\n\n\n<ul class=\"wp-block-list\">\n<li><strong>Durata e protezione<\/strong>: L'uso di materiale composito multistrato ha un'eccellente resistenza allo strappo, all'umidit\u00e0 e all'ossidazione, proteggendo efficacemente la freschezza e la qualit\u00e0 del cibo per cani durante il trasporto e la conservazione.<\/li>\n<\/ul>\n\n\n\n<p><\/p>\n\n\n\n<ul class=\"wp-block-list\">\n<li><strong>Soddisfano gli standard di sicurezza alimentare<\/strong>: I materiali applicati sono rigorosamente testati e superano gli standard di sicurezza per il contatto con gli alimenti, in modo che l'imballaggio personalizzato per il cibo per cani sia atossico.<\/li>\n<\/ul>\n\n\n\n<p><\/p>\n\n\n\n<ul class=\"wp-block-list\">\n<li><strong>Facile da aprire e sigillare<\/strong>: Dotata di una chiusura a cerniera di alta qualit\u00e0, gli utenti possono richiuderla con facilit\u00e0 dopo l'apertura, favorendo la facilit\u00e0 d'uso e l'esperienza del consumatore.<\/li>\n<\/ul>\n\n\n\n<p><\/p>\n\n\n\n<ul class=\"wp-block-list\">\n<li><strong>Design Stand-Up<\/strong>: Il design della borsa stand-up consente di migliorare gli effetti espositivi e di risparmiare spazio sugli scaffali.<\/li>\n<\/ul>\n<\/div>\n\n\n\n<div class=\"wp-block-column is-layout-flow wp-block-column-is-layout-flow\">\n<figure class=\"wp-block-image size-full\"><img fetchpriority=\"high\" decoding=\"async\" width=\"750\" height=\"750\" src=\"https:\/\/www.hyflexpack.com\/wp-content\/uploads\/2025\/02\/Bespoke-Dog-Food-Packaging-Bag-1.webp\" alt=\"Borsa per l&#039;imballaggio di cibo per cani su misura\" class=\"wp-image-6191\" srcset=\"https:\/\/www.hyflexpack.com\/wp-content\/uploads\/2025\/02\/Bespoke-Dog-Food-Packaging-Bag-1.webp 750w, https:\/\/www.hyflexpack.com\/wp-content\/uploads\/2025\/02\/Bespoke-Dog-Food-Packaging-Bag-1-300x300.webp 300w, https:\/\/www.hyflexpack.com\/wp-content\/uploads\/2025\/02\/Bespoke-Dog-Food-Packaging-Bag-1-150x150.webp 150w, https:\/\/www.hyflexpack.com\/wp-content\/uploads\/2025\/02\/Bespoke-Dog-Food-Packaging-Bag-1-12x12.webp 12w, https:\/\/www.hyflexpack.com\/wp-content\/uploads\/2025\/02\/Bespoke-Dog-Food-Packaging-Bag-1-285x285.webp 285w, https:\/\/www.hyflexpack.com\/wp-content\/uploads\/2025\/02\/Bespoke-Dog-Food-Packaging-Bag-1-270x270.webp 270w, https:\/\/www.hyflexpack.com\/wp-content\/uploads\/2025\/02\/Bespoke-Dog-Food-Packaging-Bag-1-540x540.webp 540w, https:\/\/www.hyflexpack.com\/wp-content\/uploads\/2025\/02\/Bespoke-Dog-Food-Packaging-Bag-1-660x660.webp 660w\" sizes=\"(max-width: 750px) 100vw, 750px\" \/><\/figure>\n<\/div>\n<\/div>\n\n\n\n<p><\/p>","protected":false},"excerpt":{"rendered":"<p>Scoprite i nostri sacchetti personalizzati per l'imballaggio di cibo per animali domestici in foglio di alluminio e carta kraft. Si tratta di un sacchetto personalizzato per l'imballaggio di cibo per animali domestici realizzato con materiali riciclabili e con una forma a cavalletto per facilitarne il trasporto. Contattate subito il nostro team di professionisti per un preventivo dettagliato, vi serviremo con tutto il cuore!<\/p>\n<h3>Vantaggi della borsa di alta qualit\u00e0 per l'imballaggio di cibo per cani su misura Produttore<\/h3>\n<ul>\n<li><strong>Servizio personalizzato<\/strong>: Huiyang Packaging \u00e8 specializzata nel fornire ai clienti servizi di imballaggio personalizzati e professionali, dalla progettazione alla produzione.<\/li>\n<li><strong>Concetto di protezione ambientale<\/strong>: Huiyang \u00e8 lieta di fornire ai clienti materiali di imballaggio ecologici e di utilizzare materiali riciclabili per soddisfare l'esigenza globale di imballaggi ecologici.<\/li>\n<li><strong>Eccellente controllo di qualit\u00e0<\/strong>: Huiyang utilizza macchinari avanzati nel processo di produzione e sistemi di controllo della qualit\u00e0 rigorosi per garantire standard di alta qualit\u00e0 in ogni lotto di materiale da imballaggio.<\/li>\n<li><strong>Innovazione e adattamento del mercato<\/strong>: In qualit\u00e0 di leader di mercato, Huiyang non smette mai di innovare e di produrre imballaggi in linea con le tendenze del mercato e i gusti dei consumatori.<\/li>\n<\/ul>\n<p>Huiyang Packaging si impegna a fornire ai clienti sacchetti di imballaggio per alimenti per cani su misura di alta qualit\u00e0, per aiutarli a migliorare l'immagine dei loro prodotti e ad aumentare la loro competitivit\u00e0 sul mercato.<\/p>","protected":false},"featured_media":6191,"comment_status":"open","ping_status":"closed","template":"","meta":[],"product_brand":[],"product_cat":[56],"product_tag":[],"class_list":{"0":"post-6221","1":"product","2":"type-product","3":"status-publish","4":"has-post-thumbnail","6":"product_cat-custom-pet-food-packaging","8":"first","9":"instock","10":"shipping-taxable","11":"product-type-simple"},"_links":{"self":[{"href":"https:\/\/www.hyflexpack.com\/it\/wp-json\/wp\/v2\/product\/6221","targetHints":{"allow":["GET"]}}],"collection":[{"href":"https:\/\/www.hyflexpack.com\/it\/wp-json\/wp\/v2\/product"}],"about":[{"href":"https:\/\/www.hyflexpack.com\/it\/wp-json\/wp\/v2\/types\/product"}],"replies":[{"embeddable":true,"href":"https:\/\/www.hyflexpack.com\/it\/wp-json\/wp\/v2\/comments?post=6221"}],"wp:featuredmedia":[{"embeddable":true,"href":"https:\/\/www.hyflexpack.com\/it\/wp-json\/wp\/v2\/media\/6191"}],"wp:attachment":[{"href":"https:\/\/www.hyflexpack.com\/it\/wp-json\/wp\/v2\/media?parent=6221"}],"wp:term":[{"taxonomy":"product_brand","embeddable":true,"href":"https:\/\/www.hyflexpack.com\/it\/wp-json\/wp\/v2\/product_brand?post=6221"},{"taxonomy":"product_cat","embeddable":true,"href":"https:\/\/www.hyflexpack.com\/it\/wp-json\/wp\/v2\/product_cat?post=6221"},{"taxonomy":"product_tag","embeddable":true,"href":"https:\/\/www.hyflexpack.com\/it\/wp-json\/wp\/v2\/product_tag?post=6221"}],"curies":[{"name":"wp","href":"https:\/\/api.w.org\/{rel}","templated":true}]}}