{"id":6082,"date":"2025-02-12T18:18:09","date_gmt":"2025-02-12T18:18:09","guid":{"rendered":"https:\/\/www.hyflexpack.com\/?post_type=product&#038;p=6082"},"modified":"2025-02-13T03:18:14","modified_gmt":"2025-02-13T03:18:14","slug":"custom-popcorn-packaging-film-wholesale","status":"publish","type":"product","link":"https:\/\/www.hyflexpack.com\/it\/product\/custom-popcorn-packaging-film-wholesale\/","title":{"rendered":"Film d'imballaggio del popcorn di 1oz 2oz all'ingrosso, fabbrica di riserva del rotolo del riso soffiato"},"content":{"rendered":"<div class=\"wp-block-columns is-layout-flex wp-container-core-columns-is-layout-9d6595d7 wp-block-columns-is-layout-flex\">\n<div class=\"wp-block-column is-layout-flow wp-block-column-is-layout-flow\">\n<h3 class=\"wp-block-heading\">Caratteristiche del film di imballaggio per popcorn dell'OEM<\/h3>\n\n\n\n<ul class=\"wp-block-list\">\n<li><strong>Ampio spazio di espansione<\/strong>: Il design unico conferisce al sacchetto uno spazio interno pi\u00f9 ampio dopo l'espansione, assicurando il massimo scoppio del mais.<\/li>\n<\/ul>\n\n\n\n<p><\/p>\n\n\n\n<ul class=\"wp-block-list\">\n<li><strong>Igienico e rispettoso dell'ambiente<\/strong>: La pellicola di imballaggio per popcorn all'ingrosso \u00e8 realizzata con materiali che soddisfano gli standard di sicurezza alimentare per garantire l'igiene e l'innocuit\u00e0 del prodotto.<\/li>\n<\/ul>\n\n\n\n<p><\/p>\n\n\n\n<ul class=\"wp-block-list\">\n<li><strong>Resistente alle alte e basse temperature<\/strong>: in grado di resistere alle alte temperature durante il riscaldamento a microonde, garantendo che la confezione non si deformi o si rompa durante il processo di riscaldamento.<\/li>\n<\/ul>\n\n\n\n<p><\/p>\n\n\n\n<ul class=\"wp-block-list\">\n<li><strong>Resistente all'olio e all'acqua<\/strong>: La pellicola per l'imballaggio dei popcorn all'ingrosso \u00e8 resistente all'olio e all'acqua, impedendo la penetrazione del grasso e mantenendo la confezione asciutta.<\/li>\n<\/ul>\n\n\n\n<p><\/p>\n\n\n\n<ul class=\"wp-block-list\">\n<li><strong>Blocco della luce<\/strong>: Ha caratteristiche opache e di blocco della luce per evitare che la luce influisca sulla qualit\u00e0 del popcorn.<\/li>\n<\/ul>\n\n\n\n<p><\/p>\n\n\n\n<ul class=\"wp-block-list\">\n<li><strong>Conservazione dell'aroma e assenza di odore<\/strong>: il materiale di imballaggio flessibile di alta qualit\u00e0 \u00e8 inodore, in grado di mantenere efficacemente l'aroma dei popcorn.<\/li>\n<\/ul>\n<\/div>\n\n\n\n<div class=\"wp-block-column is-layout-flow wp-block-column-is-layout-flow\">\n<figure class=\"wp-block-image size-full\"><img fetchpriority=\"high\" decoding=\"async\" width=\"750\" height=\"750\" src=\"https:\/\/www.hyflexpack.com\/wp-content\/uploads\/2025\/01\/OEM-Puffed-Rice-Packaging-Roll-Film-3.webp\" alt=\"all&#039;ingrosso Film per l&#039;imballaggio di popcorn in rotoli\" class=\"wp-image-6074\" srcset=\"https:\/\/www.hyflexpack.com\/wp-content\/uploads\/2025\/01\/OEM-Puffed-Rice-Packaging-Roll-Film-3.webp 750w, https:\/\/www.hyflexpack.com\/wp-content\/uploads\/2025\/01\/OEM-Puffed-Rice-Packaging-Roll-Film-3-300x300.webp 300w, https:\/\/www.hyflexpack.com\/wp-content\/uploads\/2025\/01\/OEM-Puffed-Rice-Packaging-Roll-Film-3-150x150.webp 150w, https:\/\/www.hyflexpack.com\/wp-content\/uploads\/2025\/01\/OEM-Puffed-Rice-Packaging-Roll-Film-3-12x12.webp 12w, https:\/\/www.hyflexpack.com\/wp-content\/uploads\/2025\/01\/OEM-Puffed-Rice-Packaging-Roll-Film-3-285x285.webp 285w, https:\/\/www.hyflexpack.com\/wp-content\/uploads\/2025\/01\/OEM-Puffed-Rice-Packaging-Roll-Film-3-270x270.webp 270w, https:\/\/www.hyflexpack.com\/wp-content\/uploads\/2025\/01\/OEM-Puffed-Rice-Packaging-Roll-Film-3-540x540.webp 540w, https:\/\/www.hyflexpack.com\/wp-content\/uploads\/2025\/01\/OEM-Puffed-Rice-Packaging-Roll-Film-3-660x660.webp 660w\" sizes=\"(max-width: 750px) 100vw, 750px\" \/><\/figure>\n<\/div>\n<\/div>\n\n\n\n<h2 class=\"wp-block-heading has-text-align-center\">Design della confezione di popcorn con una variet\u00e0 di disegni<\/h2>\n\n\n\n<p><\/p>\n\n\n\n<p>Che si tratti di proteggere dall'umidit\u00e0 e dall'ossigeno o di mantenere la consistenza croccante dei popcorn, le nostre soluzioni di imballaggio garantiscono risultati perfetti durante il trasporto e lo stoccaggio. Contattateci oggi stesso per acquistare all'ingrosso pellicole per popcorn o per personalizzare il vostro esclusivo imballaggio per popcorn!<\/p>\n\n\n\n<div class=\"wp-block-columns is-layout-flex wp-container-core-columns-is-layout-9d6595d7 wp-block-columns-is-layout-flex\">\n<div class=\"wp-block-column is-layout-flow wp-block-column-is-layout-flow\">\n<figure class=\"wp-block-image size-full\"><img decoding=\"async\" width=\"750\" height=\"750\" src=\"https:\/\/www.hyflexpack.com\/wp-content\/uploads\/2024\/12\/Custom-Potato-Chip-Packaging-bag\uff081\uff09.webp\" alt=\"Fabbrica di sacchetti per l&#039;imballaggio di popcorn personalizzati\" class=\"wp-image-5937\" srcset=\"https:\/\/www.hyflexpack.com\/wp-content\/uploads\/2024\/12\/Custom-Potato-Chip-Packaging-bag\uff081\uff09.webp 750w, https:\/\/www.hyflexpack.com\/wp-content\/uploads\/2024\/12\/Custom-Potato-Chip-Packaging-bag\uff081\uff09-300x300.webp 300w, https:\/\/www.hyflexpack.com\/wp-content\/uploads\/2024\/12\/Custom-Potato-Chip-Packaging-bag\uff081\uff09-150x150.webp 150w, https:\/\/www.hyflexpack.com\/wp-content\/uploads\/2024\/12\/Custom-Potato-Chip-Packaging-bag\uff081\uff09-12x12.webp 12w, https:\/\/www.hyflexpack.com\/wp-content\/uploads\/2024\/12\/Custom-Potato-Chip-Packaging-bag\uff081\uff09-285x285.webp 285w, https:\/\/www.hyflexpack.com\/wp-content\/uploads\/2024\/12\/Custom-Potato-Chip-Packaging-bag\uff081\uff09-270x270.webp 270w, https:\/\/www.hyflexpack.com\/wp-content\/uploads\/2024\/12\/Custom-Potato-Chip-Packaging-bag\uff081\uff09-540x540.webp 540w, https:\/\/www.hyflexpack.com\/wp-content\/uploads\/2024\/12\/Custom-Potato-Chip-Packaging-bag\uff081\uff09-660x660.webp 660w\" sizes=\"(max-width: 750px) 100vw, 750px\" \/><\/figure>\n<\/div>\n\n\n\n<div class=\"wp-block-column is-layout-flow wp-block-column-is-layout-flow\">\n<figure class=\"wp-block-image size-full\"><img decoding=\"async\" width=\"750\" height=\"750\" src=\"https:\/\/www.hyflexpack.com\/wp-content\/uploads\/2024\/12\/Custom-Potato-Chip-Packaging-bag\uff083\uff09.webp\" alt=\"Sacchetto da imballaggio per popcorn personalizzato\" class=\"wp-image-5939\" srcset=\"https:\/\/www.hyflexpack.com\/wp-content\/uploads\/2024\/12\/Custom-Potato-Chip-Packaging-bag\uff083\uff09.webp 750w, https:\/\/www.hyflexpack.com\/wp-content\/uploads\/2024\/12\/Custom-Potato-Chip-Packaging-bag\uff083\uff09-300x300.webp 300w, https:\/\/www.hyflexpack.com\/wp-content\/uploads\/2024\/12\/Custom-Potato-Chip-Packaging-bag\uff083\uff09-150x150.webp 150w, https:\/\/www.hyflexpack.com\/wp-content\/uploads\/2024\/12\/Custom-Potato-Chip-Packaging-bag\uff083\uff09-12x12.webp 12w, https:\/\/www.hyflexpack.com\/wp-content\/uploads\/2024\/12\/Custom-Potato-Chip-Packaging-bag\uff083\uff09-285x285.webp 285w, https:\/\/www.hyflexpack.com\/wp-content\/uploads\/2024\/12\/Custom-Potato-Chip-Packaging-bag\uff083\uff09-270x270.webp 270w, https:\/\/www.hyflexpack.com\/wp-content\/uploads\/2024\/12\/Custom-Potato-Chip-Packaging-bag\uff083\uff09-540x540.webp 540w, https:\/\/www.hyflexpack.com\/wp-content\/uploads\/2024\/12\/Custom-Potato-Chip-Packaging-bag\uff083\uff09-660x660.webp 660w\" sizes=\"(max-width: 750px) 100vw, 750px\" \/><\/figure>\n<\/div>\n\n\n\n<div class=\"wp-block-column is-layout-flow wp-block-column-is-layout-flow\">\n<figure class=\"wp-block-image size-full\"><img loading=\"lazy\" decoding=\"async\" width=\"750\" height=\"750\" src=\"https:\/\/www.hyflexpack.com\/wp-content\/uploads\/2024\/12\/Custom-Popcorn-Packaging-Bag2.webp\" alt=\"all&#039;ingrosso Pellicola per l&#039;imballaggio dei popcorn \" class=\"wp-image-5882\" srcset=\"https:\/\/www.hyflexpack.com\/wp-content\/uploads\/2024\/12\/Custom-Popcorn-Packaging-Bag2.webp 750w, https:\/\/www.hyflexpack.com\/wp-content\/uploads\/2024\/12\/Custom-Popcorn-Packaging-Bag2-300x300.webp 300w, https:\/\/www.hyflexpack.com\/wp-content\/uploads\/2024\/12\/Custom-Popcorn-Packaging-Bag2-150x150.webp 150w, https:\/\/www.hyflexpack.com\/wp-content\/uploads\/2024\/12\/Custom-Popcorn-Packaging-Bag2-12x12.webp 12w, https:\/\/www.hyflexpack.com\/wp-content\/uploads\/2024\/12\/Custom-Popcorn-Packaging-Bag2-285x285.webp 285w, https:\/\/www.hyflexpack.com\/wp-content\/uploads\/2024\/12\/Custom-Popcorn-Packaging-Bag2-270x270.webp 270w, https:\/\/www.hyflexpack.com\/wp-content\/uploads\/2024\/12\/Custom-Popcorn-Packaging-Bag2-540x540.webp 540w, https:\/\/www.hyflexpack.com\/wp-content\/uploads\/2024\/12\/Custom-Popcorn-Packaging-Bag2-660x660.webp 660w\" sizes=\"(max-width: 750px) 100vw, 750px\" \/><\/figure>\n<\/div>\n<\/div>\n\n\n\n<p><\/p>","protected":false},"excerpt":{"rendered":"<p>Scoprite il nostro film di imballaggio per popcorn OEM, realizzato con materiali di alta qualit\u00e0 per una protezione barriera ottimale contro ossigeno, umidit\u00e0 e luce. La sua eccellente termosaldatura garantisce l'integrit\u00e0 del prodotto durante il trasporto e la conservazione, prolungandone la freschezza e la durata. Contattateci per personalizzare il vostro imballaggio alimentare ideale!<\/p>\n<h2>Vantaggi del grossista di film da imballaggio per popcorn<\/h2>\n<p>&nbsp;<\/p>\n<p>Forma del sacchetto: Film di rotolo personalizzato per popcorn, sacchetti<br \/>Dimensioni e materiali: <a href=\"https:\/\/www.hyflexpack.com\/it\/imballaggi-flessibili-personalizzati\/\"><strong>Personalizzabile<\/strong><\/a><br \/>Stampa: stampa rotocalco a 10 colori<br \/>Spessore: 50-200 micron, personalizzato<br \/>Campioni: Offerta di campioni gratuiti di sacchetti di stoccaggio<br \/>Certificato: Senza BPA, certificato BRC e ISO<br \/>Porto: Shantou, Shenzhen<br \/>Condizioni commerciali: EXW, CIF, CFR, FOB<\/p>","protected":false},"featured_media":6074,"comment_status":"open","ping_status":"closed","template":"","meta":[],"product_brand":[],"product_cat":[53],"product_tag":[],"class_list":{"0":"post-6082","1":"product","2":"type-product","3":"status-publish","4":"has-post-thumbnail","6":"product_cat-packaging-film-supplier","8":"first","9":"instock","10":"shipping-taxable","11":"product-type-simple"},"_links":{"self":[{"href":"https:\/\/www.hyflexpack.com\/it\/wp-json\/wp\/v2\/product\/6082","targetHints":{"allow":["GET"]}}],"collection":[{"href":"https:\/\/www.hyflexpack.com\/it\/wp-json\/wp\/v2\/product"}],"about":[{"href":"https:\/\/www.hyflexpack.com\/it\/wp-json\/wp\/v2\/types\/product"}],"replies":[{"embeddable":true,"href":"https:\/\/www.hyflexpack.com\/it\/wp-json\/wp\/v2\/comments?post=6082"}],"wp:featuredmedia":[{"embeddable":true,"href":"https:\/\/www.hyflexpack.com\/it\/wp-json\/wp\/v2\/media\/6074"}],"wp:attachment":[{"href":"https:\/\/www.hyflexpack.com\/it\/wp-json\/wp\/v2\/media?parent=6082"}],"wp:term":[{"taxonomy":"product_brand","embeddable":true,"href":"https:\/\/www.hyflexpack.com\/it\/wp-json\/wp\/v2\/product_brand?post=6082"},{"taxonomy":"product_cat","embeddable":true,"href":"https:\/\/www.hyflexpack.com\/it\/wp-json\/wp\/v2\/product_cat?post=6082"},{"taxonomy":"product_tag","embeddable":true,"href":"https:\/\/www.hyflexpack.com\/it\/wp-json\/wp\/v2\/product_tag?post=6082"}],"curies":[{"name":"wp","href":"https:\/\/api.w.org\/{rel}","templated":true}]}}