{"id":6080,"date":"2025-06-05T19:55:35","date_gmt":"2025-06-05T19:55:35","guid":{"rendered":"https:\/\/www.hyflexpack.com\/?post_type=product&#038;p=6080"},"modified":"2025-06-05T19:55:37","modified_gmt":"2025-06-05T19:55:37","slug":"oempopsicle-packaging-film","status":"publish","type":"product","link":"https:\/\/www.hyflexpack.com\/it\/product\/oempopsicle-packaging-film\/","title":{"rendered":"OEM laminato gelato ghiacciolo imballaggio film plastica foglio di alluminio Roll"},"content":{"rendered":"<div class=\"wp-block-columns is-layout-flex wp-container-core-columns-is-layout-9d6595d7 wp-block-columns-is-layout-flex\">\n<div class=\"wp-block-column is-layout-flow wp-block-column-is-layout-flow\">\n<h2 class=\"wp-block-heading\">Caratteristiche del film d'imballaggio del ghiacciolo del gelato laminato dell'OEM&amp;ODM<\/h2>\n\n\n\n<ul class=\"wp-block-list\">\n<li>Materiali di alta qualit\u00e0: Il nostro film per l'imballaggio di cibo per cani con stampa personalizzata utilizza materiali di alta qualit\u00e0 per garantire la sicurezza alimentare, l'atossicit\u00e0 e l'inodore. \u00c8 resistente e durevole, adatto a diverse esigenze di imballaggio alimentare.<\/li>\n\n\n\n<li>Imballaggio efficiente: Adatto alle apparecchiature di confezionamento automatico per migliorare l'efficienza della produzione. Il design liscio del rullo garantisce l'assenza di inceppamenti della carta durante il confezionamento ad alta velocit\u00e0.<\/li>\n\n\n\n<li>Prestazioni protettive superiori: Efficacemente resistente all'umidit\u00e0 e alla polvere, buona resistenza allo strappo e protezione dell'integrit\u00e0 del prodotto durante il trasporto e lo stoccaggio.<\/li>\n\n\n\n<li>Opzioni ecologiche: Supportano l'uso di materiali biodegradabili e riciclabili per soddisfare i requisiti di protezione ambientale. Sono previste anche opzioni di spessore del film per ridurre gli sprechi di materiale e l'impronta di carbonio.<\/li>\n\n\n\n<li>Utilizzo conveniente: Il rotolo di film da imballaggio composito \u00e8 facile da immagazzinare e da maneggiare, consentendo di risparmiare spazio in magazzino.<\/li>\n<\/ul>\n<\/div>\n\n\n\n<div class=\"wp-block-column is-layout-flow wp-block-column-is-layout-flow\">\n<figure class=\"wp-block-image size-full\"><img fetchpriority=\"high\" decoding=\"async\" width=\"750\" height=\"750\" src=\"https:\/\/www.hyflexpack.com\/wp-content\/uploads\/2025\/01\/OEMODM-Laminated-Ice-Cream-Popsicle-Packaging-Film1.webp\" alt=\"OEM&amp;ODM laminato gelato ghiacciolo imballaggio film\" class=\"wp-image-6075\" srcset=\"https:\/\/www.hyflexpack.com\/wp-content\/uploads\/2025\/01\/OEMODM-Laminated-Ice-Cream-Popsicle-Packaging-Film1.webp 750w, https:\/\/www.hyflexpack.com\/wp-content\/uploads\/2025\/01\/OEMODM-Laminated-Ice-Cream-Popsicle-Packaging-Film1-300x300.webp 300w, https:\/\/www.hyflexpack.com\/wp-content\/uploads\/2025\/01\/OEMODM-Laminated-Ice-Cream-Popsicle-Packaging-Film1-150x150.webp 150w, https:\/\/www.hyflexpack.com\/wp-content\/uploads\/2025\/01\/OEMODM-Laminated-Ice-Cream-Popsicle-Packaging-Film1-12x12.webp 12w, https:\/\/www.hyflexpack.com\/wp-content\/uploads\/2025\/01\/OEMODM-Laminated-Ice-Cream-Popsicle-Packaging-Film1-285x285.webp 285w, https:\/\/www.hyflexpack.com\/wp-content\/uploads\/2025\/01\/OEMODM-Laminated-Ice-Cream-Popsicle-Packaging-Film1-270x270.webp 270w, https:\/\/www.hyflexpack.com\/wp-content\/uploads\/2025\/01\/OEMODM-Laminated-Ice-Cream-Popsicle-Packaging-Film1-540x540.webp 540w, https:\/\/www.hyflexpack.com\/wp-content\/uploads\/2025\/01\/OEMODM-Laminated-Ice-Cream-Popsicle-Packaging-Film1-660x660.webp 660w\" sizes=\"(max-width: 750px) 100vw, 750px\" \/><\/figure>\n<\/div>\n<\/div>","protected":false},"excerpt":{"rendered":"<p>La nostra pellicola per l'imballaggio di ghiaccioli laminati OEM&amp;ODM combina rotoli di plastica e fogli di alluminio, non solo fornendo eccellenti propriet\u00e0 barriera per garantire la freschezza del prodotto e prolungarne la durata, ma anche soddisfacendo le esigenze di marketing uniche del marchio attraverso servizi personalizzati. Contattateci oggi stesso e lasciateci personalizzare il vostro esclusivo packaging alimentare! Progettazione personalizzata: Forniamo servizi personalizzati, tra cui la personalizzazione del materiale, delle dimensioni e del modello di stampa per soddisfare le esigenze dei clienti, e supportiamo OEM e ODM. Produzione: Adottiamo linee di produzione composite avanzate a livello internazionale e sistemi di controllo automatico per garantire processi produttivi efficienti e stabili e consegne puntuali. Ispezione di qualit\u00e0: Produzione rigorosa in conformit\u00e0 agli standard di qualit\u00e0 e ai requisiti di sicurezza alimentare per garantire la conformit\u00e0 dei prodotti agli standard. Servizio clienti: Fornire una risposta rapida e un'assistenza premurosa al cliente 24 ore su 24. Campioni gratuiti: Huiyang Packaging si impegna a fornire ai clienti film di imballaggio per ghiaccioli laminati OEM e ODM di alta qualit\u00e0 per aiutare i clienti a migliorare l'immagine dei loro prodotti e ad aumentare la loro competitivit\u00e0 sul mercato.<\/p>","protected":false},"featured_media":6075,"comment_status":"open","ping_status":"closed","template":"","meta":[],"product_brand":[],"product_cat":[53,86],"product_tag":[],"class_list":{"0":"post-6080","1":"product","2":"type-product","3":"status-publish","4":"has-post-thumbnail","6":"product_cat-packaging-film-supplier","7":"product_cat-cold-seal-film","9":"first","10":"instock","11":"shipping-taxable","12":"product-type-simple"},"_links":{"self":[{"href":"https:\/\/www.hyflexpack.com\/it\/wp-json\/wp\/v2\/product\/6080","targetHints":{"allow":["GET"]}}],"collection":[{"href":"https:\/\/www.hyflexpack.com\/it\/wp-json\/wp\/v2\/product"}],"about":[{"href":"https:\/\/www.hyflexpack.com\/it\/wp-json\/wp\/v2\/types\/product"}],"replies":[{"embeddable":true,"href":"https:\/\/www.hyflexpack.com\/it\/wp-json\/wp\/v2\/comments?post=6080"}],"wp:featuredmedia":[{"embeddable":true,"href":"https:\/\/www.hyflexpack.com\/it\/wp-json\/wp\/v2\/media\/6075"}],"wp:attachment":[{"href":"https:\/\/www.hyflexpack.com\/it\/wp-json\/wp\/v2\/media?parent=6080"}],"wp:term":[{"taxonomy":"product_brand","embeddable":true,"href":"https:\/\/www.hyflexpack.com\/it\/wp-json\/wp\/v2\/product_brand?post=6080"},{"taxonomy":"product_cat","embeddable":true,"href":"https:\/\/www.hyflexpack.com\/it\/wp-json\/wp\/v2\/product_cat?post=6080"},{"taxonomy":"product_tag","embeddable":true,"href":"https:\/\/www.hyflexpack.com\/it\/wp-json\/wp\/v2\/product_tag?post=6080"}],"curies":[{"name":"wp","href":"https:\/\/api.w.org\/{rel}","templated":true}]}}