{"id":6035,"date":"2025-02-19T07:19:49","date_gmt":"2025-02-19T07:19:49","guid":{"rendered":"https:\/\/www.hyflexpack.com\/?post_type=product&#038;p=6035"},"modified":"2025-10-23T08:17:50","modified_gmt":"2025-10-23T08:17:50","slug":"custom-potato-chips-bags-supplier","status":"publish","type":"product","link":"https:\/\/www.hyflexpack.com\/it\/product\/custom-potato-chips-bags-supplier\/","title":{"rendered":"OEM\/ODM su ordinazione delle borse delle patatine fritte per gli spuntini croccanti delle patate fritte, Suppllier di plastica del foglio di alluminio"},"content":{"rendered":"<div class=\"wp-block-columns is-layout-flex wp-container-core-columns-is-layout-9d6595d7 wp-block-columns-is-layout-flex\">\n<div class=\"wp-block-column is-layout-flow wp-block-column-is-layout-flow\">\n<h2 class=\"wp-block-heading\">Caratteristiche dei sacchetti di patatine personalizzati <\/h2>\n\n\n\n<ul class=\"wp-block-list\">\n<li>Selezione del materiale: Il nostro sacchetto per l'imballaggio di patatine fritte personalizzate utilizza un materiale composito multistrato di plastica e foglio di alluminio, che offre eccellenti propriet\u00e0 barriera e previene efficacemente l'influenza di aria, umidit\u00e0 e luce.<\/li>\n\n\n\n<li>Prestazioni di conservazione della freschezza: Appositamente progettato per garantire che le patatine mantengano il loro gusto croccante durante la conservazione e prolungare la durata del prodotto. Lo strato di alluminio impedisce efficacemente la fuoriuscita del grasso, evita la contaminazione della confezione e la mantiene pulita e ordinata.<\/li>\n\n\n\n<li>Promozione del marchio: Il design personalizzato consente ai marchi di mostrare la propria immagine e i propri valori attraverso elementi visivi unici, in modo da distinguersi sugli scaffali e attirare l'attenzione dei consumatori target.<\/li>\n<\/ul>\n<\/div>\n\n\n\n<div class=\"wp-block-column is-layout-flow wp-block-column-is-layout-flow\">\n<figure class=\"wp-block-image size-full\"><img fetchpriority=\"high\" decoding=\"async\" width=\"750\" height=\"750\" src=\"https:\/\/www.hyflexpack.com\/wp-content\/uploads\/2025\/01\/Custom-Crispy-Fries-Snacks-Potato-Chips-Packaging\uff081\uff09-1.webp\" alt=\"Imballaggio personalizzato di patatine fritte croccanti per snack\" class=\"wp-image-6021\" srcset=\"https:\/\/www.hyflexpack.com\/wp-content\/uploads\/2025\/01\/Custom-Crispy-Fries-Snacks-Potato-Chips-Packaging\uff081\uff09-1.webp 750w, https:\/\/www.hyflexpack.com\/wp-content\/uploads\/2025\/01\/Custom-Crispy-Fries-Snacks-Potato-Chips-Packaging\uff081\uff09-1-300x300.webp 300w, https:\/\/www.hyflexpack.com\/wp-content\/uploads\/2025\/01\/Custom-Crispy-Fries-Snacks-Potato-Chips-Packaging\uff081\uff09-1-150x150.webp 150w, https:\/\/www.hyflexpack.com\/wp-content\/uploads\/2025\/01\/Custom-Crispy-Fries-Snacks-Potato-Chips-Packaging\uff081\uff09-1-12x12.webp 12w, https:\/\/www.hyflexpack.com\/wp-content\/uploads\/2025\/01\/Custom-Crispy-Fries-Snacks-Potato-Chips-Packaging\uff081\uff09-1-285x285.webp 285w, https:\/\/www.hyflexpack.com\/wp-content\/uploads\/2025\/01\/Custom-Crispy-Fries-Snacks-Potato-Chips-Packaging\uff081\uff09-1-270x270.webp 270w, https:\/\/www.hyflexpack.com\/wp-content\/uploads\/2025\/01\/Custom-Crispy-Fries-Snacks-Potato-Chips-Packaging\uff081\uff09-1-540x540.webp 540w, https:\/\/www.hyflexpack.com\/wp-content\/uploads\/2025\/01\/Custom-Crispy-Fries-Snacks-Potato-Chips-Packaging\uff081\uff09-1-660x660.webp 660w\" sizes=\"(max-width: 750px) 100vw, 750px\" \/><\/figure>\n<\/div>\n<\/div>\n\n\n\n<p><\/p>","protected":false},"excerpt":{"rendered":"<p>Scoprite i nostri snack personalizzati di patatine fritte L'imballaggio adotta un design a sigillo centrale, che combina i vantaggi dei materiali plastici e del foglio di alluminio. \u00c8 un imballaggio protettivo ideale per gli alimenti secchi. Ha un'eccellente capacit\u00e0 di mantenimento della freschezza e blocca efficacemente l'aria, l'umidit\u00e0 e la luce attraverso una struttura composita multistrato, garantendo che il gusto croccante delle patatine rimanga inalterato per lungo tempo. Lo strato di alluminio fornisce eccellenti propriet\u00e0 di barriera per prevenire la fuoriuscita di grasso, migliorando al contempo la resistenza complessiva della confezione e riducendo il rischio di danni durante il trasporto. Questo sacchetto di imballaggio ha anche caratteristiche di facile chiusura, per cui \u00e8 comodo per i consumatori aprire e chiudere pi\u00f9 volte e conservare facilmente gli snack non consumati. Inoltre, supporta la stampa personalizzata, che pu\u00f2 mostrare perfettamente l'immagine del marchio e le informazioni sul prodotto e attirare l'attenzione dei clienti. Per quanto riguarda la tutela dell'ambiente, \u00e8 possibile scegliere materiali riciclabili o biodegradabili per riflettere la responsabilit\u00e0 sociale del marchio. Contattateci oggi stesso per un preventivo. Ci impegniamo a fornire soluzioni di imballaggio di alta qualit\u00e0 e rispettose dell'ambiente. Vantaggi del sacchetto di imballaggio per patatine fritte croccanti personalizzate di alta qualit\u00e0 \u25cfProgettazione personalizzata: Forniamo servizi di sacchetti di imballaggio personalizzati, tra cui la personalizzazione del materiale, delle dimensioni e del modello di stampa per soddisfare le esigenze dei clienti, e supportiamo OEM e ODM. Produzione: Grazie ad attrezzature e tecnologie avanzate, siamo in grado di completare la produzione degli ordini in modo efficiente e di alta qualit\u00e0 e di consegnarli in tempo. Ispezione di qualit\u00e0: La produzione viene eseguita in stretta conformit\u00e0 con gli standard di qualit\u00e0 e i requisiti di sicurezza alimentare per garantire che i prodotti siano conformi agli standard. Servizio clienti: Fornire una risposta rapida e un'assistenza premurosa al cliente 24 ore su 24. Campione gratuito: Forniamo un servizio di campionatura gratuita per valutare il prodotto. Huiyang Packaging si impegna a fornire ai clienti un sacchetto d'imballaggio di patatine fritte croccanti su misura di alta qualit\u00e0 per aiutare i clienti a migliorare l'immagine dei loro prodotti e ad aumentare la loro competitivit\u00e0 sul mercato.<\/p>","protected":false},"featured_media":6021,"comment_status":"open","ping_status":"closed","template":"","meta":[],"product_brand":[],"product_cat":[57],"product_tag":[],"class_list":{"0":"post-6035","1":"product","2":"type-product","3":"status-publish","4":"has-post-thumbnail","6":"product_cat-snack-packaging-bags-wholesale","8":"first","9":"instock","10":"shipping-taxable","11":"product-type-simple"},"_links":{"self":[{"href":"https:\/\/www.hyflexpack.com\/it\/wp-json\/wp\/v2\/product\/6035","targetHints":{"allow":["GET"]}}],"collection":[{"href":"https:\/\/www.hyflexpack.com\/it\/wp-json\/wp\/v2\/product"}],"about":[{"href":"https:\/\/www.hyflexpack.com\/it\/wp-json\/wp\/v2\/types\/product"}],"replies":[{"embeddable":true,"href":"https:\/\/www.hyflexpack.com\/it\/wp-json\/wp\/v2\/comments?post=6035"}],"wp:featuredmedia":[{"embeddable":true,"href":"https:\/\/www.hyflexpack.com\/it\/wp-json\/wp\/v2\/media\/6021"}],"wp:attachment":[{"href":"https:\/\/www.hyflexpack.com\/it\/wp-json\/wp\/v2\/media?parent=6035"}],"wp:term":[{"taxonomy":"product_brand","embeddable":true,"href":"https:\/\/www.hyflexpack.com\/it\/wp-json\/wp\/v2\/product_brand?post=6035"},{"taxonomy":"product_cat","embeddable":true,"href":"https:\/\/www.hyflexpack.com\/it\/wp-json\/wp\/v2\/product_cat?post=6035"},{"taxonomy":"product_tag","embeddable":true,"href":"https:\/\/www.hyflexpack.com\/it\/wp-json\/wp\/v2\/product_tag?post=6035"}],"curies":[{"name":"wp","href":"https:\/\/api.w.org\/{rel}","templated":true}]}}