{"id":6007,"date":"2025-05-27T08:04:26","date_gmt":"2025-05-27T08:04:26","guid":{"rendered":"https:\/\/www.hyflexpack.com\/?post_type=product&#038;p=6007"},"modified":"2025-05-27T08:04:28","modified_gmt":"2025-05-27T08:04:28","slug":"oem-pvc-shrink-film-rolls-wholesale","status":"publish","type":"product","link":"https:\/\/www.hyflexpack.com\/it\/product\/oem-pvc-shrink-film-rolls-wholesale\/","title":{"rendered":"OEM PET\/PVC Shrink Film Rolls all'ingrosso, calore Shrink Wrap Sleeve imballaggio etichetta fornitore"},"content":{"rendered":"<div class=\"wp-block-columns is-layout-flex wp-container-core-columns-is-layout-9d6595d7 wp-block-columns-is-layout-flex\">\n<div class=\"wp-block-column is-layout-flow wp-block-column-is-layout-flow\">\n<h2 class=\"wp-block-heading\">Caratteristiche dei rotoli di film termoretraibile in PVC<\/h2>\n\n\n\n<p><\/p>\n\n\n\n<ul class=\"wp-block-list\">\n<li>Materiali di alta qualit\u00e0: Fornire materiali diversificati e di alta qualit\u00e0 in base alle esigenze dei clienti, come plastiche ecologiche o materiali con propriet\u00e0 speciali (come la resistenza alle alte temperature e ai raggi UV) per garantire che le etichette siano belle e durature.<\/li>\n\n\n\n<li>Stampa efficiente: I servizi personalizzati consentono di ottenere una perfetta corrispondenza con il design dell'imballaggio del prodotto, di migliorare l'effetto visivo complessivo e di migliorare il riconoscimento del marchio grazie a una precisa tecnologia di stampa e laminazione.<\/li>\n\n\n\n<li>Prestazioni di protezione superiori: Le etichette per bottiglie in termoplastica personalizzate professionalmente possono fornire una protezione aggiuntiva per i prodotti, per evitare che le informazioni vengano usurate o manomesse. Allo stesso tempo, alcune etichette hanno anche propriet\u00e0 impermeabili e antiolio per adattarsi a vari ambienti di stoccaggio e trasporto.<\/li>\n\n\n\n<li>Opzioni ambientali: Supportano l'uso di materiali biodegradabili e riciclabili per soddisfare i requisiti di protezione ambientale. Sono previste anche opzioni di spessore del film per ridurre lo spreco di materiale e l'impronta di carbonio.<\/li>\n\n\n\n<li>Facile da usare: I rotoli di film da imballaggio composito sono facili da immagazzinare e da maneggiare, risparmiando spazio in magazzino.<\/li>\n<\/ul>\n<\/div>\n\n\n\n<div class=\"wp-block-column is-layout-flow wp-block-column-is-layout-flow\">\n<figure class=\"wp-block-image size-full\"><img fetchpriority=\"high\" decoding=\"async\" width=\"750\" height=\"750\" src=\"https:\/\/www.hyflexpack.com\/wp-content\/uploads\/2025\/01\/OEM-PVC-PET-Shrink-Film-Roll2.webp\" alt=\"Rotoli di film termoretraibile in PVC grossista\" class=\"wp-image-6002\" srcset=\"https:\/\/www.hyflexpack.com\/wp-content\/uploads\/2025\/01\/OEM-PVC-PET-Shrink-Film-Roll2.webp 750w, https:\/\/www.hyflexpack.com\/wp-content\/uploads\/2025\/01\/OEM-PVC-PET-Shrink-Film-Roll2-300x300.webp 300w, https:\/\/www.hyflexpack.com\/wp-content\/uploads\/2025\/01\/OEM-PVC-PET-Shrink-Film-Roll2-150x150.webp 150w, https:\/\/www.hyflexpack.com\/wp-content\/uploads\/2025\/01\/OEM-PVC-PET-Shrink-Film-Roll2-12x12.webp 12w, https:\/\/www.hyflexpack.com\/wp-content\/uploads\/2025\/01\/OEM-PVC-PET-Shrink-Film-Roll2-285x285.webp 285w, https:\/\/www.hyflexpack.com\/wp-content\/uploads\/2025\/01\/OEM-PVC-PET-Shrink-Film-Roll2-270x270.webp 270w, https:\/\/www.hyflexpack.com\/wp-content\/uploads\/2025\/01\/OEM-PVC-PET-Shrink-Film-Roll2-540x540.webp 540w, https:\/\/www.hyflexpack.com\/wp-content\/uploads\/2025\/01\/OEM-PVC-PET-Shrink-Film-Roll2-660x660.webp 660w\" sizes=\"(max-width: 750px) 100vw, 750px\" \/><\/figure>\n<\/div>\n<\/div>","protected":false},"excerpt":{"rendered":"<p>Siamo fornitori professionali di pellicole termoretraibili in PVC OEM e di etichette termoretraibili, in grado di offrire un'ampia gamma di specifiche di pellicole termoretraibili ecologiche, ampiamente utilizzate in bevande in bottiglia, alimenti, cosmetici, prodotti di uso quotidiano e altri settori. Supportiamo spessori, larghezze, colori e modelli di stampa personalizzati, adatti a tutti i tipi di apparecchiature di imballaggio ad alta velocit\u00e0. Vendita all'ingrosso all'ingrosso, fornitura stabile, benvenuto ai clienti globali per cooperare e negoziare!<\/p>\n<h3>Vantaggi del grossista di rotoli di film termoretraibile in PVC<\/h3>\n<ul>\n<li><strong>Design personalizzato<\/strong>: Fornire soluzioni di design personalizzate per soddisfare le diverse specifiche, dimensioni e requisiti di stampa fino a 10 colori in base alle esigenze del cliente, supportare la personalizzazione OEM e ODM.<\/li>\n<li><strong>Garanzia di qualit\u00e0<\/strong>: Controllare rigorosamente il processo di produzione, utilizzando materie prime di alta qualit\u00e0 e attrezzature di produzione avanzate per garantire una qualit\u00e0 del prodotto stabile e affidabile.<\/li>\n<li><strong>Assistenza tecnica professionale<\/strong>: Con un team tecnico esperto, forniamo un supporto tecnico professionale e un servizio post-vendita per garantire che le esigenze dei clienti siano prontamente soddisfatte e risolte.<\/li>\n<li><strong>Campione gratuito<\/strong>: Fornire un servizio di campionatura gratuita per valutare i prodotti.<\/li>\n<\/ul>\n<p>Huiyang Packaging si dedica all'offerta di rotoli di film termoretraibile in PVC di alta qualit\u00e0 e personalizzati, che migliorano l'immagine del prodotto e aumentano la competitivit\u00e0 del mercato per i nostri clienti.<\/p>","protected":false},"featured_media":6001,"comment_status":"open","ping_status":"closed","template":"","meta":[],"product_brand":[],"product_cat":[53,84],"product_tag":[],"class_list":{"0":"post-6007","1":"product","2":"type-product","3":"status-publish","4":"has-post-thumbnail","6":"product_cat-packaging-film-supplier","7":"product_cat-shrink-sleeve-film","9":"first","10":"instock","11":"shipping-taxable","12":"product-type-simple"},"_links":{"self":[{"href":"https:\/\/www.hyflexpack.com\/it\/wp-json\/wp\/v2\/product\/6007","targetHints":{"allow":["GET"]}}],"collection":[{"href":"https:\/\/www.hyflexpack.com\/it\/wp-json\/wp\/v2\/product"}],"about":[{"href":"https:\/\/www.hyflexpack.com\/it\/wp-json\/wp\/v2\/types\/product"}],"replies":[{"embeddable":true,"href":"https:\/\/www.hyflexpack.com\/it\/wp-json\/wp\/v2\/comments?post=6007"}],"wp:featuredmedia":[{"embeddable":true,"href":"https:\/\/www.hyflexpack.com\/it\/wp-json\/wp\/v2\/media\/6001"}],"wp:attachment":[{"href":"https:\/\/www.hyflexpack.com\/it\/wp-json\/wp\/v2\/media?parent=6007"}],"wp:term":[{"taxonomy":"product_brand","embeddable":true,"href":"https:\/\/www.hyflexpack.com\/it\/wp-json\/wp\/v2\/product_brand?post=6007"},{"taxonomy":"product_cat","embeddable":true,"href":"https:\/\/www.hyflexpack.com\/it\/wp-json\/wp\/v2\/product_cat?post=6007"},{"taxonomy":"product_tag","embeddable":true,"href":"https:\/\/www.hyflexpack.com\/it\/wp-json\/wp\/v2\/product_tag?post=6007"}],"curies":[{"name":"wp","href":"https:\/\/api.w.org\/{rel}","templated":true}]}}