{"id":5911,"date":"2024-12-23T17:39:37","date_gmt":"2024-12-23T17:39:37","guid":{"rendered":"https:\/\/www.hyflexpack.com\/?post_type=product&#038;p=5911"},"modified":"2025-11-04T09:08:36","modified_gmt":"2025-11-04T09:08:36","slug":"custom-vacuum-packaging-bags-factory","status":"publish","type":"product","link":"https:\/\/www.hyflexpack.com\/it\/product\/custom-vacuum-packaging-bags-factory\/","title":{"rendered":"Sacchetti di plastica personalizzati per l'imballaggio sottovuoto Fabbrica di sacchetti flessibili"},"content":{"rendered":"<div class=\"wp-block-columns is-layout-flex wp-container-core-columns-is-layout-9d6595d7 wp-block-columns-is-layout-flex\">\n<div class=\"wp-block-column is-layout-flow wp-block-column-is-layout-flow\">\n<h3 class=\"wp-block-heading\">Caratteristiche dei sacchetti di plastica per imballaggio sottovuoto personalizzati<\/h3>\n\n\n\n<ul class=\"wp-block-list\">\n<li><strong>Sacchetti per l'imballaggio sottovuoto<\/strong>: imballaggi di alta qualit\u00e0 per tutti i tipi di prodotti, che bloccano l'aria, l'umidit\u00e0 e gli agenti contaminanti. Sono perfetti per prolungare la freschezza e mantenere gli articoli in ottime condizioni.<\/li>\n<\/ul>\n\n\n\n<p><\/p>\n\n\n\n<ul class=\"wp-block-list\">\n<li><strong>Sacchetti per imballaggio sigillati sottovuoto<\/strong>: Progettati per gestire al meglio le applicazioni sottovuoto, questi sacchetti consentono ai prodotti deperibili di rimanere freschi pi\u00f9 a lungo. Inoltre, riducono gli sprechi, aumentano la durata di conservazione e riducono al minimo lo spazio di stoccaggio.<\/li>\n<\/ul>\n\n\n\n<p><\/p>\n\n\n\n<ul class=\"wp-block-list\">\n<li><strong>Sacchetti di plastica per il confezionamento sottovuoto<\/strong>: I sacchetti sottovuoto in plastica resistente mantengono i prodotti sicuri e freschi per un lungo periodo. Questo tipo di imballaggio \u00e8 ideale per diversi settori.<\/li>\n<\/ul>\n\n\n\n<p><\/p>\n\n\n\n<ul class=\"wp-block-list\">\n<li><strong>Soluzioni per sacchi per il confezionamento sottovuoto<\/strong>: I nostri sacchi per il sottovuoto sono disponibili in dimensioni e design personalizzati, in base alle specifiche esigenze di confezionamento, per garantire affidabilit\u00e0 ed efficienza.<\/li>\n<\/ul>\n\n\n\n<p><\/p>\n\n\n\n<ul class=\"wp-block-list\">\n<li><strong>Compatibile con i sacchetti delle macchine per il confezionamento sottovuoto<\/strong>: I nostri sacchetti sono progettati per funzionare perfettamente con una macchina per il confezionamento sottovuoto, per facilitare ed economizzare il processo di sigillatura automatizzato.<\/li>\n<\/ul>\n\n\n\n<p><\/p>\n\n\n\n<ul class=\"wp-block-list\">\n<li><strong>Caratteristiche personalizzabili<\/strong>: Offriamo buste flessibili con opzioni di personalizzazione complete, tra cui dimensioni, colori e stampa, per soddisfare le esigenze di branding e di prodotto.<\/li>\n<\/ul>\n\n\n\n<p><\/p>\n\n\n\n<ul class=\"wp-block-list\">\n<li><strong>Durevole e poco ingombrante<\/strong>: I nostri sacchetti per il sottovuoto sono leggeri ma resistenti e offrono una lunga durata e un risparmio di spazio prezioso.<\/li>\n<\/ul>\n<\/div>\n\n\n\n<div class=\"wp-block-column is-layout-flow wp-block-column-is-layout-flow\">\n<figure class=\"wp-block-image size-full\"><img fetchpriority=\"high\" decoding=\"async\" width=\"750\" height=\"750\" src=\"https:\/\/www.hyflexpack.com\/wp-content\/uploads\/2024\/12\/Custom-Plastic-Vacuum-Packaging-Bag1.webp\" alt=\"Sacchetti di plastica personalizzati per l&#039;imballaggio sottovuoto\" class=\"wp-image-5861\" srcset=\"https:\/\/www.hyflexpack.com\/wp-content\/uploads\/2024\/12\/Custom-Plastic-Vacuum-Packaging-Bag1.webp 750w, https:\/\/www.hyflexpack.com\/wp-content\/uploads\/2024\/12\/Custom-Plastic-Vacuum-Packaging-Bag1-300x300.webp 300w, https:\/\/www.hyflexpack.com\/wp-content\/uploads\/2024\/12\/Custom-Plastic-Vacuum-Packaging-Bag1-150x150.webp 150w, https:\/\/www.hyflexpack.com\/wp-content\/uploads\/2024\/12\/Custom-Plastic-Vacuum-Packaging-Bag1-12x12.webp 12w, https:\/\/www.hyflexpack.com\/wp-content\/uploads\/2024\/12\/Custom-Plastic-Vacuum-Packaging-Bag1-285x285.webp 285w, https:\/\/www.hyflexpack.com\/wp-content\/uploads\/2024\/12\/Custom-Plastic-Vacuum-Packaging-Bag1-270x270.webp 270w, https:\/\/www.hyflexpack.com\/wp-content\/uploads\/2024\/12\/Custom-Plastic-Vacuum-Packaging-Bag1-540x540.webp 540w, https:\/\/www.hyflexpack.com\/wp-content\/uploads\/2024\/12\/Custom-Plastic-Vacuum-Packaging-Bag1-660x660.webp 660w\" sizes=\"(max-width: 750px) 100vw, 750px\" \/><\/figure>\n<\/div>\n<\/div>\n\n\n\n<h2 class=\"wp-block-heading\">Scenari di utilizzo dei sacchi per il sottovuoto<\/h2>\n\n\n\n<p><\/p>\n\n\n\n<div class=\"wp-block-columns is-layout-flex wp-container-core-columns-is-layout-9d6595d7 wp-block-columns-is-layout-flex\">\n<div class=\"wp-block-column is-layout-flow wp-block-column-is-layout-flow\">\n<p><strong>Industria alimentare<\/strong> <\/p>\n\n\n\n<p>I sacchetti per il confezionamento sottovuoto sono ampiamente utilizzati per il confezionamento di diversi alimenti, come prodotti surgelati e secchi, tra cui snack, carne, frutta e verdura. I sacchetti sono in grado di sigillare l'aria e l'umidit\u00e0 in modo da preservare la freschezza e il gusto nel tempo.<\/p>\n\n\n\n<p><strong>Imballaggio di prodotti elettronici<\/strong><\/p>\n\n\n\n<p>Adatto per l'imballaggio di tutti i tipi di dispositivi elettronici e periferiche, come telefoni cellulari, accessori per computer e parti elettroniche. Per l'incapsulamento sottovuoto contro l'umidit\u00e0 e la polvere, questi danni sono dovuti all'ambiente circostante e possono essere curati per garantire la qualit\u00e0 del prodotto.<\/p>\n\n\n\n<p><strong>Imballaggio di prodotti farmaceutici e sanitari<\/strong><\/p>\n\n\n\n<p>Utilizzato per l'imballaggio di farmaci, vitamine e articoli sanitari per limitare la possibilit\u00e0 di aria, umidit\u00e0 e altri possibili inquinanti per garantire stabilit\u00e0 e validit\u00e0.<\/p>\n\n\n\n<p><strong>Home Prodotti Imballaggio<\/strong><\/p>\n\n\n\n<p>Vestiti, biancheria da letto, giocattoli e altri oggetti che non sono alimenti possono occupare molto spazio ed essere protetti da polvere e umidit\u00e0.<\/p>\n<\/div>\n<\/div>\n\n\n\n<h2 class=\"wp-block-heading\">Consigli per la spedizione con imballaggio sottovuoto<\/h2>\n\n\n\n<p><\/p>\n\n\n\n<p>Imballaggio non intaccato dal vuoto: il trasporto deve garantire che i sacchetti per il vuoto non vengano forati o schiacciati da oggetti appuntiti. La raccomandazione prevede l'utilizzo di materiali di imballaggio morbidi come rinforzo.<\/p>\n\n\n\n<p>Evitare temperature e umidit\u00e0 elevate. Il confezionamento sottovuoto con materiali evita in larga misura il danneggiamento dei sacchi o il deterioramento di un prodotto. Pertanto, evitare i momenti in cui la merce trasportata \u00e8 stata esposta a temperature e umidit\u00e0 elevate.<\/p>\n\n\n\n<p>Ambiente di conservazione: Durante il trasporto, i sacchi devono essere il pi\u00f9 possibile asciutti e freschi per evitare l'esposizione alla luce solare e a un clima umido.<\/p>\n\n\n\n<p>Trasporto: In genere, per i lotti di grandi dimensioni o per i prodotti facilmente danneggiabili, \u00e8 necessario prevedere un imballaggio speciale per il trasporto, che garantisca che non vengano schiacciati durante il trasporto.<\/p>","protected":false},"excerpt":{"rendered":"<p>Per saperne di pi\u00f9 sui nostri sacchetti per il sottovuoto in plastica personalizzati, di solito utilizziamo materiali plastici di alta qualit\u00e0, come PET, Nylon, PE, o strutture composite multistrato di questi materiali per garantire che il sacchetto abbia una buona resistenza meccanica, propriet\u00e0 barriera e propriet\u00e0 di sigillatura termica. Riducendo gli effetti dell'ossidazione e dell'umidit\u00e0, la durata di conservazione del contenuto viene notevolmente prolungata. Il confezionamento sottovuoto pu\u00f2 ridurre significativamente il volume degli imballaggi e ottimizzare i costi di magazzino e di logistica. Contattateci oggi stesso per un preventivo: ci impegniamo a fornire soluzioni di imballaggio ecologiche e di alta qualit\u00e0.<\/p>\n<h2>Vantaggi di <a href=\"https:\/\/en.wikipedia.org\/wiki\/Vacuum_packing\"><strong>Imballaggio sottovuoto<\/strong><\/a> Fornitore<\/h2>\n<ul>\n<li>Progettazione personalizzata: Forniamo servizi di sacchetti per l'imballaggio sottovuoto personalizzati, tra cui la personalizzazione del materiale, delle dimensioni e del modello di stampa per soddisfare le esigenze dei clienti. <a href=\"https:\/\/www.hyflexpack.com\/it\/imballaggi-flessibili-personalizzati\/\"><strong>supporto OEM\/ODM<\/strong><\/a>.<\/li>\n<li>Produzione: Grazie ad attrezzature e tecnologie avanzate, siamo in grado di completare la produzione degli ordini in modo efficiente e di alta qualit\u00e0 e di consegnarli in tempo.<\/li>\n<li>Ispezione della qualit\u00e0: La produzione avviene in stretta conformit\u00e0 con gli standard di qualit\u00e0 e i requisiti di sicurezza alimentare, per garantire che i prodotti siano conformi agli standard.<\/li>\n<li>Servizio clienti: Fornire una risposta rapida e un'assistenza premurosa al cliente 24 ore al giorno.<\/li>\n<li>Campione gratuito: Fornire un servizio di campionatura gratuita per valutare il prodotto.\u00a0<\/li>\n<\/ul>","protected":false},"featured_media":5861,"comment_status":"open","ping_status":"closed","template":"","meta":[],"product_brand":[],"product_cat":[51,108],"product_tag":[],"class_list":{"0":"post-5911","1":"product","2":"type-product","3":"status-publish","4":"has-post-thumbnail","6":"product_cat-custom-food-packaging-bags","7":"product_cat-vacuum-pouches-wholesale","9":"first","10":"instock","11":"shipping-taxable","12":"product-type-simple"},"_links":{"self":[{"href":"https:\/\/www.hyflexpack.com\/it\/wp-json\/wp\/v2\/product\/5911","targetHints":{"allow":["GET"]}}],"collection":[{"href":"https:\/\/www.hyflexpack.com\/it\/wp-json\/wp\/v2\/product"}],"about":[{"href":"https:\/\/www.hyflexpack.com\/it\/wp-json\/wp\/v2\/types\/product"}],"replies":[{"embeddable":true,"href":"https:\/\/www.hyflexpack.com\/it\/wp-json\/wp\/v2\/comments?post=5911"}],"wp:featuredmedia":[{"embeddable":true,"href":"https:\/\/www.hyflexpack.com\/it\/wp-json\/wp\/v2\/media\/5861"}],"wp:attachment":[{"href":"https:\/\/www.hyflexpack.com\/it\/wp-json\/wp\/v2\/media?parent=5911"}],"wp:term":[{"taxonomy":"product_brand","embeddable":true,"href":"https:\/\/www.hyflexpack.com\/it\/wp-json\/wp\/v2\/product_brand?post=5911"},{"taxonomy":"product_cat","embeddable":true,"href":"https:\/\/www.hyflexpack.com\/it\/wp-json\/wp\/v2\/product_cat?post=5911"},{"taxonomy":"product_tag","embeddable":true,"href":"https:\/\/www.hyflexpack.com\/it\/wp-json\/wp\/v2\/product_tag?post=5911"}],"curies":[{"name":"wp","href":"https:\/\/api.w.org\/{rel}","templated":true}]}}