{"id":5891,"date":"2024-12-22T16:07:40","date_gmt":"2024-12-22T16:07:40","guid":{"rendered":"https:\/\/www.hyflexpack.com\/?post_type=product&#038;p=5891"},"modified":"2025-10-23T08:21:16","modified_gmt":"2025-10-23T08:21:16","slug":"custom-popcorn-packaging-bag-supplier","status":"publish","type":"product","link":"https:\/\/www.hyflexpack.com\/it\/product\/custom-popcorn-packaging-bag-supplier\/","title":{"rendered":"Personalizzato Popcorn Packaging Bag trasparente Mylar borse fornitore"},"content":{"rendered":"<div class=\"wp-block-columns is-layout-flex wp-container-core-columns-is-layout-9d6595d7 wp-block-columns-is-layout-flex\">\n<div class=\"wp-block-column is-layout-flow wp-block-column-is-layout-flow\">\n<h3 class=\"wp-block-heading\">Caratteristiche del sacchetto di imballaggio per popcorn personalizzato<\/h3>\n\n\n\n<ul class=\"wp-block-list\">\n<li><strong>Progettazione di confezioni di popcorn personalizzate con il vostro logo, il colore del marchio e la grafica per aumentare l'aspetto nei negozi e dare ai consumatori fiducia nel vostro marchio.<\/strong><\/li>\n\n\n\n<li><strong>Materiale Mylar di qualit\u00e0 superiore<\/strong>: Mantiene la freschezza e la croccantezza dei popcorn all'interno bloccando efficacemente l'umidit\u00e0, l'aria e la luce. Il materiale \u00e8 durevole, resistente agli strappi e termosaldabile per mantenere intatte le confezioni di popcorn personalizzate durante lo stoccaggio e il trasporto.<\/li>\n\n\n\n<li><strong>Richiudibile per mantenerlo fresco<\/strong>: La chiusura a cerniera richiudibile o la chiusura a caldo mantengono i popcorn freschi all'apertura per la comodit\u00e0 dei clienti.<\/li>\n\n\n\n<li><strong>Aspetto visivo di qualit\u00e0 superiore<\/strong>: La superficie liscia e lucida del sacchetto di Mylar trasparente conferisce ai popcorn un aspetto strutturato, invogliando i clienti ad acquistare il prodotto. Il design della finestra trasparente consente al prodotto di essere visibile mantenendo l'integrit\u00e0 della confezione.<\/li>\n\n\n\n<li><strong>Variet\u00e0 di opzioni eco-compatibili<\/strong>: Dalle confezioni monodose a quelle per popcorn sfusi, le confezioni sono disponibili in quasi tutti i formati. Opzioni di materiali ecologici per le aziende che cercano soluzioni di imballaggio per popcorn pi\u00f9 ecologiche.<\/li>\n\n\n\n<li><strong>Leggero e poco ingombrante<\/strong>Il design leggero e flessibile consente di risparmiare spazio per lo stoccaggio e quindi di trasportare pi\u00f9 facilmente le confezioni di popcorn personalizzate.<\/li>\n<\/ul>\n<\/div>\n\n\n\n<div class=\"wp-block-column is-layout-flow wp-block-column-is-layout-flow\">\n<figure class=\"wp-block-image size-full\"><img fetchpriority=\"high\" decoding=\"async\" width=\"750\" height=\"750\" src=\"https:\/\/www.hyflexpack.com\/wp-content\/uploads\/2024\/12\/Custom-Popcorn-Packaging-Bag1.webp\" alt=\"Sacchetto da imballaggio per popcorn personalizzato\" class=\"wp-image-5881\" srcset=\"https:\/\/www.hyflexpack.com\/wp-content\/uploads\/2024\/12\/Custom-Popcorn-Packaging-Bag1.webp 750w, https:\/\/www.hyflexpack.com\/wp-content\/uploads\/2024\/12\/Custom-Popcorn-Packaging-Bag1-300x300.webp 300w, https:\/\/www.hyflexpack.com\/wp-content\/uploads\/2024\/12\/Custom-Popcorn-Packaging-Bag1-150x150.webp 150w, https:\/\/www.hyflexpack.com\/wp-content\/uploads\/2024\/12\/Custom-Popcorn-Packaging-Bag1-12x12.webp 12w, https:\/\/www.hyflexpack.com\/wp-content\/uploads\/2024\/12\/Custom-Popcorn-Packaging-Bag1-285x285.webp 285w, https:\/\/www.hyflexpack.com\/wp-content\/uploads\/2024\/12\/Custom-Popcorn-Packaging-Bag1-270x270.webp 270w, https:\/\/www.hyflexpack.com\/wp-content\/uploads\/2024\/12\/Custom-Popcorn-Packaging-Bag1-540x540.webp 540w, https:\/\/www.hyflexpack.com\/wp-content\/uploads\/2024\/12\/Custom-Popcorn-Packaging-Bag1-660x660.webp 660w\" sizes=\"(max-width: 750px) 100vw, 750px\" \/><\/figure>\n<\/div>\n<\/div>\n\n\n\n<p><\/p>","protected":false},"excerpt":{"rendered":"<p>Scoprite il nostro sacchetto personalizzato per il confezionamento dei popcorn, realizzato in pellicola altamente trasparente, in grado di mostrare chiaramente i prodotti interni e di aumentare il desiderio di acquisto. Contattateci oggi stesso per un preventivo. Ci impegniamo a fornire soluzioni di imballaggio ecologiche e di alta qualit\u00e0.<\/p>\n<h3>Vantaggi del fornitore di sacchetti per l'imballaggio dei popcorn<\/h3>\n<p>Progettazione personalizzata: Forniamo servizi di sacchetti da imballaggio personalizzati, tra cui la personalizzazione del materiale, delle dimensioni e del modello di stampa per soddisfare le esigenze dei clienti, e <a href=\"https:\/\/www.hyflexpack.com\/it\/imballaggi-flessibili-personalizzati\/\"><strong>supporto OEM e ODM<\/strong><\/a>.<\/p>\n<p>Produzione: Grazie ad attrezzature e tecnologie avanzate, siamo in grado di completare la produzione degli ordini in modo efficiente e di alta qualit\u00e0 e di consegnarli in tempo.<\/p>\n<p>Ispezione della qualit\u00e0: La produzione viene effettuata in stretta conformit\u00e0 con gli standard di qualit\u00e0 e i requisiti di sicurezza alimentare per garantire che i prodotti siano conformi agli standard.<\/p>\n<p>Servizio clienti: Fornire una risposta rapida e un'assistenza premurosa al servizio clienti 24 ore al giorno.<\/p>\n<p>Campione gratuito: Forniamo un servizio di campioni gratuiti per valutare il prodotto.\u00a0<\/p>","protected":false},"featured_media":5881,"comment_status":"open","ping_status":"closed","template":"","meta":[],"product_brand":[],"product_cat":[57],"product_tag":[],"class_list":{"0":"post-5891","1":"product","2":"type-product","3":"status-publish","4":"has-post-thumbnail","6":"product_cat-snack-packaging-bags-wholesale","8":"first","9":"instock","10":"shipping-taxable","11":"product-type-simple"},"_links":{"self":[{"href":"https:\/\/www.hyflexpack.com\/it\/wp-json\/wp\/v2\/product\/5891","targetHints":{"allow":["GET"]}}],"collection":[{"href":"https:\/\/www.hyflexpack.com\/it\/wp-json\/wp\/v2\/product"}],"about":[{"href":"https:\/\/www.hyflexpack.com\/it\/wp-json\/wp\/v2\/types\/product"}],"replies":[{"embeddable":true,"href":"https:\/\/www.hyflexpack.com\/it\/wp-json\/wp\/v2\/comments?post=5891"}],"wp:featuredmedia":[{"embeddable":true,"href":"https:\/\/www.hyflexpack.com\/it\/wp-json\/wp\/v2\/media\/5881"}],"wp:attachment":[{"href":"https:\/\/www.hyflexpack.com\/it\/wp-json\/wp\/v2\/media?parent=5891"}],"wp:term":[{"taxonomy":"product_brand","embeddable":true,"href":"https:\/\/www.hyflexpack.com\/it\/wp-json\/wp\/v2\/product_brand?post=5891"},{"taxonomy":"product_cat","embeddable":true,"href":"https:\/\/www.hyflexpack.com\/it\/wp-json\/wp\/v2\/product_cat?post=5891"},{"taxonomy":"product_tag","embeddable":true,"href":"https:\/\/www.hyflexpack.com\/it\/wp-json\/wp\/v2\/product_tag?post=5891"}],"curies":[{"name":"wp","href":"https:\/\/api.w.org\/{rel}","templated":true}]}}