{"id":5802,"date":"2024-12-06T06:10:31","date_gmt":"2024-12-06T06:10:31","guid":{"rendered":"https:\/\/www.hyflexpack.com\/?post_type=product&#038;p=5802"},"modified":"2025-10-23T08:23:23","modified_gmt":"2025-10-23T08:23:23","slug":"custom-tea-bags-with-logo","status":"publish","type":"product","link":"https:\/\/www.hyflexpack.com\/it\/product\/custom-tea-bags-with-logo\/","title":{"rendered":"Bustine di t\u00e8 personalizzate con sacchetto a quadruplo sigillo Logo Imballaggio in plastica laminata"},"content":{"rendered":"<div class=\"wp-block-columns is-layout-flex wp-container-core-columns-is-layout-9d6595d7 wp-block-columns-is-layout-flex\">\n<div class=\"wp-block-column is-layout-flow wp-block-column-is-layout-flow\">\n<h3 class=\"wp-block-heading\">Caratteristiche delle bustine di t\u00e8 personalizzate di alta qualit\u00e0<\/h3>\n\n\n\n<ul class=\"wp-block-list\">\n<li><strong>Disegni personalizzati<\/strong>: Le nostre bustine di t\u00e8 personalizzate con logo offrono opportunit\u00e0 uniche di branding. Potete aggiungere il vostro logo e il vostro design per creare un prodotto unico che si distingua sul mercato.<\/li>\n\n\n\n<li><strong>Imballaggi in plastica laminata di alta qualit\u00e0<\/strong>: I quattro sacchetti a chiusura laterale sono realizzati in plastica laminata resistente, che mantiene efficacemente la freschezza del t\u00e8 e presenta un aspetto professionale ed estetico.<\/li>\n\n\n\n<li><strong>Impermeabilit\u00e0 e sicurezza nella sigillatura<\/strong>: Il design a quattro lati della chiusura ermetica rende il fondo delle bustine molto pi\u00f9 resistente, evitando perdite e aiutando a mantenere il sapore e l'aroma del t\u00e8 per un periodo pi\u00f9 lungo.<\/li>\n\n\n\n<li><strong>Protezione dell'ambiente<\/strong>: Offriamo materiale di imballaggio per il t\u00e8 personalizzato ed ecologico, a sostegno dello sviluppo sostenibile dell'industria del t\u00e8.<\/li>\n\n\n\n<li><strong>Variazione delle dimensioni<\/strong>: Dalle singole confezioni di piccole dimensioni agli imballaggi sfusi, tutti possono essere forniti in base alle vostre esigenze in dimensioni personalizzate.<\/li>\n\n\n\n<li>T<strong>Soluzioni di confezionamento per il t\u00e8 realizzate da ailor<\/strong>Essendo il principale fornitore di bustine di t\u00e8, ci concentriamo sull'offerta di soluzioni di confezionamento su misura che soddisfino le esigenze del vostro marchio e facciano risaltare i vostri prodotti a base di t\u00e8.<\/li>\n\n\n\n<li><strong>Scenari<\/strong>: Adatto alle aziende in cerca di bustine di t\u00e8 di alta qualit\u00e0 e personalizzate con il logo per rendere il vostro marchio memorabile sul mercato. Essendo un fornitore di bustine di t\u00e8, vi assicuriamo che il vostro marchio sia presentato in una confezione perfetta e che il t\u00e8 si mantenga fresco.<\/li>\n<\/ul>\n<\/div>\n\n\n\n<div class=\"wp-block-column is-layout-flow wp-block-column-is-layout-flow\">\n<figure class=\"wp-block-image size-full\"><img fetchpriority=\"high\" decoding=\"async\" width=\"750\" height=\"750\" src=\"https:\/\/www.hyflexpack.com\/wp-content\/uploads\/2024\/11\/Custom-Plastic-Tea-Bag1.webp\" alt=\"Borsa da t\u00e8 in plastica personalizzata\" class=\"wp-image-5790\" srcset=\"https:\/\/www.hyflexpack.com\/wp-content\/uploads\/2024\/11\/Custom-Plastic-Tea-Bag1.webp 750w, https:\/\/www.hyflexpack.com\/wp-content\/uploads\/2024\/11\/Custom-Plastic-Tea-Bag1-300x300.webp 300w, https:\/\/www.hyflexpack.com\/wp-content\/uploads\/2024\/11\/Custom-Plastic-Tea-Bag1-150x150.webp 150w, https:\/\/www.hyflexpack.com\/wp-content\/uploads\/2024\/11\/Custom-Plastic-Tea-Bag1-12x12.webp 12w, https:\/\/www.hyflexpack.com\/wp-content\/uploads\/2024\/11\/Custom-Plastic-Tea-Bag1-285x285.webp 285w, https:\/\/www.hyflexpack.com\/wp-content\/uploads\/2024\/11\/Custom-Plastic-Tea-Bag1-270x270.webp 270w, https:\/\/www.hyflexpack.com\/wp-content\/uploads\/2024\/11\/Custom-Plastic-Tea-Bag1-540x540.webp 540w, https:\/\/www.hyflexpack.com\/wp-content\/uploads\/2024\/11\/Custom-Plastic-Tea-Bag1-660x660.webp 660w\" sizes=\"(max-width: 750px) 100vw, 750px\" \/><\/figure>\n<\/div>\n<\/div>\n\n\n\n<p><\/p>","protected":false},"excerpt":{"rendered":"<p>Le nostre bustine di t\u00e8 personalizzate con logo sono confezionate in resistenti buste a chiusura quadrupla realizzate in plastica laminata di alta qualit\u00e0, che garantiscono la freschezza e la conservazione del sapore. In qualit\u00e0 di fornitore di bustine di t\u00e8 di fiducia, offriamo soluzioni di confezionamento completamente personalizzabili che presentano il vostro logo e design unici. Perfette per mettere in mostra il vostro marchio, le nostre confezioni di t\u00e8 personalizzate sono disponibili in varie dimensioni per soddisfare le vostre esigenze, offrendo sia funzionalit\u00e0 che un aspetto accattivante.<\/p>\n<h3>Vantaggi del fornitore di bustine di t\u00e8 personalizzate<\/h3>\n<ul>\n<li>Design personalizzato: Forniamo un servizio di confezionamento di sacchetti di t\u00e8 personalizzati, tra cui la personalizzazione del materiale, delle dimensioni e del modello di stampa per soddisfare le esigenze dei clienti. <strong>supporto OEM e ODM<\/strong>.<\/li>\n<li>Produzione: Grazie ad attrezzature e tecnologie avanzate, siamo in grado di completare la produzione dell'ordine con alta efficienza e alta qualit\u00e0 e di consegnare in tempo.<\/li>\n<li>Ispezione della qualit\u00e0: Seguire rigorosamente gli standard di qualit\u00e0 e i requisiti di sicurezza alimentare per la produzione, per garantire che i prodotti siano conformi agli standard.<\/li>\n<li>Servizio clienti: 24 ore su 24 per fornire una risposta rapida e un'assistenza premurosa al cliente.<\/li>\n<li>Campione gratuito: forniamo un servizio di campionamento gratuito per valutare le buste a tenuta quadrupla.<\/li>\n<\/ul>\n<p><a href=\"https:\/\/www.hyflexpack.com\/it\/\"><strong>Imballaggio Huiyang<\/strong><\/a> si impegna a fornire ai clienti bustine di t\u00e8 personalizzate di alta qualit\u00e0 con logo, per aiutarli a migliorare l'immagine dei loro prodotti e ad aumentare la loro competitivit\u00e0 sul mercato.<\/p>","protected":false},"featured_media":5790,"comment_status":"open","ping_status":"closed","template":"","meta":[],"product_brand":[],"product_cat":[58],"product_tag":[],"class_list":{"0":"post-5802","1":"product","2":"type-product","3":"status-publish","4":"has-post-thumbnail","6":"product_cat-tea-bag-packaging","8":"first","9":"instock","10":"shipping-taxable","11":"product-type-simple"},"_links":{"self":[{"href":"https:\/\/www.hyflexpack.com\/it\/wp-json\/wp\/v2\/product\/5802","targetHints":{"allow":["GET"]}}],"collection":[{"href":"https:\/\/www.hyflexpack.com\/it\/wp-json\/wp\/v2\/product"}],"about":[{"href":"https:\/\/www.hyflexpack.com\/it\/wp-json\/wp\/v2\/types\/product"}],"replies":[{"embeddable":true,"href":"https:\/\/www.hyflexpack.com\/it\/wp-json\/wp\/v2\/comments?post=5802"}],"wp:featuredmedia":[{"embeddable":true,"href":"https:\/\/www.hyflexpack.com\/it\/wp-json\/wp\/v2\/media\/5790"}],"wp:attachment":[{"href":"https:\/\/www.hyflexpack.com\/it\/wp-json\/wp\/v2\/media?parent=5802"}],"wp:term":[{"taxonomy":"product_brand","embeddable":true,"href":"https:\/\/www.hyflexpack.com\/it\/wp-json\/wp\/v2\/product_brand?post=5802"},{"taxonomy":"product_cat","embeddable":true,"href":"https:\/\/www.hyflexpack.com\/it\/wp-json\/wp\/v2\/product_cat?post=5802"},{"taxonomy":"product_tag","embeddable":true,"href":"https:\/\/www.hyflexpack.com\/it\/wp-json\/wp\/v2\/product_tag?post=5802"}],"curies":[{"name":"wp","href":"https:\/\/api.w.org\/{rel}","templated":true}]}}