{"id":5797,"date":"2024-12-06T06:58:19","date_gmt":"2024-12-06T06:58:19","guid":{"rendered":"https:\/\/www.hyflexpack.com\/?post_type=product&#038;p=5797"},"modified":"2025-11-04T09:20:58","modified_gmt":"2025-11-04T09:20:58","slug":"custom-cold-seal-film-roll-supplier","status":"publish","type":"product","link":"https:\/\/www.hyflexpack.com\/it\/product\/custom-cold-seal-film-roll-supplier\/","title":{"rendered":"Film d'imballaggio del rotolo della guarnizione fredda su ordinazione all'ingrosso, azione del rotolo del Mylar per il lolly del ghiaccio"},"content":{"rendered":"<div class=\"wp-block-columns is-layout-flex wp-container-core-columns-is-layout-9d6595d7 wp-block-columns-is-layout-flex\">\n<div class=\"wp-block-column is-layout-flow wp-block-column-is-layout-flow\">\n<h3 class=\"wp-block-heading\">Caratteristiche degli imballaggi personalizzati con saldatura a freddo<\/h3>\n\n\n\n<ul class=\"wp-block-list\">\n<li><strong>Materiale di laminazione barriera<\/strong>: Realizzato con materiale di alta qualit\u00e0 per garantire la sicurezza alimentare, non tossico e inodore. Forte e durevole, \u00e8 adatto a un'ampia gamma di esigenze di confezionamento di alimenti, in particolare per il confezionamento a freddo personalizzato, garantendo che il prodotto rimanga fresco durante il processo di sigillatura.<\/li>\n\n\n\n<li><strong>Imballaggio efficiente<\/strong>: Adatto alle apparecchiature di confezionamento automatico per migliorare l'efficienza della produzione. Il design Smooth Roll Film garantisce l'assenza di inceppamenti della carta alle alte velocit\u00e0, fornendo un supporto efficiente e stabile per il confezionamento di film in rotoli.<\/li>\n\n\n\n<li><strong>Eccellenti prestazioni di protezione<\/strong>Grazie alle eccellenti prestazioni antiumidit\u00e0, antipolvere e antistrappo, protegge efficacemente l'integrit\u00e0 del prodotto durante il trasporto e l'immagazzinamento; \u00e8 particolarmente adatto all'imballaggio a freddo personalizzato per garantire che il prodotto non venga influenzato dall'ambiente esterno.<\/li>\n\n\n\n<li><strong>Opzioni ecologiche<\/strong>: Supportano l'uso di materiali biodegradabili e riciclabili per soddisfare i requisiti ambientali. Un'ampia gamma di opzioni di spessore del film riduce lo spreco di materiale e l'impronta di carbonio, soddisfacendo le esigenze di sostenibilit\u00e0 degli imballaggi in film in rotoli.<\/li>\n\n\n\n<li><strong>Facile da usare<\/strong>: Il film in rotoli \u00e8 facile da immagazzinare e da maneggiare, consentendo di risparmiare spazio in magazzino e fornendo una soluzione pi\u00f9 efficiente per l'imballaggio di film in rotoli.<\/li>\n<\/ul>\n<\/div>\n\n\n\n<div class=\"wp-block-column is-layout-flow wp-block-column-is-layout-flow\">\n<figure class=\"wp-block-image size-full\"><img fetchpriority=\"high\" decoding=\"async\" width=\"750\" height=\"750\" src=\"https:\/\/www.hyflexpack.com\/wp-content\/uploads\/2024\/11\/Custom-Laminating-Pouch-Film1.webp\" alt=\"Film d&#039;imballaggio personalizzato per la sigillatura a freddo\" class=\"wp-image-5778\" srcset=\"https:\/\/www.hyflexpack.com\/wp-content\/uploads\/2024\/11\/Custom-Laminating-Pouch-Film1.webp 750w, https:\/\/www.hyflexpack.com\/wp-content\/uploads\/2024\/11\/Custom-Laminating-Pouch-Film1-300x300.webp 300w, https:\/\/www.hyflexpack.com\/wp-content\/uploads\/2024\/11\/Custom-Laminating-Pouch-Film1-150x150.webp 150w, https:\/\/www.hyflexpack.com\/wp-content\/uploads\/2024\/11\/Custom-Laminating-Pouch-Film1-12x12.webp 12w, https:\/\/www.hyflexpack.com\/wp-content\/uploads\/2024\/11\/Custom-Laminating-Pouch-Film1-285x285.webp 285w, https:\/\/www.hyflexpack.com\/wp-content\/uploads\/2024\/11\/Custom-Laminating-Pouch-Film1-270x270.webp 270w, https:\/\/www.hyflexpack.com\/wp-content\/uploads\/2024\/11\/Custom-Laminating-Pouch-Film1-540x540.webp 540w, https:\/\/www.hyflexpack.com\/wp-content\/uploads\/2024\/11\/Custom-Laminating-Pouch-Film1-660x660.webp 660w\" sizes=\"(max-width: 750px) 100vw, 750px\" \/><\/figure>\n<\/div>\n<\/div>\n\n\n\n<div class=\"wp-block-columns is-layout-flex wp-container-core-columns-is-layout-9d6595d7 wp-block-columns-is-layout-flex\">\n<div class=\"wp-block-column is-layout-flow wp-block-column-is-layout-flow\">\n<figure class=\"wp-block-embed is-type-video is-provider-youtube wp-block-embed-youtube wp-embed-aspect-16-9 wp-has-aspect-ratio\"><div class=\"wp-block-embed__wrapper\">\n<iframe title=\"Confezioni per gelati\" width=\"940\" height=\"529\" src=\"https:\/\/www.youtube.com\/embed\/_xNM7Zfr34U?feature=oembed\" frameborder=\"0\" allow=\"accelerometer; autoplay; clipboard-write; encrypted-media; gyroscope; picture-in-picture; web-share\" referrerpolicy=\"strict-origin-when-cross-origin\" allowfullscreen><\/iframe>\n<\/div><\/figure>\n<\/div>\n\n\n\n<div class=\"wp-block-column is-layout-flow wp-block-column-is-layout-flow\">\n<h3 class=\"wp-block-heading\">Scenari applicativi dell'imballaggio con saldatura a freddo<\/h3>\n\n\n\n<ul class=\"wp-block-list\">\n<li>Industria alimentare: snack, frutta secca e pasta istantanea, eccellente nel prevenire l'umidit\u00e0 e nel garantire la tenuta per aumentare il tempo di conservazione.<\/li>\n\n\n\n<li>Prodotti farmaceutici e sanitari: per il confezionamento di farmaci e prodotti sanitari, garantire una corretta sigillatura e un'azione antinquinamento per mantenere l'efficacia del prodotto.<\/li>\n\n\n\n<li>Prodotti chimici di uso quotidiano: shampoo, prodotti per la cura della pelle, ecc. per evitare perdite, prevenire l'inquinamento e migliorare la sicurezza dei prodotti.<\/li>\n\n\n\n<li>Prodotti elettronici: utilizzati per imballare accessori elettronici, come cuffie e caricabatterie, per prevenire l'invasione di polvere e umidit\u00e0, proteggendo al meglio l'integrit\u00e0 del prodotto.<\/li>\n\n\n\n<li>Cosmetici: maschere per il viso e confezioni di cosmetici di piccole dimensioni, per garantire la protezione della tenuta ed evidenziare l'immagine del marchio. I prodotti per la pulizia della casa sono utilizzati per confezionare detersivi, salviette umidificate e cos\u00ec via, evitando l'umidit\u00e0 e lo sporco e proteggendo la qualit\u00e0.<\/li>\n\n\n\n<li>Prodotti agricoli: per semi, fertilizzanti, ecc. per evitare umidit\u00e0 e danni e prolungare la durata di conservazione.<\/li>\n<\/ul>\n<\/div>\n<\/div>\n\n\n\n<p><\/p>","protected":false},"excerpt":{"rendered":"<p>Benvenuti a comprare i nostri imballaggi personalizzati con sigillo a freddo realizzati con materiale in film in rotolo di alta qualit\u00e0, film in rotolo di plastica stampato all'ingrosso adatto alle apparecchiature di confezionamento automatico. Offriamo anche opzioni ecologiche che supportano l'imballaggio biodegradabile e il film in rotoli riciclabile, in linea con le esigenze di sviluppo sostenibile. Le soluzioni di imballaggio con film in rotolo rendono il vostro imballaggio pi\u00f9 efficiente e conveniente e consentono di risparmiare spazio in magazzino.<\/p>\n<h3>Vantaggi del produttore di imballaggi con saldatura a freddo<\/h3>\n<ul>\n<li><strong>Design personalizzato<\/strong>: Possiamo realizzare materiali, dimensioni e modelli di stampa personalizzati in base alle esigenze dei nostri clienti; <a href=\"https:\/\/www.hyflexpack.com\/it\/imballaggi-flessibili-personalizzati\/\"><strong>Sono supportati OEM e ODM<\/strong><\/a>.<\/li>\n<li><strong>Produzione<\/strong>: Siamo in grado di completare i nostri ordini con grande qualit\u00e0 in tempo grazie ad attrezzature e tecnologie avanzate.<\/li>\n<li><strong>Controllo qualit\u00e0<\/strong>: La produzione deve essere rigorosamente conforme agli standard di qualit\u00e0 e ai requisiti di sicurezza alimentare, per garantire che i prodotti siano conformi agli standard.<\/li>\n<li><strong>Team di assistenza tecnica<\/strong>: Il nostro personale ha una ricca esperienza nel settore e conoscenze professionali. Il supporto tecnico e i servizi di consulenza possono essere forniti per 24 ore.<\/li>\n<li><strong>Certificazioni:<\/strong>\u00a0\u00a0BRC, ISO, QS, FDA<\/li>\n<li><strong>Campione gratuito<\/strong>: Servizio di campionamento gratuito per verificare la qualit\u00e0 del film in rotoli.<\/li>\n<\/ul>","protected":false},"featured_media":5778,"comment_status":"open","ping_status":"closed","template":"","meta":[],"product_brand":[],"product_cat":[53,86],"product_tag":[],"class_list":{"0":"post-5797","1":"product","2":"type-product","3":"status-publish","4":"has-post-thumbnail","6":"product_cat-packaging-film-supplier","7":"product_cat-cold-seal-film","9":"first","10":"instock","11":"shipping-taxable","12":"product-type-simple"},"_links":{"self":[{"href":"https:\/\/www.hyflexpack.com\/it\/wp-json\/wp\/v2\/product\/5797","targetHints":{"allow":["GET"]}}],"collection":[{"href":"https:\/\/www.hyflexpack.com\/it\/wp-json\/wp\/v2\/product"}],"about":[{"href":"https:\/\/www.hyflexpack.com\/it\/wp-json\/wp\/v2\/types\/product"}],"replies":[{"embeddable":true,"href":"https:\/\/www.hyflexpack.com\/it\/wp-json\/wp\/v2\/comments?post=5797"}],"wp:featuredmedia":[{"embeddable":true,"href":"https:\/\/www.hyflexpack.com\/it\/wp-json\/wp\/v2\/media\/5778"}],"wp:attachment":[{"href":"https:\/\/www.hyflexpack.com\/it\/wp-json\/wp\/v2\/media?parent=5797"}],"wp:term":[{"taxonomy":"product_brand","embeddable":true,"href":"https:\/\/www.hyflexpack.com\/it\/wp-json\/wp\/v2\/product_brand?post=5797"},{"taxonomy":"product_cat","embeddable":true,"href":"https:\/\/www.hyflexpack.com\/it\/wp-json\/wp\/v2\/product_cat?post=5797"},{"taxonomy":"product_tag","embeddable":true,"href":"https:\/\/www.hyflexpack.com\/it\/wp-json\/wp\/v2\/product_tag?post=5797"}],"curies":[{"name":"wp","href":"https:\/\/api.w.org\/{rel}","templated":true}]}}